{"id":4075,"date":"2019-05-08T14:22:25","date_gmt":"2019-05-08T11:22:25","guid":{"rendered":"https:\/\/www.norameda.com\/for-patients\/"},"modified":"2021-12-16T15:38:30","modified_gmt":"2021-12-16T13:38:30","slug":"for-patients","status":"publish","type":"page","link":"https:\/\/www.norameda.com\/en\/registration-of-adverse-reactions\/for-patients\/","title":{"rendered":"For patients"},"content":{"rendered":"<p>[et_pb_section fb_built=&#8221;1&#8243; fullwidth=&#8221;on&#8221; _builder_version=&#8221;3.22&#8243;][et_pb_fullwidth_image src=&#8221;https:\/\/www.norameda.com\/wp-content\/uploads\/2018\/02\/newsletter-bg.png&#8221; _builder_version=&#8221;3.9&#8243;][\/et_pb_fullwidth_image][\/et_pb_section][et_pb_section fb_built=&#8221;1&#8243; module_class=&#8221;yoastBreadcrumb&#8221; _builder_version=&#8221;3.22&#8243;][et_pb_row _builder_version=&#8221;3.25&#8243; background_size=&#8221;initial&#8221; background_position=&#8221;top_left&#8221; background_repeat=&#8221;repeat&#8221;][et_pb_column type=&#8221;4_4&#8243; _builder_version=&#8221;3.25&#8243; custom_padding=&#8221;|||&#8221; custom_padding__hover=&#8221;|||&#8221;][et_pb_code]<span><span><a href=\"https:\/\/www.norameda.com\/en\/\">Home<\/a><\/span>[\/et_pb_code][\/et_pb_column][\/et_pb_row][\/et_pb_section][et_pb_section fb_built=&#8221;1&#8243; _builder_version=&#8221;3.22&#8243; custom_padding=&#8221;50px|0px|13px|0px&#8221;][et_pb_row _builder_version=&#8221;3.25&#8243; background_size=&#8221;initial&#8221; background_position=&#8221;top_left&#8221; background_repeat=&#8221;repeat&#8221;][et_pb_column type=&#8221;4_4&#8243; _builder_version=&#8221;3.25&#8243; custom_padding=&#8221;|||&#8221; custom_padding__hover=&#8221;|||&#8221;][et_pb_cta title=&#8221;REGISTRATION OF ADVERSE REACTIONS BY PATIENTS&#8221; _builder_version=&#8221;3.16&#8243; header_font=&#8221;Roboto Condensed||||||||&#8221; header_text_color=&#8221;#5e5e5e&#8221; header_font_size=&#8221;36&#8243; use_background_color=&#8221;off&#8221; text_orientation=&#8221;left&#8221; background_layout=&#8221;light&#8221; button_text_size__hover_enabled=&#8221;off&#8221; button_one_text_size__hover_enabled=&#8221;off&#8221; button_two_text_size__hover_enabled=&#8221;off&#8221; button_text_color__hover_enabled=&#8221;off&#8221; button_one_text_color__hover_enabled=&#8221;off&#8221; button_two_text_color__hover_enabled=&#8221;off&#8221; button_border_width__hover_enabled=&#8221;off&#8221; button_one_border_width__hover_enabled=&#8221;off&#8221; button_two_border_width__hover_enabled=&#8221;off&#8221; button_border_color__hover_enabled=&#8221;off&#8221; button_one_border_color__hover_enabled=&#8221;off&#8221; button_two_border_color__hover_enabled=&#8221;off&#8221; button_border_radius__hover_enabled=&#8221;off&#8221; button_one_border_radius__hover_enabled=&#8221;off&#8221; button_two_border_radius__hover_enabled=&#8221;off&#8221; button_letter_spacing__hover_enabled=&#8221;off&#8221; button_one_letter_spacing__hover_enabled=&#8221;off&#8221; button_two_letter_spacing__hover_enabled=&#8221;off&#8221; button_bg_color__hover_enabled=&#8221;off&#8221; button_one_bg_color__hover_enabled=&#8221;off&#8221; button_two_bg_color__hover_enabled=&#8221;off&#8221;][\/et_pb_cta][et_pb_cta title=&#8221;NOTIFICATION OF SIDE EFFECTS&#8221; _builder_version=&#8221;3.16&#8243; header_font=&#8221;Roboto Condensed||||||||&#8221; header_text_color=&#8221;#5e5e5e&#8221; header_font_size=&#8221;30&#8243; use_background_color=&#8221;off&#8221; text_orientation=&#8221;left&#8221; background_layout=&#8221;light&#8221; button_text_size__hover_enabled=&#8221;off&#8221; button_one_text_size__hover_enabled=&#8221;off&#8221; button_two_text_size__hover_enabled=&#8221;off&#8221; button_text_color__hover_enabled=&#8221;off&#8221; button_one_text_color__hover_enabled=&#8221;off&#8221; button_two_text_color__hover_enabled=&#8221;off&#8221; button_border_width__hover_enabled=&#8221;off&#8221; button_one_border_width__hover_enabled=&#8221;off&#8221; button_two_border_width__hover_enabled=&#8221;off&#8221; button_border_color__hover_enabled=&#8221;off&#8221; button_one_border_color__hover_enabled=&#8221;off&#8221; button_two_border_color__hover_enabled=&#8221;off&#8221; button_border_radius__hover_enabled=&#8221;off&#8221; button_one_border_radius__hover_enabled=&#8221;off&#8221; button_two_border_radius__hover_enabled=&#8221;off&#8221; button_letter_spacing__hover_enabled=&#8221;off&#8221; button_one_letter_spacing__hover_enabled=&#8221;off&#8221; button_two_letter_spacing__hover_enabled=&#8221;off&#8221; button_bg_color__hover_enabled=&#8221;off&#8221; button_one_bg_color__hover_enabled=&#8221;off&#8221; button_two_bg_color__hover_enabled=&#8221;off&#8221;][\/et_pb_cta][\/et_pb_column][\/et_pb_row][et_pb_row _builder_version=&#8221;3.25&#8243; background_size=&#8221;initial&#8221; background_position=&#8221;top_left&#8221; background_repeat=&#8221;repeat&#8221;][et_pb_column type=&#8221;4_4&#8243; _builder_version=&#8221;3.25&#8243; custom_padding=&#8221;|||&#8221; custom_padding__hover=&#8221;|||&#8221;][et_pb_text _builder_version=&#8221;4.9.2&#8243; hover_enabled=&#8221;0&#8243; sticky_enabled=&#8221;0&#8243;]If you experience any side effects, talk to your doctor or pharmacist. You can report the side effects of the medicines by filling out the form below.<\/p>\n<p>According to the legal acts in force in the Republic of Lithuania, UAB Norameda must collect information about the suspected adverse reactions to its products. Therefore, we ask you to provide the specified data. * marked fields are required.<br \/>\n[\/et_pb_text][\/et_pb_column][\/et_pb_row][\/et_pb_section][et_pb_section fb_built=&#8221;1&#8243; _builder_version=&#8221;3.22&#8243;][et_pb_row _builder_version=&#8221;3.25&#8243; background_size=&#8221;initial&#8221; background_position=&#8221;top_left&#8221; background_repeat=&#8221;repeat&#8221;][et_pb_column type=&#8221;4_4&#8243; _builder_version=&#8221;3.25&#8243; custom_padding=&#8221;|||&#8221; custom_padding__hover=&#8221;|||&#8221;][et_pb_code]<div role=\"form\" class=\"wpcf7\" id=\"wpcf7-f2631-o1\" lang=\"lt-LT\" dir=\"ltr\">\n<div class=\"screen-reader-response\"><p role=\"status\" aria-live=\"polite\" aria-atomic=\"true\"><\/p> <ul><\/ul><\/div>\n<form action=\"\/en\/wp-json\/wp\/v2\/pages\/4075#wpcf7-f2631-o1\" method=\"post\" class=\"wpcf7-form init\" novalidate=\"novalidate\" data-status=\"init\">\n<div style=\"display: none;\">\n<input type=\"hidden\" name=\"_wpcf7\" value=\"2631\" \/>\n<input type=\"hidden\" name=\"_wpcf7_version\" value=\"5.4\" \/>\n<input type=\"hidden\" name=\"_wpcf7_locale\" value=\"lt_LT\" \/>\n<input type=\"hidden\" name=\"_wpcf7_unit_tag\" value=\"wpcf7-f2631-o1\" \/>\n<input type=\"hidden\" name=\"_wpcf7_container_post\" value=\"0\" \/>\n<input type=\"hidden\" name=\"_wpcf7_posted_data_hash\" value=\"\" \/>\n<input type=\"hidden\" name=\"_wpcf7_recaptcha_response\" value=\"\" \/>\n<\/div>\n<div class=\"et_pb_row\">\n<div class=\"et_pb_column et_pb_column_1_2 et_pb_column_3 et_pb_css_mix_blend_mode_passthrough\">\n<div class=\"label-bold\">Informacija apie pacient\u0105<\/div>\n<div class=\"w-100-form\"><span class=\"wpcf7-form-control-wrap text-45\"><input type=\"text\" name=\"text-45\" value=\"\" size=\"40\" class=\"wpcf7-form-control wpcf7-text wpcf7-validates-as-required pacientams-input\" aria-required=\"true\" aria-invalid=\"false\" placeholder=\"J\u016bs\u0173 inicialai*\" \/><\/span><\/div>\n<div class=\"w-100-form\"><span class=\"wpcf7-form-control-wrap text-211\"><input type=\"text\" name=\"text-211\" value=\"\" size=\"40\" class=\"wpcf7-form-control wpcf7-text wpcf7-validates-as-required\" aria-required=\"true\" aria-invalid=\"false\" placeholder=\"Am\u017eius (metais)*\" \/><\/span><\/div>\n<div>\n<label> \nLytis:\n<span class=\"wpcf7-form-control-wrap radio-983\"><span class=\"wpcf7-form-control wpcf7-radio\"><span class=\"wpcf7-list-item first\"><input type=\"radio\" name=\"radio-983\" value=\"moteris\" \/><span class=\"wpcf7-list-item-label\">moteris<\/span><\/span><span class=\"wpcf7-list-item last\"><input type=\"radio\" name=\"radio-983\" value=\"vyras\" \/><span class=\"wpcf7-list-item-label\">vyras<\/span><\/span><\/span><\/span>\n<\/label>\n<\/div>\n<div class=\"w-100-form\"><span class=\"wpcf7-form-control-wrap text-520\"><input type=\"text\" name=\"text-520\" value=\"\" size=\"40\" class=\"wpcf7-form-control wpcf7-text wpcf7-validates-as-required\" aria-required=\"true\" aria-invalid=\"false\" placeholder=\"Vaisto pavadinimas*\" \/><\/span><\/div>\n<div class=\"w-100-form\"><span class=\"wpcf7-form-control-wrap textarea-972\"><textarea name=\"textarea-972\" cols=\"40\" rows=\"4\" class=\"wpcf7-form-control wpcf7-textarea wpcf7-validates-as-required\" aria-required=\"true\" aria-invalid=\"false\" placeholder=\"\u012etariamas nepageidaujamas rei\u0161kinys*\"><\/textarea><\/span><\/div>\n<\/div>\n<div class=\"et_pb_column et_pb_column_1_2 et_pb_css_mix_blend_mode_passthrough et_pb_column_4 et-last-child\">\n<div class=\"label-bold\">Informacija apie prane\u0161\u0117j\u0105<\/div>\n<div class=\"w-100-form\"><span class=\"wpcf7-form-control-wrap text-517\"><input type=\"text\" name=\"text-517\" value=\"\" size=\"40\" class=\"wpcf7-form-control wpcf7-text\" aria-invalid=\"false\" placeholder=\"Vardas, pavard\u0117\" \/><\/span><\/div>\n<div class=\"w-100-form\"><span class=\"wpcf7-form-control-wrap email-847\"><input type=\"email\" name=\"email-847\" value=\"\" size=\"40\" class=\"wpcf7-form-control wpcf7-text wpcf7-email wpcf7-validates-as-required wpcf7-validates-as-email\" aria-required=\"true\" aria-invalid=\"false\" placeholder=\"El. pa\u0161tas*\" \/><\/span><\/div>\n<div class=\"w-100-form\"><span class=\"wpcf7-form-control-wrap tel-652\"><input type=\"tel\" name=\"tel-652\" value=\"\" size=\"40\" class=\"wpcf7-form-control wpcf7-text wpcf7-tel wpcf7-validates-as-required wpcf7-validates-as-tel\" aria-required=\"true\" aria-invalid=\"false\" placeholder=\"Kontaktinis telefono numeris*\" \/><\/span><\/div>\n<div class=\"lygiavimas1\">\n<\/div>\n<\/div>\n<\/div>\n<div class=\"text-center et_pb_row\">\n<div class=\"et_pb_column et_pb_column_4_4 et_pb_column_2  et_pb_css_mix_blend_mode_passthrough et-last-child\">\n<input type=\"submit\" value=\"SI\u0172STI\" class=\"wpcf7-form-control wpcf7-submit\" \/>\n<\/div>\n<\/div><div class=\"wpcf7-response-output\" aria-hidden=\"true\"><\/div><\/form><\/div>[\/et_pb_code][\/et_pb_column][\/et_pb_row][\/et_pb_section]<\/p>\n","protected":false},"excerpt":{"rendered":"<p>[et_pb_section fb_built=&#8221;1&#8243; fullwidth=&#8221;on&#8221; _builder_version=&#8221;3.22&#8243;][et_pb_fullwidth_image src=&#8221;https:\/\/www.norameda.com\/wp-content\/uploads\/2018\/02\/newsletter-bg.png&#8221; _builder_version=&#8221;3.9&#8243;][\/et_pb_fullwidth_image][\/et_pb_section][et_pb_section fb_built=&#8221;1&#8243; module_class=&#8221;yoastBreadcrumb&#8221; _builder_version=&#8221;3.22&#8243;][et_pb_row _builder_version=&#8221;3.25&#8243; background_size=&#8221;initial&#8221; background_position=&#8221;top_left&#8221; background_repeat=&#8221;repeat&#8221;][et_pb_column type=&#8221;4_4&#8243; _builder_version=&#8221;3.25&#8243; custom_padding=&#8221;|||&#8221; custom_padding__hover=&#8221;|||&#8221;][et_pb_code][\/et_pb_code][\/et_pb_column][\/et_pb_row][\/et_pb_section][et_pb_section fb_built=&#8221;1&#8243; _builder_version=&#8221;3.22&#8243; custom_padding=&#8221;50px|0px|13px|0px&#8221;][et_pb_row _builder_version=&#8221;3.25&#8243; background_size=&#8221;initial&#8221; background_position=&#8221;top_left&#8221; background_repeat=&#8221;repeat&#8221;][et_pb_column type=&#8221;4_4&#8243; _builder_version=&#8221;3.25&#8243; custom_padding=&#8221;|||&#8221; custom_padding__hover=&#8221;|||&#8221;][et_pb_cta title=&#8221;REGISTRATION OF ADVERSE REACTIONS BY PATIENTS&#8221; _builder_version=&#8221;3.16&#8243; header_font=&#8221;Roboto Condensed||||||||&#8221; header_text_color=&#8221;#5e5e5e&#8221; header_font_size=&#8221;36&#8243; use_background_color=&#8221;off&#8221; text_orientation=&#8221;left&#8221; background_layout=&#8221;light&#8221; button_text_size__hover_enabled=&#8221;off&#8221; button_one_text_size__hover_enabled=&#8221;off&#8221; button_two_text_size__hover_enabled=&#8221;off&#8221; button_text_color__hover_enabled=&#8221;off&#8221; button_one_text_color__hover_enabled=&#8221;off&#8221; button_two_text_color__hover_enabled=&#8221;off&#8221; button_border_width__hover_enabled=&#8221;off&#8221; button_one_border_width__hover_enabled=&#8221;off&#8221; button_two_border_width__hover_enabled=&#8221;off&#8221; button_border_color__hover_enabled=&#8221;off&#8221; button_one_border_color__hover_enabled=&#8221;off&#8221; button_two_border_color__hover_enabled=&#8221;off&#8221; button_border_radius__hover_enabled=&#8221;off&#8221; [&hellip;]<\/p>\n","protected":false},"author":1,"featured_media":0,"parent":4143,"menu_order":0,"comment_status":"closed","ping_status":"closed","template":"","meta":{"_et_pb_use_builder":"on","_et_pb_old_content":"","_et_gb_content_width":"","inline_featured_image":false,"_links_to":"","_links_to_target":""},"_links":{"self":[{"href":"https:\/\/www.norameda.com\/en\/wp-json\/wp\/v2\/pages\/4075"}],"collection":[{"href":"https:\/\/www.norameda.com\/en\/wp-json\/wp\/v2\/pages"}],"about":[{"href":"https:\/\/www.norameda.com\/en\/wp-json\/wp\/v2\/types\/page"}],"author":[{"embeddable":true,"href":"https:\/\/www.norameda.com\/en\/wp-json\/wp\/v2\/users\/1"}],"replies":[{"embeddable":true,"href":"https:\/\/www.norameda.com\/en\/wp-json\/wp\/v2\/comments?post=4075"}],"version-history":[{"count":6,"href":"https:\/\/www.norameda.com\/en\/wp-json\/wp\/v2\/pages\/4075\/revisions"}],"predecessor-version":[{"id":7433,"href":"https:\/\/www.norameda.com\/en\/wp-json\/wp\/v2\/pages\/4075\/revisions\/7433"}],"up":[{"embeddable":true,"href":"https:\/\/www.norameda.com\/en\/wp-json\/wp\/v2\/pages\/4143"}],"wp:attachment":[{"href":"https:\/\/www.norameda.com\/en\/wp-json\/wp\/v2\/media?parent=4075"}],"curies":[{"name":"wp","href":"https:\/\/api.w.org\/{rel}","templated":true}]}}