{"id":4198,"date":"2019-05-08T16:25:02","date_gmt":"2019-05-08T13:25:02","guid":{"rendered":"https:\/\/www.norameda.com\/sotsiaalne-vastutus\/"},"modified":"2019-05-08T16:25:03","modified_gmt":"2019-05-08T13:25:03","slug":"sotsiaalne-vastutus","status":"publish","type":"page","link":"https:\/\/www.norameda.com\/et\/sotsiaalne-vastutus\/","title":{"rendered":"Sotsiaalne vastutus"},"content":{"rendered":"<p>[et_pb_section bb_built=&#8221;1&#8243; fullwidth=&#8221;on&#8221; _builder_version=&#8221;3.0.82&#8243; next_background_color=&#8221;#000000&#8243;][et_pb_fullwidth_image src=&#8221;https:\/\/www.norameda.com\/wp-content\/uploads\/2018\/08\/apie-mus-headeris.png&#8221; _builder_version=&#8221;3.9&#8243; \/][\/et_pb_section][et_pb_section bb_built=&#8221;1&#8243; fullwidth=&#8221;off&#8221; specialty=&#8221;off&#8221; _builder_version=&#8221;3.0.98&#8243; module_class=&#8221;yoastBreadcrumb&#8221; prev_background_color=&#8221;#000000&#8243; next_background_color=&#8221;#000000&#8243; global_module=&#8221;1855&#8243;][et_pb_row global_parent=&#8221;1855&#8243; background_position=&#8221;top_left&#8221; background_repeat=&#8221;repeat&#8221; background_size=&#8221;initial&#8221;][et_pb_column type=&#8221;4_4&#8243;][et_pb_code global_parent=&#8221;1855&#8243; _builder_version=&#8221;3.0.98&#8243;]<span><span><a href=\"https:\/\/www.norameda.com\/et\/\">Avaleht<\/a><\/span>[\/et_pb_code][\/et_pb_column][\/et_pb_row][\/et_pb_section][et_pb_section bb_built=&#8221;1&#8243; _builder_version=&#8221;3.0.92&#8243; custom_padding=&#8221;50px|0px|13px|0px&#8221; prev_background_color=&#8221;#000000&#8243; next_background_color=&#8221;#000000&#8243;][et_pb_row _builder_version=&#8221;3.0.82&#8243;][et_pb_column type=&#8221;4_4&#8243;][et_pb_cta title=&#8221;SOTSIAALNE VASTUTUS&#8221; use_background_color=&#8221;off&#8221; background_layout=&#8221;light&#8221; _builder_version=&#8221;3.0.98&#8243; text_orientation=&#8221;left&#8221; url_new_window=&#8221;off&#8221; custom_button=&#8221;off&#8221; button_icon_placement=&#8221;right&#8221; header_font=&#8221;Roboto Condensed||||||||&#8221; header_font_size=&#8221;36&#8243; header_text_color=&#8221;#5e5e5e&#8221; \/][\/et_pb_column][\/et_pb_row][\/et_pb_section][et_pb_section bb_built=&#8221;1&#8243; _builder_version=&#8221;3.0.92&#8243; custom_padding=&#8221;12.625px|0px|140px|0px&#8221; prev_background_color=&#8221;#000000&#8243;][et_pb_row _builder_version=&#8221;3.0.82&#8243;][et_pb_column type=&#8221;4_4&#8243;][et_pb_text _builder_version=&#8221;3.0.98&#8243; text_font=&#8221;Open Sans||||&#8221; background_layout=&#8221;light&#8221;]<\/p>\n<p>Usume, et sotsiaalne vastutus on iga ettev\u00f5tte edukuse oluliseks teguriks, sest edukust ei m\u00f5\u00f5da mitte ainult kasum, vaid ka see, mida see v\u00f5ib anda oma t\u00f6\u00f6tajatele, \u00fchiskonnale ja keskkonnale, kus te tegutsete. Meil on hea meel, et meie t\u00f6\u00f6tajad tunnevad end mugavalt ja meie kliendid ning partnerid hindavad mitte ainult meie professionaalsust, vaid ka meie inimlikkust. Pakume ainult uusimaid, t\u00f5husaid ja ohutuid ravimeid ning j\u00e4rgime k\u00f5rgeimaid kvaliteedistandardeid. Loodame, et \u201eNorameda\u201c aitab kaasa tervislikuma ja \u00f5nnelikuma \u00fchiskonna loomisele.<\/p>\n<p>[\/et_pb_text][et_pb_image _builder_version=&#8221;3.9&#8243; src=&#8221;https:\/\/www.norameda.com\/wp-content\/uploads\/2018\/08\/atsakomybe-norameda.jpg&#8221; \/][\/et_pb_column][\/et_pb_row][\/et_pb_section]<\/p>\n","protected":false},"excerpt":{"rendered":"<p>[et_pb_section bb_built=&#8221;1&#8243; fullwidth=&#8221;on&#8221; _builder_version=&#8221;3.0.82&#8243; next_background_color=&#8221;#000000&#8243;][et_pb_fullwidth_image src=&#8221;https:\/\/www.norameda.com\/wp-content\/uploads\/2018\/08\/apie-mus-headeris.png&#8221; _builder_version=&#8221;3.9&#8243; \/][\/et_pb_section][et_pb_section bb_built=&#8221;1&#8243; fullwidth=&#8221;off&#8221; specialty=&#8221;off&#8221; _builder_version=&#8221;3.0.98&#8243; module_class=&#8221;yoastBreadcrumb&#8221; prev_background_color=&#8221;#000000&#8243; next_background_color=&#8221;#000000&#8243; global_module=&#8221;1855&#8243;][et_pb_row global_parent=&#8221;1855&#8243; background_position=&#8221;top_left&#8221; background_repeat=&#8221;repeat&#8221; background_size=&#8221;initial&#8221;][et_pb_column type=&#8221;4_4&#8243;][et_pb_code global_parent=&#8221;1855&#8243; _builder_version=&#8221;3.0.98&#8243;][\/et_pb_code][\/et_pb_column][\/et_pb_row][\/et_pb_section][et_pb_section bb_built=&#8221;1&#8243; _builder_version=&#8221;3.0.92&#8243; custom_padding=&#8221;50px|0px|13px|0px&#8221; prev_background_color=&#8221;#000000&#8243; next_background_color=&#8221;#000000&#8243;][et_pb_row _builder_version=&#8221;3.0.82&#8243;][et_pb_column type=&#8221;4_4&#8243;][et_pb_cta title=&#8221;SOTSIAALNE VASTUTUS&#8221; use_background_color=&#8221;off&#8221; background_layout=&#8221;light&#8221; _builder_version=&#8221;3.0.98&#8243; text_orientation=&#8221;left&#8221; url_new_window=&#8221;off&#8221; custom_button=&#8221;off&#8221; button_icon_placement=&#8221;right&#8221; header_font=&#8221;Roboto Condensed||||||||&#8221; header_font_size=&#8221;36&#8243; header_text_color=&#8221;#5e5e5e&#8221; \/][\/et_pb_column][\/et_pb_row][\/et_pb_section][et_pb_section bb_built=&#8221;1&#8243; _builder_version=&#8221;3.0.92&#8243; custom_padding=&#8221;12.625px|0px|140px|0px&#8221; prev_background_color=&#8221;#000000&#8243;][et_pb_row _builder_version=&#8221;3.0.82&#8243;][et_pb_column type=&#8221;4_4&#8243;][et_pb_text _builder_version=&#8221;3.0.98&#8243; text_font=&#8221;Open Sans||||&#8221; background_layout=&#8221;light&#8221;] Usume, [&hellip;]<\/p>\n","protected":false},"author":1,"featured_media":0,"parent":0,"menu_order":0,"comment_status":"closed","ping_status":"closed","template":"","meta":{"_et_pb_use_builder":"on","_et_pb_old_content":"","_et_gb_content_width":"","inline_featured_image":false,"_links_to":"","_links_to_target":""},"_links":{"self":[{"href":"https:\/\/www.norameda.com\/et\/wp-json\/wp\/v2\/pages\/4198"}],"collection":[{"href":"https:\/\/www.norameda.com\/et\/wp-json\/wp\/v2\/pages"}],"about":[{"href":"https:\/\/www.norameda.com\/et\/wp-json\/wp\/v2\/types\/page"}],"author":[{"embeddable":true,"href":"https:\/\/www.norameda.com\/et\/wp-json\/wp\/v2\/users\/1"}],"replies":[{"embeddable":true,"href":"https:\/\/www.norameda.com\/et\/wp-json\/wp\/v2\/comments?post=4198"}],"version-history":[{"count":1,"href":"https:\/\/www.norameda.com\/et\/wp-json\/wp\/v2\/pages\/4198\/revisions"}],"predecessor-version":[{"id":4199,"href":"https:\/\/www.norameda.com\/et\/wp-json\/wp\/v2\/pages\/4198\/revisions\/4199"}],"wp:attachment":[{"href":"https:\/\/www.norameda.com\/et\/wp-json\/wp\/v2\/media?parent=4198"}],"curies":[{"name":"wp","href":"https:\/\/api.w.org\/{rel}","templated":true}]}}