{"id":4240,"date":"2019-05-08T16:25:42","date_gmt":"2019-05-08T13:25:42","guid":{"rendered":"https:\/\/www.norameda.com\/suur-kompetents\/"},"modified":"2019-05-08T16:25:44","modified_gmt":"2019-05-08T13:25:44","slug":"suur-kompetents","status":"publish","type":"page","link":"https:\/\/www.norameda.com\/et\/suur-kompetents\/","title":{"rendered":"Suur kompetents"},"content":{"rendered":"<p>[et_pb_section bb_built=&#8221;1&#8243; fullwidth=&#8221;on&#8221; _builder_version=&#8221;3.0.82&#8243; next_background_color=&#8221;#000000&#8243;][et_pb_fullwidth_image src=&#8221;https:\/\/www.norameda.com\/wp-content\/uploads\/2018\/08\/apie-mus-headeris.png&#8221; _builder_version=&#8221;3.13.1&#8243; \/][\/et_pb_section][et_pb_section bb_built=&#8221;1&#8243; fullwidth=&#8221;off&#8221; specialty=&#8221;off&#8221; _builder_version=&#8221;3.0.98&#8243; module_class=&#8221;yoastBreadcrumb&#8221; prev_background_color=&#8221;#000000&#8243; next_background_color=&#8221;#000000&#8243; global_module=&#8221;1855&#8243;][et_pb_row global_parent=&#8221;1855&#8243; background_position=&#8221;top_left&#8221; background_repeat=&#8221;repeat&#8221; background_size=&#8221;initial&#8221;][et_pb_column type=&#8221;4_4&#8243;][et_pb_code global_parent=&#8221;1855&#8243; _builder_version=&#8221;3.0.98&#8243;]<span><span><a href=\"https:\/\/www.norameda.com\/et\/\">Avaleht<\/a><\/span>[\/et_pb_code][\/et_pb_column][\/et_pb_row][\/et_pb_section][et_pb_section bb_built=&#8221;1&#8243; _builder_version=&#8221;3.0.82&#8243; custom_padding=&#8221;30px|0px|13px|0px&#8221; prev_background_color=&#8221;#000000&#8243; next_background_color=&#8221;#000000&#8243;][et_pb_row _builder_version=&#8221;3.0.82&#8243;][et_pb_column type=&#8221;4_4&#8243;][et_pb_cta title=&#8221;SUUR KOMPETENTS&#8221; use_background_color=&#8221;off&#8221; background_layout=&#8221;light&#8221; _builder_version=&#8221;3.0.92&#8243; text_orientation=&#8221;left&#8221; url_new_window=&#8221;off&#8221; custom_button=&#8221;off&#8221; button_icon_placement=&#8221;right&#8221; header_font=&#8221;Roboto Condensed||||||||&#8221; header_font_size=&#8221;36&#8243; header_text_color=&#8221;#5e5e5e&#8221; \/][\/et_pb_column][\/et_pb_row][\/et_pb_section][et_pb_section bb_built=&#8221;1&#8243; _builder_version=&#8221;3.0.92&#8243; custom_padding=&#8221;12.625px|0px|140px|0px&#8221; prev_background_color=&#8221;#000000&#8243;][et_pb_row _builder_version=&#8221;3.0.82&#8243;][et_pb_column type=&#8221;4_4&#8243;][et_pb_text _builder_version=&#8221;3.13.1&#8243; text_font=&#8221;Open Sans||||&#8221;]<\/p>\n<p><a href=\"https:\/\/www.norameda.com\/et\/suur-kompetents\/18-2-2\/?lang=et\" rel=\"attachment wp-att-3333\"><img class=\"size-full wp-image-3333 alignleft\" src=\"https:\/\/www.norameda.com\/wp-content\/uploads\/2018\/09\/18.jpg\" alt=\"\" width=\"500\" height=\"300\" srcset=\"https:\/\/www.norameda.com\/wp-content\/uploads\/2018\/09\/18.jpg 500w, https:\/\/www.norameda.com\/wp-content\/uploads\/2018\/09\/18-300x180.jpg 300w\" sizes=\"(max-width: 500px) 100vw, 500px\" \/><\/a>25-aastane kogemus on aidanud meil saada \u00fcheks liidriks Leedus ja Balti riikides. Me teame oma tugevaid k\u00fclgi, kasutame kogutud teadmisi ja see aitab meil edasi liikuda. Meie peamised omadused on nutikus innovaatiliste ja n\u00f5udlike toodete leidmisel ning farmaatsiaturu tundmine. Oleme edendanud efektiivsete ravimiturundusteenuste pakkumist, mis p\u00f5hineb julgetel ja paindlikel lahendustel ning lojaalsusel meie partneritele.<\/p>\n<p>Leedu kaasaegset farmaatsiaturgu iseloomustab k\u00f5rge konkurentsiv\u00f5ime, ranged Euroopa kvaliteedistandardid ja \u00fcha tugevamaks muutuv hinnaregulatsioon. Me v\u00f5tame seda k\u00f5ike v\u00e4ljakutse ja arenemisv\u00f5imalusena.<\/p>\n<p>Oluline muutus oli ravimite seires\u00fcsteem, mis v\u00f5eti kasutusele k\u00fcmme aastat tagasi. Vastavalt sellele me j\u00e4lgime ja teavitame ravimite v\u00f5imalikest k\u00f5rvaltoimetest. Varsti seljatame veel \u00fche v\u00e4ljakutse \u2013 rakendame spetsiaalsed arveldusprogrammid ja valmistume v\u00f5ltsitud ravimite direktiivi j\u00f5ustumiseks 2019. aastal. Selle kohaselt on edaspidi igal ravimipakendil erim\u00e4rgistus. Spetsiaalsete skanneriga skaneerimisel edastatakse ravimite ostu- ja m\u00fc\u00fcgiandmed keskandmebaasi. Sel viisil on Euroopa turg t\u00e4ielikult kaitstud v\u00f5imalike v\u00f5ltsitud ravimite eest.<\/p>\n<p>Lisaks teeme tihedat koost\u00f6\u00f6d tervishoiut\u00f6\u00f6tajate ja teadlastega, tagamaks et turustame ainult kvaliteetseid tooteid, peame sammu tehnoloogilise revolutsiooniga ja meie \u00e4riotsused on tihedalt seotud areneva meditsiinivaldkonnaga.<\/p>\n<p>2015. a AS \u201eNorameda\u201c k\u00e4ivitas projekti \u201eUute raviainete neuroprotektiivsete m\u00f5ju uurimine v\u00f5rkkesta fotoretseptorrakkudele\u201c. See edukalt rakendatud uuring avab meile v\u00f5imaluse t\u00f6\u00f6tada v\u00e4lja uus tehnoloogia \u00e4sja v\u00e4ljat\u00f6\u00f6tatud toodete testimiseks ja hinnata v\u00e4ljat\u00f6\u00f6tatud tooteid n\u00e4gemish\u00e4irete ravil. Samas v\u00f5imaldab see arendada uuenduslikke tooteid ja arendada ettev\u00f5tet.<\/p>\n<p>[\/et_pb_text][\/et_pb_column][\/et_pb_row][\/et_pb_section]<\/p>\n","protected":false},"excerpt":{"rendered":"<p>[et_pb_section bb_built=&#8221;1&#8243; fullwidth=&#8221;on&#8221; _builder_version=&#8221;3.0.82&#8243; next_background_color=&#8221;#000000&#8243;][et_pb_fullwidth_image src=&#8221;https:\/\/www.norameda.com\/wp-content\/uploads\/2018\/08\/apie-mus-headeris.png&#8221; _builder_version=&#8221;3.13.1&#8243; \/][\/et_pb_section][et_pb_section bb_built=&#8221;1&#8243; fullwidth=&#8221;off&#8221; specialty=&#8221;off&#8221; _builder_version=&#8221;3.0.98&#8243; module_class=&#8221;yoastBreadcrumb&#8221; prev_background_color=&#8221;#000000&#8243; next_background_color=&#8221;#000000&#8243; global_module=&#8221;1855&#8243;][et_pb_row global_parent=&#8221;1855&#8243; background_position=&#8221;top_left&#8221; background_repeat=&#8221;repeat&#8221; background_size=&#8221;initial&#8221;][et_pb_column type=&#8221;4_4&#8243;][et_pb_code global_parent=&#8221;1855&#8243; _builder_version=&#8221;3.0.98&#8243;][\/et_pb_code][\/et_pb_column][\/et_pb_row][\/et_pb_section][et_pb_section bb_built=&#8221;1&#8243; _builder_version=&#8221;3.0.82&#8243; custom_padding=&#8221;30px|0px|13px|0px&#8221; prev_background_color=&#8221;#000000&#8243; next_background_color=&#8221;#000000&#8243;][et_pb_row _builder_version=&#8221;3.0.82&#8243;][et_pb_column type=&#8221;4_4&#8243;][et_pb_cta title=&#8221;SUUR KOMPETENTS&#8221; use_background_color=&#8221;off&#8221; background_layout=&#8221;light&#8221; _builder_version=&#8221;3.0.92&#8243; text_orientation=&#8221;left&#8221; url_new_window=&#8221;off&#8221; custom_button=&#8221;off&#8221; button_icon_placement=&#8221;right&#8221; header_font=&#8221;Roboto Condensed||||||||&#8221; header_font_size=&#8221;36&#8243; header_text_color=&#8221;#5e5e5e&#8221; \/][\/et_pb_column][\/et_pb_row][\/et_pb_section][et_pb_section bb_built=&#8221;1&#8243; _builder_version=&#8221;3.0.92&#8243; custom_padding=&#8221;12.625px|0px|140px|0px&#8221; prev_background_color=&#8221;#000000&#8243;][et_pb_row _builder_version=&#8221;3.0.82&#8243;][et_pb_column type=&#8221;4_4&#8243;][et_pb_text _builder_version=&#8221;3.13.1&#8243; text_font=&#8221;Open Sans||||&#8221;] 25-aastane kogemus [&hellip;]<\/p>\n","protected":false},"author":1,"featured_media":0,"parent":0,"menu_order":0,"comment_status":"closed","ping_status":"closed","template":"","meta":{"_et_pb_use_builder":"on","_et_pb_old_content":"","_et_gb_content_width":"","inline_featured_image":false,"_links_to":"","_links_to_target":""},"_links":{"self":[{"href":"https:\/\/www.norameda.com\/et\/wp-json\/wp\/v2\/pages\/4240"}],"collection":[{"href":"https:\/\/www.norameda.com\/et\/wp-json\/wp\/v2\/pages"}],"about":[{"href":"https:\/\/www.norameda.com\/et\/wp-json\/wp\/v2\/types\/page"}],"author":[{"embeddable":true,"href":"https:\/\/www.norameda.com\/et\/wp-json\/wp\/v2\/users\/1"}],"replies":[{"embeddable":true,"href":"https:\/\/www.norameda.com\/et\/wp-json\/wp\/v2\/comments?post=4240"}],"version-history":[{"count":1,"href":"https:\/\/www.norameda.com\/et\/wp-json\/wp\/v2\/pages\/4240\/revisions"}],"predecessor-version":[{"id":4243,"href":"https:\/\/www.norameda.com\/et\/wp-json\/wp\/v2\/pages\/4240\/revisions\/4243"}],"wp:attachment":[{"href":"https:\/\/www.norameda.com\/et\/wp-json\/wp\/v2\/media?parent=4240"}],"curies":[{"name":"wp","href":"https:\/\/api.w.org\/{rel}","templated":true}]}}