{"id":4244,"date":"2019-05-08T16:25:46","date_gmt":"2019-05-08T13:25:46","guid":{"rendered":"https:\/\/www.norameda.com\/tulemuste-saavutamine\/"},"modified":"2019-05-08T16:25:47","modified_gmt":"2019-05-08T13:25:47","slug":"tulemuste-saavutamine","status":"publish","type":"page","link":"https:\/\/www.norameda.com\/et\/tulemuste-saavutamine\/","title":{"rendered":"Tulemuste saavutamine"},"content":{"rendered":"<p>[et_pb_section bb_built=&#8221;1&#8243; fullwidth=&#8221;on&#8221; _builder_version=&#8221;3.0.82&#8243; next_background_color=&#8221;#000000&#8243;][et_pb_fullwidth_image src=&#8221;https:\/\/www.norameda.com\/wp-content\/uploads\/2018\/08\/apie-mus-headeris.png&#8221; _builder_version=&#8221;3.13.1&#8243; \/][\/et_pb_section][et_pb_section bb_built=&#8221;1&#8243; fullwidth=&#8221;off&#8221; specialty=&#8221;off&#8221; _builder_version=&#8221;3.0.98&#8243; module_class=&#8221;yoastBreadcrumb&#8221; prev_background_color=&#8221;#000000&#8243; next_background_color=&#8221;#000000&#8243; global_module=&#8221;1855&#8243;][et_pb_row global_parent=&#8221;1855&#8243; background_position=&#8221;top_left&#8221; background_repeat=&#8221;repeat&#8221; background_size=&#8221;initial&#8221;][et_pb_column type=&#8221;4_4&#8243;][et_pb_code global_parent=&#8221;1855&#8243; _builder_version=&#8221;3.0.98&#8243;]<span><span><a href=\"https:\/\/www.norameda.com\/et\/\">Avaleht<\/a><\/span>[\/et_pb_code][\/et_pb_column][\/et_pb_row][\/et_pb_section][et_pb_section bb_built=&#8221;1&#8243; _builder_version=&#8221;3.0.82&#8243; custom_padding=&#8221;30px|0px|13px|0px&#8221; prev_background_color=&#8221;#000000&#8243; next_background_color=&#8221;#000000&#8243;][et_pb_row _builder_version=&#8221;3.0.82&#8243;][et_pb_column type=&#8221;4_4&#8243;][et_pb_cta title=&#8221;TULEMUSTE SAAVUTAMINE&#8221; use_background_color=&#8221;off&#8221; background_layout=&#8221;light&#8221; _builder_version=&#8221;3.0.92&#8243; text_orientation=&#8221;left&#8221; url_new_window=&#8221;off&#8221; custom_button=&#8221;off&#8221; button_icon_placement=&#8221;right&#8221; header_font=&#8221;Roboto Condensed||||||||&#8221; header_font_size=&#8221;36&#8243; header_text_color=&#8221;#5e5e5e&#8221; \/][\/et_pb_column][\/et_pb_row][\/et_pb_section][et_pb_section bb_built=&#8221;1&#8243; _builder_version=&#8221;3.0.82&#8243; custom_padding=&#8221;12.625px|0px|40px|0px&#8221; prev_background_color=&#8221;#000000&#8243;][et_pb_row _builder_version=&#8221;3.0.82&#8243;][et_pb_column type=&#8221;4_4&#8243;][et_pb_text _builder_version=&#8221;3.13.1&#8243; text_font=&#8221;Open Sans||||&#8221;]<\/p>\n<p><a href=\"https:\/\/www.norameda.com\/et\/suur-kompetents\/17-2-2-2\/?lang=et\" rel=\"attachment wp-att-3329\"><img class=\"alignleft size-full wp-image-3329\" src=\"https:\/\/www.norameda.com\/wp-content\/uploads\/2018\/09\/17-2.jpg\" alt=\"tulemused\" width=\"500\" height=\"300\" srcset=\"https:\/\/www.norameda.com\/wp-content\/uploads\/2018\/09\/17-2.jpg 500w, https:\/\/www.norameda.com\/wp-content\/uploads\/2018\/09\/17-2-300x180.jpg 300w\" sizes=\"(max-width: 500px) 100vw, 500px\" \/><\/a>Oleme veendunud, et iga\u00fcks meist v\u00e4\u00e4rib hea tervist, seep\u00e4rast pakume turul ainult parima kvaliteediga spetsialiseeritud retseptiravimeid ja k\u00e4sim\u00fc\u00fcgi tooteid.<\/p>\n<p>Oleme kaasaegne, kiiresti kasvav rahvusvaheline ettev\u00f5te, mis soovib saada k\u00f5ige professionaalsemaks farmaatsiaettev\u00f5tteks Balti riikides ning pakkuda t\u00f5husaid ravimeid ja k\u00f5rgtehnoloogilisi tervishoiulahendusi. J\u00e4rjepidevus, pidev metoodiline t\u00f6\u00f6 ja k\u00f5rgeimad kvaliteedistandardid v\u00f5imaldavad meil liikuda kindlalt \u00f5iges suunas.<\/p>\n<p>2017. a \u201eNorameda\u201c sissetulek \u00fcletas 17 miljonit eurot. Samal aastal j\u00f5udsime 30 tugevaima Balti riikide farmaatsiaettev\u00f5tte hulga. Meie \u00e4ritegevus h\u00f5lmab 9 riiki, mille ravimituru koguv\u00e4\u00e4rtus on 13 934 501 eurot. See kasvab keskmiselt 3,72 protsenti aastas. Meie ettev\u00f5tte aastane kasvum\u00e4\u00e4r on \u00fcle 20%. Ettev\u00f5tte kiire kasv v\u00f5imaldab meil tugevdada oma positsiooni k\u00f5igi riikide sihtturgudel. Asjaolu, et oleme saavutanud need suurep\u00e4rased tulemused, on tingitud mitmetest teguritest, sealhulgas kogemus, turualased teadmised, meie enda ja maailmakuulsate partnerite sortimendi arendamine ja pidev uuenduste otsimine.<\/p>\n<p>Kuid meie suurim saavutus on kolleegide ja partnerite meeskond. Praegu t\u00f6\u00f6tame 32 partneriga 15 riigist \u00fcle maailma ja oleme ainsad nende esindajad Balti riikides. Oleme m\u00f5ne partneriga koost\u00f6\u00f6d teinud juba 17 aastat.<\/p>\n<p>Selle suhte on loomulikult m\u00e4\u00e4ranud meie lojaalne ja professionaalne personal. Meil on igati hea meel, et valdav enamus neist t\u00f6\u00f6tab ettev\u00f5ttes juba k\u00fcmme aastat, mis on muidugi \u00fcks meie edu peamisest p\u00f5hjusest.<\/p>\n<p>[\/et_pb_text][\/et_pb_column][\/et_pb_row][\/et_pb_section]<\/p>\n","protected":false},"excerpt":{"rendered":"<p>[et_pb_section bb_built=&#8221;1&#8243; fullwidth=&#8221;on&#8221; _builder_version=&#8221;3.0.82&#8243; next_background_color=&#8221;#000000&#8243;][et_pb_fullwidth_image src=&#8221;https:\/\/www.norameda.com\/wp-content\/uploads\/2018\/08\/apie-mus-headeris.png&#8221; _builder_version=&#8221;3.13.1&#8243; \/][\/et_pb_section][et_pb_section bb_built=&#8221;1&#8243; fullwidth=&#8221;off&#8221; specialty=&#8221;off&#8221; _builder_version=&#8221;3.0.98&#8243; module_class=&#8221;yoastBreadcrumb&#8221; prev_background_color=&#8221;#000000&#8243; next_background_color=&#8221;#000000&#8243; global_module=&#8221;1855&#8243;][et_pb_row global_parent=&#8221;1855&#8243; background_position=&#8221;top_left&#8221; background_repeat=&#8221;repeat&#8221; background_size=&#8221;initial&#8221;][et_pb_column type=&#8221;4_4&#8243;][et_pb_code global_parent=&#8221;1855&#8243; _builder_version=&#8221;3.0.98&#8243;][\/et_pb_code][\/et_pb_column][\/et_pb_row][\/et_pb_section][et_pb_section bb_built=&#8221;1&#8243; _builder_version=&#8221;3.0.82&#8243; custom_padding=&#8221;30px|0px|13px|0px&#8221; prev_background_color=&#8221;#000000&#8243; next_background_color=&#8221;#000000&#8243;][et_pb_row _builder_version=&#8221;3.0.82&#8243;][et_pb_column type=&#8221;4_4&#8243;][et_pb_cta title=&#8221;TULEMUSTE SAAVUTAMINE&#8221; use_background_color=&#8221;off&#8221; background_layout=&#8221;light&#8221; _builder_version=&#8221;3.0.92&#8243; text_orientation=&#8221;left&#8221; url_new_window=&#8221;off&#8221; custom_button=&#8221;off&#8221; button_icon_placement=&#8221;right&#8221; header_font=&#8221;Roboto Condensed||||||||&#8221; header_font_size=&#8221;36&#8243; header_text_color=&#8221;#5e5e5e&#8221; \/][\/et_pb_column][\/et_pb_row][\/et_pb_section][et_pb_section bb_built=&#8221;1&#8243; _builder_version=&#8221;3.0.82&#8243; custom_padding=&#8221;12.625px|0px|40px|0px&#8221; prev_background_color=&#8221;#000000&#8243;][et_pb_row _builder_version=&#8221;3.0.82&#8243;][et_pb_column type=&#8221;4_4&#8243;][et_pb_text _builder_version=&#8221;3.13.1&#8243; text_font=&#8221;Open Sans||||&#8221;] Oleme veendunud, [&hellip;]<\/p>\n","protected":false},"author":1,"featured_media":0,"parent":0,"menu_order":0,"comment_status":"closed","ping_status":"closed","template":"","meta":{"_et_pb_use_builder":"on","_et_pb_old_content":"","_et_gb_content_width":"","inline_featured_image":false,"_links_to":"","_links_to_target":""},"_links":{"self":[{"href":"https:\/\/www.norameda.com\/et\/wp-json\/wp\/v2\/pages\/4244"}],"collection":[{"href":"https:\/\/www.norameda.com\/et\/wp-json\/wp\/v2\/pages"}],"about":[{"href":"https:\/\/www.norameda.com\/et\/wp-json\/wp\/v2\/types\/page"}],"author":[{"embeddable":true,"href":"https:\/\/www.norameda.com\/et\/wp-json\/wp\/v2\/users\/1"}],"replies":[{"embeddable":true,"href":"https:\/\/www.norameda.com\/et\/wp-json\/wp\/v2\/comments?post=4244"}],"version-history":[{"count":1,"href":"https:\/\/www.norameda.com\/et\/wp-json\/wp\/v2\/pages\/4244\/revisions"}],"predecessor-version":[{"id":4246,"href":"https:\/\/www.norameda.com\/et\/wp-json\/wp\/v2\/pages\/4244\/revisions\/4246"}],"wp:attachment":[{"href":"https:\/\/www.norameda.com\/et\/wp-json\/wp\/v2\/media?parent=4244"}],"curies":[{"name":"wp","href":"https:\/\/api.w.org\/{rel}","templated":true}]}}