{"id":5653,"date":"2019-09-26T13:17:11","date_gmt":"2019-09-26T10:17:11","guid":{"rendered":"https:\/\/www.norameda.com\/faktid\/"},"modified":"2023-01-17T11:20:41","modified_gmt":"2023-01-17T09:20:41","slug":"faktid","status":"publish","type":"page","link":"https:\/\/www.norameda.com\/et\/faktid\/","title":{"rendered":"Faktid"},"content":{"rendered":"<p>[et_pb_section fb_built=&#8221;1&#8243; fullwidth=&#8221;on&#8221; _builder_version=&#8221;3.22&#8243;][et_pb_fullwidth_image src=&#8221;https:\/\/www.norameda.com\/wp-content\/uploads\/2018\/08\/apie-mus-headeris.png&#8221; _builder_version=&#8221;3.9&#8243;][\/et_pb_fullwidth_image][\/et_pb_section][et_pb_section fb_built=&#8221;1&#8243; module_class=&#8221;yoastBreadcrumb&#8221; _builder_version=&#8221;3.22&#8243;][et_pb_row _builder_version=&#8221;3.25&#8243; background_size=&#8221;initial&#8221; background_position=&#8221;top_left&#8221; background_repeat=&#8221;repeat&#8221;][et_pb_column type=&#8221;4_4&#8243; _builder_version=&#8221;3.25&#8243; custom_padding=&#8221;|||&#8221; custom_padding__hover=&#8221;|||&#8221;][et_pb_code]<span><span><a href=\"https:\/\/www.norameda.com\/et\/\">Avaleht<\/a><\/span>[\/et_pb_code][\/et_pb_column][\/et_pb_row][\/et_pb_section][et_pb_section fb_built=&#8221;1&#8243; _builder_version=&#8221;3.22&#8243; custom_padding=&#8221;50px|0px|13px|0px&#8221;][et_pb_row _builder_version=&#8221;3.25&#8243;][et_pb_column type=&#8221;4_4&#8243; _builder_version=&#8221;3.25&#8243; custom_padding=&#8221;|||&#8221; custom_padding__hover=&#8221;|||&#8221;][et_pb_cta title=&#8221;FAKTID&#8221; _builder_version=&#8221;3.16&#8243; header_font=&#8221;Roboto Condensed||||||||&#8221; header_text_color=&#8221;#5e5e5e&#8221; header_font_size=&#8221;36&#8243; use_background_color=&#8221;off&#8221; text_orientation=&#8221;left&#8221; background_layout=&#8221;light&#8221; button_text_size__hover_enabled=&#8221;off&#8221; button_text_size__hover=&#8221;null&#8221; button_one_text_size__hover_enabled=&#8221;off&#8221; button_one_text_size__hover=&#8221;null&#8221; button_two_text_size__hover_enabled=&#8221;off&#8221; button_two_text_size__hover=&#8221;null&#8221; button_text_color__hover_enabled=&#8221;off&#8221; button_text_color__hover=&#8221;null&#8221; button_one_text_color__hover_enabled=&#8221;off&#8221; button_one_text_color__hover=&#8221;null&#8221; button_two_text_color__hover_enabled=&#8221;off&#8221; button_two_text_color__hover=&#8221;null&#8221; button_border_width__hover_enabled=&#8221;off&#8221; button_border_width__hover=&#8221;null&#8221; button_one_border_width__hover_enabled=&#8221;off&#8221; button_one_border_width__hover=&#8221;null&#8221; button_two_border_width__hover_enabled=&#8221;off&#8221; button_two_border_width__hover=&#8221;null&#8221; button_border_color__hover_enabled=&#8221;off&#8221; button_border_color__hover=&#8221;null&#8221; button_one_border_color__hover_enabled=&#8221;off&#8221; button_one_border_color__hover=&#8221;null&#8221; button_two_border_color__hover_enabled=&#8221;off&#8221; button_two_border_color__hover=&#8221;null&#8221; button_border_radius__hover_enabled=&#8221;off&#8221; button_border_radius__hover=&#8221;null&#8221; button_one_border_radius__hover_enabled=&#8221;off&#8221; button_one_border_radius__hover=&#8221;null&#8221; button_two_border_radius__hover_enabled=&#8221;off&#8221; button_two_border_radius__hover=&#8221;null&#8221; button_letter_spacing__hover_enabled=&#8221;off&#8221; button_letter_spacing__hover=&#8221;null&#8221; button_one_letter_spacing__hover_enabled=&#8221;off&#8221; button_one_letter_spacing__hover=&#8221;null&#8221; button_two_letter_spacing__hover_enabled=&#8221;off&#8221; button_two_letter_spacing__hover=&#8221;null&#8221; button_bg_color__hover_enabled=&#8221;off&#8221; button_bg_color__hover=&#8221;null&#8221; button_one_bg_color__hover_enabled=&#8221;off&#8221; button_one_bg_color__hover=&#8221;null&#8221; button_two_bg_color__hover_enabled=&#8221;off&#8221; button_two_bg_color__hover=&#8221;null&#8221;][\/et_pb_cta][\/et_pb_column][\/et_pb_row][\/et_pb_section][et_pb_section fb_built=&#8221;1&#8243; _builder_version=&#8221;3.22&#8243; custom_padding=&#8221;40px|||&#8221;][et_pb_row _builder_version=&#8221;3.25&#8243; background_size=&#8221;initial&#8221; background_position=&#8221;top_left&#8221; background_repeat=&#8221;repeat&#8221;][et_pb_column type=&#8221;4_4&#8243; _builder_version=&#8221;3.25&#8243; custom_padding=&#8221;|||&#8221; custom_padding__hover=&#8221;|||&#8221;][et_pb_text _builder_version=&#8221;3.27.4&#8243;]<\/p>\n<div style=\"font-size: 26px; font-weight: 400; text-transform: uppercase;\">M\u00fc\u00fck<\/div>\n<p>[\/et_pb_text][et_pb_text _builder_version=&#8221;4.9.2&#8243; hover_enabled=&#8221;0&#8243; sticky_enabled=&#8221;0&#8243;]<\/p>\n<p class=\"p1\">Norameda on \u00fcks kiiremini arenevaid farmaatasiaettev\u00f5tteid Balti turul. K\u00e4ive ulatus 2021. aastal 25.75 miljoni euroni, mis on v\u00f5rreldes 2020. aastaga 12% rohkem.<\/p>\n<p>[\/et_pb_text][\/et_pb_column][\/et_pb_row][\/et_pb_section][et_pb_section fb_built=&#8221;1&#8243; _builder_version=&#8221;3.22&#8243; custom_padding=&#8221;||40px|&#8221;][et_pb_row column_structure=&#8221;1_2,1_2&#8243; _builder_version=&#8221;4.9.2&#8243; background_size=&#8221;initial&#8221; background_position=&#8221;top_left&#8221; background_repeat=&#8221;repeat&#8221; hover_enabled=&#8221;0&#8243; sticky_enabled=&#8221;0&#8243;][et_pb_column type=&#8221;1_2&#8243; _builder_version=&#8221;3.25&#8243; custom_padding=&#8221;|||&#8221; custom_padding__hover=&#8221;|||&#8221;][et_pb_code _builder_version=&#8221;4.9.2&#8243; hover_enabled=&#8221;0&#8243; z_index_tablet=&#8221;500&#8243; custom_padding=&#8221;|||0px||&#8221; sticky_enabled=&#8221;0&#8243;]<div class=\"ninja-charts-customize_2103593625_21\" >\n    <div id=\"ninja-charts-container\"\n         class=\"ninja-charts-chart-js-container\"\n         style='\n                height: 400px;\n                width: auto;\n                background-color: #ffffff;\n                border: 0px solid #000000 ;\n                border-radius: 0px;'\n         data-id=\"21\"\n         data-uniqid=\"_2103593625_21\"\n             >\n    <canvas\n        id= \"ninja_charts_instance_2103593625_21\"\n>\n    <\/canvas>\n    <\/div>\n<\/div>\n[\/et_pb_code][\/et_pb_column][et_pb_column type=&#8221;1_2&#8243; _builder_version=&#8221;3.25&#8243; custom_padding=&#8221;|||&#8221; custom_padding__hover=&#8221;|||&#8221;][et_pb_code _builder_version=&#8221;4.9.2&#8243; _module_preset=&#8221;default&#8221; hover_enabled=&#8221;0&#8243; sticky_enabled=&#8221;0&#8243;]<div class=\"ninja-charts-customize_544095542_22\" >\n    <div id=\"ninja-charts-container\"\n         class=\"ninja-charts-chart-js-container\"\n         style='\n                height: 400px;\n                width: auto;\n                background-color: #ffffff;\n                border: 0px solid #000000 ;\n                border-radius: 0px;'\n         data-id=\"22\"\n         data-uniqid=\"_544095542_22\"\n             >\n    <canvas\n        id= \"ninja_charts_instance_544095542_22\"\n>\n    <\/canvas>\n    <\/div>\n<\/div>\n[\/et_pb_code][\/et_pb_column][\/et_pb_row][\/et_pb_section][et_pb_section fb_built=&#8221;1&#8243; _builder_version=&#8221;3.22&#8243; background_color=&#8221;#f9fafb&#8221; custom_padding=&#8221;40px|||&#8221;][et_pb_row _builder_version=&#8221;3.25&#8243; background_size=&#8221;initial&#8221; background_position=&#8221;top_left&#8221; background_repeat=&#8221;repeat&#8221;][et_pb_column type=&#8221;4_4&#8243; _builder_version=&#8221;3.25&#8243; custom_padding=&#8221;|||&#8221; custom_padding__hover=&#8221;|||&#8221;][et_pb_text _builder_version=&#8221;3.27.4&#8243;]<\/p>\n<div style=\"font-size: 26px; font-weight: 400; text-transform: uppercase;\">T\u00f6\u00f6tajad<\/div>\n<p>[\/et_pb_text][et_pb_text _builder_version=&#8221;4.9.2&#8243; hover_enabled=&#8221;0&#8243; sticky_enabled=&#8221;0&#8243;]<\/p>\n<p class=\"p1\">Norameda meeskonnas on 49 t\u00f6\u00f6tajat, kellest 34 (69%) t\u00f6\u00f6tab Leedus. L\u00e4ti filiaalis t\u00f6\u00f6tab 7, Eestis 6 ja Poolas 2.<span class=\"Apple-converted-space\">\u00a0<\/span><\/p>\n<p>[\/et_pb_text][\/et_pb_column][\/et_pb_row][\/et_pb_section][et_pb_section fb_built=&#8221;1&#8243; _builder_version=&#8221;3.22&#8243; background_color=&#8221;#f9fafb&#8221; custom_padding=&#8221;||40px|&#8221;][et_pb_row column_structure=&#8221;2_3,1_3&#8243; _builder_version=&#8221;3.25&#8243; background_size=&#8221;initial&#8221; background_position=&#8221;top_left&#8221; background_repeat=&#8221;repeat&#8221;][et_pb_column type=&#8221;2_3&#8243; _builder_version=&#8221;3.25&#8243; custom_padding=&#8221;|||&#8221; custom_padding__hover=&#8221;|||&#8221;][et_pb_code _builder_version=&#8221;4.9.2&#8243; hover_enabled=&#8221;0&#8243; z_index_tablet=&#8221;500&#8243; sticky_enabled=&#8221;0&#8243;]<div class=\"ninja-charts-customize_1208898148_23\" >\n    <div id=\"ninja-charts-container\"\n         class=\"ninja-charts-chart-js-container\"\n         style='\n                height: 400px;\n                width: auto;\n                background-color: #ffffff;\n                border: 0px solid #000000 ;\n                border-radius: 0px;'\n         data-id=\"23\"\n         data-uniqid=\"_1208898148_23\"\n             >\n    <canvas\n        id= \"ninja_charts_instance_1208898148_23\"\n>\n    <\/canvas>\n    <\/div>\n<\/div>\n[\/et_pb_code][\/et_pb_column][et_pb_column type=&#8221;1_3&#8243; _builder_version=&#8221;3.25&#8243; custom_padding=&#8221;|||&#8221; custom_padding__hover=&#8221;|||&#8221;][et_pb_image src=&#8221;https:\/\/www.norameda.com\/wp-content\/uploads\/2018\/08\/faktai-personalas-norameda.jpg&#8221; align=&#8221;center&#8221; align_tablet=&#8221;center&#8221; align_phone=&#8221;&#8221; align_last_edited=&#8221;on|desktop&#8221; _builder_version=&#8221;3.23&#8243;][\/et_pb_image][\/et_pb_column][\/et_pb_row][\/et_pb_section][et_pb_section fb_built=&#8221;1&#8243; _builder_version=&#8221;3.22&#8243; custom_padding=&#8221;40px|||&#8221;][et_pb_row _builder_version=&#8221;3.25&#8243; background_size=&#8221;initial&#8221; background_position=&#8221;top_left&#8221; background_repeat=&#8221;repeat&#8221;][et_pb_column type=&#8221;4_4&#8243; _builder_version=&#8221;3.25&#8243; custom_padding=&#8221;|||&#8221; custom_padding__hover=&#8221;|||&#8221;][et_pb_text _builder_version=&#8221;3.27.4&#8243;]<\/p>\n<div style=\"font-size: 26px; font-weight: 400; text-transform: uppercase;\">Partnerluslepingud<\/div>\n<p>[\/et_pb_text][et_pb_text _builder_version=&#8221;4.9.2&#8243; hover_enabled=&#8221;0&#8243; sticky_enabled=&#8221;0&#8243;]<\/p>\n<p class=\"p1\">Noramedal on 42 koost\u00f6\u00f6partnerit \u00fcle maailma.<\/p>\n<p>[\/et_pb_text][\/et_pb_column][\/et_pb_row][\/et_pb_section][et_pb_section fb_built=&#8221;1&#8243; _builder_version=&#8221;3.22&#8243; custom_padding=&#8221;||40px|&#8221;][et_pb_row column_structure=&#8221;2_3,1_3&#8243; _builder_version=&#8221;3.25&#8243; background_size=&#8221;initial&#8221; background_position=&#8221;top_left&#8221; background_repeat=&#8221;repeat&#8221;][et_pb_column type=&#8221;2_3&#8243; _builder_version=&#8221;3.25&#8243; custom_padding=&#8221;|||&#8221; custom_padding__hover=&#8221;|||&#8221;][et_pb_code _builder_version=&#8221;4.9.2&#8243; hover_enabled=&#8221;0&#8243; z_index_tablet=&#8221;500&#8243; sticky_enabled=&#8221;0&#8243;]<div class=\"ninja-charts-customize_1831025568_24\" >\n    <div id=\"ninja-charts-container\"\n         class=\"ninja-charts-chart-js-container\"\n         style='\n                height: 400px;\n                width: auto;\n                background-color: #ffffff;\n                border: 0px solid #000000 ;\n                border-radius: 0px;'\n         data-id=\"24\"\n         data-uniqid=\"_1831025568_24\"\n             >\n    <canvas\n        id= \"ninja_charts_instance_1831025568_24\"\n>\n    <\/canvas>\n    <\/div>\n<\/div>\n[\/et_pb_code][\/et_pb_column][et_pb_column type=&#8221;1_3&#8243; _builder_version=&#8221;3.25&#8243; custom_padding=&#8221;|||&#8221; custom_padding__hover=&#8221;|||&#8221;][et_pb_image src=&#8221;https:\/\/www.norameda.com\/wp-content\/uploads\/2018\/08\/faktai-partneryste-norameda.jpg&#8221; align=&#8221;center&#8221; align_tablet=&#8221;center&#8221; align_phone=&#8221;&#8221; align_last_edited=&#8221;on|desktop&#8221; _builder_version=&#8221;3.23&#8243;][\/et_pb_image][\/et_pb_column][\/et_pb_row][\/et_pb_section][et_pb_section fb_built=&#8221;1&#8243; disabled_on=&#8221;on|on|on&#8221; _builder_version=&#8221;4.9.2&#8243; background_color=&#8221;#f9fafb&#8221; custom_padding=&#8221;40px||40px|&#8221; disabled=&#8221;on&#8221;][et_pb_row _builder_version=&#8221;3.25&#8243; background_size=&#8221;initial&#8221; background_position=&#8221;top_left&#8221; background_repeat=&#8221;repeat&#8221;][et_pb_column type=&#8221;4_4&#8243; _builder_version=&#8221;3.25&#8243; custom_padding=&#8221;|||&#8221; custom_padding__hover=&#8221;|||&#8221;][et_pb_text _builder_version=&#8221;3.27.4&#8243;]<\/p>\n<div style=\"font-size: 26px; font-weight: 400; text-transform: uppercase;\">Norameda tegevusturud<\/div>\n<p>[\/et_pb_text][et_pb_text _builder_version=&#8221;3.27.4&#8243;]<\/p>\n<p>\nNorameda tegevuspiirkond h\u00f5lmab 9 riiki kogu farmaatsiatoodete turuv\u00e4\u00e4rtusega 13 934 501 miljonit eurot, kasvades aastas keskmiselt 3,72%. Samal ajal on Norameda aastane kasvum\u00e4\u00e4r 27,14%, mis v\u00f5imaldab ettev\u00f5ttel tugevdada oma positsiooni sihtturgudel k\u00f5igis riikides.<\/p>\n<p>[\/et_pb_text][\/et_pb_column][\/et_pb_row][et_pb_row column_structure=&#8221;1_3,1_3,1_3&#8243; _builder_version=&#8221;3.25&#8243; custom_padding=&#8221;26px|||&#8221;][et_pb_column type=&#8221;1_3&#8243; _builder_version=&#8221;3.25&#8243; custom_padding=&#8221;|||&#8221; custom_padding__hover=&#8221;|||&#8221;][et_pb_code _builder_version=&#8221;3.24&#8243; z_index_tablet=&#8221;500&#8243;]<div class=\"visualizer-front-container\"><style type=\"text\/css\" name=\"visualizer-custom-css\" id=\"customcss-visualizer-2836\">.locker,.locker-loader{position:absolute;top:0;left:0;width:100%;height:100%}.locker{z-index:1000;opacity:.8;background-color:#fff;-ms-filter:\"progid:DXImageTransform.Microsoft.Alpha(Opacity=80)\";filter:alpha(opacity=80)}.locker-loader{z-index:1001;background:url(https:\/\/www.norameda.com\/wp-content\/plugins\/visualizer\/images\/ajax-loader.gif) no-repeat center center}.dt-button{display:none!important}.visualizer-front-container.visualizer-lazy-render{content-visibility: auto;}<\/style><div id=\"visualizer-2836-858908850\" class=\"visualizer-front  visualizer-front-2836\"><\/div><!-- Not showing structured data for chart 2836 because title is empty --><\/div>[\/et_pb_code][\/et_pb_column][et_pb_column type=&#8221;1_3&#8243; _builder_version=&#8221;3.25&#8243; custom_padding=&#8221;|||&#8221; custom_padding__hover=&#8221;|||&#8221;][et_pb_code _builder_version=&#8221;3.24&#8243; z_index_tablet=&#8221;500&#8243;]<div class=\"visualizer-front-container\"><style type=\"text\/css\" name=\"visualizer-custom-css\" id=\"customcss-visualizer-5236\">.locker,.locker-loader{position:absolute;top:0;left:0;width:100%;height:100%}.locker{z-index:1000;opacity:.8;background-color:#fff;-ms-filter:\"progid:DXImageTransform.Microsoft.Alpha(Opacity=80)\";filter:alpha(opacity=80)}.locker-loader{z-index:1001;background:url(https:\/\/www.norameda.com\/wp-content\/plugins\/visualizer\/images\/ajax-loader.gif) no-repeat center center}.dt-button{display:none!important}.visualizer-front-container.visualizer-lazy-render{content-visibility: auto;}<\/style><div id=\"visualizer-5236-691783317\" class=\"visualizer-front  visualizer-front-5236\"><\/div><!-- Not showing structured data for chart 5236 because title is empty --><\/div>[\/et_pb_code][\/et_pb_column][et_pb_column type=&#8221;1_3&#8243; _builder_version=&#8221;3.25&#8243; custom_padding=&#8221;|||&#8221; custom_padding__hover=&#8221;|||&#8221;][et_pb_image src=&#8221;https:\/\/www.norameda.com\/wp-content\/uploads\/2018\/08\/faktai-veikla-norameda.jpg&#8221; align=&#8221;center&#8221; align_tablet=&#8221;center&#8221; align_phone=&#8221;&#8221; align_last_edited=&#8221;on|desktop&#8221; _builder_version=&#8221;3.23&#8243;][\/et_pb_image][\/et_pb_column][\/et_pb_row][et_pb_row _builder_version=&#8221;3.25&#8243; background_size=&#8221;initial&#8221; background_position=&#8221;top_left&#8221; background_repeat=&#8221;repeat&#8221;][et_pb_column type=&#8221;4_4&#8243; _builder_version=&#8221;3.25&#8243; custom_padding=&#8221;|||&#8221; custom_padding__hover=&#8221;|||&#8221;][et_pb_code _builder_version=&#8221;3.24&#8243; z_index_tablet=&#8221;500&#8243;]<\/p>\n<div style=\"height: 15px; width: 30px; background: #4aadda; display: inline-block; margin-right: 5px;\"><\/div>\n<div style=\"display: inline-block\">Turu suurus (Eur)<\/div>\n<p><!-- [et_pb_line_break_holder] --><\/p>\n<div style=\"height: 15px; width: 30px; background: #f5a847; display: inline-block; margin-right: 5px;\"><\/div>\n<div style=\"display: inline-block\">Turu kasv (%)<\/div>\n<p>[\/et_pb_code][\/et_pb_column][\/et_pb_row][\/et_pb_section][et_pb_section fb_built=&#8221;1&#8243; _builder_version=&#8221;3.22&#8243; custom_padding=&#8221;40px|||&#8221;][et_pb_row _builder_version=&#8221;3.25&#8243; background_size=&#8221;initial&#8221; background_position=&#8221;top_left&#8221; background_repeat=&#8221;repeat&#8221;][et_pb_column type=&#8221;4_4&#8243; _builder_version=&#8221;3.25&#8243; custom_padding=&#8221;|||&#8221; custom_padding__hover=&#8221;|||&#8221;][et_pb_text _builder_version=&#8221;3.27.4&#8243;]<\/p>\n<div style=\"font-size: 26px; font-weight: 400; text-transform: uppercase;\">Toote pakkumine<\/div>\n<p>[\/et_pb_text][et_pb_text _builder_version=&#8221;4.9.2&#8243; hover_enabled=&#8221;0&#8243; sticky_enabled=&#8221;0&#8243;]<\/p>\n<p class=\"p1\">Norameda pakkumises on pea 300 erinevat farmaatsiatoodet, millest enamiku moodustavad retsepti- (40%) ja haiglaravimid (32%). K\u00e4sim\u00fc\u00fcgitooted moodustavad 21%, meditsiiniseadmed 5% ja eriravimid 2%.<span class=\"Apple-converted-space\">\u00a0<\/span><\/p>\n<p>[\/et_pb_text][\/et_pb_column][\/et_pb_row][\/et_pb_section][et_pb_section fb_built=&#8221;1&#8243; _builder_version=&#8221;3.22&#8243; custom_padding=&#8221;||40px|&#8221;][et_pb_row column_structure=&#8221;2_3,1_3&#8243; _builder_version=&#8221;3.25&#8243; background_size=&#8221;initial&#8221; background_position=&#8221;top_left&#8221; background_repeat=&#8221;repeat&#8221;][et_pb_column type=&#8221;2_3&#8243; _builder_version=&#8221;3.25&#8243; custom_padding=&#8221;|||&#8221; custom_padding__hover=&#8221;|||&#8221;][et_pb_code _builder_version=&#8221;4.9.2&#8243; hover_enabled=&#8221;0&#8243; z_index_tablet=&#8221;500&#8243; sticky_enabled=&#8221;0&#8243;]<div class=\"ninja-charts-customize_972119393_25\" >\n    <div id=\"ninja-charts-container\"\n         class=\"ninja-charts-chart-js-container\"\n         style='\n                height: 400px;\n                width: auto;\n                background-color: #ffffff;\n                border: 0px solid #000000 ;\n                border-radius: 0px;'\n         data-id=\"25\"\n         data-uniqid=\"_972119393_25\"\n             >\n    <canvas\n        id= \"ninja_charts_instance_972119393_25\"\n>\n    <\/canvas>\n    <\/div>\n<\/div>\n[\/et_pb_code][\/et_pb_column][et_pb_column type=&#8221;1_3&#8243; _builder_version=&#8221;3.25&#8243; custom_padding=&#8221;|||&#8221; custom_padding__hover=&#8221;|||&#8221;][et_pb_image src=&#8221;https:\/\/www.norameda.com\/wp-content\/uploads\/2018\/08\/faktai-produktai-norameda.jpg&#8221; align=&#8221;center&#8221; align_tablet=&#8221;center&#8221; align_phone=&#8221;&#8221; align_last_edited=&#8221;on|desktop&#8221; _builder_version=&#8221;3.23&#8243;][\/et_pb_image][\/et_pb_column][\/et_pb_row][\/et_pb_section][et_pb_section fb_built=&#8221;1&#8243; _builder_version=&#8221;3.22&#8243; background_color=&#8221;#f9fafb&#8221; custom_padding=&#8221;40px|||&#8221;][et_pb_row _builder_version=&#8221;3.25&#8243; background_size=&#8221;initial&#8221; background_position=&#8221;top_left&#8221; background_repeat=&#8221;repeat&#8221;][et_pb_column type=&#8221;4_4&#8243; _builder_version=&#8221;3.25&#8243; custom_padding=&#8221;|||&#8221; custom_padding__hover=&#8221;|||&#8221;][et_pb_text _builder_version=&#8221;3.27.4&#8243;]<\/p>\n<div style=\"font-size: 26px; font-weight: 400; text-transform: uppercase;\">M\u00fc\u00fck terapeutiliste r\u00fchma kaupa<\/div>\n<p>[\/et_pb_text][et_pb_text _builder_version=&#8221;4.9.2&#8243; hover_enabled=&#8221;0&#8243; sticky_enabled=&#8221;0&#8243;]<\/p>\n<p class=\"p1\">Ravivaldkondade p\u00f5hjal arvestatuna moodustavad peaaegu poole kogum\u00fc\u00fcgist hingamisteede ravimid. <i>Skeleti-lihass\u00fcsteemi<\/i> toimivad- ja onkoloogilised <i>ravimid moodustavad kokku veerandi Norameda kogum\u00fc\u00fcgist. <\/i>Teise veerandi moodustavad \u00fclej\u00e4\u00e4nud tooted.<\/p>\n<p>[\/et_pb_text][\/et_pb_column][\/et_pb_row][\/et_pb_section][et_pb_section fb_built=&#8221;1&#8243; _builder_version=&#8221;3.22&#8243; background_color=&#8221;#f9fafb&#8221; custom_padding=&#8221;||40px|&#8221;][et_pb_row column_structure=&#8221;1_2,1_2&#8243; _builder_version=&#8221;3.25&#8243; background_size=&#8221;initial&#8221; background_position=&#8221;top_left&#8221; background_repeat=&#8221;repeat&#8221;][et_pb_column type=&#8221;1_2&#8243; _builder_version=&#8221;3.25&#8243; custom_padding=&#8221;|||&#8221; custom_padding__hover=&#8221;|||&#8221;][et_pb_code _builder_version=&#8221;4.9.2&#8243; hover_enabled=&#8221;0&#8243; z_index_tablet=&#8221;500&#8243; sticky_enabled=&#8221;0&#8243;]<div class=\"ninja-charts-google-container\"\n     data-id=\"26\"\n     data-uniqid=\"_855547418_26\"\n>\n    <div id= \"ninja_charts_instance_855547418_26\"\n         style='\n             height: 400px;\n             width: auto;\n             '\n    ><\/div>\n<\/div>\n[\/et_pb_code][\/et_pb_column][et_pb_column type=&#8221;1_2&#8243; _builder_version=&#8221;3.25&#8243; custom_padding=&#8221;|||&#8221; custom_padding__hover=&#8221;|||&#8221;][et_pb_image src=&#8221;https:\/\/www.norameda.com\/wp-content\/uploads\/2018\/08\/faktai-pardavimai-norameda.jpg&#8221; align=&#8221;center&#8221; align_tablet=&#8221;center&#8221; align_phone=&#8221;&#8221; align_last_edited=&#8221;on|desktop&#8221; _builder_version=&#8221;3.23&#8243;][\/et_pb_image][\/et_pb_column][\/et_pb_row][\/et_pb_section]<\/p>\n","protected":false},"excerpt":{"rendered":"<p>[et_pb_section fb_built=&#8221;1&#8243; fullwidth=&#8221;on&#8221; _builder_version=&#8221;3.22&#8243;][et_pb_fullwidth_image src=&#8221;https:\/\/www.norameda.com\/wp-content\/uploads\/2018\/08\/apie-mus-headeris.png&#8221; _builder_version=&#8221;3.9&#8243;][\/et_pb_fullwidth_image][\/et_pb_section][et_pb_section fb_built=&#8221;1&#8243; module_class=&#8221;yoastBreadcrumb&#8221; _builder_version=&#8221;3.22&#8243;][et_pb_row _builder_version=&#8221;3.25&#8243; background_size=&#8221;initial&#8221; background_position=&#8221;top_left&#8221; background_repeat=&#8221;repeat&#8221;][et_pb_column type=&#8221;4_4&#8243; _builder_version=&#8221;3.25&#8243; custom_padding=&#8221;|||&#8221; custom_padding__hover=&#8221;|||&#8221;][et_pb_code][\/et_pb_code][\/et_pb_column][\/et_pb_row][\/et_pb_section][et_pb_section fb_built=&#8221;1&#8243; _builder_version=&#8221;3.22&#8243; custom_padding=&#8221;50px|0px|13px|0px&#8221;][et_pb_row _builder_version=&#8221;3.25&#8243;][et_pb_column type=&#8221;4_4&#8243; _builder_version=&#8221;3.25&#8243; custom_padding=&#8221;|||&#8221; custom_padding__hover=&#8221;|||&#8221;][et_pb_cta title=&#8221;FAKTID&#8221; _builder_version=&#8221;3.16&#8243; header_font=&#8221;Roboto Condensed||||||||&#8221; header_text_color=&#8221;#5e5e5e&#8221; header_font_size=&#8221;36&#8243; use_background_color=&#8221;off&#8221; text_orientation=&#8221;left&#8221; background_layout=&#8221;light&#8221; button_text_size__hover_enabled=&#8221;off&#8221; button_text_size__hover=&#8221;null&#8221; button_one_text_size__hover_enabled=&#8221;off&#8221; button_one_text_size__hover=&#8221;null&#8221; button_two_text_size__hover_enabled=&#8221;off&#8221; button_two_text_size__hover=&#8221;null&#8221; button_text_color__hover_enabled=&#8221;off&#8221; button_text_color__hover=&#8221;null&#8221; button_one_text_color__hover_enabled=&#8221;off&#8221; button_one_text_color__hover=&#8221;null&#8221; button_two_text_color__hover_enabled=&#8221;off&#8221; button_two_text_color__hover=&#8221;null&#8221; button_border_width__hover_enabled=&#8221;off&#8221; button_border_width__hover=&#8221;null&#8221; button_one_border_width__hover_enabled=&#8221;off&#8221; button_one_border_width__hover=&#8221;null&#8221; button_two_border_width__hover_enabled=&#8221;off&#8221; button_two_border_width__hover=&#8221;null&#8221; button_border_color__hover_enabled=&#8221;off&#8221; button_border_color__hover=&#8221;null&#8221; button_one_border_color__hover_enabled=&#8221;off&#8221; [&hellip;]<\/p>\n","protected":false},"author":1,"featured_media":0,"parent":0,"menu_order":0,"comment_status":"closed","ping_status":"closed","template":"","meta":{"_et_pb_use_builder":"on","_et_pb_old_content":"","_et_gb_content_width":"","inline_featured_image":false,"_links_to":"","_links_to_target":""},"_links":{"self":[{"href":"https:\/\/www.norameda.com\/et\/wp-json\/wp\/v2\/pages\/5653"}],"collection":[{"href":"https:\/\/www.norameda.com\/et\/wp-json\/wp\/v2\/pages"}],"about":[{"href":"https:\/\/www.norameda.com\/et\/wp-json\/wp\/v2\/types\/page"}],"author":[{"embeddable":true,"href":"https:\/\/www.norameda.com\/et\/wp-json\/wp\/v2\/users\/1"}],"replies":[{"embeddable":true,"href":"https:\/\/www.norameda.com\/et\/wp-json\/wp\/v2\/comments?post=5653"}],"version-history":[{"count":7,"href":"https:\/\/www.norameda.com\/et\/wp-json\/wp\/v2\/pages\/5653\/revisions"}],"predecessor-version":[{"id":8174,"href":"https:\/\/www.norameda.com\/et\/wp-json\/wp\/v2\/pages\/5653\/revisions\/8174"}],"wp:attachment":[{"href":"https:\/\/www.norameda.com\/et\/wp-json\/wp\/v2\/media?parent=5653"}],"curies":[{"name":"wp","href":"https:\/\/api.w.org\/{rel}","templated":true}]}}