{"id":5661,"date":"2019-09-26T13:17:18","date_gmt":"2019-09-26T10:17:18","guid":{"rendered":"https:\/\/www.norameda.com\/ajalugu\/"},"modified":"2019-10-02T14:48:46","modified_gmt":"2019-10-02T11:48:46","slug":"ajalugu","status":"publish","type":"page","link":"https:\/\/www.norameda.com\/et\/ajalugu\/","title":{"rendered":"Ajalugu"},"content":{"rendered":"<p>[et_pb_section bb_built=&#8221;1&#8243; fullwidth=&#8221;on&#8221; _builder_version=&#8221;3.0.82&#8243; next_background_color=&#8221;#000000&#8243; inner_width=&#8221;auto&#8221; inner_max_width=&#8221;1080px&#8221;][et_pb_fullwidth_image src=&#8221;https:\/\/www.norameda.com\/wp-content\/uploads\/2018\/08\/apie-mus-headeris.png&#8221; _builder_version=&#8221;3.9&#8243; \/][\/et_pb_section][et_pb_section bb_built=&#8221;1&#8243; fullwidth=&#8221;off&#8221; specialty=&#8221;off&#8221; _builder_version=&#8221;3.0.98&#8243; module_class=&#8221;yoastBreadcrumb&#8221; prev_background_color=&#8221;#000000&#8243; next_background_color=&#8221;#000000&#8243; inner_width=&#8221;auto&#8221; inner_max_width=&#8221;1080px&#8221;][et_pb_row background_position=&#8221;top_left&#8221; background_repeat=&#8221;repeat&#8221; background_size=&#8221;initial&#8221;][et_pb_column type=&#8221;4_4&#8243;][et_pb_code _builder_version=&#8221;3.0.98&#8243;]<span><span><a href=\"https:\/\/www.norameda.com\/et\/\">Avaleht<\/a><\/span>[\/et_pb_code][\/et_pb_column][\/et_pb_row][\/et_pb_section][et_pb_section bb_built=&#8221;1&#8243; _builder_version=&#8221;3.0.92&#8243; custom_padding=&#8221;50px|0px|13px|0px&#8221; prev_background_color=&#8221;#000000&#8243; next_background_color=&#8221;#000000&#8243; inner_width=&#8221;auto&#8221; inner_max_width=&#8221;1080px&#8221;][et_pb_row _builder_version=&#8221;3.0.82&#8243; width=&#8221;80%&#8221; max_width=&#8221;1080px&#8221;][et_pb_column type=&#8221;4_4&#8243;][et_pb_cta title=&#8221;AJALUGU&#8221; use_background_color=&#8221;off&#8221; background_layout=&#8221;light&#8221; _builder_version=&#8221;3.0.92&#8243; text_orientation=&#8221;left&#8221; url_new_window=&#8221;off&#8221; custom_button=&#8221;off&#8221; button_icon_placement=&#8221;right&#8221; header_font=&#8221;Roboto Condensed||||||||&#8221; header_font_size=&#8221;36&#8243; header_text_color=&#8221;#5e5e5e&#8221; button_text_size__hover_enabled=&#8221;off&#8221; button_text_size__hover=&#8221;null&#8221; button_one_text_size__hover_enabled=&#8221;off&#8221; button_one_text_size__hover=&#8221;null&#8221; button_two_text_size__hover_enabled=&#8221;off&#8221; button_two_text_size__hover=&#8221;null&#8221; button_text_color__hover_enabled=&#8221;off&#8221; button_text_color__hover=&#8221;null&#8221; button_one_text_color__hover_enabled=&#8221;off&#8221; button_one_text_color__hover=&#8221;null&#8221; button_two_text_color__hover_enabled=&#8221;off&#8221; button_two_text_color__hover=&#8221;null&#8221; button_border_width__hover_enabled=&#8221;off&#8221; button_border_width__hover=&#8221;null&#8221; button_one_border_width__hover_enabled=&#8221;off&#8221; button_one_border_width__hover=&#8221;null&#8221; button_two_border_width__hover_enabled=&#8221;off&#8221; button_two_border_width__hover=&#8221;null&#8221; button_border_color__hover_enabled=&#8221;off&#8221; button_border_color__hover=&#8221;null&#8221; button_one_border_color__hover_enabled=&#8221;off&#8221; button_one_border_color__hover=&#8221;null&#8221; button_two_border_color__hover_enabled=&#8221;off&#8221; button_two_border_color__hover=&#8221;null&#8221; button_border_radius__hover_enabled=&#8221;off&#8221; button_border_radius__hover=&#8221;null&#8221; button_one_border_radius__hover_enabled=&#8221;off&#8221; button_one_border_radius__hover=&#8221;null&#8221; button_two_border_radius__hover_enabled=&#8221;off&#8221; button_two_border_radius__hover=&#8221;null&#8221; button_letter_spacing__hover_enabled=&#8221;off&#8221; button_letter_spacing__hover=&#8221;null&#8221; button_one_letter_spacing__hover_enabled=&#8221;off&#8221; button_one_letter_spacing__hover=&#8221;null&#8221; button_two_letter_spacing__hover_enabled=&#8221;off&#8221; button_two_letter_spacing__hover=&#8221;null&#8221; button_bg_color__hover_enabled=&#8221;off&#8221; button_bg_color__hover=&#8221;null&#8221; button_one_bg_color__hover_enabled=&#8221;off&#8221; button_one_bg_color__hover=&#8221;null&#8221; button_two_bg_color__hover_enabled=&#8221;off&#8221; button_two_bg_color__hover=&#8221;null&#8221; \/][\/et_pb_column][\/et_pb_row][\/et_pb_section][et_pb_section bb_built=&#8221;1&#8243; _builder_version=&#8221;3.0.82&#8243; custom_padding=&#8221;12.625px|0px|40px|0px&#8221; prev_background_color=&#8221;#000000&#8243; next_background_color=&#8221;#000000&#8243; inner_width=&#8221;auto&#8221; inner_max_width=&#8221;1080px&#8221;][et_pb_row _builder_version=&#8221;3.0.82&#8243; width=&#8221;80%&#8221; max_width=&#8221;1080px&#8221;][et_pb_column type=&#8221;4_4&#8243;][et_pb_text _builder_version=&#8221;3.0.98&#8243; text_font=&#8221;Open Sans||||&#8221; background_layout=&#8221;light&#8221;]<\/p>\n<p>\nNorameda on 1993. aastal asutatud eraettev\u00f5te. Alustasime oma tegevust farmaatsia hulgim\u00fc\u00fcjana, turustades meie esimese partneri Boehringer Ingelheimi toodetud ravimeid. 2000. aastal laiendasime oma teenuseid ravimite turustamise ja m\u00fc\u00fcmise vallas. Esimene turundus- ja m\u00fc\u00fcgileping s\u00f5lmiti \u0160veitsi farmaatsiaettev\u00f5ttega Pharmaton (Boehringer Ingelheim kontserni ettev\u00f5ttega).<\/p>\n<p>Hiljem kasvas uute partnerluste arv \u00fchtlaselt: s\u00f5lmiti uued lepingud ettev\u00f5tetega Adamed, Chiesi Farmaceutici, Bifodan, Claris LifeScience, Piramal ja teistega.<\/p>\n<p>[\/et_pb_text][\/et_pb_column][\/et_pb_row][\/et_pb_section][et_pb_section bb_built=&#8221;1&#8243; fullwidth=&#8221;off&#8221; specialty=&#8221;off&#8221; prev_background_color=&#8221;#000000&#8243; inner_width=&#8221;auto&#8221; inner_max_width=&#8221;1080px&#8221;][et_pb_row][et_pb_column type=&#8221;4_4&#8243;] <div  class=\"et_pb_module  et_pb_vertical_timeline_0\">\n\t\t\t\t\t<section id=\"cd-timeline\" class=\"cd-container\">    <div class=\"cd-timeline-block  et_pb_vertical_timeline_item_0\">\n\t\t\t\t\t\t    <div class=\"cd-timeline-img\" style=\"background-color: #ffffff\"><span class=\"et-pb-icon et-pb-icon-circle\" style=\"color: #f8aa3d\">&#x3b;<\/span><\/div>\n\t\t\t    \n\t\t\t\t\t\t    <div class=\"cd-timeline-content\">\n\t\t\t\t\t\t\t<span class=\"cd-date\">1993.08.26<\/span>\n\t\t\t\t\t\t\t<div class=\"cd-timeline-content-liner et-waypoint et_pb_animation_top\">\n\t\t\t\t\t\t\t\t<h2>Allkirjastati p\u00f5hikiri<\/h2>\n\t\t\t\t\t\t\t\t\n\t\t\t\t\t\t\t\t\n\t\t\t\t\t\t\t<\/div>\n\t\t\t\t\t\t    <\/div>\n\t\t\t\t\t    <\/div>    <div class=\"cd-timeline-block  et_pb_vertical_timeline_item_1\">\n\t\t\t\t\t\t    <div class=\"cd-timeline-img\" style=\"background-color: #ffffff\"><span class=\"et-pb-icon et-pb-icon-circle\" style=\"color: #f8aa3d\">&#x3b;<\/span><\/div>\n\t\t\t    \n\t\t\t\t\t\t    <div class=\"cd-timeline-content\">\n\t\t\t\t\t\t\t<span class=\"cd-date\">1993.08.31<\/span>\n\t\t\t\t\t\t\t<div class=\"cd-timeline-content-liner \">\n\t\t\t\t\t\t\t\t<h2>Esitati UAB Norameda registreerimisavaldus<\/h2>\n\t\t\t\t\t\t\t\t\n\t\t\t\t\t\t\t\t\n\t\t\t\t\t\t\t<\/div>\n\t\t\t\t\t\t    <\/div>\n\t\t\t\t\t    <\/div>    <div class=\"cd-timeline-block  et_pb_vertical_timeline_item_2\">\n\t\t\t\t\t\t    <div class=\"cd-timeline-img\" style=\"background-color: #ffffff\"><span class=\"et-pb-icon et-pb-icon-circle\" style=\"color: #f8aa3d\">&#x3b;<\/span><\/div>\n\t\t\t    \n\t\t\t\t\t\t    <div class=\"cd-timeline-content\">\n\t\t\t\t\t\t\t<span class=\"cd-date\">1993.09.02<\/span>\n\t\t\t\t\t\t\t<div class=\"cd-timeline-content-liner et-waypoint et_pb_animation_top\">\n\t\t\t\t\t\t\t\t<h2>UAB Norameda registreerimiskuup\u00e4ev<\/h2>\n\t\t\t\t\t\t\t\t\n\t\t\t\t\t\t\t\t\n\t\t\t\t\t\t\t<\/div>\n\t\t\t\t\t\t    <\/div>\n\t\t\t\t\t    <\/div>    <div class=\"cd-timeline-block  et_pb_vertical_timeline_item_3\">\n\t\t\t\t\t\t    <div class=\"cd-timeline-img\" style=\"background-color: #ffffff\"><span class=\"et-pb-icon et-pb-icon-circle\" style=\"color: #f8aa3d\">&#x3b;<\/span><\/div>\n\t\t\t    \n\t\t\t\t\t\t    <div class=\"cd-timeline-content\">\n\t\t\t\t\t\t\t<span class=\"cd-date\">1993 m.<\/span>\n\t\t\t\t\t\t\t<div class=\"cd-timeline-content-liner et-waypoint et_pb_animation_top\">\n\t\t\t\t\t\t\t\t<h2>Boehringer Ingelheimi toodete edasim\u00fc\u00fck<\/h2>\n\t\t\t\t\t\t\t\t\n\t\t\t\t\t\t\t\t\n\t\t\t\t\t\t\t<\/div>\n\t\t\t\t\t\t    <\/div>\n\t\t\t\t\t    <\/div>    <div class=\"cd-timeline-block  et_pb_vertical_timeline_item_4\">\n\t\t\t\t\t\t    <div class=\"cd-timeline-img\" style=\"background-color: #ffffff\"><span class=\"et-pb-icon et-pb-icon-circle\" style=\"color: #f8aa3d\">&#x3b;<\/span><\/div>\n\t\t\t    \n\t\t\t\t\t\t    <div class=\"cd-timeline-content\">\n\t\t\t\t\t\t\t<span class=\"cd-date\">2000 m.<\/span>\n\t\t\t\t\t\t\t<div class=\"cd-timeline-content-liner et-waypoint et_pb_animation_top\">\n\t\t\t\t\t\t\t\t<h2>Hakati osutama turundus- ja m\u00fc\u00fcgiteenuseid \u2013 leping Pharmatoniga<\/h2>\n\t\t\t\t\t\t\t\t\n\t\t\t\t\t\t\t\t\n\t\t\t\t\t\t\t<\/div>\n\t\t\t\t\t\t    <\/div>\n\t\t\t\t\t    <\/div>    <div class=\"cd-timeline-block  et_pb_vertical_timeline_item_5\">\n\t\t\t\t\t\t    <div class=\"cd-timeline-img\" style=\"background-color: #ffffff\"><span class=\"et-pb-icon et-pb-icon-circle\" style=\"color: #f8aa3d\">&#x3b;<\/span><\/div>\n\t\t\t    \n\t\t\t\t\t\t    <div class=\"cd-timeline-content\">\n\t\t\t\t\t\t\t<span class=\"cd-date\">2000 m. <\/span>\n\t\t\t\t\t\t\t<div class=\"cd-timeline-content-liner et-waypoint et_pb_animation_top\">\n\t\t\t\t\t\t\t\t<h2>Hakati osutama ravimite registreerimisteenuseid<\/h2>\n\t\t\t\t\t\t\t\t\n\t\t\t\t\t\t\t\t\n\t\t\t\t\t\t\t<\/div>\n\t\t\t\t\t\t    <\/div>\n\t\t\t\t\t    <\/div>    <div class=\"cd-timeline-block  et_pb_vertical_timeline_item_6\">\n\t\t\t\t\t\t    <div class=\"cd-timeline-img\" style=\"background-color: #ffffff\"><span class=\"et-pb-icon et-pb-icon-circle\" style=\"color: #f8aa3d\">&#x3b;<\/span><\/div>\n\t\t\t    \n\t\t\t\t\t\t    <div class=\"cd-timeline-content\">\n\t\t\t\t\t\t\t<span class=\"cd-date\">2004 m.<\/span>\n\t\t\t\t\t\t\t<div class=\"cd-timeline-content-liner et-waypoint et_pb_animation_top\">\n\t\t\t\t\t\t\t\t<h2>Saadi GDP (hea turustamistava) litsents<\/h2>\n\t\t\t\t\t\t\t\t\n\t\t\t\t\t\t\t\t\n\t\t\t\t\t\t\t<\/div>\n\t\t\t\t\t\t    <\/div>\n\t\t\t\t\t    <\/div>    <div class=\"cd-timeline-block  et_pb_vertical_timeline_item_7\">\n\t\t\t\t\t\t    <div class=\"cd-timeline-img\" style=\"background-color: #ffffff\"><span class=\"et-pb-icon et-pb-icon-circle\" style=\"color: #f8aa3d\">&#x3b;<\/span><\/div>\n\t\t\t    \n\t\t\t\t\t\t    <div class=\"cd-timeline-content\">\n\t\t\t\t\t\t\t<span class=\"cd-date\">2005 m.<\/span>\n\t\t\t\t\t\t\t<div class=\"cd-timeline-content-liner et-waypoint et_pb_animation_top\">\n\t\t\t\t\t\t\t\t<h2>Avati filiaal L\u00e4tis<\/h2>\n\t\t\t\t\t\t\t\t\n\t\t\t\t\t\t\t\t\n\t\t\t\t\t\t\t<\/div>\n\t\t\t\t\t\t    <\/div>\n\t\t\t\t\t    <\/div>    <div class=\"cd-timeline-block  et_pb_vertical_timeline_item_8\">\n\t\t\t\t\t\t    <div class=\"cd-timeline-img\" style=\"background-color: #ffffff\"><span class=\"et-pb-icon et-pb-icon-circle\" style=\"color: #f8aa3d\">&#x3b;<\/span><\/div>\n\t\t\t    \n\t\t\t\t\t\t    <div class=\"cd-timeline-content\">\n\t\t\t\t\t\t\t<span class=\"cd-date\">2008 m. <\/span>\n\t\t\t\t\t\t\t<div class=\"cd-timeline-content-liner et-waypoint et_pb_animation_top\">\n\t\t\t\t\t\t\t\t<h2>Avati filiaal Eestis<\/h2>\n\t\t\t\t\t\t\t\t\n\t\t\t\t\t\t\t\t\n\t\t\t\t\t\t\t<\/div>\n\t\t\t\t\t\t    <\/div>\n\t\t\t\t\t    <\/div>    <div class=\"cd-timeline-block  et_pb_vertical_timeline_item_9\">\n\t\t\t\t\t\t    <div class=\"cd-timeline-img\" style=\"background-color: #ffffff\"><span class=\"et-pb-icon et-pb-icon-circle\" style=\"color: #f8aa3d\">&#x3b;<\/span><\/div>\n\t\t\t    \n\t\t\t\t\t\t    <div class=\"cd-timeline-content\">\n\t\t\t\t\t\t\t<span class=\"cd-date\">2009 m. <\/span>\n\t\t\t\t\t\t\t<div class=\"cd-timeline-content-liner et-waypoint et_pb_animation_top\">\n\t\t\t\t\t\t\t\t<h2>Saadi GMP (hea tootmistava) litsents<\/h2>\n\t\t\t\t\t\t\t\t\n\t\t\t\t\t\t\t\t\n\t\t\t\t\t\t\t<\/div>\n\t\t\t\t\t\t    <\/div>\n\t\t\t\t\t    <\/div>    <div class=\"cd-timeline-block  et_pb_vertical_timeline_item_10\">\n\t\t\t\t\t\t    <div class=\"cd-timeline-img\" style=\"background-color: #ffffff\"><span class=\"et-pb-icon et-pb-icon-circle\" style=\"color: #f8aa3d\">&#x3b;<\/span><\/div>\n\t\t\t    \n\t\t\t\t\t\t    <div class=\"cd-timeline-content\">\n\t\t\t\t\t\t\t<span class=\"cd-date\">2009 m.<\/span>\n\t\t\t\t\t\t\t<div class=\"cd-timeline-content-liner et-waypoint et_pb_animation_top\">\n\t\t\t\t\t\t\t\t<h2>Hakati osutama partii vabastamise teenuseid (batch release)<\/h2>\n\t\t\t\t\t\t\t\t\n\t\t\t\t\t\t\t\t\n\t\t\t\t\t\t\t<\/div>\n\t\t\t\t\t\t    <\/div>\n\t\t\t\t\t    <\/div>    <div class=\"cd-timeline-block  et_pb_vertical_timeline_item_11\">\n\t\t\t\t\t\t    <div class=\"cd-timeline-img\" style=\"background-color: #ffffff\"><span class=\"et-pb-icon et-pb-icon-circle\" style=\"color: #f8aa3d\">&#x3b;<\/span><\/div>\n\t\t\t    \n\t\t\t\t\t\t    <div class=\"cd-timeline-content\">\n\t\t\t\t\t\t\t<span class=\"cd-date\">2010 m.<\/span>\n\t\t\t\t\t\t\t<div class=\"cd-timeline-content-liner et-waypoint et_pb_animation_top\">\n\t\t\t\t\t\t\t\t<h2>K\u00e4ivitati esimesed projektid Valgevenes ja Soomes<\/h2>\n\t\t\t\t\t\t\t\t\n\t\t\t\t\t\t\t\t\n\t\t\t\t\t\t\t<\/div>\n\t\t\t\t\t\t    <\/div>\n\t\t\t\t\t    <\/div>    <div class=\"cd-timeline-block  et_pb_vertical_timeline_item_12\">\n\t\t\t\t\t\t    <div class=\"cd-timeline-img\" style=\"background-color: #ffffff\"><span class=\"et-pb-icon et-pb-icon-circle\" style=\"color: #f8aa3d\">&#x3b;<\/span><\/div>\n\t\t\t    \n\t\t\t\t\t\t    <div class=\"cd-timeline-content\">\n\t\t\t\t\t\t\t<span class=\"cd-date\">2014 m. <\/span>\n\t\t\t\t\t\t\t<div class=\"cd-timeline-content-liner et-waypoint et_pb_animation_top\">\n\t\t\t\t\t\t\t\t<h2>Alustati ravimitarnet Ungarisse, Horvaatiasse, Bosnia ja Hertsegoviinasse ning Sloveeniasse<\/h2>\n\t\t\t\t\t\t\t\t\n\t\t\t\t\t\t\t\t\n\t\t\t\t\t\t\t<\/div>\n\t\t\t\t\t\t    <\/div>\n\t\t\t\t\t    <\/div>    <div class=\"cd-timeline-block  et_pb_vertical_timeline_item_13\">\n\t\t\t\t\t\t    <div class=\"cd-timeline-img\" style=\"background-color: #ffffff\"><span class=\"et-pb-icon et-pb-icon-circle\" style=\"color: #f8aa3d\">&#x3b;<\/span><\/div>\n\t\t\t    \n\t\t\t\t\t\t    <div class=\"cd-timeline-content\">\n\t\t\t\t\t\t\t<span class=\"cd-date\">2015 m. <\/span>\n\t\t\t\t\t\t\t<div class=\"cd-timeline-content-liner et-waypoint et_pb_animation_top\">\n\t\t\t\t\t\t\t\t<h2>Projekt \u201eUute raviainete neuroprotektiivse m\u00f5ju uuring silma v\u00f5rkkesta fotoretseptorrakkudele\u201c<\/h2>\n\t\t\t\t\t\t\t\t\n\t\t\t\t\t\t\t\t\n\t\t\t\t\t\t\t<\/div>\n\t\t\t\t\t\t    <\/div>\n\t\t\t\t\t    <\/div><\/section>\n\t\t\t\t    <\/div>[\/et_pb_column][\/et_pb_row][\/et_pb_section]<\/p>\n","protected":false},"excerpt":{"rendered":"<p>[et_pb_section bb_built=&#8221;1&#8243; fullwidth=&#8221;on&#8221; _builder_version=&#8221;3.0.82&#8243; next_background_color=&#8221;#000000&#8243; inner_width=&#8221;auto&#8221; inner_max_width=&#8221;1080px&#8221;][et_pb_fullwidth_image src=&#8221;https:\/\/www.norameda.com\/wp-content\/uploads\/2018\/08\/apie-mus-headeris.png&#8221; _builder_version=&#8221;3.9&#8243; \/][\/et_pb_section][et_pb_section bb_built=&#8221;1&#8243; fullwidth=&#8221;off&#8221; specialty=&#8221;off&#8221; _builder_version=&#8221;3.0.98&#8243; module_class=&#8221;yoastBreadcrumb&#8221; prev_background_color=&#8221;#000000&#8243; next_background_color=&#8221;#000000&#8243; inner_width=&#8221;auto&#8221; inner_max_width=&#8221;1080px&#8221;][et_pb_row background_position=&#8221;top_left&#8221; background_repeat=&#8221;repeat&#8221; background_size=&#8221;initial&#8221;][et_pb_column type=&#8221;4_4&#8243;][et_pb_code _builder_version=&#8221;3.0.98&#8243;][\/et_pb_code][\/et_pb_column][\/et_pb_row][\/et_pb_section][et_pb_section bb_built=&#8221;1&#8243; _builder_version=&#8221;3.0.92&#8243; custom_padding=&#8221;50px|0px|13px|0px&#8221; prev_background_color=&#8221;#000000&#8243; next_background_color=&#8221;#000000&#8243; inner_width=&#8221;auto&#8221; inner_max_width=&#8221;1080px&#8221;][et_pb_row _builder_version=&#8221;3.0.82&#8243; width=&#8221;80%&#8221; max_width=&#8221;1080px&#8221;][et_pb_column type=&#8221;4_4&#8243;][et_pb_cta title=&#8221;AJALUGU&#8221; use_background_color=&#8221;off&#8221; background_layout=&#8221;light&#8221; _builder_version=&#8221;3.0.92&#8243; text_orientation=&#8221;left&#8221; url_new_window=&#8221;off&#8221; custom_button=&#8221;off&#8221; button_icon_placement=&#8221;right&#8221; header_font=&#8221;Roboto Condensed||||||||&#8221; header_font_size=&#8221;36&#8243; header_text_color=&#8221;#5e5e5e&#8221; button_text_size__hover_enabled=&#8221;off&#8221; button_text_size__hover=&#8221;null&#8221; button_one_text_size__hover_enabled=&#8221;off&#8221; button_one_text_size__hover=&#8221;null&#8221; button_two_text_size__hover_enabled=&#8221;off&#8221; button_two_text_size__hover=&#8221;null&#8221; button_text_color__hover_enabled=&#8221;off&#8221; button_text_color__hover=&#8221;null&#8221; [&hellip;]<\/p>\n","protected":false},"author":1,"featured_media":0,"parent":0,"menu_order":0,"comment_status":"closed","ping_status":"closed","template":"","meta":{"_et_pb_use_builder":"on","_et_pb_old_content":"","_et_gb_content_width":"","inline_featured_image":false,"_links_to":"","_links_to_target":""},"_links":{"self":[{"href":"https:\/\/www.norameda.com\/et\/wp-json\/wp\/v2\/pages\/5661"}],"collection":[{"href":"https:\/\/www.norameda.com\/et\/wp-json\/wp\/v2\/pages"}],"about":[{"href":"https:\/\/www.norameda.com\/et\/wp-json\/wp\/v2\/types\/page"}],"author":[{"embeddable":true,"href":"https:\/\/www.norameda.com\/et\/wp-json\/wp\/v2\/users\/1"}],"replies":[{"embeddable":true,"href":"https:\/\/www.norameda.com\/et\/wp-json\/wp\/v2\/comments?post=5661"}],"version-history":[{"count":3,"href":"https:\/\/www.norameda.com\/et\/wp-json\/wp\/v2\/pages\/5661\/revisions"}],"predecessor-version":[{"id":5699,"href":"https:\/\/www.norameda.com\/et\/wp-json\/wp\/v2\/pages\/5661\/revisions\/5699"}],"wp:attachment":[{"href":"https:\/\/www.norameda.com\/et\/wp-json\/wp\/v2\/media?parent=5661"}],"curies":[{"name":"wp","href":"https:\/\/api.w.org\/{rel}","templated":true}]}}