{"id":5670,"date":"2019-09-26T13:17:21","date_gmt":"2019-09-26T10:17:21","guid":{"rendered":"https:\/\/www.norameda.com\/kvaliteet\/"},"modified":"2021-10-12T13:56:10","modified_gmt":"2021-10-12T10:56:10","slug":"kvaliteet","status":"publish","type":"page","link":"https:\/\/www.norameda.com\/et\/kvaliteet\/","title":{"rendered":"Kvaliteet"},"content":{"rendered":"<p>[et_pb_section fb_built=&#8221;1&#8243; fullwidth=&#8221;on&#8221; _builder_version=&#8221;3.22&#8243;][et_pb_fullwidth_image src=&#8221;https:\/\/www.norameda.com\/wp-content\/uploads\/2018\/08\/apie-mus-headeris.png&#8221; _builder_version=&#8221;3.9&#8243;][\/et_pb_fullwidth_image][\/et_pb_section][et_pb_section fb_built=&#8221;1&#8243; module_class=&#8221;yoastBreadcrumb&#8221; _builder_version=&#8221;3.0.98&#8243; global_module=&#8221;1855&#8243;][et_pb_row _builder_version=&#8221;3.25&#8243; background_size=&#8221;initial&#8221; background_position=&#8221;top_left&#8221; background_repeat=&#8221;repeat&#8221;][et_pb_column type=&#8221;4_4&#8243; _builder_version=&#8221;3.25&#8243; custom_padding=&#8221;|||&#8221; custom_padding__hover=&#8221;|||&#8221;][et_pb_code admin_label=&#8221;Code&#8221; _builder_version=&#8221;4.9.2&#8243; width=&#8221;80%&#8221; max_width=&#8221;1080px&#8221;]<span><span><a href=\"https:\/\/www.norameda.com\/et\/\">Avaleht<\/a><\/span>[\/et_pb_code][\/et_pb_column][\/et_pb_row][\/et_pb_section][et_pb_section fb_built=&#8221;1&#8243; _builder_version=&#8221;3.22&#8243; custom_padding=&#8221;50px|0px|13px|0px&#8221;][et_pb_row _builder_version=&#8221;3.25&#8243;][et_pb_column type=&#8221;4_4&#8243; _builder_version=&#8221;3.25&#8243; custom_padding=&#8221;|||&#8221; custom_padding__hover=&#8221;|||&#8221;][et_pb_cta title=&#8221;KVALITEET&#8221; _builder_version=&#8221;3.16&#8243; header_font=&#8221;Roboto Condensed||||||||&#8221; header_text_color=&#8221;#5e5e5e&#8221; header_font_size=&#8221;36&#8243; use_background_color=&#8221;off&#8221; text_orientation=&#8221;left&#8221; background_layout=&#8221;light&#8221; button_text_size__hover_enabled=&#8221;off&#8221; button_one_text_size__hover_enabled=&#8221;off&#8221; button_two_text_size__hover_enabled=&#8221;off&#8221; button_text_color__hover_enabled=&#8221;off&#8221; button_one_text_color__hover_enabled=&#8221;off&#8221; button_two_text_color__hover_enabled=&#8221;off&#8221; button_border_width__hover_enabled=&#8221;off&#8221; button_one_border_width__hover_enabled=&#8221;off&#8221; button_two_border_width__hover_enabled=&#8221;off&#8221; button_border_color__hover_enabled=&#8221;off&#8221; button_one_border_color__hover_enabled=&#8221;off&#8221; button_two_border_color__hover_enabled=&#8221;off&#8221; button_border_radius__hover_enabled=&#8221;off&#8221; button_one_border_radius__hover_enabled=&#8221;off&#8221; button_two_border_radius__hover_enabled=&#8221;off&#8221; button_letter_spacing__hover_enabled=&#8221;off&#8221; button_one_letter_spacing__hover_enabled=&#8221;off&#8221; button_two_letter_spacing__hover_enabled=&#8221;off&#8221; button_bg_color__hover_enabled=&#8221;off&#8221; button_one_bg_color__hover_enabled=&#8221;off&#8221; button_two_bg_color__hover_enabled=&#8221;off&#8221;][\/et_pb_cta][\/et_pb_column][\/et_pb_row][\/et_pb_section][et_pb_section fb_built=&#8221;1&#8243; _builder_version=&#8221;3.22&#8243; custom_padding=&#8221;12.625px|0px|40px|0px&#8221;][et_pb_row _builder_version=&#8221;3.25&#8243;][et_pb_column type=&#8221;4_4&#8243; module_class=&#8221;quality&#8221; _builder_version=&#8221;3.25&#8243; custom_padding=&#8221;|||&#8221; custom_padding__hover=&#8221;|||&#8221;][et_pb_text _builder_version=&#8221;3.27.4&#8243; text_font=&#8221;Open Sans||||&#8221;]<\/p>\n<p lang=\"lt-LT\">Kogu Euroopa Liidus kehtivad farmaatsiat\u00f6\u00f6stusele ja turundussektorile k\u00f5rged kvaliteeditagamise standardid, et ravimite ostjad ja kasutajad oleksid kindlad nende kvaliteedi, ohutuse ja t\u00f5hususe suhtes. K\u00f5iki Euroopa Liidus toodetud ja turustatavaid ravimeid hindavad volitatud asutused ning turule j\u00f5uavad vaid need, mis vastavad k\u00f5rgetele n\u00f5uetele. Nende n\u00f5uete t\u00e4itmist tagavad teatavad sertifikaadid ja litsentsid. \u00dcks Norameda peamisi eesm\u00e4rke on tagada kvaliteetsed tooted \u2013 selle garanteerivad k\u00f5ik olemasolevad sertifikaadid ja litsentsid.<\/p>\n<p>[\/et_pb_text][\/et_pb_column][\/et_pb_row][\/et_pb_section][et_pb_section fb_built=&#8221;1&#8243; _builder_version=&#8221;3.22&#8243; custom_margin=&#8221;||20px|&#8221;][et_pb_row _builder_version=&#8221;3.25&#8243; background_size=&#8221;initial&#8221; background_position=&#8221;top_left&#8221; background_repeat=&#8221;repeat&#8221; column_structure=&#8221;1_4,1_4,1_4,1_4&#8243;][et_pb_column type=&#8221;1_4&#8243; _builder_version=&#8221;3.25&#8243; custom_padding=&#8221;|||&#8221; custom_padding__hover=&#8221;|||&#8221;][et_pb_image src=&#8221;https:\/\/www.norameda.com\/wp-content\/uploads\/2018\/08\/Layer-21.png&#8221; align=&#8221;center&#8221; align_tablet=&#8221;center&#8221; align_last_edited=&#8221;on|desktop&#8221; _builder_version=&#8221;3.23&#8243;][\/et_pb_image][\/et_pb_column][et_pb_column type=&#8221;1_4&#8243; _builder_version=&#8221;3.25&#8243; custom_padding=&#8221;|||&#8221; custom_padding__hover=&#8221;|||&#8221;][et_pb_image src=&#8221;https:\/\/www.norameda.com\/wp-content\/uploads\/2018\/08\/Layer-22.png&#8221; align=&#8221;center&#8221; align_tablet=&#8221;center&#8221; align_last_edited=&#8221;on|desktop&#8221; _builder_version=&#8221;3.23&#8243;][\/et_pb_image][\/et_pb_column][et_pb_column type=&#8221;1_4&#8243; _builder_version=&#8221;3.25&#8243; custom_padding=&#8221;|||&#8221; custom_padding__hover=&#8221;|||&#8221;][et_pb_image src=&#8221;https:\/\/www.norameda.com\/wp-content\/uploads\/2018\/08\/Layer-23.png&#8221; align=&#8221;center&#8221; align_tablet=&#8221;center&#8221; align_last_edited=&#8221;on|desktop&#8221; _builder_version=&#8221;3.23&#8243;][\/et_pb_image][\/et_pb_column][et_pb_column type=&#8221;1_4&#8243; _builder_version=&#8221;3.25&#8243; custom_padding=&#8221;|||&#8221; custom_padding__hover=&#8221;|||&#8221;][et_pb_image src=&#8221;https:\/\/www.norameda.com\/wp-content\/uploads\/2018\/08\/Layer-24.png&#8221; align=&#8221;center&#8221; align_tablet=&#8221;center&#8221; align_last_edited=&#8221;on|desktop&#8221; _builder_version=&#8221;3.23&#8243;][\/et_pb_image][\/et_pb_column][\/et_pb_row][\/et_pb_section][et_pb_section fb_built=&#8221;1&#8243; _builder_version=&#8221;3.22&#8243;][et_pb_row module_class=&#8221;kokybe-row&#8221; _builder_version=&#8221;3.25&#8243; column_structure=&#8221;1_2,1_2&#8243;][et_pb_column type=&#8221;1_2&#8243; _builder_version=&#8221;3.25&#8243; custom_padding=&#8221;|||&#8221; custom_padding__hover=&#8221;|||&#8221;][et_pb_text module_class=&#8221;vcenter&#8221; _builder_version=&#8221;4.9.2&#8243; text_font=&#8221;Open Sans||||&#8221; hover_enabled=&#8221;0&#8243; admin_label=&#8221;Text&#8221; sticky_enabled=&#8221;0&#8243;]<\/p>\n<h3 lang=\"lt-LT\" style=\"text-transform: uppercase;\">Tootmislitsents<\/h3>\n<p align=\"justify\"><span lang=\"lt-LT\">Tootmislitsents on vajalik k\u00f5ikide Euroopa Liidus ravimite tootjate jaoks, sealhulgas kolmandatest riikidest p\u00e4rit ravimite maaletoojatele. Tootmislitsents annab selle omanikele \u00f5iguse levitada toodetud v\u00f5i imporditud ravimeid vastavalt hea levitamise praktikale.<\/span><\/p>\n<p align=\"justify\"><a class=\"download-pdf-icon\" href=\"https:\/\/www.norameda.com\/wp-content\/uploads\/2018\/05\/Norameda-Manufacturing-and-Import-authorization-No-0752.pdf\" target=\"_blank\" rel=\"noopener\">Norameda tootja litsents<\/a><\/p>\n<p>[\/et_pb_text][\/et_pb_column][et_pb_column type=&#8221;1_2&#8243; _builder_version=&#8221;3.25&#8243; custom_padding=&#8221;|||&#8221; custom_padding__hover=&#8221;|||&#8221;][et_pb_image src=&#8221;https:\/\/www.norameda.com\/wp-content\/uploads\/2018\/08\/kokybe-gamyba.jpg&#8221; align_tablet=&#8221;center&#8221; align_last_edited=&#8221;on|desktop&#8221; module_class=&#8221;vcenter&#8221; _builder_version=&#8221;3.23&#8243;][\/et_pb_image][\/et_pb_column][\/et_pb_row][et_pb_row module_class=&#8221;kokybe-row&#8221; _builder_version=&#8221;3.25&#8243; column_structure=&#8221;1_2,1_2&#8243;][et_pb_column type=&#8221;1_2&#8243; _builder_version=&#8221;3.25&#8243; custom_padding=&#8221;|||&#8221; custom_padding__hover=&#8221;|||&#8221;][et_pb_text _builder_version=&#8221;4.9.2&#8243; text_font=&#8221;Open Sans||||&#8221; hover_enabled=&#8221;0&#8243; sticky_enabled=&#8221;0&#8243;]<\/p>\n<h3 lang=\"lt-LT\" style=\"text-transform: uppercase;\">Hulgim\u00fc\u00fcgi litsents<\/h3>\n<p lang=\"lt-LT\">Hulgim\u00fc\u00fcgi litsents annab \u00f5iguse teostada hulgim\u00fc\u00fcgi tegevust deklareeritud asukohas vastavalt kehtivatele farmaatsiaalastele \u00f5igusaktidele. See v\u00e4ljastatakse alles p\u00e4rast seda, kui on veendutud, et turustajal on asjakohased ruumid ja seadmed ning ettev\u00f5te j\u00e4rgib kvaliteedis\u00fcsteemi, t\u00f6\u00f6tajate, dokumentide haldamise, k\u00e4imasolevate toimingute, kaebuste haldamise, v\u00f5ltsingute kahtluse, tagastamise ja t\u00fchistamise, lepingulise tegevuse, siseauditite n\u00f5udeid.<\/p>\n<p lang=\"lt-LT\"><a class=\"download-pdf-icon\" href=\"https:\/\/www.norameda.com\/wp-content\/uploads\/2018\/05\/Norameda-Wholesale-Licence-No-0212.pdf\" target=\"_blank\" rel=\"noopener\">Norameda hulgim\u00fc\u00fcgi litsents<\/a><\/p>\n<p>[\/et_pb_text][\/et_pb_column][et_pb_column type=&#8221;1_2&#8243; _builder_version=&#8221;3.25&#8243; custom_padding=&#8221;|||&#8221; custom_padding__hover=&#8221;|||&#8221;][et_pb_image src=&#8221;https:\/\/www.norameda.com\/wp-content\/uploads\/2018\/08\/kokybe-platinimo.jpg&#8221; align_tablet=&#8221;center&#8221; align_last_edited=&#8221;on|desktop&#8221; _builder_version=&#8221;3.23&#8243;][\/et_pb_image][\/et_pb_column][\/et_pb_row][et_pb_row module_class=&#8221;kokybe-row&#8221; _builder_version=&#8221;3.25&#8243; column_structure=&#8221;1_2,1_2&#8243;][et_pb_column type=&#8221;1_2&#8243; _builder_version=&#8221;3.25&#8243; custom_padding=&#8221;|||&#8221; custom_padding__hover=&#8221;|||&#8221;][et_pb_text _builder_version=&#8221;3.27.4&#8243; text_font=&#8221;Open Sans||||&#8221; hover_enabled=&#8221;0&#8243; sticky_enabled=&#8221;0&#8243;]<\/p>\n<h3 lang=\"lt-LT\" style=\"text-transform: uppercase;\">Hea levitamistava sertifikaat<\/h3>\n<p lang=\"lt-LT\">Hea levitamistava (GPP) tagab, et ravimite kvaliteet s\u00e4ilib k\u00f5ikidel tarnimise etappidel, alates tootmisest kuni ostuni. Hea levitamistava sertifikaat (GPP sertifikaat) on Leedu Vabariigi tervishoiuministeeriumi alluvuses oleva ravimiameti poolt v\u00e4ljastatud dokument, mis kinnitab, et hulgim\u00fc\u00fcgi litsentsi omaniku teostatav ravimitegevus vastab ravimitegevuse GPP n\u00f5uetele.<\/p>\n<p lang=\"lt-LT\"><a class=\"download-pdf-icon\" href=\"https:\/\/www.norameda.com\/wp-content\/uploads\/2018\/05\/Norameda-GDP-certificate-2017.pdf\" target=\"_blank\" rel=\"noopener\">Norameda hea levitamistava sertifikaat<\/a><\/p>\n<p>[\/et_pb_text][\/et_pb_column][et_pb_column type=&#8221;1_2&#8243; _builder_version=&#8221;3.25&#8243; custom_padding=&#8221;|||&#8221; custom_padding__hover=&#8221;|||&#8221;][et_pb_image src=&#8221;https:\/\/www.norameda.com\/wp-content\/uploads\/2018\/08\/kokybe-praktikos.jpg&#8221; align_tablet=&#8221;center&#8221; align_last_edited=&#8221;on|desktop&#8221; _builder_version=&#8221;3.23&#8243;][\/et_pb_image][\/et_pb_column][\/et_pb_row][et_pb_row module_class=&#8221;kokybe-row&#8221; _builder_version=&#8221;3.25&#8243; column_structure=&#8221;1_2,1_2&#8243;][et_pb_column type=&#8221;1_2&#8243; _builder_version=&#8221;3.25&#8243; custom_padding=&#8221;|||&#8221; custom_padding__hover=&#8221;|||&#8221;][et_pb_text _builder_version=&#8221;4.9.2&#8243; text_font=&#8221;Open Sans||||&#8221; hover_enabled=&#8221;0&#8243; sticky_enabled=&#8221;0&#8243;]<\/p>\n<h3 lang=\"lt-LT\" style=\"text-transform: uppercase;\">Hea tootmistava tunnistus<\/h3>\n<p lang=\"lt-LT\">Hea tootmistava (GGP) tagab, et ravimite tootmist ja importimist kolmandatest riikidest kontrollitakse vastavalt kohaldatavatele kvaliteedistandarditele, nii et valmistatud ravim vastab oma eesm\u00e4rgile, m\u00fc\u00fcgiloa ja spetsifikatsioonide n\u00f5uetele. Hea tootmistava sertifikaat (GPP sertifikaat) on Leedu Vabariigi tervishoiuministeeriumi alluvuses oleva ravimiameti poolt v\u00e4ljastatud dokument, mis kinnitab, et hulgim\u00fc\u00fcgi litsentsi omaniku teostatav ravimitegevus v\u00f5i selle osa vastab ravimitegevuse GPP n\u00f5uetele.<\/p>\n<p lang=\"lt-LT\"><a class=\"download-pdf-icon\" href=\"https:\/\/www.norameda.com\/wp-content\/uploads\/2018\/05\/Norameda-GMP-certificate-20170227.pdf\" target=\"_blank\" rel=\"noopener\">Norameda hea tootmistava sertifikaat<\/a><\/p>\n<p>[\/et_pb_text][\/et_pb_column][et_pb_column type=&#8221;1_2&#8243; _builder_version=&#8221;3.25&#8243; custom_padding=&#8221;|||&#8221; custom_padding__hover=&#8221;|||&#8221;][et_pb_image src=&#8221;https:\/\/www.norameda.com\/wp-content\/uploads\/2018\/08\/kokybe-gamybos-praktikos.jpg&#8221; align_tablet=&#8221;center&#8221; align_last_edited=&#8221;on|desktop&#8221; _builder_version=&#8221;3.23&#8243;][\/et_pb_image][\/et_pb_column][\/et_pb_row][et_pb_row module_class=&#8221;kokybe-row&#8221; _builder_version=&#8221;3.25&#8243; column_structure=&#8221;1_2,1_2&#8243;][et_pb_column type=&#8221;1_2&#8243; _builder_version=&#8221;3.25&#8243; custom_padding=&#8221;|||&#8221; custom_padding__hover=&#8221;|||&#8221;][et_pb_text _builder_version=&#8221;3.27.4&#8243; text_font=&#8221;Open Sans||||&#8221;]<\/p>\n<h3 lang=\"lt-LT\" style=\"text-transform: uppercase;\">Toiduk\u00e4itlemise subjekti sertifikaat<\/h3>\n<p lang=\"lt-LT\">Toiduk\u00e4itlemise subjekti sertifikaat on Riikliku toidu- ja veterinaarteenistuse v\u00e4ljastatud dokument, mis annab ettev\u00f5tjale \u00f5iguse teostada toidut\u00f6\u00f6tlemistoiminguid, sealhulgas jaotust. Dokument v\u00e4ljastatakse ainult siis, kui on kindlaks tehtud, et k\u00f5ik selle tegevuse suhtes kohaldatavad h\u00fcgieenin\u00f5uded ja muud \u00f5igusaktid on t\u00e4idetud.<\/p>\n<p lang=\"lt-LT\"><a class=\"download-pdf-icon\" href=\"https:\/\/www.norameda.com\/wp-content\/uploads\/2018\/05\/Maisto-tvarkymo-subjekto-patvirtinimo-pazymejimas.pdf\" target=\"_blank\" rel=\"noopener\">Norameda toiduk\u00e4itlemise subjekti sertifikaat<\/a><\/p>\n<p>[\/et_pb_text][\/et_pb_column][et_pb_column type=&#8221;1_2&#8243; _builder_version=&#8221;3.25&#8243; custom_padding=&#8221;|||&#8221; custom_padding__hover=&#8221;|||&#8221;][et_pb_image src=&#8221;https:\/\/www.norameda.com\/wp-content\/uploads\/2018\/08\/kokybe-maisto-tvarkymo.jpg&#8221; align_tablet=&#8221;center&#8221; align_last_edited=&#8221;on|desktop&#8221; _builder_version=&#8221;3.23&#8243;][\/et_pb_image][\/et_pb_column][\/et_pb_row][\/et_pb_section]<\/p>\n","protected":false},"excerpt":{"rendered":"<p>[et_pb_section fb_built=&#8221;1&#8243; fullwidth=&#8221;on&#8221; _builder_version=&#8221;3.22&#8243;][et_pb_fullwidth_image src=&#8221;https:\/\/www.norameda.com\/wp-content\/uploads\/2018\/08\/apie-mus-headeris.png&#8221; _builder_version=&#8221;3.9&#8243;][\/et_pb_fullwidth_image][\/et_pb_section][et_pb_section fb_built=&#8221;1&#8243; module_class=&#8221;yoastBreadcrumb&#8221; _builder_version=&#8221;3.0.98&#8243; global_module=&#8221;1855&#8243;][et_pb_row _builder_version=&#8221;3.25&#8243; background_size=&#8221;initial&#8221; background_position=&#8221;top_left&#8221; background_repeat=&#8221;repeat&#8221;][et_pb_column type=&#8221;4_4&#8243; _builder_version=&#8221;3.25&#8243; custom_padding=&#8221;|||&#8221; custom_padding__hover=&#8221;|||&#8221;][et_pb_code admin_label=&#8221;Code&#8221; _builder_version=&#8221;4.9.2&#8243; width=&#8221;80%&#8221; max_width=&#8221;1080px&#8221;][\/et_pb_code][\/et_pb_column][\/et_pb_row][\/et_pb_section][et_pb_section fb_built=&#8221;1&#8243; _builder_version=&#8221;3.22&#8243; custom_padding=&#8221;50px|0px|13px|0px&#8221;][et_pb_row _builder_version=&#8221;3.25&#8243;][et_pb_column type=&#8221;4_4&#8243; _builder_version=&#8221;3.25&#8243; custom_padding=&#8221;|||&#8221; custom_padding__hover=&#8221;|||&#8221;][et_pb_cta title=&#8221;KVALITEET&#8221; _builder_version=&#8221;3.16&#8243; header_font=&#8221;Roboto Condensed||||||||&#8221; header_text_color=&#8221;#5e5e5e&#8221; header_font_size=&#8221;36&#8243; use_background_color=&#8221;off&#8221; text_orientation=&#8221;left&#8221; background_layout=&#8221;light&#8221; button_text_size__hover_enabled=&#8221;off&#8221; button_one_text_size__hover_enabled=&#8221;off&#8221; button_two_text_size__hover_enabled=&#8221;off&#8221; button_text_color__hover_enabled=&#8221;off&#8221; button_one_text_color__hover_enabled=&#8221;off&#8221; button_two_text_color__hover_enabled=&#8221;off&#8221; button_border_width__hover_enabled=&#8221;off&#8221; button_one_border_width__hover_enabled=&#8221;off&#8221; button_two_border_width__hover_enabled=&#8221;off&#8221; button_border_color__hover_enabled=&#8221;off&#8221; button_one_border_color__hover_enabled=&#8221;off&#8221; button_two_border_color__hover_enabled=&#8221;off&#8221; button_border_radius__hover_enabled=&#8221;off&#8221; button_one_border_radius__hover_enabled=&#8221;off&#8221; button_two_border_radius__hover_enabled=&#8221;off&#8221; button_letter_spacing__hover_enabled=&#8221;off&#8221; [&hellip;]<\/p>\n","protected":false},"author":1,"featured_media":0,"parent":0,"menu_order":0,"comment_status":"closed","ping_status":"closed","template":"","meta":{"_et_pb_use_builder":"on","_et_pb_old_content":"","_et_gb_content_width":"","inline_featured_image":false,"_links_to":"","_links_to_target":""},"_links":{"self":[{"href":"https:\/\/www.norameda.com\/et\/wp-json\/wp\/v2\/pages\/5670"}],"collection":[{"href":"https:\/\/www.norameda.com\/et\/wp-json\/wp\/v2\/pages"}],"about":[{"href":"https:\/\/www.norameda.com\/et\/wp-json\/wp\/v2\/types\/page"}],"author":[{"embeddable":true,"href":"https:\/\/www.norameda.com\/et\/wp-json\/wp\/v2\/users\/1"}],"replies":[{"embeddable":true,"href":"https:\/\/www.norameda.com\/et\/wp-json\/wp\/v2\/comments?post=5670"}],"version-history":[{"count":6,"href":"https:\/\/www.norameda.com\/et\/wp-json\/wp\/v2\/pages\/5670\/revisions"}],"predecessor-version":[{"id":7178,"href":"https:\/\/www.norameda.com\/et\/wp-json\/wp\/v2\/pages\/5670\/revisions\/7178"}],"wp:attachment":[{"href":"https:\/\/www.norameda.com\/et\/wp-json\/wp\/v2\/media?parent=5670"}],"curies":[{"name":"wp","href":"https:\/\/api.w.org\/{rel}","templated":true}]}}