{"id":3981,"date":"2019-05-08T14:17:00","date_gmt":"2019-05-08T11:17:00","guid":{"rendered":"https:\/\/www.norameda.com\/fakti\/"},"modified":"2023-01-17T12:12:58","modified_gmt":"2023-01-17T10:12:58","slug":"fakti","status":"publish","type":"page","link":"https:\/\/www.norameda.com\/lv\/fakti\/","title":{"rendered":"Fakti"},"content":{"rendered":"<p>[et_pb_section fb_built=&#8221;1&#8243; fullwidth=&#8221;on&#8221; _builder_version=&#8221;3.22&#8243;][et_pb_fullwidth_image src=&#8221;https:\/\/www.norameda.com\/wp-content\/uploads\/2018\/08\/apie-mus-headeris.png&#8221; _builder_version=&#8221;3.9&#8243;][\/et_pb_fullwidth_image][\/et_pb_section][et_pb_section fb_built=&#8221;1&#8243; module_class=&#8221;yoastBreadcrumb&#8221; _builder_version=&#8221;3.22&#8243;][et_pb_row _builder_version=&#8221;3.25&#8243; background_size=&#8221;initial&#8221; background_position=&#8221;top_left&#8221; background_repeat=&#8221;repeat&#8221;][et_pb_column type=&#8221;4_4&#8243; _builder_version=&#8221;3.25&#8243; custom_padding=&#8221;|||&#8221; custom_padding__hover=&#8221;|||&#8221;][et_pb_code]<span><span><a href=\"https:\/\/www.norameda.com\/lv\/\">Galvenais<\/a><\/span>[\/et_pb_code][\/et_pb_column][\/et_pb_row][\/et_pb_section][et_pb_section fb_built=&#8221;1&#8243; _builder_version=&#8221;3.22&#8243; custom_padding=&#8221;50px|0px|13px|0px&#8221;][et_pb_row _builder_version=&#8221;3.25&#8243;][et_pb_column type=&#8221;4_4&#8243; _builder_version=&#8221;3.25&#8243; custom_padding=&#8221;|||&#8221; custom_padding__hover=&#8221;|||&#8221;][et_pb_cta title=&#8221;FAKTI&#8221; _builder_version=&#8221;3.16&#8243; header_font=&#8221;Roboto Condensed||||||||&#8221; header_text_color=&#8221;#5e5e5e&#8221; header_font_size=&#8221;36&#8243; use_background_color=&#8221;off&#8221; text_orientation=&#8221;left&#8221; background_layout=&#8221;light&#8221; button_text_size__hover_enabled=&#8221;off&#8221; button_text_size__hover=&#8221;null&#8221; button_one_text_size__hover_enabled=&#8221;off&#8221; button_one_text_size__hover=&#8221;null&#8221; button_two_text_size__hover_enabled=&#8221;off&#8221; button_two_text_size__hover=&#8221;null&#8221; button_text_color__hover_enabled=&#8221;off&#8221; button_text_color__hover=&#8221;null&#8221; button_one_text_color__hover_enabled=&#8221;off&#8221; button_one_text_color__hover=&#8221;null&#8221; button_two_text_color__hover_enabled=&#8221;off&#8221; button_two_text_color__hover=&#8221;null&#8221; button_border_width__hover_enabled=&#8221;off&#8221; button_border_width__hover=&#8221;null&#8221; button_one_border_width__hover_enabled=&#8221;off&#8221; button_one_border_width__hover=&#8221;null&#8221; button_two_border_width__hover_enabled=&#8221;off&#8221; button_two_border_width__hover=&#8221;null&#8221; button_border_color__hover_enabled=&#8221;off&#8221; button_border_color__hover=&#8221;null&#8221; button_one_border_color__hover_enabled=&#8221;off&#8221; button_one_border_color__hover=&#8221;null&#8221; button_two_border_color__hover_enabled=&#8221;off&#8221; button_two_border_color__hover=&#8221;null&#8221; button_border_radius__hover_enabled=&#8221;off&#8221; button_border_radius__hover=&#8221;null&#8221; button_one_border_radius__hover_enabled=&#8221;off&#8221; button_one_border_radius__hover=&#8221;null&#8221; button_two_border_radius__hover_enabled=&#8221;off&#8221; button_two_border_radius__hover=&#8221;null&#8221; button_letter_spacing__hover_enabled=&#8221;off&#8221; button_letter_spacing__hover=&#8221;null&#8221; button_one_letter_spacing__hover_enabled=&#8221;off&#8221; button_one_letter_spacing__hover=&#8221;null&#8221; button_two_letter_spacing__hover_enabled=&#8221;off&#8221; button_two_letter_spacing__hover=&#8221;null&#8221; button_bg_color__hover_enabled=&#8221;off&#8221; button_bg_color__hover=&#8221;null&#8221; button_one_bg_color__hover_enabled=&#8221;off&#8221; button_one_bg_color__hover=&#8221;null&#8221; button_two_bg_color__hover_enabled=&#8221;off&#8221; button_two_bg_color__hover=&#8221;null&#8221;][\/et_pb_cta][\/et_pb_column][\/et_pb_row][\/et_pb_section][et_pb_section fb_built=&#8221;1&#8243; _builder_version=&#8221;3.22&#8243; custom_padding=&#8221;40px|||&#8221;][et_pb_row _builder_version=&#8221;3.25&#8243; background_size=&#8221;initial&#8221; background_position=&#8221;top_left&#8221; background_repeat=&#8221;repeat&#8221;][et_pb_column type=&#8221;4_4&#8243; _builder_version=&#8221;3.25&#8243; custom_padding=&#8221;|||&#8221; custom_padding__hover=&#8221;|||&#8221;][et_pb_text _builder_version=&#8221;3.27.4&#8243;]<\/p>\n<div style=\"font-size: 26px;font-weight: 400;text-transform: uppercase\">P\u0101rdo\u0161ana<\/div>\n<p>[\/et_pb_text][et_pb_text _builder_version=&#8221;4.9.2&#8243; hover_enabled=&#8221;0&#8243; sticky_enabled=&#8221;0&#8243;]<\/p>\n<p class=\"p1\">Norameda ir viens no visstrauj\u0101k augo\u0161ajiem farm\u0101cijas uz\u0146\u0113mumiem Baltijas valst\u012bs. 2021. gad\u0101 apgroz\u012bjums sasniedza 25,75 milj. EUR, tas ir par 12 % vair\u0101k sal\u012bdzinot ar 2020. gadu.<\/p>\n<p>[\/et_pb_text][\/et_pb_column][\/et_pb_row][\/et_pb_section][et_pb_section fb_built=&#8221;1&#8243; _builder_version=&#8221;3.22&#8243; custom_padding=&#8221;||40px|&#8221;][et_pb_row column_structure=&#8221;1_2,1_2&#8243; _builder_version=&#8221;4.9.2&#8243; background_size=&#8221;initial&#8221; background_position=&#8221;top_left&#8221; background_repeat=&#8221;repeat&#8221; hover_enabled=&#8221;0&#8243; sticky_enabled=&#8221;0&#8243;][et_pb_column type=&#8221;1_2&#8243; _builder_version=&#8221;3.25&#8243; custom_padding=&#8221;|||&#8221; custom_padding__hover=&#8221;|||&#8221;][et_pb_code _builder_version=&#8221;4.9.2&#8243; hover_enabled=&#8221;0&#8243; z_index_tablet=&#8221;500&#8243; sticky_enabled=&#8221;0&#8243;]<div class=\"ninja-charts-customize_1921942004_27\" >\n    <div id=\"ninja-charts-container\"\n         class=\"ninja-charts-chart-js-container\"\n         style='\n                height: 400px;\n                width: auto;\n                background-color: #ffffff;\n                border: 0px solid #000000 ;\n                border-radius: 0px;'\n         data-id=\"27\"\n         data-uniqid=\"_1921942004_27\"\n             >\n    <canvas\n        id= \"ninja_charts_instance_1921942004_27\"\n>\n    <\/canvas>\n    <\/div>\n<\/div>\n[\/et_pb_code][\/et_pb_column][et_pb_column type=&#8221;1_2&#8243; _builder_version=&#8221;3.25&#8243; custom_padding=&#8221;|||&#8221; custom_padding__hover=&#8221;|||&#8221;][et_pb_code _builder_version=&#8221;4.9.2&#8243; _module_preset=&#8221;default&#8221; hover_enabled=&#8221;0&#8243; sticky_enabled=&#8221;0&#8243;]<div class=\"ninja-charts-customize_1560263426_28\" >\n    <div id=\"ninja-charts-container\"\n         class=\"ninja-charts-chart-js-container\"\n         style='\n                height: 400px;\n                width: auto;\n                background-color: #ffffff;\n                border: 0px solid #000000 ;\n                border-radius: 0px;'\n         data-id=\"28\"\n         data-uniqid=\"_1560263426_28\"\n             >\n    <canvas\n        id= \"ninja_charts_instance_1560263426_28\"\n>\n    <\/canvas>\n    <\/div>\n<\/div>\n[\/et_pb_code][\/et_pb_column][\/et_pb_row][\/et_pb_section][et_pb_section fb_built=&#8221;1&#8243; _builder_version=&#8221;3.22&#8243; background_color=&#8221;#f9fafb&#8221; custom_padding=&#8221;40px|||&#8221;][et_pb_row _builder_version=&#8221;3.25&#8243; background_size=&#8221;initial&#8221; background_position=&#8221;top_left&#8221; background_repeat=&#8221;repeat&#8221;][et_pb_column type=&#8221;4_4&#8243; _builder_version=&#8221;3.25&#8243; custom_padding=&#8221;|||&#8221; custom_padding__hover=&#8221;|||&#8221;][et_pb_text _builder_version=&#8221;3.27.4&#8243;]<\/p>\n<div style=\"font-size: 26px;font-weight: 400;text-transform: uppercase\">Person\u0101ls<\/div>\n<p>[\/et_pb_text][et_pb_text _builder_version=&#8221;4.9.2&#8243; hover_enabled=&#8221;0&#8243; sticky_enabled=&#8221;0&#8243;]<\/p>\n<p class=\"p1\">Norameda komand\u0101 str\u0101d\u0101 49 darbinieki, no kuriem liel\u0101k\u0101 da\u013ca (69%) 34 cilv\u0113ki str\u0101d\u0101 Lietuv\u0101. Latvijas fili\u0101l\u0113 str\u0101d\u0101 7, Igaunij\u0101 \u2013 6, Polij\u0101 \u2013 2 darbinieki.<\/p>\n<p>[\/et_pb_text][\/et_pb_column][\/et_pb_row][\/et_pb_section][et_pb_section fb_built=&#8221;1&#8243; _builder_version=&#8221;3.22&#8243; background_color=&#8221;#f9fafb&#8221; custom_padding=&#8221;||40px|&#8221;][et_pb_row column_structure=&#8221;2_3,1_3&#8243; _builder_version=&#8221;3.25&#8243; background_size=&#8221;initial&#8221; background_position=&#8221;top_left&#8221; background_repeat=&#8221;repeat&#8221;][et_pb_column type=&#8221;2_3&#8243; _builder_version=&#8221;3.25&#8243; custom_padding=&#8221;|||&#8221; custom_padding__hover=&#8221;|||&#8221;][et_pb_code _builder_version=&#8221;4.9.2&#8243; hover_enabled=&#8221;0&#8243; z_index_tablet=&#8221;500&#8243; sticky_enabled=&#8221;0&#8243;]<div class=\"ninja-charts-customize_1275531578_29\" >\n    <div id=\"ninja-charts-container\"\n         class=\"ninja-charts-chart-js-container\"\n         style='\n                height: 400px;\n                width: auto;\n                background-color: #ffffff;\n                border: 0px solid #000000 ;\n                border-radius: 0px;'\n         data-id=\"29\"\n         data-uniqid=\"_1275531578_29\"\n             >\n    <canvas\n        id= \"ninja_charts_instance_1275531578_29\"\n>\n    <\/canvas>\n    <\/div>\n<\/div>\n[\/et_pb_code][\/et_pb_column][et_pb_column type=&#8221;1_3&#8243; _builder_version=&#8221;3.25&#8243; custom_padding=&#8221;|||&#8221; custom_padding__hover=&#8221;|||&#8221;][et_pb_image src=&#8221;https:\/\/www.norameda.com\/wp-content\/uploads\/2018\/08\/faktai-personalas-norameda.jpg&#8221; align=&#8221;center&#8221; align_tablet=&#8221;center&#8221; align_phone=&#8221;&#8221; align_last_edited=&#8221;on|desktop&#8221; _builder_version=&#8221;3.23&#8243;][\/et_pb_image][\/et_pb_column][\/et_pb_row][\/et_pb_section][et_pb_section fb_built=&#8221;1&#8243; _builder_version=&#8221;3.22&#8243; custom_padding=&#8221;40px|||&#8221;][et_pb_row _builder_version=&#8221;3.25&#8243; background_size=&#8221;initial&#8221; background_position=&#8221;top_left&#8221; background_repeat=&#8221;repeat&#8221;][et_pb_column type=&#8221;4_4&#8243; _builder_version=&#8221;3.25&#8243; custom_padding=&#8221;|||&#8221; custom_padding__hover=&#8221;|||&#8221;][et_pb_text _builder_version=&#8221;3.27.4&#8243;]<\/p>\n<div style=\"font-size: 26px;font-weight: 400;text-transform: uppercase\">Partner\u012bbas l\u012bgumi<\/div>\n<p>[\/et_pb_text][et_pb_text _builder_version=&#8221;4.9.2&#8243; hover_enabled=&#8221;0&#8243; sticky_enabled=&#8221;0&#8243;]<\/p>\n<p class=\"p1\">\u0160obr\u012bd Norameda sadarbojas ar 42 partneriem no da\u017e\u0101d\u0101m pasaules valst\u012bm.<\/p>\n<p>[\/et_pb_text][\/et_pb_column][\/et_pb_row][\/et_pb_section][et_pb_section fb_built=&#8221;1&#8243; _builder_version=&#8221;3.22&#8243; custom_padding=&#8221;||40px|&#8221;][et_pb_row column_structure=&#8221;2_3,1_3&#8243; _builder_version=&#8221;3.25&#8243; background_size=&#8221;initial&#8221; background_position=&#8221;top_left&#8221; background_repeat=&#8221;repeat&#8221;][et_pb_column type=&#8221;2_3&#8243; _builder_version=&#8221;3.25&#8243; custom_padding=&#8221;|||&#8221; custom_padding__hover=&#8221;|||&#8221;][et_pb_code _builder_version=&#8221;4.9.2&#8243; hover_enabled=&#8221;0&#8243; z_index_tablet=&#8221;500&#8243; sticky_enabled=&#8221;0&#8243;]<div class=\"ninja-charts-customize_217360047_30\" >\n    <div id=\"ninja-charts-container\"\n         class=\"ninja-charts-chart-js-container\"\n         style='\n                height: 400px;\n                width: auto;\n                background-color: #ffffff;\n                border: 0px solid #000000 ;\n                border-radius: 0px;'\n         data-id=\"30\"\n         data-uniqid=\"_217360047_30\"\n             >\n    <canvas\n        id= \"ninja_charts_instance_217360047_30\"\n>\n    <\/canvas>\n    <\/div>\n<\/div>\n[\/et_pb_code][\/et_pb_column][et_pb_column type=&#8221;1_3&#8243; _builder_version=&#8221;3.25&#8243; custom_padding=&#8221;|||&#8221; custom_padding__hover=&#8221;|||&#8221;][et_pb_image src=&#8221;https:\/\/www.norameda.com\/wp-content\/uploads\/2018\/08\/faktai-partneryste-norameda.jpg&#8221; align=&#8221;center&#8221; align_tablet=&#8221;center&#8221; align_phone=&#8221;&#8221; align_last_edited=&#8221;on|desktop&#8221; _builder_version=&#8221;3.23&#8243;][\/et_pb_image][\/et_pb_column][\/et_pb_row][\/et_pb_section][et_pb_section fb_built=&#8221;1&#8243; disabled_on=&#8221;on|on|on&#8221; _builder_version=&#8221;4.9.2&#8243; background_color=&#8221;#f9fafb&#8221; custom_padding=&#8221;40px||40px|&#8221; disabled=&#8221;on&#8221;][et_pb_row _builder_version=&#8221;3.25&#8243; background_size=&#8221;initial&#8221; background_position=&#8221;top_left&#8221; background_repeat=&#8221;repeat&#8221;][et_pb_column type=&#8221;4_4&#8243; _builder_version=&#8221;3.25&#8243; custom_padding=&#8221;|||&#8221; custom_padding__hover=&#8221;|||&#8221;][et_pb_text _builder_version=&#8221;3.27.4&#8243;]<\/p>\n<div style=\"font-size: 26px;font-weight: 400;text-transform: uppercase\">\u201cNorameda\u201d konkr\u0113t\u0101s darb\u012bbas tirgus<\/div>\n<p>[\/et_pb_text][et_pb_text _builder_version=&#8221;3.27.4&#8243;]<\/p>\n<p>\n\u201cNorameda\u201d darb\u012bbas teritorija ietver 9 valstis, kuru kop\u0113j\u0101 farm\u0101cijas tirgus v\u0113rt\u012bba veido 13&#8217;934&#8217;501 milj. EUR, vid\u0113jais gada pieaugums ir par 3,72%. Tikm\u0113r \u201cNorameda\u201d gada pieauguma vid\u0113jais r\u0101d\u012bt\u0101js&nbsp;ir sasniedzis 27,14%, kas \u013cauj komp\u0101nijai savas poz\u012bcijas nostiprin\u0101t m\u0113r\u0137a tirg\u016b vis\u0101s valst\u012bs.<\/p>\n<p>[\/et_pb_text][\/et_pb_column][\/et_pb_row][et_pb_row column_structure=&#8221;1_3,1_3,1_3&#8243; _builder_version=&#8221;3.25&#8243; custom_padding=&#8221;26px|||&#8221;][et_pb_column type=&#8221;1_3&#8243; _builder_version=&#8221;3.25&#8243; custom_padding=&#8221;|||&#8221; custom_padding__hover=&#8221;|||&#8221;][et_pb_code _builder_version=&#8221;3.24&#8243; z_index_tablet=&#8221;500&#8243;]<div class=\"visualizer-front-container\"><style type=\"text\/css\" name=\"visualizer-custom-css\" id=\"customcss-visualizer-5230\">.locker,.locker-loader{position:absolute;top:0;left:0;width:100%;height:100%}.locker{z-index:1000;opacity:.8;background-color:#fff;-ms-filter:\"progid:DXImageTransform.Microsoft.Alpha(Opacity=80)\";filter:alpha(opacity=80)}.locker-loader{z-index:1001;background:url(https:\/\/www.norameda.com\/wp-content\/plugins\/visualizer\/images\/ajax-loader.gif) no-repeat center center}.dt-button{display:none!important}.visualizer-front-container.visualizer-lazy-render{content-visibility: auto;}<\/style><div id=\"visualizer-5230-1985671463\" class=\"visualizer-front  visualizer-front-5230\"><\/div><!-- Not showing structured data for chart 5230 because title is empty --><\/div>[\/et_pb_code][\/et_pb_column][et_pb_column type=&#8221;1_3&#8243; _builder_version=&#8221;3.25&#8243; custom_padding=&#8221;|||&#8221; custom_padding__hover=&#8221;|||&#8221;][et_pb_code _builder_version=&#8221;3.24&#8243; z_index_tablet=&#8221;500&#8243;]<div class=\"visualizer-front-container\"><style type=\"text\/css\" name=\"visualizer-custom-css\" id=\"customcss-visualizer-5234\">.locker,.locker-loader{position:absolute;top:0;left:0;width:100%;height:100%}.locker{z-index:1000;opacity:.8;background-color:#fff;-ms-filter:\"progid:DXImageTransform.Microsoft.Alpha(Opacity=80)\";filter:alpha(opacity=80)}.locker-loader{z-index:1001;background:url(https:\/\/www.norameda.com\/wp-content\/plugins\/visualizer\/images\/ajax-loader.gif) no-repeat center center}.dt-button{display:none!important}.visualizer-front-container.visualizer-lazy-render{content-visibility: auto;}<\/style><div id=\"visualizer-5234-842120750\" class=\"visualizer-front  visualizer-front-5234\"><\/div><!-- Not showing structured data for chart 5234 because title is empty --><\/div>[\/et_pb_code][\/et_pb_column][et_pb_column type=&#8221;1_3&#8243; _builder_version=&#8221;3.25&#8243; custom_padding=&#8221;|||&#8221; custom_padding__hover=&#8221;|||&#8221;][et_pb_image src=&#8221;https:\/\/www.norameda.com\/wp-content\/uploads\/2018\/08\/faktai-veikla-norameda.jpg&#8221; align=&#8221;center&#8221; align_tablet=&#8221;center&#8221; align_phone=&#8221;&#8221; align_last_edited=&#8221;on|desktop&#8221; _builder_version=&#8221;3.23&#8243;][\/et_pb_image][\/et_pb_column][\/et_pb_row][et_pb_row _builder_version=&#8221;3.25&#8243; background_size=&#8221;initial&#8221; background_position=&#8221;top_left&#8221; background_repeat=&#8221;repeat&#8221;][et_pb_column type=&#8221;4_4&#8243; _builder_version=&#8221;3.25&#8243; custom_padding=&#8221;|||&#8221; custom_padding__hover=&#8221;|||&#8221;][et_pb_code _builder_version=&#8221;3.24&#8243; z_index_tablet=&#8221;500&#8243;]<\/p>\n<div style=\"height: 15px; width: 30px; background: #4aadda; display: inline-block; margin-right: 5px;\"><\/div>\n<div style=\"display: inline-block\">Tirgus lielums (Eur)<\/div>\n<p><!-- [et_pb_line_break_holder] --><\/p>\n<div style=\"height: 15px; width: 30px; background: #f5a847; display: inline-block; margin-right: 5px;\"><\/div>\n<div style=\"display: inline-block\">Tirgus pieaugums (%)<\/div>\n<p>[\/et_pb_code][\/et_pb_column][\/et_pb_row][\/et_pb_section][et_pb_section fb_built=&#8221;1&#8243; _builder_version=&#8221;3.22&#8243; custom_padding=&#8221;40px|||&#8221;][et_pb_row _builder_version=&#8221;3.25&#8243; background_size=&#8221;initial&#8221; background_position=&#8221;top_left&#8221; background_repeat=&#8221;repeat&#8221;][et_pb_column type=&#8221;4_4&#8243; _builder_version=&#8221;3.25&#8243; custom_padding=&#8221;|||&#8221; custom_padding__hover=&#8221;|||&#8221;][et_pb_text _builder_version=&#8221;3.27.4&#8243;]<\/p>\n<div style=\"font-size: 26px;font-weight: 400;text-transform: uppercase\">Produktu kl\u0101sts<\/div>\n<p>[\/et_pb_text][et_pb_text _builder_version=&#8221;4.9.2&#8243; hover_enabled=&#8221;0&#8243; sticky_enabled=&#8221;0&#8243;]<\/p>\n<p class=\"p1\">Norameda pied\u0101v\u0101 vair\u0101k nek\u0101 300 prepar\u0101tus, no kuriem liel\u0101k\u0101 da\u013ca ir recep\u0161u (40 %) un slimn\u012bcu medikamenti (32%). Bezrecep\u0161u medikamenti veido 21% no sortimenta, medic\u012bnas preces &#8211; 5 % un speci\u0101l\u0101s apr\u016bpes z\u0101les &#8211; 2%.<\/p>\n<p>[\/et_pb_text][\/et_pb_column][\/et_pb_row][\/et_pb_section][et_pb_section fb_built=&#8221;1&#8243; _builder_version=&#8221;3.22&#8243; custom_padding=&#8221;||40px|&#8221;][et_pb_row column_structure=&#8221;2_3,1_3&#8243; _builder_version=&#8221;3.25&#8243; background_size=&#8221;initial&#8221; background_position=&#8221;top_left&#8221; background_repeat=&#8221;repeat&#8221;][et_pb_column type=&#8221;2_3&#8243; _builder_version=&#8221;3.25&#8243; custom_padding=&#8221;|||&#8221; custom_padding__hover=&#8221;|||&#8221;][et_pb_code _builder_version=&#8221;4.9.2&#8243; hover_enabled=&#8221;0&#8243; z_index_tablet=&#8221;500&#8243; sticky_enabled=&#8221;0&#8243;]<div class=\"ninja-charts-customize_90335787_31\" >\n    <div id=\"ninja-charts-container\"\n         class=\"ninja-charts-chart-js-container\"\n         style='\n                height: 400px;\n                width: auto;\n                background-color: #ffffff;\n                border: 0px solid #000000 ;\n                border-radius: 0px;'\n         data-id=\"31\"\n         data-uniqid=\"_90335787_31\"\n             >\n    <canvas\n        id= \"ninja_charts_instance_90335787_31\"\n>\n    <\/canvas>\n    <\/div>\n<\/div>\n[\/et_pb_code][\/et_pb_column][et_pb_column type=&#8221;1_3&#8243; _builder_version=&#8221;3.25&#8243; custom_padding=&#8221;|||&#8221; custom_padding__hover=&#8221;|||&#8221;][et_pb_image src=&#8221;https:\/\/www.norameda.com\/wp-content\/uploads\/2018\/08\/faktai-produktai-norameda.jpg&#8221; align=&#8221;center&#8221; align_tablet=&#8221;center&#8221; align_phone=&#8221;&#8221; align_last_edited=&#8221;on|desktop&#8221; _builder_version=&#8221;3.23&#8243;][\/et_pb_image][\/et_pb_column][\/et_pb_row][\/et_pb_section][et_pb_section fb_built=&#8221;1&#8243; _builder_version=&#8221;3.22&#8243; background_color=&#8221;#f9fafb&#8221; custom_padding=&#8221;40px|||&#8221;][et_pb_row _builder_version=&#8221;3.25&#8243; background_size=&#8221;initial&#8221; background_position=&#8221;top_left&#8221; background_repeat=&#8221;repeat&#8221;][et_pb_column type=&#8221;4_4&#8243; _builder_version=&#8221;3.25&#8243; custom_padding=&#8221;|||&#8221; custom_padding__hover=&#8221;|||&#8221;][et_pb_text _builder_version=&#8221;3.27.4&#8243;]<\/p>\n<div style=\"font-size: 26px;font-weight: 400;text-transform: uppercase\">P\u0101rdo\u0161ana p\u0113c terapeitiskaj\u0101m grup\u0101m<\/div>\n<p>[\/et_pb_text][et_pb_text _builder_version=&#8221;4.9.2&#8243; hover_enabled=&#8221;0&#8243; sticky_enabled=&#8221;0&#8243;]<\/p>\n<p class=\"p1\">Sal\u012bdzinot p\u0113c terapeitiskaj\u0101m jom\u0101m, gandr\u012bz pusi no p\u0101rdo\u0161anas apjoma veido z\u0101les <i>elpce\u013cu <\/i>slim\u012bbu \u0101rst\u0113\u0161anai. Z\u0101les skeleta-musku\u013cu trauc\u0113jumiem un onkolo\u0123ijas z\u0101les veido aptuveni vien\u0101das p\u0101rdo\u0161anas da\u013cas un kop\u0101 veido aptuveni ceturto da\u013cu no Norameda kop\u0113j\u0101 p\u0101rdo\u0161anas apjoma. P\u0101r\u0113jo da\u013cu veido citi \u0101rstniec\u012bbas l\u012bdzek\u013ci.<\/p>\n<p>[\/et_pb_text][\/et_pb_column][\/et_pb_row][\/et_pb_section][et_pb_section fb_built=&#8221;1&#8243; _builder_version=&#8221;3.22&#8243; background_color=&#8221;#f9fafb&#8221; custom_padding=&#8221;||40px|&#8221;][et_pb_row column_structure=&#8221;1_2,1_2&#8243; _builder_version=&#8221;3.25&#8243; background_size=&#8221;initial&#8221; background_position=&#8221;top_left&#8221; background_repeat=&#8221;repeat&#8221;][et_pb_column type=&#8221;1_2&#8243; _builder_version=&#8221;3.25&#8243; custom_padding=&#8221;|||&#8221; custom_padding__hover=&#8221;|||&#8221;][et_pb_code _builder_version=&#8221;4.9.2&#8243; hover_enabled=&#8221;0&#8243; z_index_tablet=&#8221;500&#8243; sticky_enabled=&#8221;0&#8243;]<div class=\"ninja-charts-google-container\"\n     data-id=\"32\"\n     data-uniqid=\"_887695623_32\"\n>\n    <div id= \"ninja_charts_instance_887695623_32\"\n         style='\n             height: 400px;\n             width: auto;\n             '\n    ><\/div>\n<\/div>\n[\/et_pb_code][\/et_pb_column][et_pb_column type=&#8221;1_2&#8243; _builder_version=&#8221;3.25&#8243; custom_padding=&#8221;|||&#8221; custom_padding__hover=&#8221;|||&#8221;][et_pb_image src=&#8221;https:\/\/www.norameda.com\/wp-content\/uploads\/2018\/08\/faktai-pardavimai-norameda.jpg&#8221; align=&#8221;center&#8221; align_tablet=&#8221;center&#8221; align_phone=&#8221;&#8221; align_last_edited=&#8221;on|desktop&#8221; _builder_version=&#8221;3.23&#8243;][\/et_pb_image][\/et_pb_column][\/et_pb_row][\/et_pb_section]<\/p>\n","protected":false},"excerpt":{"rendered":"<p>[et_pb_section fb_built=&#8221;1&#8243; fullwidth=&#8221;on&#8221; _builder_version=&#8221;3.22&#8243;][et_pb_fullwidth_image src=&#8221;https:\/\/www.norameda.com\/wp-content\/uploads\/2018\/08\/apie-mus-headeris.png&#8221; _builder_version=&#8221;3.9&#8243;][\/et_pb_fullwidth_image][\/et_pb_section][et_pb_section fb_built=&#8221;1&#8243; module_class=&#8221;yoastBreadcrumb&#8221; _builder_version=&#8221;3.22&#8243;][et_pb_row _builder_version=&#8221;3.25&#8243; background_size=&#8221;initial&#8221; background_position=&#8221;top_left&#8221; background_repeat=&#8221;repeat&#8221;][et_pb_column type=&#8221;4_4&#8243; _builder_version=&#8221;3.25&#8243; custom_padding=&#8221;|||&#8221; custom_padding__hover=&#8221;|||&#8221;][et_pb_code][\/et_pb_code][\/et_pb_column][\/et_pb_row][\/et_pb_section][et_pb_section fb_built=&#8221;1&#8243; _builder_version=&#8221;3.22&#8243; custom_padding=&#8221;50px|0px|13px|0px&#8221;][et_pb_row _builder_version=&#8221;3.25&#8243;][et_pb_column type=&#8221;4_4&#8243; _builder_version=&#8221;3.25&#8243; custom_padding=&#8221;|||&#8221; custom_padding__hover=&#8221;|||&#8221;][et_pb_cta title=&#8221;FAKTI&#8221; _builder_version=&#8221;3.16&#8243; header_font=&#8221;Roboto Condensed||||||||&#8221; header_text_color=&#8221;#5e5e5e&#8221; header_font_size=&#8221;36&#8243; use_background_color=&#8221;off&#8221; text_orientation=&#8221;left&#8221; background_layout=&#8221;light&#8221; button_text_size__hover_enabled=&#8221;off&#8221; button_text_size__hover=&#8221;null&#8221; button_one_text_size__hover_enabled=&#8221;off&#8221; button_one_text_size__hover=&#8221;null&#8221; button_two_text_size__hover_enabled=&#8221;off&#8221; button_two_text_size__hover=&#8221;null&#8221; button_text_color__hover_enabled=&#8221;off&#8221; button_text_color__hover=&#8221;null&#8221; button_one_text_color__hover_enabled=&#8221;off&#8221; button_one_text_color__hover=&#8221;null&#8221; button_two_text_color__hover_enabled=&#8221;off&#8221; button_two_text_color__hover=&#8221;null&#8221; button_border_width__hover_enabled=&#8221;off&#8221; button_border_width__hover=&#8221;null&#8221; button_one_border_width__hover_enabled=&#8221;off&#8221; button_one_border_width__hover=&#8221;null&#8221; button_two_border_width__hover_enabled=&#8221;off&#8221; button_two_border_width__hover=&#8221;null&#8221; button_border_color__hover_enabled=&#8221;off&#8221; button_border_color__hover=&#8221;null&#8221; button_one_border_color__hover_enabled=&#8221;off&#8221; [&hellip;]<\/p>\n","protected":false},"author":1,"featured_media":0,"parent":0,"menu_order":0,"comment_status":"closed","ping_status":"closed","template":"","meta":{"_et_pb_use_builder":"on","_et_pb_old_content":"","_et_gb_content_width":"","inline_featured_image":false,"_links_to":"","_links_to_target":""},"_links":{"self":[{"href":"https:\/\/www.norameda.com\/lv\/wp-json\/wp\/v2\/pages\/3981"}],"collection":[{"href":"https:\/\/www.norameda.com\/lv\/wp-json\/wp\/v2\/pages"}],"about":[{"href":"https:\/\/www.norameda.com\/lv\/wp-json\/wp\/v2\/types\/page"}],"author":[{"embeddable":true,"href":"https:\/\/www.norameda.com\/lv\/wp-json\/wp\/v2\/users\/1"}],"replies":[{"embeddable":true,"href":"https:\/\/www.norameda.com\/lv\/wp-json\/wp\/v2\/comments?post=3981"}],"version-history":[{"count":6,"href":"https:\/\/www.norameda.com\/lv\/wp-json\/wp\/v2\/pages\/3981\/revisions"}],"predecessor-version":[{"id":8177,"href":"https:\/\/www.norameda.com\/lv\/wp-json\/wp\/v2\/pages\/3981\/revisions\/8177"}],"wp:attachment":[{"href":"https:\/\/www.norameda.com\/lv\/wp-json\/wp\/v2\/media?parent=3981"}],"curies":[{"name":"wp","href":"https:\/\/api.w.org\/{rel}","templated":true}]}}