{"id":3994,"date":"2019-05-08T14:17:12","date_gmt":"2019-05-08T11:17:12","guid":{"rendered":"https:\/\/www.norameda.com\/kvalitate\/"},"modified":"2021-10-12T13:47:02","modified_gmt":"2021-10-12T10:47:02","slug":"kvalitate","status":"publish","type":"page","link":"https:\/\/www.norameda.com\/lv\/kvalitate\/","title":{"rendered":"Kvalit\u0101te"},"content":{"rendered":"<p>[et_pb_section fb_built=&#8221;1&#8243; fullwidth=&#8221;on&#8221; _builder_version=&#8221;3.22&#8243;][et_pb_fullwidth_image src=&#8221;https:\/\/www.norameda.com\/wp-content\/uploads\/2018\/08\/apie-mus-headeris.png&#8221; _builder_version=&#8221;3.9&#8243;][\/et_pb_fullwidth_image][\/et_pb_section][et_pb_section fb_built=&#8221;1&#8243; module_class=&#8221;yoastBreadcrumb&#8221; _builder_version=&#8221;3.0.98&#8243; global_module=&#8221;1855&#8243;][et_pb_row _builder_version=&#8221;3.25&#8243; background_size=&#8221;initial&#8221; background_position=&#8221;top_left&#8221; background_repeat=&#8221;repeat&#8221;][et_pb_column type=&#8221;4_4&#8243; _builder_version=&#8221;3.25&#8243; custom_padding=&#8221;|||&#8221; custom_padding__hover=&#8221;|||&#8221;][et_pb_code admin_label=&#8221;Code&#8221; _builder_version=&#8221;4.9.2&#8243; width=&#8221;80%&#8221; max_width=&#8221;1080px&#8221;]<pee><span><span><a href=\"https:\/\/www.norameda.com\/lv\/\">Galvenais<\/a><\/span><\/pee>[\/et_pb_code][\/et_pb_column][\/et_pb_row][\/et_pb_section][et_pb_section fb_built=&#8221;1&#8243; _builder_version=&#8221;3.22&#8243; custom_padding=&#8221;50px|0px|13px|0px&#8221;][et_pb_row _builder_version=&#8221;3.25&#8243;][et_pb_column type=&#8221;4_4&#8243; _builder_version=&#8221;3.25&#8243; custom_padding=&#8221;|||&#8221; custom_padding__hover=&#8221;|||&#8221;][et_pb_cta title=&#8221;KVALIT\u0100TE&#8221; _builder_version=&#8221;3.16&#8243; header_font=&#8221;Roboto Condensed||||||||&#8221; header_text_color=&#8221;#5e5e5e&#8221; header_font_size=&#8221;36&#8243; use_background_color=&#8221;off&#8221; text_orientation=&#8221;left&#8221; background_layout=&#8221;light&#8221; button_text_size__hover_enabled=&#8221;off&#8221; button_one_text_size__hover_enabled=&#8221;off&#8221; button_two_text_size__hover_enabled=&#8221;off&#8221; button_text_color__hover_enabled=&#8221;off&#8221; button_one_text_color__hover_enabled=&#8221;off&#8221; button_two_text_color__hover_enabled=&#8221;off&#8221; button_border_width__hover_enabled=&#8221;off&#8221; button_one_border_width__hover_enabled=&#8221;off&#8221; button_two_border_width__hover_enabled=&#8221;off&#8221; button_border_color__hover_enabled=&#8221;off&#8221; button_one_border_color__hover_enabled=&#8221;off&#8221; button_two_border_color__hover_enabled=&#8221;off&#8221; button_border_radius__hover_enabled=&#8221;off&#8221; button_one_border_radius__hover_enabled=&#8221;off&#8221; button_two_border_radius__hover_enabled=&#8221;off&#8221; button_letter_spacing__hover_enabled=&#8221;off&#8221; button_one_letter_spacing__hover_enabled=&#8221;off&#8221; button_two_letter_spacing__hover_enabled=&#8221;off&#8221; button_bg_color__hover_enabled=&#8221;off&#8221; button_one_bg_color__hover_enabled=&#8221;off&#8221; button_two_bg_color__hover_enabled=&#8221;off&#8221;][\/et_pb_cta][\/et_pb_column][\/et_pb_row][\/et_pb_section][et_pb_section fb_built=&#8221;1&#8243; _builder_version=&#8221;3.22&#8243; custom_padding=&#8221;12.625px|0px|40px|0px&#8221;][et_pb_row _builder_version=&#8221;3.25&#8243;][et_pb_column type=&#8221;4_4&#8243; module_class=&#8221;quality&#8221; _builder_version=&#8221;3.25&#8243; custom_padding=&#8221;|||&#8221; custom_padding__hover=&#8221;|||&#8221;][et_pb_text _builder_version=&#8221;3.27.4&#8243; text_font=&#8221;Open Sans||||&#8221;]<\/p>\n<p lang=\"lt-LT\">Vis\u0101 Eiropas Savien\u012bb\u0101 farmaceitisk\u0101 ra\u017eo\u0161ana un izplat\u012b\u0161ana ir pak\u013cauta augstiem kvalit\u0101tes standartiem, lai cilv\u0113ki, kuri p\u0113rk un lieto medikamentus, var\u0113tu b\u016bt p\u0101rliecin\u0101ti par to kvalit\u0101ti, dro\u0161\u012bbu un efektivit\u0101ti. Vis\u0101 Eiropas Savien\u012bb\u0101 medikamentu, kas ra\u017eoti un laisti tirg\u016b, nov\u0113rt\u0113\u0161anu veic pilnvarot\u0101s instit\u016bcijas un tikai tie, kas atbilst stingr\u0101m pras\u012bb\u0101m, iek\u013c\u016bst tirdzniec\u012bb\u0101. Atbilst\u012bbu pras\u012bb\u0101m nodro\u0161ina atbilsto\u0161ie sertifik\u0101ti un licences. Viens no galvenajiem \u201cNorameda\u201d m\u0113r\u0137iem ir augstas kvalit\u0101tes produkcijas ra\u017eo\u0161anas nodro\u0161in\u0101\u0161ana \u2013 tie\u0161i to garant\u0113 visi pieejamie sertifik\u0101ti un licences.<\/p>\n<p>[\/et_pb_text][\/et_pb_column][\/et_pb_row][\/et_pb_section][et_pb_section fb_built=&#8221;1&#8243; _builder_version=&#8221;3.22&#8243; custom_margin=&#8221;||20px|&#8221;][et_pb_row _builder_version=&#8221;3.25&#8243; background_size=&#8221;initial&#8221; background_position=&#8221;top_left&#8221; background_repeat=&#8221;repeat&#8221; column_structure=&#8221;1_4,1_4,1_4,1_4&#8243;][et_pb_column type=&#8221;1_4&#8243; _builder_version=&#8221;3.25&#8243; custom_padding=&#8221;|||&#8221; custom_padding__hover=&#8221;|||&#8221;][et_pb_image src=&#8221;https:\/\/www.norameda.com\/wp-content\/uploads\/2018\/08\/Layer-21.png&#8221; align=&#8221;center&#8221; align_tablet=&#8221;center&#8221; align_last_edited=&#8221;on|desktop&#8221; _builder_version=&#8221;3.23&#8243;][\/et_pb_image][\/et_pb_column][et_pb_column type=&#8221;1_4&#8243; _builder_version=&#8221;3.25&#8243; custom_padding=&#8221;|||&#8221; custom_padding__hover=&#8221;|||&#8221;][et_pb_image src=&#8221;https:\/\/www.norameda.com\/wp-content\/uploads\/2018\/08\/Layer-22.png&#8221; align=&#8221;center&#8221; align_tablet=&#8221;center&#8221; align_last_edited=&#8221;on|desktop&#8221; _builder_version=&#8221;3.23&#8243;][\/et_pb_image][\/et_pb_column][et_pb_column type=&#8221;1_4&#8243; _builder_version=&#8221;3.25&#8243; custom_padding=&#8221;|||&#8221; custom_padding__hover=&#8221;|||&#8221;][et_pb_image src=&#8221;https:\/\/www.norameda.com\/wp-content\/uploads\/2018\/08\/Layer-23.png&#8221; align=&#8221;center&#8221; align_tablet=&#8221;center&#8221; align_last_edited=&#8221;on|desktop&#8221; _builder_version=&#8221;3.23&#8243;][\/et_pb_image][\/et_pb_column][et_pb_column type=&#8221;1_4&#8243; _builder_version=&#8221;3.25&#8243; custom_padding=&#8221;|||&#8221; custom_padding__hover=&#8221;|||&#8221;][et_pb_image src=&#8221;https:\/\/www.norameda.com\/wp-content\/uploads\/2018\/08\/Layer-24.png&#8221; align=&#8221;center&#8221; align_tablet=&#8221;center&#8221; align_last_edited=&#8221;on|desktop&#8221; _builder_version=&#8221;3.23&#8243;][\/et_pb_image][\/et_pb_column][\/et_pb_row][\/et_pb_section][et_pb_section fb_built=&#8221;1&#8243; _builder_version=&#8221;3.22&#8243;][et_pb_row module_class=&#8221;kokybe-row&#8221; _builder_version=&#8221;3.25&#8243; column_structure=&#8221;1_2,1_2&#8243;][et_pb_column type=&#8221;1_2&#8243; _builder_version=&#8221;3.25&#8243; custom_padding=&#8221;|||&#8221; custom_padding__hover=&#8221;|||&#8221;][et_pb_text module_class=&#8221;vcenter&#8221; _builder_version=&#8221;4.9.2&#8243; text_font=&#8221;Open Sans||||&#8221; hover_enabled=&#8221;0&#8243; admin_label=&#8221;Text&#8221; sticky_enabled=&#8221;0&#8243;]<\/p>\n<h3 lang=\"lt-LT\" style=\"text-transform: uppercase;\">Gamybos licencija<\/h3>\n<p align=\"justify\"><span lang=\"lt-LT\">Gamybos licencija yra b\u016btina visiems Europos S\u0105jungos vaistini\u0173 preparat\u0173 gamintojams, taip pat ir tiems, kas importuoja vaistinius preparatus i\u0161 tre\u010di\u0173j\u0173 \u0161ali\u0173. Gamybos licencija jos tur\u0117tojams suteikia teis\u0119 platinti savo pagamintus ar importuotus vaistinius preparatus, laikantis geros platinimo praktikos reikalavim\u0173.<\/span><\/p>\n<p align=\"justify\"><a class=\"download-pdf-icon\" href=\"https:\/\/www.norameda.com\/wp-content\/uploads\/2021\/10\/Gamybos-licencija.pdf\" target=\"_blank\" rel=\"noopener\">Noramedos gamintojo licencija<\/a><\/p>\n<p>[\/et_pb_text][\/et_pb_column][et_pb_column type=&#8221;1_2&#8243; _builder_version=&#8221;3.25&#8243; custom_padding=&#8221;|||&#8221; custom_padding__hover=&#8221;|||&#8221;][et_pb_image src=&#8221;https:\/\/www.norameda.com\/wp-content\/uploads\/2018\/08\/kokybe-gamyba.jpg&#8221; align_tablet=&#8221;center&#8221; align_last_edited=&#8221;on|desktop&#8221; module_class=&#8221;vcenter&#8221; _builder_version=&#8221;3.23&#8243;][\/et_pb_image][\/et_pb_column][\/et_pb_row][et_pb_row module_class=&#8221;kokybe-row&#8221; _builder_version=&#8221;3.25&#8243; column_structure=&#8221;1_2,1_2&#8243;][et_pb_column type=&#8221;1_2&#8243; _builder_version=&#8221;3.25&#8243; custom_padding=&#8221;|||&#8221; custom_padding__hover=&#8221;|||&#8221;][et_pb_text _builder_version=&#8221;4.9.2&#8243; text_font=&#8221;Open Sans||||&#8221; hover_enabled=&#8221;0&#8243; sticky_enabled=&#8221;0&#8243;]<\/p>\n<h3 lang=\"lt-LT\" style=\"text-transform: uppercase;\">Didmeninio platinimo licencija<\/h3>\n<p lang=\"lt-LT\">Didmeninio platinimo licencija suteikia teis\u0119 vykdyti deklaruotoje vietoje didmeninio platinimo veiksmus pagal galiojan\u010dius farmacin\u0119 veikl\u0105 reglamentuojan\u010dius teis\u0117s aktus. Ji i\u0161duodama tik \u012fsitikinus, kad vaistini\u0173 preparat\u0173 platintojas turi tinkamas patalpas ir \u012frang\u0105, bei laikosi reikalavim\u0173, keliam\u0173 kokyb\u0117s sistemai, darbuotojams, dokument\u0173 valdymui, vykdomoms operacijoms, skund\u0173, \u012ftariam\u0173 falsifikat\u0173, gr\u0105\u017einim\u0173 ir at\u0161aukim\u0173 valdymui, sutartinei veiklai, vidaus auditams.<\/p>\n<p lang=\"lt-LT\"><a class=\"download-pdf-icon\" href=\"https:\/\/www.norameda.com\/wp-content\/uploads\/2021\/10\/Didmeninio-platinimo-licencija.pdf\" target=\"_blank\" rel=\"noopener\">Noramedos didmeninio platinimo licencija<\/a><\/p>\n<p>[\/et_pb_text][\/et_pb_column][et_pb_column type=&#8221;1_2&#8243; _builder_version=&#8221;3.25&#8243; custom_padding=&#8221;|||&#8221; custom_padding__hover=&#8221;|||&#8221;][et_pb_image src=&#8221;https:\/\/www.norameda.com\/wp-content\/uploads\/2018\/08\/kokybe-platinimo.jpg&#8221; align_tablet=&#8221;center&#8221; align_last_edited=&#8221;on|desktop&#8221; _builder_version=&#8221;3.23&#8243;][\/et_pb_image][\/et_pb_column][\/et_pb_row][et_pb_row module_class=&#8221;kokybe-row&#8221; _builder_version=&#8221;3.25&#8243; column_structure=&#8221;1_2,1_2&#8243;][et_pb_column type=&#8221;1_2&#8243; _builder_version=&#8221;3.25&#8243; custom_padding=&#8221;|||&#8221; custom_padding__hover=&#8221;|||&#8221;][et_pb_text _builder_version=&#8221;3.27.4&#8243; text_font=&#8221;Open Sans||||&#8221; hover_enabled=&#8221;0&#8243; sticky_enabled=&#8221;0&#8243;]<\/p>\n<h3 lang=\"lt-LT\" style=\"text-transform: uppercase;\">Geros platinimo praktikos pa\u017eym\u0117jimas<\/h3>\n<p lang=\"lt-LT\">Gera platinimo praktika (GPP) u\u017etikrina, kad vaist\u0173 kokyb\u0117 bus i\u0161saugota visais tiekimo etapais \u2013 nuo gamybos iki prekybos viet\u0173. Geros platinimo praktikos pa\u017eym\u0117jimas (GPP pa\u017eym\u0117jimas) \u2013 Valstybin\u0117s vaist\u0173 kontrol\u0117s tarnybos prie Lietuvos Respublikos sveikatos apsaugos ministerijos i\u0161duotas dokumentas, kuris patvirtina, kad didmeninio platinimo licencijos tur\u0117tojo vykdoma farmacin\u0117 veikla atitinka vaistini\u0173 preparat\u0173 GPP reikalavimus.<\/p>\n<p lang=\"lt-LT\"><a class=\"download-pdf-icon\" href=\"https:\/\/www.norameda.com\/wp-content\/uploads\/2018\/05\/Norameda-GDP-certificate-2017.pdf\" target=\"_blank\" rel=\"noopener\">Noramedos geros platinimo praktikos pa\u017eym\u0117jimas<\/a><\/p>\n<p>[\/et_pb_text][\/et_pb_column][et_pb_column type=&#8221;1_2&#8243; _builder_version=&#8221;3.25&#8243; custom_padding=&#8221;|||&#8221; custom_padding__hover=&#8221;|||&#8221;][et_pb_image src=&#8221;https:\/\/www.norameda.com\/wp-content\/uploads\/2018\/08\/kokybe-praktikos.jpg&#8221; align_tablet=&#8221;center&#8221; align_last_edited=&#8221;on|desktop&#8221; _builder_version=&#8221;3.23&#8243;][\/et_pb_image][\/et_pb_column][\/et_pb_row][et_pb_row module_class=&#8221;kokybe-row&#8221; _builder_version=&#8221;3.25&#8243; column_structure=&#8221;1_2,1_2&#8243;][et_pb_column type=&#8221;1_2&#8243; _builder_version=&#8221;3.25&#8243; custom_padding=&#8221;|||&#8221; custom_padding__hover=&#8221;|||&#8221;][et_pb_text _builder_version=&#8221;4.9.2&#8243; text_font=&#8221;Open Sans||||&#8221; hover_enabled=&#8221;0&#8243; sticky_enabled=&#8221;0&#8243;]<\/p>\n<h3 lang=\"lt-LT\" style=\"text-transform: uppercase;\">Geros gamybos praktikos pa\u017eym\u0117jimas<\/h3>\n<p lang=\"lt-LT\">Gera gamybos praktika (GGP) u\u017etikrina, kad vaist\u0173 gamyba ir importas i\u0161 tre\u010di\u0173j\u0173 \u0161ali\u0173 yra kontroliuojami pagal taikomus kokyb\u0117s standartus taip, kad pagamintas vaistinis preparatas atitikt\u0173 savo paskirt\u012f, rinkodaros teis\u0117s pa\u017eym\u0117jimo bei specifikacij\u0173 reikalavimus. Geros gamybos praktikos pa\u017eym\u0117jimas (GGP pa\u017eym\u0117jimas) \u2013 Valstybin\u0117s vaist\u0173 kontrol\u0117s tarnybos prie Lietuvos Respublikos sveikatos apsaugos ministerijos i\u0161duotas dokumentas, kuris patvirtina, kad gamybos licencijos tur\u0117tojo vykdoma farmacin\u0117 veikla ar jos dalis atitinka GGP reikalavimus.<\/p>\n<p lang=\"lt-LT\"><a class=\"download-pdf-icon\" href=\"https:\/\/www.norameda.com\/wp-content\/uploads\/2021\/10\/Geros-gamybos-praktikos-pazymejimas.pdf\" target=\"_blank\" rel=\"noopener\">Noramedos geros gamybos praktikos pa\u017eym\u0117jimas<\/a><\/p>\n<p>[\/et_pb_text][\/et_pb_column][et_pb_column type=&#8221;1_2&#8243; _builder_version=&#8221;3.25&#8243; custom_padding=&#8221;|||&#8221; custom_padding__hover=&#8221;|||&#8221;][et_pb_image src=&#8221;https:\/\/www.norameda.com\/wp-content\/uploads\/2018\/08\/kokybe-gamybos-praktikos.jpg&#8221; align_tablet=&#8221;center&#8221; align_last_edited=&#8221;on|desktop&#8221; _builder_version=&#8221;3.23&#8243;][\/et_pb_image][\/et_pb_column][\/et_pb_row][et_pb_row module_class=&#8221;kokybe-row&#8221; _builder_version=&#8221;3.25&#8243; column_structure=&#8221;1_2,1_2&#8243;][et_pb_column type=&#8221;1_2&#8243; _builder_version=&#8221;3.25&#8243; custom_padding=&#8221;|||&#8221; custom_padding__hover=&#8221;|||&#8221;][et_pb_text _builder_version=&#8221;3.27.4&#8243; text_font=&#8221;Open Sans||||&#8221;]<\/p>\n<h3 lang=\"lt-LT\" style=\"text-transform: uppercase;\">Maisto tvarkymo subjekto patvirtinimo pa\u017eym\u0117jimas<\/h3>\n<p lang=\"lt-LT\">Maisto tvarkymo subjekto patvirtinimo pa\u017eym\u0117jimas \u2013 Valstybin\u0117s maisto ir veterinarijos tarnybos i\u0161duodamas dokumentas, kuriuo \u016bkio subjektui suteikiama teis\u0117 vykdyti maisto tvarkymo veikl\u0105, \u012fskaitant ir platinim\u0105. Dokumentas i\u0161duodamas tik \u012frod\u017eius, kad yra laikomasi vis\u0173 \u0161iai veiklai taikom\u0173 higienos ir kit\u0173 teis\u0117s akt\u0173 reikalavim\u0173.<\/p>\n<p lang=\"lt-LT\"><a class=\"download-pdf-icon\" href=\"https:\/\/www.norameda.com\/wp-content\/uploads\/2018\/05\/Maisto-tvarkymo-subjekto-patvirtinimo-pazymejimas.pdf\" target=\"_blank\" rel=\"noopener\">Noramedos maisto tvarkymo subjekto patvirtinimo pa\u017eym\u0117jimas<\/a><\/p>\n<p>[\/et_pb_text][\/et_pb_column][et_pb_column type=&#8221;1_2&#8243; _builder_version=&#8221;3.25&#8243; custom_padding=&#8221;|||&#8221; custom_padding__hover=&#8221;|||&#8221;][et_pb_image src=&#8221;https:\/\/www.norameda.com\/wp-content\/uploads\/2018\/08\/kokybe-maisto-tvarkymo.jpg&#8221; align_tablet=&#8221;center&#8221; align_last_edited=&#8221;on|desktop&#8221; _builder_version=&#8221;3.23&#8243;][\/et_pb_image][\/et_pb_column][\/et_pb_row][\/et_pb_section]<\/p>\n","protected":false},"excerpt":{"rendered":"<p>[et_pb_section fb_built=&#8221;1&#8243; fullwidth=&#8221;on&#8221; _builder_version=&#8221;3.22&#8243;][et_pb_fullwidth_image src=&#8221;https:\/\/www.norameda.com\/wp-content\/uploads\/2018\/08\/apie-mus-headeris.png&#8221; _builder_version=&#8221;3.9&#8243;][\/et_pb_fullwidth_image][\/et_pb_section][et_pb_section fb_built=&#8221;1&#8243; module_class=&#8221;yoastBreadcrumb&#8221; _builder_version=&#8221;3.0.98&#8243; global_module=&#8221;1855&#8243;][et_pb_row _builder_version=&#8221;3.25&#8243; background_size=&#8221;initial&#8221; background_position=&#8221;top_left&#8221; background_repeat=&#8221;repeat&#8221;][et_pb_column type=&#8221;4_4&#8243; _builder_version=&#8221;3.25&#8243; custom_padding=&#8221;|||&#8221; custom_padding__hover=&#8221;|||&#8221;][et_pb_code admin_label=&#8221;Code&#8221; _builder_version=&#8221;4.9.2&#8243; width=&#8221;80%&#8221; max_width=&#8221;1080px&#8221;][\/et_pb_code][\/et_pb_column][\/et_pb_row][\/et_pb_section][et_pb_section fb_built=&#8221;1&#8243; _builder_version=&#8221;3.22&#8243; custom_padding=&#8221;50px|0px|13px|0px&#8221;][et_pb_row _builder_version=&#8221;3.25&#8243;][et_pb_column type=&#8221;4_4&#8243; _builder_version=&#8221;3.25&#8243; custom_padding=&#8221;|||&#8221; custom_padding__hover=&#8221;|||&#8221;][et_pb_cta title=&#8221;KVALIT\u0100TE&#8221; _builder_version=&#8221;3.16&#8243; header_font=&#8221;Roboto Condensed||||||||&#8221; header_text_color=&#8221;#5e5e5e&#8221; header_font_size=&#8221;36&#8243; use_background_color=&#8221;off&#8221; text_orientation=&#8221;left&#8221; background_layout=&#8221;light&#8221; button_text_size__hover_enabled=&#8221;off&#8221; button_one_text_size__hover_enabled=&#8221;off&#8221; button_two_text_size__hover_enabled=&#8221;off&#8221; button_text_color__hover_enabled=&#8221;off&#8221; button_one_text_color__hover_enabled=&#8221;off&#8221; button_two_text_color__hover_enabled=&#8221;off&#8221; button_border_width__hover_enabled=&#8221;off&#8221; button_one_border_width__hover_enabled=&#8221;off&#8221; button_two_border_width__hover_enabled=&#8221;off&#8221; button_border_color__hover_enabled=&#8221;off&#8221; button_one_border_color__hover_enabled=&#8221;off&#8221; button_two_border_color__hover_enabled=&#8221;off&#8221; button_border_radius__hover_enabled=&#8221;off&#8221; button_one_border_radius__hover_enabled=&#8221;off&#8221; button_two_border_radius__hover_enabled=&#8221;off&#8221; button_letter_spacing__hover_enabled=&#8221;off&#8221; [&hellip;]<\/p>\n","protected":false},"author":1,"featured_media":0,"parent":0,"menu_order":0,"comment_status":"closed","ping_status":"closed","template":"","meta":{"_et_pb_use_builder":"on","_et_pb_old_content":"","_et_gb_content_width":"","inline_featured_image":false,"_links_to":"","_links_to_target":""},"_links":{"self":[{"href":"https:\/\/www.norameda.com\/lv\/wp-json\/wp\/v2\/pages\/3994"}],"collection":[{"href":"https:\/\/www.norameda.com\/lv\/wp-json\/wp\/v2\/pages"}],"about":[{"href":"https:\/\/www.norameda.com\/lv\/wp-json\/wp\/v2\/types\/page"}],"author":[{"embeddable":true,"href":"https:\/\/www.norameda.com\/lv\/wp-json\/wp\/v2\/users\/1"}],"replies":[{"embeddable":true,"href":"https:\/\/www.norameda.com\/lv\/wp-json\/wp\/v2\/comments?post=3994"}],"version-history":[{"count":8,"href":"https:\/\/www.norameda.com\/lv\/wp-json\/wp\/v2\/pages\/3994\/revisions"}],"predecessor-version":[{"id":7172,"href":"https:\/\/www.norameda.com\/lv\/wp-json\/wp\/v2\/pages\/3994\/revisions\/7172"}],"wp:attachment":[{"href":"https:\/\/www.norameda.com\/lv\/wp-json\/wp\/v2\/media?parent=3994"}],"curies":[{"name":"wp","href":"https:\/\/api.w.org\/{rel}","templated":true}]}}