{"id":4003,"date":"2019-05-08T14:17:18","date_gmt":"2019-05-08T11:17:18","guid":{"rendered":"https:\/\/www.norameda.com\/recepsu\/"},"modified":"2022-07-13T10:39:09","modified_gmt":"2022-07-13T07:39:09","slug":"recepsu","status":"publish","type":"page","link":"https:\/\/www.norameda.com\/lv\/recepsu\/","title":{"rendered":"Recep\u0161u"},"content":{"rendered":"<p>[et_pb_section fb_built=&#8221;1&#8243; fullwidth=&#8221;on&#8221; _builder_version=&#8221;3.22&#8243;][et_pb_fullwidth_image src=&#8221;https:\/\/www.norameda.com\/wp-content\/uploads\/2018\/08\/produktai-headeris.png&#8221; _builder_version=&#8221;3.9&#8243;][\/et_pb_fullwidth_image][\/et_pb_section][et_pb_section fb_built=&#8221;1&#8243; module_class=&#8221;yoastBreadcrumb&#8221; _builder_version=&#8221;3.0.98&#8243; global_module=&#8221;1855&#8243;][et_pb_row _builder_version=&#8221;3.25&#8243; background_size=&#8221;initial&#8221; background_position=&#8221;top_left&#8221; background_repeat=&#8221;repeat&#8221;][et_pb_column type=&#8221;4_4&#8243; _builder_version=&#8221;3.25&#8243; custom_padding=&#8221;|||&#8221; custom_padding__hover=&#8221;|||&#8221;][et_pb_code admin_label=&#8221;Code&#8221; _builder_version=&#8221;4.9.2&#8243; width=&#8221;80%&#8221; max_width=&#8221;1080px&#8221;]<span><span><a href=\"https:\/\/www.norameda.com\/lv\/\">Galvenais<\/a><\/span>[\/et_pb_code][\/et_pb_column][\/et_pb_row][\/et_pb_section][et_pb_section fb_built=&#8221;1&#8243; _builder_version=&#8221;3.22&#8243; custom_padding=&#8221;50px|0px|13px|0px&#8221;][et_pb_row _builder_version=&#8221;3.25&#8243;][et_pb_column type=&#8221;4_4&#8243; _builder_version=&#8221;3.25&#8243; custom_padding=&#8221;|||&#8221; custom_padding__hover=&#8221;|||&#8221;][et_pb_cta title=&#8221;RECEP\u0160U&#8221; _builder_version=&#8221;3.16&#8243; header_font=&#8221;Roboto Condensed||||||||&#8221; header_text_color=&#8221;#5e5e5e&#8221; header_font_size=&#8221;36&#8243; use_background_color=&#8221;off&#8221; text_orientation=&#8221;left&#8221; background_layout=&#8221;light&#8221; button_text_size__hover_enabled=&#8221;off&#8221; button_one_text_size__hover_enabled=&#8221;off&#8221; button_two_text_size__hover_enabled=&#8221;off&#8221; button_text_color__hover_enabled=&#8221;off&#8221; button_one_text_color__hover_enabled=&#8221;off&#8221; button_two_text_color__hover_enabled=&#8221;off&#8221; button_border_width__hover_enabled=&#8221;off&#8221; button_one_border_width__hover_enabled=&#8221;off&#8221; button_two_border_width__hover_enabled=&#8221;off&#8221; button_border_color__hover_enabled=&#8221;off&#8221; button_one_border_color__hover_enabled=&#8221;off&#8221; button_two_border_color__hover_enabled=&#8221;off&#8221; button_border_radius__hover_enabled=&#8221;off&#8221; button_one_border_radius__hover_enabled=&#8221;off&#8221; button_two_border_radius__hover_enabled=&#8221;off&#8221; button_letter_spacing__hover_enabled=&#8221;off&#8221; button_one_letter_spacing__hover_enabled=&#8221;off&#8221; button_two_letter_spacing__hover_enabled=&#8221;off&#8221; button_bg_color__hover_enabled=&#8221;off&#8221; button_one_bg_color__hover_enabled=&#8221;off&#8221; button_two_bg_color__hover_enabled=&#8221;off&#8221;][\/et_pb_cta][\/et_pb_column][\/et_pb_row][\/et_pb_section][et_pb_section fb_built=&#8221;1&#8243; module_class=&#8221;terapines&#8221; _builder_version=&#8221;3.22&#8243; background_color=&#8221;#f5f8fa&#8221; custom_css_main_element=&#8221;margin-bottom: 70px;||margin-top: 20px;&#8221;][et_pb_row module_class=&#8221;receptiniai eight-columns&#8221; _builder_version=&#8221;3.25&#8243; module_alignment=&#8221;center&#8221;][et_pb_column type=&#8221;4_4&#8243; _builder_version=&#8221;3.25&#8243; custom_padding=&#8221;|||&#8221; custom_padding__hover=&#8221;|||&#8221;][et_pb_blurb title=&#8221;Gremo\u0161anas org\u0101nu sist\u0113mai&#8221; url=&#8221;https:\/\/www.norameda.com\/lv\/terapijas-jomas\/gremosanas-organu-sistema\/&#8221; image=&#8221;https:\/\/www.norameda.com\/wp-content\/uploads\/2018\/04\/virskinimui-m.png&#8221; _builder_version=&#8221;3.9&#8243;][\/et_pb_blurb][et_pb_blurb title=&#8221;Asinis un asinsrades sist\u0113ma&#8221; url=&#8221;https:\/\/www.norameda.com\/lv\/terapijas-jomas\/asinis-un-asinsrades-sistema\/&#8221; image=&#8221;https:\/\/www.norameda.com\/wp-content\/uploads\/2018\/04\/kraujotakai-m.png&#8221; _builder_version=&#8221;3.9&#8243;][\/et_pb_blurb][et_pb_blurb title=&#8221;Sirds un asinsvadu sist\u0113ma&#8221; url=&#8221;https:\/\/www.norameda.com\/lv\/terapijas-jomas\/sirds-un-asinsvadu-sistema\/&#8221; image=&#8221;https:\/\/www.norameda.com\/wp-content\/uploads\/2018\/04\/sirdziai-m.png&#8221; _builder_version=&#8221;3.9&#8243;][\/et_pb_blurb][et_pb_blurb title=&#8221;Dermatolo\u0123ija&#8221; url=&#8221;https:\/\/www.norameda.com\/lv\/terapijas-jomas\/dermatologija\/&#8221; image=&#8221;https:\/\/www.norameda.com\/wp-content\/uploads\/2018\/04\/odai-m.png&#8221; _builder_version=&#8221;3.9&#8243;][\/et_pb_blurb][et_pb_blurb title=&#8221;Ginekolo\u0123ija&#8221; url=&#8221;https:\/\/www.norameda.com\/lv\/terapijas-jomas\/ginekologija\/&#8221; image=&#8221;https:\/\/www.norameda.com\/wp-content\/uploads\/2018\/04\/ginekologijai-m.png&#8221; _builder_version=&#8221;3.9&#8243;][\/et_pb_blurb][et_pb_blurb title=&#8221;Antibiotikas sistem\u0101tisk\u0101s&#8221; url=&#8221;https:\/\/www.norameda.com\/lv\/terapijas-jomas\/antibiotikas-sistematiskas\/&#8221; image=&#8221;https:\/\/www.norameda.com\/wp-content\/uploads\/2018\/04\/antibiotikai-m.png&#8221; _builder_version=&#8221;3.9&#8243;][\/et_pb_blurb][et_pb_blurb title=&#8221;Onkolo\u0123ija&#8221; url=&#8221;https:\/\/www.norameda.com\/lv\/terapijas-jomas\/onkologija\/&#8221; image=&#8221;https:\/\/www.norameda.com\/wp-content\/uploads\/2018\/04\/onkologija-m.png&#8221; _builder_version=&#8221;3.9&#8243;][\/et_pb_blurb][et_pb_blurb title=&#8221;Reimatolo\u0123ija&#8221; url=&#8221;https:\/\/www.norameda.com\/lv\/terapijas-jomas\/reimatologija\/&#8221; image=&#8221;https:\/\/www.norameda.com\/wp-content\/uploads\/2018\/04\/sanariams-m.png&#8221; _builder_version=&#8221;3.9&#8243;][\/et_pb_blurb][\/et_pb_column][\/et_pb_row][et_pb_row module_class=&#8221;receptiniai eight-columns&#8221; _builder_version=&#8221;3.25&#8243; module_alignment=&#8221;center&#8221; custom_margin=&#8221;20px|||&#8221;][et_pb_column type=&#8221;4_4&#8243; _builder_version=&#8221;3.25&#8243; custom_padding=&#8221;|||&#8221; custom_padding__hover=&#8221;|||&#8221;][et_pb_blurb title=&#8221;CNS&#8221; url=&#8221;https:\/\/www.norameda.com\/lv\/terapijas-jomas\/cns\/&#8221; image=&#8221;https:\/\/www.norameda.com\/wp-content\/uploads\/2018\/04\/cns.png&#8221; _builder_version=&#8221;3.9&#8243;][\/et_pb_blurb][et_pb_blurb title=&#8221;Elpo\u0161anas org\u0101nu sist\u0113ma&#8221; url=&#8221;https:\/\/www.norameda.com\/lv\/terapijas-jomas\/elposanas-organu-sistema\/&#8221; image=&#8221;https:\/\/www.norameda.com\/wp-content\/uploads\/2018\/04\/kvepavimui-m.png&#8221; _builder_version=&#8221;3.9&#8243;][\/et_pb_blurb][et_pb_blurb title=&#8221;Ma\u0146u org\u0101ni&#8221; url=&#8221;https:\/\/www.norameda.com\/lv\/terapijas-jomas\/manu-organi\/&#8221; image=&#8221;https:\/\/www.norameda.com\/wp-content\/uploads\/2018\/04\/jutimo-m.png&#8221; _builder_version=&#8221;3.9&#8243;][\/et_pb_blurb][et_pb_blurb title=&#8221;Da\u017e\u0101das ATC grupas&#8221; url=&#8221;https:\/\/www.norameda.com\/lv\/terapijas-jomas\/dazadas-atc-grupas\/&#8221; image=&#8221;https:\/\/www.norameda.com\/wp-content\/uploads\/2018\/04\/atc-m.png&#8221; _builder_version=&#8221;3.9&#8243;][\/et_pb_blurb][et_pb_blurb title=&#8221;Urolo\u0123ija&#8221; url=&#8221;https:\/\/www.norameda.com\/lv\/terapijas-jomas\/urologija\/&#8221; _builder_version=&#8221;4.9.2&#8243; hover_enabled=&#8221;0&#8243; title_text=&#8221;icon_urologija_BLUE&#8221; image=&#8221;https:\/\/www.norameda.com\/wp-content\/uploads\/2022\/07\/icon_urologija_BLUE.gif&#8221; sticky_enabled=&#8221;0&#8243;][\/et_pb_blurb][\/et_pb_column][\/et_pb_row][\/et_pb_section]<\/p>\n","protected":false},"excerpt":{"rendered":"<p>[et_pb_section fb_built=&#8221;1&#8243; fullwidth=&#8221;on&#8221; _builder_version=&#8221;3.22&#8243;][et_pb_fullwidth_image src=&#8221;https:\/\/www.norameda.com\/wp-content\/uploads\/2018\/08\/produktai-headeris.png&#8221; _builder_version=&#8221;3.9&#8243;][\/et_pb_fullwidth_image][\/et_pb_section][et_pb_section fb_built=&#8221;1&#8243; module_class=&#8221;yoastBreadcrumb&#8221; _builder_version=&#8221;3.0.98&#8243; global_module=&#8221;1855&#8243;][et_pb_row _builder_version=&#8221;3.25&#8243; background_size=&#8221;initial&#8221; background_position=&#8221;top_left&#8221; background_repeat=&#8221;repeat&#8221;][et_pb_column type=&#8221;4_4&#8243; _builder_version=&#8221;3.25&#8243; custom_padding=&#8221;|||&#8221; custom_padding__hover=&#8221;|||&#8221;][et_pb_code admin_label=&#8221;Code&#8221; _builder_version=&#8221;4.9.2&#8243; width=&#8221;80%&#8221; max_width=&#8221;1080px&#8221;][\/et_pb_code][\/et_pb_column][\/et_pb_row][\/et_pb_section][et_pb_section fb_built=&#8221;1&#8243; _builder_version=&#8221;3.22&#8243; custom_padding=&#8221;50px|0px|13px|0px&#8221;][et_pb_row _builder_version=&#8221;3.25&#8243;][et_pb_column type=&#8221;4_4&#8243; _builder_version=&#8221;3.25&#8243; custom_padding=&#8221;|||&#8221; custom_padding__hover=&#8221;|||&#8221;][et_pb_cta title=&#8221;RECEP\u0160U&#8221; _builder_version=&#8221;3.16&#8243; header_font=&#8221;Roboto Condensed||||||||&#8221; header_text_color=&#8221;#5e5e5e&#8221; header_font_size=&#8221;36&#8243; use_background_color=&#8221;off&#8221; text_orientation=&#8221;left&#8221; background_layout=&#8221;light&#8221; button_text_size__hover_enabled=&#8221;off&#8221; button_one_text_size__hover_enabled=&#8221;off&#8221; button_two_text_size__hover_enabled=&#8221;off&#8221; button_text_color__hover_enabled=&#8221;off&#8221; button_one_text_color__hover_enabled=&#8221;off&#8221; button_two_text_color__hover_enabled=&#8221;off&#8221; button_border_width__hover_enabled=&#8221;off&#8221; button_one_border_width__hover_enabled=&#8221;off&#8221; button_two_border_width__hover_enabled=&#8221;off&#8221; button_border_color__hover_enabled=&#8221;off&#8221; button_one_border_color__hover_enabled=&#8221;off&#8221; button_two_border_color__hover_enabled=&#8221;off&#8221; button_border_radius__hover_enabled=&#8221;off&#8221; button_one_border_radius__hover_enabled=&#8221;off&#8221; button_two_border_radius__hover_enabled=&#8221;off&#8221; button_letter_spacing__hover_enabled=&#8221;off&#8221; [&hellip;]<\/p>\n","protected":false},"author":1,"featured_media":0,"parent":0,"menu_order":0,"comment_status":"closed","ping_status":"closed","template":"","meta":{"_et_pb_use_builder":"on","_et_pb_old_content":"","_et_gb_content_width":"","inline_featured_image":false,"_links_to":"","_links_to_target":""},"_links":{"self":[{"href":"https:\/\/www.norameda.com\/lv\/wp-json\/wp\/v2\/pages\/4003"}],"collection":[{"href":"https:\/\/www.norameda.com\/lv\/wp-json\/wp\/v2\/pages"}],"about":[{"href":"https:\/\/www.norameda.com\/lv\/wp-json\/wp\/v2\/types\/page"}],"author":[{"embeddable":true,"href":"https:\/\/www.norameda.com\/lv\/wp-json\/wp\/v2\/users\/1"}],"replies":[{"embeddable":true,"href":"https:\/\/www.norameda.com\/lv\/wp-json\/wp\/v2\/comments?post=4003"}],"version-history":[{"count":5,"href":"https:\/\/www.norameda.com\/lv\/wp-json\/wp\/v2\/pages\/4003\/revisions"}],"predecessor-version":[{"id":7683,"href":"https:\/\/www.norameda.com\/lv\/wp-json\/wp\/v2\/pages\/4003\/revisions\/7683"}],"wp:attachment":[{"href":"https:\/\/www.norameda.com\/lv\/wp-json\/wp\/v2\/media?parent=4003"}],"curies":[{"name":"wp","href":"https:\/\/api.w.org\/{rel}","templated":true}]}}