{"id":4031,"date":"2019-05-08T14:17:43","date_gmt":"2019-05-08T11:17:43","guid":{"rendered":"https:\/\/www.norameda.com\/pieteiksanas\/"},"modified":"2023-10-17T09:01:38","modified_gmt":"2023-10-17T06:01:38","slug":"pieteiksanas","status":"publish","type":"page","link":"https:\/\/www.norameda.com\/lv\/pieteiksanas\/","title":{"rendered":"Piesl\u0113gties"},"content":{"rendered":"<p>[et_pb_section fb_built=&#8221;1&#8243; fullwidth=&#8221;on&#8221; _builder_version=&#8221;3.22&#8243;][et_pb_fullwidth_image src=&#8221;https:\/\/www.norameda.com\/wp-content\/uploads\/2018\/01\/about-slider-mini.jpg&#8221; _builder_version=&#8221;3.0.92&#8243;][\/et_pb_fullwidth_image][\/et_pb_section][et_pb_section fb_built=&#8221;1&#8243; module_class=&#8221;yoastBreadcrumb&#8221; _builder_version=&#8221;3.0.98&#8243; global_module=&#8221;1855&#8243;][et_pb_row _builder_version=&#8221;3.25&#8243; background_size=&#8221;initial&#8221; background_position=&#8221;top_left&#8221; background_repeat=&#8221;repeat&#8221;][et_pb_column type=&#8221;4_4&#8243; _builder_version=&#8221;3.25&#8243; custom_padding=&#8221;|||&#8221; custom_padding__hover=&#8221;|||&#8221;][et_pb_code width=&#8221;80%&#8221; max_width=&#8221;1080px&#8221;]<span><span><a href=\"https:\/\/www.norameda.com\/lv\/\">Galvenais<\/a><\/span>[\/et_pb_code][\/et_pb_column][\/et_pb_row][\/et_pb_section][et_pb_section fb_built=&#8221;1&#8243; module_class=&#8221;login-registration&#8221; _builder_version=&#8221;3.22&#8243; custom_margin=&#8221;50px|||&#8221;][et_pb_row column_structure=&#8221;1_2,1_2&#8243; admin_label=&#8221;Row&#8221; _builder_version=&#8221;3.25&#8243;][et_pb_column type=&#8221;1_2&#8243; _builder_version=&#8221;3.25&#8243; custom_padding=&#8221;|||&#8221; custom_padding__hover=&#8221;|||&#8221;][et_pb_cta title=&#8221;KONTA PIETEIK\u0160AN\u0100S&#8221; _builder_version=&#8221;3.16&#8243; header_text_color=&#8221;#5e5e5e&#8221; header_font_size=&#8221;36&#8243; use_background_color=&#8221;off&#8221; text_orientation=&#8221;left&#8221; background_layout=&#8221;light&#8221; button_text_size__hover_enabled=&#8221;off&#8221; button_one_text_size__hover_enabled=&#8221;off&#8221; button_two_text_size__hover_enabled=&#8221;off&#8221; button_text_color__hover_enabled=&#8221;off&#8221; button_one_text_color__hover_enabled=&#8221;off&#8221; button_two_text_color__hover_enabled=&#8221;off&#8221; button_border_width__hover_enabled=&#8221;off&#8221; button_one_border_width__hover_enabled=&#8221;off&#8221; button_two_border_width__hover_enabled=&#8221;off&#8221; button_border_color__hover_enabled=&#8221;off&#8221; button_one_border_color__hover_enabled=&#8221;off&#8221; button_two_border_color__hover_enabled=&#8221;off&#8221; button_border_radius__hover_enabled=&#8221;off&#8221; button_one_border_radius__hover_enabled=&#8221;off&#8221; button_two_border_radius__hover_enabled=&#8221;off&#8221; button_letter_spacing__hover_enabled=&#8221;off&#8221; button_one_letter_spacing__hover_enabled=&#8221;off&#8221; button_two_letter_spacing__hover_enabled=&#8221;off&#8221; button_bg_color__hover_enabled=&#8221;off&#8221; button_one_bg_color__hover_enabled=&#8221;off&#8221; button_two_bg_color__hover_enabled=&#8221;off&#8221;][\/et_pb_cta][et_pb_text _builder_version=&#8221;3.27.4&#8243; text_font_size=&#8221;20px&#8221;]Pieteik\u0161an\u0101s re\u0123istr\u0113tiem lietot\u0101jiem.<br \/>\n[\/et_pb_text][et_pb_code]<!--noptimize--><link href=\"https:\/\/fonts.googleapis.com\/icon?family=Material+Icons\" rel=\"stylesheet\">    <div class='rmagic'>    \n        <div class='rmcontent rm-login-wrapper'>\n                            <div class=\"rm-thirdp-login-button-wrap\">\n                    <pre class='rm-pre-wrapper-for-script-tags'><script>\n  function checkLoginState() {\n   FB.getLoginStatus(function(response) {\n  if (response.status === 'connected') {\n   greet();\n  }\n  else {\n  FB.login(function(response) {\nFB.api('\/me',{fields: 'first_name,email'}, function (response) {\n\thandle_data(response.email,response.first_name,'facebook','233792f8e2');\n\n\n});\n}, {scope: 'email'});\n  }\n});\n  }\nfunction greet() {\nFB.api('\/me',{fields: 'first_name,email'}, function (response) {\n\thandle_data(response.email,response.first_name,'facebook','233792f8e2');\n\n\n});\n}\n  window.fbAsyncInit = function() {\n  FB.init({\n    appId      : '123',\n    cookie     : true,  \/\/ enable cookies to allow the server to access \n                        \/\/ the session\n    xfbml      : true,  \/\/ parse social plugins on this page\n    version    : 'v2.5' \/\/ use graph api version 2.5\n  });\n\n  };\n\n  \/\/ Load the SDK asynchronously\n  (function(d, s, id) {\n    var js, fjs = d.getElementsByTagName(s)[0];\n    if (d.getElementById(id)) return;\n    js = d.createElement(s); js.id = id;\n    js.src = '\/\/connect.facebook.net\/en_US\/sdk.js';\n    fjs.parentNode.insertBefore(js, fjs);\n  }(document, 'script', 'facebook-jssdk'));\n\n  \/\/ Here we run a very simple test of the Graph API after login is\n  \/\/ successful.  See statusChangeCallback() for when this call is made.\n \n<\/script><\/pre>\n\n<!--\n  Below we include the Login Button social plugin. This button uses\n  the JavaScript SDK to present a graphical Login button that triggers\n  the FB.login() function when clicked.\n-->\n<div class='rm-facebook-login rm-third-party-login'><input class='rm-third-party-login-btn' type='button' onclick='checkLoginState()' value='Sign in with Facebook' \/><span><svg aria-hidden='true' data-prefix='fab' data-icon='facebook-f' class='svg-inline--fa fa-facebook-f fa-w-9' role='img' xmlns='http:\/\/www.w3.org\/2000\/svg' viewBox='0 0 264 512'><path fill='#fff' d='M76.7 512V283H0v-91h76.7v-71.7C76.7 42.4 124.3 0 193.8 0c33.3 0 61.9 2.5 70.2 3.6V85h-48.2c-37.8 0-45.1 18-45.1 44.3V192H256l-11.7 91h-73.6v229'><\/path><\/svg><\/span> <\/div>                <\/div>\n                <style type=\"text\/css\">label span.required { color: #B94A48; }span.help-inline, span.help-block { color: #888; font-size: .9em; font-style: italic; }<\/style><form action id=\"rm_login_form_1\" method=\"post\" style class=\"form-horizontal\"><fieldset><input type=\"hidden\" name=\"rm_form_sub_id\" value=rm_login_form_1><input type=\"hidden\" name=\"rm_form_sub_no\" value=><input type=\"hidden\" name=\"rm_slug\" value=\"rm_login_form\" id=\"rm_login_form_1-element-1\"\/><div class=\"rmrow\"><div class=\"rmfield\" for=\"rm_login_form_1-element-2\"><label>Vartotojo vardas<sup class=\"required\">* <\/sup><\/label><\/div><div class=\"rminput\"><input type=\"text\" name=\"username\" required class placeholder=\"\u012eveskite vartotojo vard\u0105\" style id=\"rm_login_form_1-element-2\"\/><\/div><\/div><div class=\"rmrow\"><div class=\"rmfield\" for=\"rm_login_form_1-element-3\"><label>Password<sup class=\"required\">* <\/sup><\/label><\/div><div class=\"rminput\"><input type=\"password\" name=\"pwd\" required class=\"test\" placeholder=\"Enter Password\" style id=\"rm_login_form_1-element-3\"\/><\/div><\/div><div class=\"rmrow\"><div class=\"rmfield\" for=\"rm_login_form-element-3\"><\/div><div class=\"rminput\"><ul class=\"rmradio\" style=\"list-style:none;\"><li class=\"rm-login-remember\"> <input id=\"rm_login_form-element-3-0\" type=\"checkbox\" name=\"remember[]\" value=\"1\" checked=\"checked\"><label for=\"rm_login_form-element-3-0\"><span>Remember Me<\/span><\/label> <\/li> <\/ul><\/div><\/div><div class=\"buttonarea\"><input   type=\"submit\" value=\"Login\" name=\"submit\" id=\"rm_submit_btn\" class=\"rm_btn rm_login_btn rm-btn rm-btn-primary\" style\/><\/div><div class=\"rm_forgot_pass\"><a href=\"https:\/\/www.norameda.com\/password-recovery\/\" target=\"blank\">Lost your password?<\/a><\/div><\/fieldset><\/form><pre class=\"rm-pre-wrapper-for-script-tags\"><script type=\"text\/javascript\">jQuery(document).ready(function() {\t\tjQuery(\"#rm_login_form_1\").bind(\"submit\", function(){\n                        \/\/jQuery(this).find(\"input[name=rm_slug]\").attr(\"value\",jQuery(this).find(\"input[name=submit]\").attr(\"value\"));\n\t\t\tjQuery(this).find(\"input[type=submit]\").attr(\"disabled\", \"disabled\"); \n\t\t});jQuery(\"#rm_login_form_1 :input:visible:enabled:first\").focus();}); <\/script><\/pre>        <noscript>\n            <div class=\"rm-js-disabled\"><b>Note: It looks like JavaScript is disabled in your browser. Some elements of this form may require JavaScript to work properly. If you have trouble submitting the form, try enabling JavaScript momentarily and resubmit. JavaScript settings are usually found in Browser Settings or Browser Developer menu.<\/b><\/div>\n            <style>\n                .rm_next_btn {display:none !important}\n                .rm_noscript_btn {display: block !important}\n            <\/style>\n        <\/noscript>\n    \n                    <\/div>\n    <\/div> \n\n\n<!--\/noptimize-->[\/et_pb_code][et_pb_text _builder_version=&#8221;3.27.4&#8243; custom_css_main_element=&#8221;margin-top: 20px;&#8221;]Ja esat speci\u0101lists, bet Jums nav savs konts, l\u016bdzu, re\u0123istr\u0113jieties:<br \/>\n[\/et_pb_text][et_pb_button button_url=&#8221;https:\/\/www.norameda.com\/lv\/registracija\/&#8221; button_text=&#8221;RE\u0122ISTR\u0112JIETIES&#8221; button_alignment=&#8221;left&#8221; admin_label=&#8221;Button&#8221; _builder_version=&#8221;4.9.2&#8243; custom_button=&#8221;on&#8221; button_text_size=&#8221;16&#8243; button_text_color=&#8221;#F8AA3D&#8221; button_bg_color=&#8221;#FFFFFF&#8221; button_border_width=&#8221;3px&#8221; button_border_color=&#8221;#F8AA3D&#8221; button_border_radius=&#8221;3px&#8221; button_use_icon=&#8221;off&#8221; custom_margin=&#8221;15px||15px||false|false&#8221; custom_css_main_element=&#8221;|| color:#fff;|| font-weight: 700;|| border-style: solid;|| border-radius: 50px;|| -moz-border-radius: 50px;|| -webkit-border-radius: 50px;|| transition: all .3s ease;|| text-transform: uppercase;|| cursor: pointer;|| font-size: 16px !important;|| padding: 1em 1.5em !important;|| width: 300px;|| text-align: center;|| margin-bottom: 15px;&#8221; button_text_size__hover_enabled=&#8221;off&#8221; button_one_text_size__hover_enabled=&#8221;off&#8221; button_two_text_size__hover_enabled=&#8221;off&#8221; button_text_color__hover_enabled=&#8221;off&#8221; button_one_text_color__hover_enabled=&#8221;off&#8221; button_two_text_color__hover_enabled=&#8221;off&#8221; button_border_width__hover_enabled=&#8221;off&#8221; button_one_border_width__hover_enabled=&#8221;off&#8221; button_two_border_width__hover_enabled=&#8221;off&#8221; button_border_color__hover_enabled=&#8221;off&#8221; button_one_border_color__hover_enabled=&#8221;off&#8221; button_two_border_color__hover_enabled=&#8221;off&#8221; button_border_radius__hover_enabled=&#8221;off&#8221; button_one_border_radius__hover_enabled=&#8221;off&#8221; button_two_border_radius__hover_enabled=&#8221;off&#8221; button_letter_spacing__hover_enabled=&#8221;off&#8221; button_one_letter_spacing__hover_enabled=&#8221;off&#8221; button_two_letter_spacing__hover_enabled=&#8221;off&#8221; button_bg_color__hover_enabled=&#8221;off&#8221; button_one_bg_color__hover_enabled=&#8221;off&#8221; button_two_bg_color__hover_enabled=&#8221;off&#8221;][\/et_pb_button][et_pb_button button_url=&#8221;https:\/\/www.norameda.com\/prisijungimas-gydytojams\/&#8221; button_text=&#8221;LOGIN WITH LICENSE CODE&#8221; button_alignment=&#8221;left&#8221; admin_label=&#8221;Button&#8221; _builder_version=&#8221;4.9.2&#8243; custom_button=&#8221;on&#8221; button_text_size=&#8221;16&#8243; button_use_icon=&#8221;off&#8221; hover_enabled=&#8221;0&#8243; custom_css_main_element=&#8221;background-color: #f8aa3d !important;|| color: #fff;|| font-weight: 700;|| border-radius: 50px;|| -moz-border-radius: 50px;|| -webkit-border-radius: 50px;|| border: 0;|| transition: all .3s ease;|| text-transform: uppercase;|| cursor: pointer;|| font-size: 16px !important;|| padding: 0.5em 1.5em !important;|| width: 300px;|| text-align: center;|| margin-bottom: 30px;&#8221; button_text_size__hover_enabled=&#8221;off&#8221; button_one_text_size__hover_enabled=&#8221;off&#8221; button_two_text_size__hover_enabled=&#8221;off&#8221; button_text_color__hover_enabled=&#8221;off&#8221; button_one_text_color__hover_enabled=&#8221;off&#8221; button_two_text_color__hover_enabled=&#8221;off&#8221; button_border_width__hover_enabled=&#8221;off&#8221; button_one_border_width__hover_enabled=&#8221;off&#8221; button_two_border_width__hover_enabled=&#8221;off&#8221; button_border_color__hover_enabled=&#8221;off&#8221; button_one_border_color__hover_enabled=&#8221;off&#8221; button_two_border_color__hover_enabled=&#8221;off&#8221; button_border_radius__hover_enabled=&#8221;off&#8221; button_one_border_radius__hover_enabled=&#8221;off&#8221; button_two_border_radius__hover_enabled=&#8221;off&#8221; button_letter_spacing__hover_enabled=&#8221;off&#8221; button_one_letter_spacing__hover_enabled=&#8221;off&#8221; button_two_letter_spacing__hover_enabled=&#8221;off&#8221; button_bg_color__hover_enabled=&#8221;off&#8221; button_one_bg_color__hover_enabled=&#8221;off&#8221; button_two_bg_color__hover_enabled=&#8221;off&#8221; sticky_enabled=&#8221;0&#8243;][\/et_pb_button][\/et_pb_column][et_pb_column type=&#8221;1_2&#8243; _builder_version=&#8221;3.25&#8243; custom_padding=&#8221;|||&#8221; custom_padding__hover=&#8221;|||&#8221;][et_pb_image src=&#8221;https:\/\/www.norameda.com\/wp-content\/uploads\/2018\/08\/prisijungimas-norameda.jpg&#8221; align_tablet=&#8221;center&#8221; align_phone=&#8221;&#8221; align_last_edited=&#8221;on|desktop&#8221; _builder_version=&#8221;3.23&#8243;][\/et_pb_image][\/et_pb_column][\/et_pb_row][\/et_pb_section]<\/p>\n","protected":false},"excerpt":{"rendered":"<p>[et_pb_section fb_built=&#8221;1&#8243; fullwidth=&#8221;on&#8221; _builder_version=&#8221;3.22&#8243;][et_pb_fullwidth_image src=&#8221;https:\/\/www.norameda.com\/wp-content\/uploads\/2018\/01\/about-slider-mini.jpg&#8221; _builder_version=&#8221;3.0.92&#8243;][\/et_pb_fullwidth_image][\/et_pb_section][et_pb_section fb_built=&#8221;1&#8243; module_class=&#8221;yoastBreadcrumb&#8221; _builder_version=&#8221;3.0.98&#8243; global_module=&#8221;1855&#8243;][et_pb_row _builder_version=&#8221;3.25&#8243; background_size=&#8221;initial&#8221; background_position=&#8221;top_left&#8221; background_repeat=&#8221;repeat&#8221;][et_pb_column type=&#8221;4_4&#8243; _builder_version=&#8221;3.25&#8243; custom_padding=&#8221;|||&#8221; custom_padding__hover=&#8221;|||&#8221;][et_pb_code width=&#8221;80%&#8221; max_width=&#8221;1080px&#8221;][\/et_pb_code][\/et_pb_column][\/et_pb_row][\/et_pb_section][et_pb_section fb_built=&#8221;1&#8243; module_class=&#8221;login-registration&#8221; _builder_version=&#8221;3.22&#8243; custom_margin=&#8221;50px|||&#8221;][et_pb_row column_structure=&#8221;1_2,1_2&#8243; admin_label=&#8221;Row&#8221; _builder_version=&#8221;3.25&#8243;][et_pb_column type=&#8221;1_2&#8243; _builder_version=&#8221;3.25&#8243; custom_padding=&#8221;|||&#8221; custom_padding__hover=&#8221;|||&#8221;][et_pb_cta title=&#8221;KONTA PIETEIK\u0160AN\u0100S&#8221; _builder_version=&#8221;3.16&#8243; header_text_color=&#8221;#5e5e5e&#8221; header_font_size=&#8221;36&#8243; use_background_color=&#8221;off&#8221; text_orientation=&#8221;left&#8221; background_layout=&#8221;light&#8221; button_text_size__hover_enabled=&#8221;off&#8221; button_one_text_size__hover_enabled=&#8221;off&#8221; button_two_text_size__hover_enabled=&#8221;off&#8221; button_text_color__hover_enabled=&#8221;off&#8221; button_one_text_color__hover_enabled=&#8221;off&#8221; button_two_text_color__hover_enabled=&#8221;off&#8221; button_border_width__hover_enabled=&#8221;off&#8221; button_one_border_width__hover_enabled=&#8221;off&#8221; button_two_border_width__hover_enabled=&#8221;off&#8221; button_border_color__hover_enabled=&#8221;off&#8221; button_one_border_color__hover_enabled=&#8221;off&#8221; button_two_border_color__hover_enabled=&#8221;off&#8221; button_border_radius__hover_enabled=&#8221;off&#8221; button_one_border_radius__hover_enabled=&#8221;off&#8221; button_two_border_radius__hover_enabled=&#8221;off&#8221; button_letter_spacing__hover_enabled=&#8221;off&#8221; [&hellip;]<\/p>\n","protected":false},"author":1,"featured_media":0,"parent":0,"menu_order":0,"comment_status":"closed","ping_status":"closed","template":"","meta":{"_et_pb_use_builder":"on","_et_pb_old_content":"","_et_gb_content_width":"","inline_featured_image":false,"_links_to":"","_links_to_target":""},"_links":{"self":[{"href":"https:\/\/www.norameda.com\/lv\/wp-json\/wp\/v2\/pages\/4031"}],"collection":[{"href":"https:\/\/www.norameda.com\/lv\/wp-json\/wp\/v2\/pages"}],"about":[{"href":"https:\/\/www.norameda.com\/lv\/wp-json\/wp\/v2\/types\/page"}],"author":[{"embeddable":true,"href":"https:\/\/www.norameda.com\/lv\/wp-json\/wp\/v2\/users\/1"}],"replies":[{"embeddable":true,"href":"https:\/\/www.norameda.com\/lv\/wp-json\/wp\/v2\/comments?post=4031"}],"version-history":[{"count":6,"href":"https:\/\/www.norameda.com\/lv\/wp-json\/wp\/v2\/pages\/4031\/revisions"}],"predecessor-version":[{"id":8364,"href":"https:\/\/www.norameda.com\/lv\/wp-json\/wp\/v2\/pages\/4031\/revisions\/8364"}],"wp:attachment":[{"href":"https:\/\/www.norameda.com\/lv\/wp-json\/wp\/v2\/media?parent=4031"}],"curies":[{"name":"wp","href":"https:\/\/api.w.org\/{rel}","templated":true}]}}