{"id":4036,"date":"2019-05-08T14:17:48","date_gmt":"2019-05-08T11:17:48","guid":{"rendered":"https:\/\/www.norameda.com\/uzticamiba\/"},"modified":"2019-05-08T14:17:49","modified_gmt":"2019-05-08T11:17:49","slug":"uzticamiba","status":"publish","type":"page","link":"https:\/\/www.norameda.com\/lv\/uzticamiba\/","title":{"rendered":"Uzticam\u012bba"},"content":{"rendered":"<p>[et_pb_section bb_built=&#8221;1&#8243; fullwidth=&#8221;on&#8221; _builder_version=&#8221;3.0.82&#8243; next_background_color=&#8221;#000000&#8243;][et_pb_fullwidth_image src=&#8221;https:\/\/www.norameda.com\/wp-content\/uploads\/2018\/08\/apie-mus-headeris.png&#8221; _builder_version=&#8221;3.13.1&#8243; \/][\/et_pb_section][et_pb_section bb_built=&#8221;1&#8243; fullwidth=&#8221;off&#8221; specialty=&#8221;off&#8221; _builder_version=&#8221;3.0.98&#8243; module_class=&#8221;yoastBreadcrumb&#8221; prev_background_color=&#8221;#000000&#8243; next_background_color=&#8221;#000000&#8243; global_module=&#8221;1855&#8243;][et_pb_row global_parent=&#8221;1855&#8243; background_position=&#8221;top_left&#8221; background_repeat=&#8221;repeat&#8221; background_size=&#8221;initial&#8221;][et_pb_column type=&#8221;4_4&#8243;][et_pb_code global_parent=&#8221;1855&#8243; _builder_version=&#8221;3.0.98&#8243;]<span><span><a href=\"https:\/\/www.norameda.com\/lv\/\">Galvenais<\/a><\/span>[\/et_pb_code][\/et_pb_column][\/et_pb_row][\/et_pb_section][et_pb_section bb_built=&#8221;1&#8243; _builder_version=&#8221;3.0.82&#8243; custom_padding=&#8221;30px|0px|13px|0px&#8221; prev_background_color=&#8221;#000000&#8243; next_background_color=&#8221;#000000&#8243;][et_pb_row _builder_version=&#8221;3.0.82&#8243;][et_pb_column type=&#8221;4_4&#8243;][et_pb_cta title=&#8221;UZTICAM\u012aBA&#8221; use_background_color=&#8221;off&#8221; background_layout=&#8221;light&#8221; _builder_version=&#8221;3.0.92&#8243; text_orientation=&#8221;left&#8221; url_new_window=&#8221;off&#8221; custom_button=&#8221;off&#8221; button_icon_placement=&#8221;right&#8221; header_font=&#8221;Roboto Condensed||||||||&#8221; header_font_size=&#8221;36&#8243; header_text_color=&#8221;#5e5e5e&#8221; \/][\/et_pb_column][\/et_pb_row][\/et_pb_section][et_pb_section bb_built=&#8221;1&#8243; _builder_version=&#8221;3.0.82&#8243; custom_padding=&#8221;12.625px|0px|40px|0px&#8221; prev_background_color=&#8221;#000000&#8243;][et_pb_row _builder_version=&#8221;3.0.82&#8243;][et_pb_column type=&#8221;4_4&#8243;][et_pb_text _builder_version=&#8221;3.13.1&#8243; text_font=&#8221;Open Sans||||&#8221;]<\/p>\n<p><a href=\"https:\/\/www.norameda.com\/16-2-2\/?lang=lv\" rel=\"attachment wp-att-3325\"><img class=\"size-full wp-image-3325 alignleft\" src=\"https:\/\/www.norameda.com\/wp-content\/uploads\/2018\/09\/16.jpg\" alt=\"uzticam\u012bba\" width=\"500\" height=\"300\" srcset=\"https:\/\/www.norameda.com\/wp-content\/uploads\/2018\/09\/16.jpg 500w, https:\/\/www.norameda.com\/wp-content\/uploads\/2018\/09\/16-300x180.jpg 300w\" sizes=\"(max-width: 500px) 100vw, 500px\" \/><\/a>M\u016bsu profesion\u0101lie darbinieki sadarb\u012bbas partneriem un klientiem visaugst\u0101k\u0101 l\u012bme\u0146a uzticamu sadarb\u012bbu. M\u0113s varam garant\u0113t ar\u012b piln\u012bgu m\u016bsu pieg\u0101d\u0101jamo produktu dro\u0161\u012bbu. Atbild\u012bg\u0101 veid\u0101 veicam noteiktos pien\u0101kumus, aizsarg\u0101jam konfidenci\u0101lo inform\u0101ciju, j\u016btamies atbild\u012bgi par saviem sol\u012bjumiem un r\u016bp\u0113jamies, lai \u012bstenotie darbi p\u0101rsniegtu J\u016bsu cer\u012bbas.<\/p>\n<p>M\u0113s str\u0101d\u0101jam saska\u0146\u0101 ar augstiem izplat\u012b\u0161anas un ra\u017eo\u0161anas standartiem, to pier\u0101da mums izsniegt\u0101s licences un sertifik\u0101ti.<\/p>\n<p>Str\u0101d\u0101jam pamatojoties uz izplat\u012b\u0161anas vairumtirdzniec\u012bb\u0101 licences, ko izsniedz tikai pier\u0101dot, ka z\u0101\u013cu  izplat\u012bt\u0101js ir piem\u0113rot\u0101s telpas un apr\u012bkojum, k\u0101 ar\u012b atbilst kvalit\u0101tes sist\u0113mai, iev\u0113ro person\u0101la, dokumentu p\u0101rvald\u012bbas, veikto darb\u012bbu, s\u016bdz\u012bbu, iesp\u0113jamo falsifik\u0101ciju, atgrie\u0161anas un atcel\u0161anas kontroles, l\u012bgumsaist\u012bbu darb\u012bbas, iek\u0161\u0113j\u0101 audita pras\u012bbas.<\/p>\n<p>T\u0101pat esam sa\u0146\u0113mu\u0161i labas izplat\u012b\u0161anas prakses sertifik\u0101tu, kas nodro\u0161ina, lai m\u016bsu izplat\u0101mo z\u0101\u013cu kvalit\u0101te tiek saglab\u0101ta visos pieg\u0101des posmos \u2013 no ra\u017eo\u0161anas l\u012bdz tirdzniec\u012bbas vietai.<\/p>\n<p>Mums ir izsniegts labas ra\u017eo\u0161anas prakse, kas garant\u0113, ka z\u0101\u013cu ra\u017eo\u0161ana un imports no tre\u0161aj\u0101m valst\u012bm tiek kontrol\u0113ts atbilsto\u0161i kvalit\u0101tes standartiem, t\u0101, lai ra\u017eot\u0101s z\u0101les atbilstu paredz\u0113tajiem m\u0113r\u0137iem, re\u0123istr\u0101cijas apliec\u012bbas un specifik\u0101ciju pras\u012bb\u0101m.  <\/p>\n<p>No Valsts p\u0101rtikas un veterin\u0101r\u0101 dienesta esam sa\u0146\u0113mu\u0161i P\u0101rtikas aprit\u0113 iesaist\u012bt\u0101 uz\u0146\u0113muma apstiprin\u0101juma sertifik\u0101tu, kas dod ties\u012bbas veikt p\u0101rtikas apstr\u0101des darb\u012bbas, tostarp izplat\u012b\u0161anu. Dokuments tiek izsniegts tikai tad, jai ir pier\u0101d\u012bts, ka ir nodro\u0161in\u0101ta atbilst\u012bba vis\u0101m \u0161\u012bm darb\u012bb\u0101m piem\u0113rojam\u0101m higi\u0113nas un citu normat\u012bvo aktu pras\u012bb\u0101m.<\/p>\n<p>Esam izstr\u0101d\u0101ju\u0161i sertific\u0113tu un dro\u0161u pieg\u0101des \u0137\u0113di, lai vienm\u0113r zin\u0101tu, kur atrodas pie klienta pieg\u0101d\u0101jamie produkti, un lai var\u0113tu p\u0101rbaud\u012bt, kad tie tiks pieg\u0101d\u0101ti nepiecie\u0161am\u0101 st\u0101vokl\u012b un \u012bstaj\u0101 laik\u0101.<\/p>\n<p>[\/et_pb_text][\/et_pb_column][\/et_pb_row][\/et_pb_section]<\/p>\n","protected":false},"excerpt":{"rendered":"<p>[et_pb_section bb_built=&#8221;1&#8243; fullwidth=&#8221;on&#8221; _builder_version=&#8221;3.0.82&#8243; next_background_color=&#8221;#000000&#8243;][et_pb_fullwidth_image src=&#8221;https:\/\/www.norameda.com\/wp-content\/uploads\/2018\/08\/apie-mus-headeris.png&#8221; _builder_version=&#8221;3.13.1&#8243; \/][\/et_pb_section][et_pb_section bb_built=&#8221;1&#8243; fullwidth=&#8221;off&#8221; specialty=&#8221;off&#8221; _builder_version=&#8221;3.0.98&#8243; module_class=&#8221;yoastBreadcrumb&#8221; prev_background_color=&#8221;#000000&#8243; next_background_color=&#8221;#000000&#8243; global_module=&#8221;1855&#8243;][et_pb_row global_parent=&#8221;1855&#8243; background_position=&#8221;top_left&#8221; background_repeat=&#8221;repeat&#8221; background_size=&#8221;initial&#8221;][et_pb_column type=&#8221;4_4&#8243;][et_pb_code global_parent=&#8221;1855&#8243; _builder_version=&#8221;3.0.98&#8243;][\/et_pb_code][\/et_pb_column][\/et_pb_row][\/et_pb_section][et_pb_section bb_built=&#8221;1&#8243; _builder_version=&#8221;3.0.82&#8243; custom_padding=&#8221;30px|0px|13px|0px&#8221; prev_background_color=&#8221;#000000&#8243; next_background_color=&#8221;#000000&#8243;][et_pb_row _builder_version=&#8221;3.0.82&#8243;][et_pb_column type=&#8221;4_4&#8243;][et_pb_cta title=&#8221;UZTICAM\u012aBA&#8221; use_background_color=&#8221;off&#8221; background_layout=&#8221;light&#8221; _builder_version=&#8221;3.0.92&#8243; text_orientation=&#8221;left&#8221; url_new_window=&#8221;off&#8221; custom_button=&#8221;off&#8221; button_icon_placement=&#8221;right&#8221; header_font=&#8221;Roboto Condensed||||||||&#8221; header_font_size=&#8221;36&#8243; header_text_color=&#8221;#5e5e5e&#8221; \/][\/et_pb_column][\/et_pb_row][\/et_pb_section][et_pb_section bb_built=&#8221;1&#8243; _builder_version=&#8221;3.0.82&#8243; custom_padding=&#8221;12.625px|0px|40px|0px&#8221; prev_background_color=&#8221;#000000&#8243;][et_pb_row _builder_version=&#8221;3.0.82&#8243;][et_pb_column type=&#8221;4_4&#8243;][et_pb_text _builder_version=&#8221;3.13.1&#8243; text_font=&#8221;Open Sans||||&#8221;] M\u016bsu profesion\u0101lie darbinieki [&hellip;]<\/p>\n","protected":false},"author":1,"featured_media":0,"parent":0,"menu_order":0,"comment_status":"closed","ping_status":"closed","template":"","meta":{"_et_pb_use_builder":"on","_et_pb_old_content":"","_et_gb_content_width":"","inline_featured_image":false,"_links_to":"","_links_to_target":""},"_links":{"self":[{"href":"https:\/\/www.norameda.com\/lv\/wp-json\/wp\/v2\/pages\/4036"}],"collection":[{"href":"https:\/\/www.norameda.com\/lv\/wp-json\/wp\/v2\/pages"}],"about":[{"href":"https:\/\/www.norameda.com\/lv\/wp-json\/wp\/v2\/types\/page"}],"author":[{"embeddable":true,"href":"https:\/\/www.norameda.com\/lv\/wp-json\/wp\/v2\/users\/1"}],"replies":[{"embeddable":true,"href":"https:\/\/www.norameda.com\/lv\/wp-json\/wp\/v2\/comments?post=4036"}],"version-history":[{"count":1,"href":"https:\/\/www.norameda.com\/lv\/wp-json\/wp\/v2\/pages\/4036\/revisions"}],"predecessor-version":[{"id":4038,"href":"https:\/\/www.norameda.com\/lv\/wp-json\/wp\/v2\/pages\/4036\/revisions\/4038"}],"wp:attachment":[{"href":"https:\/\/www.norameda.com\/lv\/wp-json\/wp\/v2\/media?parent=4036"}],"curies":[{"name":"wp","href":"https:\/\/api.w.org\/{rel}","templated":true}]}}