{"id":4040,"date":"2019-05-08T14:17:52","date_gmt":"2019-05-08T11:17:52","guid":{"rendered":"https:\/\/www.norameda.com\/augsta-kompetence\/"},"modified":"2019-05-08T14:17:53","modified_gmt":"2019-05-08T11:17:53","slug":"augsta-kompetence","status":"publish","type":"page","link":"https:\/\/www.norameda.com\/lv\/augsta-kompetence\/","title":{"rendered":"Augsta kompetence"},"content":{"rendered":"<p>[et_pb_section bb_built=&#8221;1&#8243; fullwidth=&#8221;on&#8221; _builder_version=&#8221;3.0.82&#8243; next_background_color=&#8221;#000000&#8243;][et_pb_fullwidth_image src=&#8221;https:\/\/www.norameda.com\/wp-content\/uploads\/2018\/08\/apie-mus-headeris.png&#8221; _builder_version=&#8221;3.13.1&#8243; \/][\/et_pb_section][et_pb_section bb_built=&#8221;1&#8243; fullwidth=&#8221;off&#8221; specialty=&#8221;off&#8221; _builder_version=&#8221;3.0.98&#8243; module_class=&#8221;yoastBreadcrumb&#8221; prev_background_color=&#8221;#000000&#8243; next_background_color=&#8221;#000000&#8243; global_module=&#8221;1855&#8243;][et_pb_row global_parent=&#8221;1855&#8243; background_position=&#8221;top_left&#8221; background_repeat=&#8221;repeat&#8221; background_size=&#8221;initial&#8221;][et_pb_column type=&#8221;4_4&#8243;][et_pb_code global_parent=&#8221;1855&#8243; _builder_version=&#8221;3.0.98&#8243;]<span><span><a href=\"https:\/\/www.norameda.com\/lv\/\">Galvenais<\/a><\/span>[\/et_pb_code][\/et_pb_column][\/et_pb_row][\/et_pb_section][et_pb_section bb_built=&#8221;1&#8243; _builder_version=&#8221;3.0.82&#8243; custom_padding=&#8221;30px|0px|13px|0px&#8221; prev_background_color=&#8221;#000000&#8243; next_background_color=&#8221;#000000&#8243;][et_pb_row _builder_version=&#8221;3.0.82&#8243;][et_pb_column type=&#8221;4_4&#8243;][et_pb_cta title=&#8221;AUGSTA KOMPETENCE&#8221; use_background_color=&#8221;off&#8221; background_layout=&#8221;light&#8221; _builder_version=&#8221;3.0.92&#8243; text_orientation=&#8221;left&#8221; url_new_window=&#8221;off&#8221; custom_button=&#8221;off&#8221; button_icon_placement=&#8221;right&#8221; header_font=&#8221;Roboto Condensed||||||||&#8221; header_font_size=&#8221;36&#8243; header_text_color=&#8221;#5e5e5e&#8221; \/][\/et_pb_column][\/et_pb_row][\/et_pb_section][et_pb_section bb_built=&#8221;1&#8243; _builder_version=&#8221;3.0.92&#8243; custom_padding=&#8221;12.625px|0px|140px|0px&#8221; prev_background_color=&#8221;#000000&#8243;][et_pb_row _builder_version=&#8221;3.0.82&#8243;][et_pb_column type=&#8221;4_4&#8243;][et_pb_text _builder_version=&#8221;3.13.1&#8243; text_font=&#8221;Open Sans||||&#8221;]<\/p>\n<p><a href=\"https:\/\/www.norameda.com\/lv\/augsta-kompetence\/18-2-2\/?lang=lv\" rel=\"attachment wp-att-3333\"><img class=\"size-full wp-image-3333 alignleft\" src=\"https:\/\/www.norameda.com\/wp-content\/uploads\/2018\/09\/18.jpg\" alt=\"\" width=\"500\" height=\"300\" srcset=\"https:\/\/www.norameda.com\/wp-content\/uploads\/2018\/09\/18.jpg 500w, https:\/\/www.norameda.com\/wp-content\/uploads\/2018\/09\/18-300x180.jpg 300w\" sizes=\"(max-width: 500px) 100vw, 500px\" \/><\/a>25 gadu pieredze mums pal\u012bdz\u0113ja k\u013c\u016bt par vienu l\u012bderiem Lietuv\u0101 un cit\u0101s Baltijas valst\u012bs. M\u0113s zin\u0101m savas stipr\u0101s puses, izmantojam zin\u0101\u0161anas un tas pal\u012bdz mums dro\u0161i virz\u012bties uz priek\u0161u. Izpratne inovat\u012bvo un piepras\u012bto produktu mekl\u0113\u0161an\u0101, farm\u0101cijas tirgus p\u0101rzin\u0101\u0161ana ir m\u016bsu galven\u0101s kompetences. M\u0113s domin\u0113jam efekt\u012bvo z\u0101\u013cu m\u0101rketinga pakalpojumu snieg\u0161an\u0101, kuru pamat\u0101 ir drosm\u012bgi un elast\u012bgi risin\u0101jumi, k\u0101 ar\u012b lojalit\u0101te partneriem.<\/p>\n<p>M\u016bsdienu Lietuvas farm\u0101cijas tirgum ir rakstur\u012bga augsta konkur\u0113tsp\u0113ja, stingri Eiropas kvalit\u0101tes standarti un arvien pieaugo\u0161a cenu regul\u0113\u0161ana. Tom\u0113r to visu pie\u0146emam k\u0101 uzaicin\u0101jumu un iesp\u0113ju stiepties.<\/p>\n<p>B\u016btiskas izmai\u0146as tik ieviestas pirms desmit gadiem \u2013 z\u0101\u013cu uzraudz\u012bbas sist\u0113ma. Saska\u0146\u0101 ar to m\u0113s nov\u0113rojam un pazi\u0146ojam par iesp\u0113jam\u0101m z\u0101\u013cu blakuspar\u0101d\u012bb\u0101m. Dr\u012bz m\u0113s p\u0101rvar\u0113sim v\u0113l vienu izaicin\u0101jumu \u2013 lejupiel\u0101d\u0113sim speci\u0101l\u0101s uzskaites programmas un sagatavosimies Viltoto z\u0101\u013cu direkt\u012bvai, kas st\u0101sies sp\u0113k\u0101 2019.gad\u0101. Saska\u0146\u0101 ar to katram z\u0101\u013cu iepakojumam b\u016bs \u012bpa\u0161s mar\u0137\u0113jums. To sken\u0113jot ar \u012bpa\u0161u skeneri, dati par z\u0101\u013cu pirk\u0161anu un p\u0101rdo\u0161anu nok\u013c\u016bs centraliz\u0113taj\u0101 datub\u0101z\u0113. T\u0101d\u0101 veid\u0101 Eiropas tirgus tiks piln\u012bb\u0101 pasarg\u0101ts no iesp\u0113jam\u0101m viltot\u0101m z\u0101l\u0113m.<\/p>\n<p>Turkl\u0101t, lai nodro\u0161in\u0101tu to, ka tirgum pieg\u0101d\u0101jam tikai kvalitat\u012bvu produkciju, ka ejam kopsol\u012b ar tehnolo\u0123iju revol\u016bciju, bet m\u016bsu uz\u0146\u0113m\u0113jdarb\u012bbas l\u0113mumi ir cie\u0161i saist\u012bti ar medic\u012bnas nozari, kas past\u0101v\u012bgi ir pilnveidojama, cie\u0161i sadarbojamies ar vesel\u012bbas apr\u016bpes speci\u0101listiem un zin\u0101tniekiem.<\/p>\n<p>2015. gad\u0101 UAB Norameda\u201d m\u0113s \u012bstenoj\u0101m projektu \u201cJaunu terpeitisko a\u0123entu neiroaiszarg\u0101jo\u0161\u0101 efekta t\u012bklenes fotoreceptoru \u0161\u016bnu p\u0113t\u012bjums\u201d. \u0160is veiksm\u012bgi \u012bstenotais p\u0113t\u012bjums mums paver iesp\u0113jas rad\u012bt jaunu tehnolo\u0123iju, lai p\u0101rbaud\u012btu un nov\u0113rt\u0113tu jaunizveidotos produktus redzes trauc\u0113jumu \u0101rst\u0113\u0161anai. Taj\u0101 pa\u0161\u0101 laik\u0101 \u013cauj att\u012bst\u012bt inovat\u012bvus produktus un papla\u0161in\u0101t uz\u0146\u0113muma turpm\u0101ko darb\u012bbu.<\/p>\n<p>[\/et_pb_text][\/et_pb_column][\/et_pb_row][\/et_pb_section]<\/p>\n","protected":false},"excerpt":{"rendered":"<p>[et_pb_section bb_built=&#8221;1&#8243; fullwidth=&#8221;on&#8221; _builder_version=&#8221;3.0.82&#8243; next_background_color=&#8221;#000000&#8243;][et_pb_fullwidth_image src=&#8221;https:\/\/www.norameda.com\/wp-content\/uploads\/2018\/08\/apie-mus-headeris.png&#8221; _builder_version=&#8221;3.13.1&#8243; \/][\/et_pb_section][et_pb_section bb_built=&#8221;1&#8243; fullwidth=&#8221;off&#8221; specialty=&#8221;off&#8221; _builder_version=&#8221;3.0.98&#8243; module_class=&#8221;yoastBreadcrumb&#8221; prev_background_color=&#8221;#000000&#8243; next_background_color=&#8221;#000000&#8243; global_module=&#8221;1855&#8243;][et_pb_row global_parent=&#8221;1855&#8243; background_position=&#8221;top_left&#8221; background_repeat=&#8221;repeat&#8221; background_size=&#8221;initial&#8221;][et_pb_column type=&#8221;4_4&#8243;][et_pb_code global_parent=&#8221;1855&#8243; _builder_version=&#8221;3.0.98&#8243;][\/et_pb_code][\/et_pb_column][\/et_pb_row][\/et_pb_section][et_pb_section bb_built=&#8221;1&#8243; _builder_version=&#8221;3.0.82&#8243; custom_padding=&#8221;30px|0px|13px|0px&#8221; prev_background_color=&#8221;#000000&#8243; next_background_color=&#8221;#000000&#8243;][et_pb_row _builder_version=&#8221;3.0.82&#8243;][et_pb_column type=&#8221;4_4&#8243;][et_pb_cta title=&#8221;AUGSTA KOMPETENCE&#8221; use_background_color=&#8221;off&#8221; background_layout=&#8221;light&#8221; _builder_version=&#8221;3.0.92&#8243; text_orientation=&#8221;left&#8221; url_new_window=&#8221;off&#8221; custom_button=&#8221;off&#8221; button_icon_placement=&#8221;right&#8221; header_font=&#8221;Roboto Condensed||||||||&#8221; header_font_size=&#8221;36&#8243; header_text_color=&#8221;#5e5e5e&#8221; \/][\/et_pb_column][\/et_pb_row][\/et_pb_section][et_pb_section bb_built=&#8221;1&#8243; _builder_version=&#8221;3.0.92&#8243; custom_padding=&#8221;12.625px|0px|140px|0px&#8221; prev_background_color=&#8221;#000000&#8243;][et_pb_row _builder_version=&#8221;3.0.82&#8243;][et_pb_column type=&#8221;4_4&#8243;][et_pb_text _builder_version=&#8221;3.13.1&#8243; text_font=&#8221;Open Sans||||&#8221;] 25 gadu [&hellip;]<\/p>\n","protected":false},"author":1,"featured_media":0,"parent":0,"menu_order":0,"comment_status":"closed","ping_status":"closed","template":"","meta":{"_et_pb_use_builder":"on","_et_pb_old_content":"","_et_gb_content_width":"","inline_featured_image":false,"_links_to":"","_links_to_target":""},"_links":{"self":[{"href":"https:\/\/www.norameda.com\/lv\/wp-json\/wp\/v2\/pages\/4040"}],"collection":[{"href":"https:\/\/www.norameda.com\/lv\/wp-json\/wp\/v2\/pages"}],"about":[{"href":"https:\/\/www.norameda.com\/lv\/wp-json\/wp\/v2\/types\/page"}],"author":[{"embeddable":true,"href":"https:\/\/www.norameda.com\/lv\/wp-json\/wp\/v2\/users\/1"}],"replies":[{"embeddable":true,"href":"https:\/\/www.norameda.com\/lv\/wp-json\/wp\/v2\/comments?post=4040"}],"version-history":[{"count":1,"href":"https:\/\/www.norameda.com\/lv\/wp-json\/wp\/v2\/pages\/4040\/revisions"}],"predecessor-version":[{"id":4041,"href":"https:\/\/www.norameda.com\/lv\/wp-json\/wp\/v2\/pages\/4040\/revisions\/4041"}],"wp:attachment":[{"href":"https:\/\/www.norameda.com\/lv\/wp-json\/wp\/v2\/media?parent=4040"}],"curies":[{"name":"wp","href":"https:\/\/api.w.org\/{rel}","templated":true}]}}