{"id":4042,"date":"2019-05-08T14:17:53","date_gmt":"2019-05-08T11:17:53","guid":{"rendered":"https:\/\/www.norameda.com\/merktieciga-darbiba\/"},"modified":"2019-05-08T14:17:54","modified_gmt":"2019-05-08T11:17:54","slug":"merktieciga-darbiba","status":"publish","type":"page","link":"https:\/\/www.norameda.com\/lv\/merktieciga-darbiba\/","title":{"rendered":"M\u0113r\u0137tiec\u012bga darb\u012bba"},"content":{"rendered":"<p>[et_pb_section bb_built=&#8221;1&#8243; fullwidth=&#8221;on&#8221; _builder_version=&#8221;3.0.82&#8243; next_background_color=&#8221;#000000&#8243;][et_pb_fullwidth_image src=&#8221;https:\/\/www.norameda.com\/wp-content\/uploads\/2018\/08\/apie-mus-headeris.png&#8221; _builder_version=&#8221;3.13.1&#8243; \/][\/et_pb_section][et_pb_section bb_built=&#8221;1&#8243; fullwidth=&#8221;off&#8221; specialty=&#8221;off&#8221; _builder_version=&#8221;3.0.98&#8243; module_class=&#8221;yoastBreadcrumb&#8221; prev_background_color=&#8221;#000000&#8243; next_background_color=&#8221;#000000&#8243; global_module=&#8221;1855&#8243;][et_pb_row global_parent=&#8221;1855&#8243; background_position=&#8221;top_left&#8221; background_repeat=&#8221;repeat&#8221; background_size=&#8221;initial&#8221;][et_pb_column type=&#8221;4_4&#8243;][et_pb_code global_parent=&#8221;1855&#8243; _builder_version=&#8221;3.0.98&#8243;]<span><span><a href=\"https:\/\/www.norameda.com\/lv\/\">Galvenais<\/a><\/span>[\/et_pb_code][\/et_pb_column][\/et_pb_row][\/et_pb_section][et_pb_section bb_built=&#8221;1&#8243; _builder_version=&#8221;3.0.82&#8243; custom_padding=&#8221;30px|0px|13px|0px&#8221; prev_background_color=&#8221;#000000&#8243; next_background_color=&#8221;#000000&#8243;][et_pb_row _builder_version=&#8221;3.0.82&#8243;][et_pb_column type=&#8221;4_4&#8243;][et_pb_cta title=&#8221;M\u0112R\u0136TIEC\u012aGA DARB\u012aBA&#8221; use_background_color=&#8221;off&#8221; background_layout=&#8221;light&#8221; _builder_version=&#8221;3.0.92&#8243; text_orientation=&#8221;left&#8221; url_new_window=&#8221;off&#8221; custom_button=&#8221;off&#8221; button_icon_placement=&#8221;right&#8221; header_font=&#8221;Roboto Condensed||||||||&#8221; header_font_size=&#8221;36&#8243; header_text_color=&#8221;#5e5e5e&#8221; \/][\/et_pb_column][\/et_pb_row][\/et_pb_section][et_pb_section bb_built=&#8221;1&#8243; _builder_version=&#8221;3.0.82&#8243; custom_padding=&#8221;12.625px|0px|40px|0px&#8221; prev_background_color=&#8221;#000000&#8243;][et_pb_row _builder_version=&#8221;3.0.82&#8243;][et_pb_column type=&#8221;4_4&#8243;][et_pb_text _builder_version=&#8221;3.13.1&#8243; text_font=&#8221;Open Sans||||&#8221;]<\/p>\n<p><a href=\"https:\/\/www.norameda.com\/lv\/augsta-kompetence\/17-2-2-2\/?lang=lv\" rel=\"attachment wp-att-3329\"><img class=\"alignleft size-full wp-image-3329\" src=\"https:\/\/www.norameda.com\/wp-content\/uploads\/2018\/09\/17-2.jpg\" alt=\"rezult\u0101ti\" width=\"500\" height=\"300\" srcset=\"https:\/\/www.norameda.com\/wp-content\/uploads\/2018\/09\/17-2.jpg 500w, https:\/\/www.norameda.com\/wp-content\/uploads\/2018\/09\/17-2-300x180.jpg 300w\" sizes=\"(max-width: 500px) 100vw, 500px\" \/><\/a>M\u0113s uzskat\u0101m, ka katrs no mums ir peln\u012bjis b\u016bt vesels, t\u0101p\u0113c ievie\u0161am tirg\u016b tikai lab\u0101k\u0101s kvalit\u0101tes specializ\u0113tos recep\u0161u un bezrecep\u0161u produktus.<\/p>\n<p>M\u0113s esam moderns, strauji augo\u0161ais starptautiskais uz\u0146\u0113mums, kas v\u0113l v\u0113las k\u013c\u016bt par profesion\u0101lo farm\u0101cijas komp\u0101niju Baltijas valst\u012bs un nodro\u0161in\u0101t efekt\u012bvo medikamentu pieg\u0101di un inovat\u012bvu vesel\u012bbas risin\u0101jumu snieg\u0161anu. Stingra ap\u0146em\u0161an\u0101s, past\u0101v\u012bgs metodiskais darbs un augstas kvalit\u0101tes standarti \u013cauj mums dro\u0161i iet m\u0113r\u0137a virzien\u0101.<\/p>\n<p>2017. gad\u0101 \u201cNorameda\u201d ien\u0101kuma nodoklis p\u0101rsniedza17 milj. EUR. Taj\u0101 pa\u0161\u0101 gad\u0101 m\u0113s bij\u0101m iek\u013cauti Baltijas farm\u0101cijas sp\u0113c\u012bg\u0101ko uz\u0146\u0113mumu TOP 30. M\u016bsu darb\u012bbas teritorija ietver 9 valstis, kuru kop\u0113j\u0101 farm\u0101cijas tirgus v\u0113rt\u012bba ir 13 934 501 EUR. T\u0101 vid\u0113jais gada pieaugums ir 3,72%. M\u016bsu uz\u0146\u0113muma gada pieauguma r\u0101d\u012bt\u0101js ir liel\u0101ks nek\u0101 20%. \u0160\u0101ds komp\u0101nijas strauj\u0161 augums \u013cauj mums nostiprin\u0101t poz\u012bcijas visu valstu m\u0113r\u0137a tirgos. Tas, ka m\u0113s esam sasniegu\u0161i \u0161os lieliskus rezult\u0101tus, ir saist\u012bts ar vair\u0101kiem faktoriem, tostarp pieredzi, zin\u0101\u0161anas par situ\u0101ciju tirg\u016b, sava un starptautiski atz\u012btu partneru sortimenta att\u012bst\u012bbu un nep\u0101rtrauktu inov\u0101ciju mekl\u0113\u0161anu.<\/p>\n<p>Tom\u0113r m\u016bsu liel\u0101kais sasniegums \u2013 sakoncentr\u0113ts kol\u0113\u0123u un partneru loks. \u0160obr\u012bd m\u0113s str\u0101d\u0101jam ar 32 partneriem no 15 pasaules valst\u012bm, tos m\u0113s p\u0101rst\u0101vam vien\u012bgie Baltij\u0101. Ar vair\u0101kiem partneriem m\u0113s sadarbojamies jau 17 gadu.<\/p>\n<p>\u0160os sakarus protams, nosaka loj\u0101li un profesion\u0101li m\u016bsu darbinieki. M\u0113s varam tikai priec\u0101ties par to, ka liel\u0101k\u0101 da\u013ca no vi\u0146iem str\u0101d\u0101 jau desmit gadus un tas, protams, ir ar\u012b viens no galvenajiem m\u016bsu pan\u0101kumu iemesliem.<\/p>\n<p>[\/et_pb_text][\/et_pb_column][\/et_pb_row][\/et_pb_section]<\/p>\n","protected":false},"excerpt":{"rendered":"<p>[et_pb_section bb_built=&#8221;1&#8243; fullwidth=&#8221;on&#8221; _builder_version=&#8221;3.0.82&#8243; next_background_color=&#8221;#000000&#8243;][et_pb_fullwidth_image src=&#8221;https:\/\/www.norameda.com\/wp-content\/uploads\/2018\/08\/apie-mus-headeris.png&#8221; _builder_version=&#8221;3.13.1&#8243; \/][\/et_pb_section][et_pb_section bb_built=&#8221;1&#8243; fullwidth=&#8221;off&#8221; specialty=&#8221;off&#8221; _builder_version=&#8221;3.0.98&#8243; module_class=&#8221;yoastBreadcrumb&#8221; prev_background_color=&#8221;#000000&#8243; next_background_color=&#8221;#000000&#8243; global_module=&#8221;1855&#8243;][et_pb_row global_parent=&#8221;1855&#8243; background_position=&#8221;top_left&#8221; background_repeat=&#8221;repeat&#8221; background_size=&#8221;initial&#8221;][et_pb_column type=&#8221;4_4&#8243;][et_pb_code global_parent=&#8221;1855&#8243; _builder_version=&#8221;3.0.98&#8243;][\/et_pb_code][\/et_pb_column][\/et_pb_row][\/et_pb_section][et_pb_section bb_built=&#8221;1&#8243; _builder_version=&#8221;3.0.82&#8243; custom_padding=&#8221;30px|0px|13px|0px&#8221; prev_background_color=&#8221;#000000&#8243; next_background_color=&#8221;#000000&#8243;][et_pb_row _builder_version=&#8221;3.0.82&#8243;][et_pb_column type=&#8221;4_4&#8243;][et_pb_cta title=&#8221;M\u0112R\u0136TIEC\u012aGA DARB\u012aBA&#8221; use_background_color=&#8221;off&#8221; background_layout=&#8221;light&#8221; _builder_version=&#8221;3.0.92&#8243; text_orientation=&#8221;left&#8221; url_new_window=&#8221;off&#8221; custom_button=&#8221;off&#8221; button_icon_placement=&#8221;right&#8221; header_font=&#8221;Roboto Condensed||||||||&#8221; header_font_size=&#8221;36&#8243; header_text_color=&#8221;#5e5e5e&#8221; \/][\/et_pb_column][\/et_pb_row][\/et_pb_section][et_pb_section bb_built=&#8221;1&#8243; _builder_version=&#8221;3.0.82&#8243; custom_padding=&#8221;12.625px|0px|40px|0px&#8221; prev_background_color=&#8221;#000000&#8243;][et_pb_row _builder_version=&#8221;3.0.82&#8243;][et_pb_column type=&#8221;4_4&#8243;][et_pb_text _builder_version=&#8221;3.13.1&#8243; text_font=&#8221;Open Sans||||&#8221;] M\u0113s uzskat\u0101m, [&hellip;]<\/p>\n","protected":false},"author":1,"featured_media":0,"parent":0,"menu_order":0,"comment_status":"closed","ping_status":"closed","template":"","meta":{"_et_pb_use_builder":"on","_et_pb_old_content":"","_et_gb_content_width":"","inline_featured_image":false,"_links_to":"","_links_to_target":""},"_links":{"self":[{"href":"https:\/\/www.norameda.com\/lv\/wp-json\/wp\/v2\/pages\/4042"}],"collection":[{"href":"https:\/\/www.norameda.com\/lv\/wp-json\/wp\/v2\/pages"}],"about":[{"href":"https:\/\/www.norameda.com\/lv\/wp-json\/wp\/v2\/types\/page"}],"author":[{"embeddable":true,"href":"https:\/\/www.norameda.com\/lv\/wp-json\/wp\/v2\/users\/1"}],"replies":[{"embeddable":true,"href":"https:\/\/www.norameda.com\/lv\/wp-json\/wp\/v2\/comments?post=4042"}],"version-history":[{"count":1,"href":"https:\/\/www.norameda.com\/lv\/wp-json\/wp\/v2\/pages\/4042\/revisions"}],"predecessor-version":[{"id":4043,"href":"https:\/\/www.norameda.com\/lv\/wp-json\/wp\/v2\/pages\/4042\/revisions\/4043"}],"wp:attachment":[{"href":"https:\/\/www.norameda.com\/lv\/wp-json\/wp\/v2\/media?parent=4042"}],"curies":[{"name":"wp","href":"https:\/\/api.w.org\/{rel}","templated":true}]}}