{"id":4067,"date":"2019-05-08T14:18:18","date_gmt":"2019-05-08T11:18:18","guid":{"rendered":"https:\/\/www.norameda.com\/terapijas-jomas\/reimatologija\/"},"modified":"2022-07-12T16:17:28","modified_gmt":"2022-07-12T13:17:28","slug":"reimatologija","status":"publish","type":"page","link":"https:\/\/www.norameda.com\/lv\/terapijas-jomas\/reimatologija\/","title":{"rendered":"Reimatolo\u0123ija"},"content":{"rendered":"<p>[et_pb_section fb_built=&#8221;1&#8243; fullwidth=&#8221;on&#8221; _builder_version=&#8221;3.22&#8243;][et_pb_fullwidth_image src=&#8221;https:\/\/www.norameda.com\/wp-content\/uploads\/2018\/01\/about-slider-mini.jpg&#8221; _builder_version=&#8221;3.0.92&#8243; background_size=&#8221;initial&#8221; background_position=&#8221;top_left&#8221; background_repeat=&#8221;repeat&#8221;][\/et_pb_fullwidth_image][\/et_pb_section][et_pb_section fb_built=&#8221;1&#8243; module_class=&#8221;yoastBreadcrumb&#8221; _builder_version=&#8221;3.0.98&#8243; global_module=&#8221;1855&#8243;][et_pb_row _builder_version=&#8221;3.25&#8243; background_size=&#8221;initial&#8221; background_position=&#8221;top_left&#8221; background_repeat=&#8221;repeat&#8221;][et_pb_column type=&#8221;4_4&#8243; _builder_version=&#8221;3.25&#8243; custom_padding=&#8221;|||&#8221; custom_padding__hover=&#8221;|||&#8221;][et_pb_code admin_label=&#8221;Code&#8221; _builder_version=&#8221;4.9.2&#8243; width=&#8221;80%&#8221; max_width=&#8221;1080px&#8221;]<span><span><a href=\"https:\/\/www.norameda.com\/lv\/\">Galvenais<\/a><\/span>[\/et_pb_code][\/et_pb_column][\/et_pb_row][\/et_pb_section][et_pb_section fb_built=&#8221;1&#8243; _builder_version=&#8221;3.22&#8243; custom_padding=&#8221;50px|0px|13px|0px&#8221;][et_pb_row _builder_version=&#8221;3.25&#8243;][et_pb_column type=&#8221;4_4&#8243; _builder_version=&#8221;3.25&#8243; custom_padding=&#8221;|||&#8221; custom_padding__hover=&#8221;|||&#8221;][et_pb_cta title=&#8221;RECEP\u0160U&#8221; _builder_version=&#8221;3.16&#8243; header_font=&#8221;Roboto Condensed||||||||&#8221; header_text_color=&#8221;#5e5e5e&#8221; header_font_size=&#8221;36&#8243; use_background_color=&#8221;off&#8221; text_orientation=&#8221;left&#8221; background_layout=&#8221;light&#8221; button_text_size__hover_enabled=&#8221;off&#8221; button_one_text_size__hover_enabled=&#8221;off&#8221; button_two_text_size__hover_enabled=&#8221;off&#8221; button_text_color__hover_enabled=&#8221;off&#8221; button_one_text_color__hover_enabled=&#8221;off&#8221; button_two_text_color__hover_enabled=&#8221;off&#8221; button_border_width__hover_enabled=&#8221;off&#8221; button_one_border_width__hover_enabled=&#8221;off&#8221; button_two_border_width__hover_enabled=&#8221;off&#8221; button_border_color__hover_enabled=&#8221;off&#8221; button_one_border_color__hover_enabled=&#8221;off&#8221; button_two_border_color__hover_enabled=&#8221;off&#8221; button_border_radius__hover_enabled=&#8221;off&#8221; button_one_border_radius__hover_enabled=&#8221;off&#8221; button_two_border_radius__hover_enabled=&#8221;off&#8221; button_letter_spacing__hover_enabled=&#8221;off&#8221; button_one_letter_spacing__hover_enabled=&#8221;off&#8221; button_two_letter_spacing__hover_enabled=&#8221;off&#8221; button_bg_color__hover_enabled=&#8221;off&#8221; button_one_bg_color__hover_enabled=&#8221;off&#8221; button_two_bg_color__hover_enabled=&#8221;off&#8221;][\/et_pb_cta][\/et_pb_column][\/et_pb_row][\/et_pb_section][et_pb_section fb_built=&#8221;1&#8243; _builder_version=&#8221;3.22&#8243;][et_pb_row _builder_version=&#8221;3.25&#8243; background_size=&#8221;initial&#8221; background_position=&#8221;top_left&#8221; background_repeat=&#8221;repeat&#8221;][et_pb_column type=&#8221;4_4&#8243; _builder_version=&#8221;3.25&#8243; custom_padding=&#8221;|||&#8221; custom_padding__hover=&#8221;|||&#8221;][et_pb_text _builder_version=&#8221;4.9.2&#8243; hover_enabled=&#8221;0&#8243; sticky_enabled=&#8221;0&#8243;]<\/p>\n<table class=\"meds-table\">\n<thead>\n<tr>\n<td class=\"areas\" colspan=\"6\"><strong>Reimatolo\u0123ija<\/strong><\/td>\n<\/tr>\n<tr>\n<th>Z\u0101\u013cu nosaukums<\/th>\n<th>Akt\u012bv\u0101 viela<\/th>\n<th>Z\u0101\u013cu apraksts<\/th>\n<th>Lieto\u0161anas instrukcija<\/th>\n<\/tr>\n<\/thead>\n<tbody>\n<tr>\n<td>Condrotide<\/td>\n<td>Polinukleot\u012bdus saturo\u0161s g\u0113ls<\/td>\n<td><\/td>\n<td><\/td>\n<\/tr>\n<tr>\n<td><strong>Kotorolac Claris<\/strong><\/td>\n<td>Ketorolaka trometamols<\/td>\n<td><a href=\"https:\/\/vapris.vvkt.lt\/vvkt-web\/public\/medications?showData=true&amp;mainSearchField=ketorolac&amp;fullName=&amp;substance=&amp;strength=&amp;pharmaceuticalForm=&amp;medicationState=3&amp;medicationState=2&amp;atcCode=&amp;rtt=&amp;rttNumber=&amp;procedureNumber=\">Nor\u0101de<\/a><\/td>\n<td><a href=\"https:\/\/vapris.vvkt.lt\/vvkt-web\/public\/medications?showData=true&amp;mainSearchField=ketorolac&amp;fullName=&amp;substance=&amp;strength=&amp;pharmaceuticalForm=&amp;medicationState=3&amp;medicationState=2&amp;atcCode=&amp;rtt=&amp;rttNumber=&amp;procedureNumber=\">Nor\u0101de<\/a><\/td>\n<\/tr>\n<tr>\n<td>Ketorolac Claris 30mg\/ml 1ml N10<\/td>\n<td>Ketorolaka trometamols<\/td>\n<td><a href=\"https:\/\/vapris.vvkt.lt\/vvkt-web\/public\/medications\/view\/24446\" target=\"_blank\" rel=\"noopener\">Nor\u0101de<\/a><\/td>\n<td><a href=\"https:\/\/vapris.vvkt.lt\/vvkt-web\/public\/medications\/view\/24446\" target=\"_blank\" rel=\"noopener\">Nor\u0101de<\/a><\/td>\n<\/tr>\n<tr>\n<td><strong>Brexin<\/strong><\/td>\n<td>Piroxicamum beta cyclodextrinum<\/td>\n<td><a href=\"https:\/\/vapris.vvkt.lt\/vvkt-web\/public\/medications?showData=true&amp;mainSearchField=brexin&amp;fullName=&amp;substance=&amp;strength=&amp;pharmaceuticalForm=&amp;medicationState=3&amp;medicationState=2&amp;atcCode=&amp;rtt=&amp;rttNumber=&amp;procedureNumber=\">Nor\u0101de<\/a><\/td>\n<td><a href=\"https:\/\/vapris.vvkt.lt\/vvkt-web\/public\/medications?showData=true&amp;mainSearchField=brexin&amp;fullName=&amp;substance=&amp;strength=&amp;pharmaceuticalForm=&amp;medicationState=3&amp;medicationState=2&amp;atcCode=&amp;rtt=&amp;rttNumber=&amp;procedureNumber=\">Nor\u0101de<\/a><\/td>\n<\/tr>\n<tr>\n<td>Brexin sachets 20mg\/20 iepak.<\/td>\n<td>Piroxicamum beta cyclodextrinum<\/td>\n<td><a href=\"https:\/\/vapris.vvkt.lt\/vvkt-web\/public\/medications\/view\/10247\" target=\"_blank\" rel=\"noopener\">Nor\u0101de<\/a><\/td>\n<td><a href=\"https:\/\/vapris.vvkt.lt\/vvkt-web\/public\/medications\/view\/10247\" target=\"_blank\" rel=\"noopener\">Nor\u0101de<\/a><\/td>\n<\/tr>\n<tr>\n<td>Brexin 20mg\/20 tab.<\/td>\n<td>Piroxicamum beta cyclodextrinum<\/td>\n<td><a href=\"https:\/\/vapris.vvkt.lt\/vvkt-web\/public\/medications\/view\/10246\" target=\"_blank\" rel=\"noopener\">Nor\u0101de<\/a><\/td>\n<td><a href=\"https:\/\/vapris.vvkt.lt\/vvkt-web\/public\/medications\/view\/10246\" target=\"_blank\" rel=\"noopener\">Nor\u0101de<\/a><\/td>\n<\/tr>\n<tr>\n<td>Norifaz 35 mg<\/td>\n<td>N\u0101trijs rizendron\u0101ts<\/td>\n<td><a href=\"https:\/\/vapris.vvkt.lt\/vvkt-web\/public\/medications\/view\/18687\" target=\"_blank\" rel=\"noopener\">Nor\u0101de<\/a><\/td>\n<td><a href=\"https:\/\/vapris.vvkt.lt\/vvkt-web\/public\/medications\/view\/18687\" target=\"_blank\" rel=\"noopener\">Nor\u0101de<\/a><\/td>\n<\/tr>\n<tr>\n<td>Zoledronic acid 4mg\/5ml N1<\/td>\n<td>Zoledronsk\u0101be<\/td>\n<td><a href=\"https:\/\/vapris.vvkt.lt\/vvkt-web\/public\/medications\/view\/26654\" target=\"_blank\" rel=\"noopener\">Nor\u0101de<\/a><\/td>\n<td><a href=\"https:\/\/vapris.vvkt.lt\/vvkt-web\/public\/medications\/view\/26654\" target=\"_blank\" rel=\"noopener\">Nor\u0101de<\/a><\/td>\n<\/tr>\n<tr>\n<td><strong>Pamitor 15 mg\/ml<\/strong><\/td>\n<td>Piroxicamum beta cyclodextrinum<\/td>\n<td><a href=\"https:\/\/vapris.vvkt.lt\/vvkt-web\/public\/medications?showData=true&amp;mainSearchField=pamitor&amp;fullName=&amp;substance=&amp;strength=&amp;pharmaceuticalForm=&amp;medicationState=3&amp;medicationState=2&amp;atcCode=&amp;rtt=&amp;rttNumber=&amp;procedureNumber=\">Nor\u0101de<\/a><\/td>\n<td><a href=\"https:\/\/vapris.vvkt.lt\/vvkt-web\/public\/medications?showData=true&amp;mainSearchField=pamitor&amp;fullName=&amp;substance=&amp;strength=&amp;pharmaceuticalForm=&amp;medicationState=3&amp;medicationState=2&amp;atcCode=&amp;rtt=&amp;rttNumber=&amp;procedureNumber=\">Nor\u0101de<\/a><\/td>\n<\/tr>\n<tr>\n<td>Pamitor 15 mg\/ml 6ml<\/td>\n<td>Din\u0101trija pomidron\u0101ts<\/td>\n<td><a href=\"https:\/\/vapris.vvkt.lt\/vvkt-web\/public\/medications\/view\/13563\" target=\"_blank\" rel=\"noopener\">Nor\u0101de<\/a><\/td>\n<td><a href=\"https:\/\/vapris.vvkt.lt\/vvkt-web\/public\/medications\/view\/13563\" target=\"_blank\" rel=\"noopener\">Nor\u0101de<\/a><\/td>\n<\/tr>\n<tr>\n<td>Pamitor 15 mg\/ml 4ml<\/td>\n<td>Din\u0101trija pomidron\u0101ts<\/td>\n<td><a href=\"https:\/\/vapris.vvkt.lt\/vvkt-web\/public\/medications\/view\/13563\" target=\"_blank\" rel=\"noopener\">Nor\u0101de<\/a><\/td>\n<td><a href=\"https:\/\/vapris.vvkt.lt\/vvkt-web\/public\/medications\/view\/13563\" target=\"_blank\" rel=\"noopener\">Nor\u0101de<\/a><\/td>\n<\/tr>\n<tr>\n<td>Pamitor 15 mg\/ml 2ml<\/td>\n<td>Din\u0101trija pomidron\u0101ts<\/td>\n<td><a href=\"https:\/\/vapris.vvkt.lt\/vvkt-web\/public\/medications\/view\/13563\" target=\"_blank\" rel=\"noopener\">Nor\u0101de<\/a><\/td>\n<td><a href=\"https:\/\/vapris.vvkt.lt\/vvkt-web\/public\/medications\/view\/13563\" target=\"_blank\" rel=\"noopener\">Nor\u0101de<\/a><\/td>\n<\/tr>\n<\/tbody>\n<\/table>\n<p>[\/et_pb_text][\/et_pb_column][\/et_pb_row][\/et_pb_section]<\/p>\n","protected":false},"excerpt":{"rendered":"<p>[et_pb_section fb_built=&#8221;1&#8243; fullwidth=&#8221;on&#8221; _builder_version=&#8221;3.22&#8243;][et_pb_fullwidth_image src=&#8221;https:\/\/www.norameda.com\/wp-content\/uploads\/2018\/01\/about-slider-mini.jpg&#8221; _builder_version=&#8221;3.0.92&#8243; background_size=&#8221;initial&#8221; background_position=&#8221;top_left&#8221; background_repeat=&#8221;repeat&#8221;][\/et_pb_fullwidth_image][\/et_pb_section][et_pb_section fb_built=&#8221;1&#8243; module_class=&#8221;yoastBreadcrumb&#8221; _builder_version=&#8221;3.0.98&#8243; global_module=&#8221;1855&#8243;][et_pb_row _builder_version=&#8221;3.25&#8243; background_size=&#8221;initial&#8221; background_position=&#8221;top_left&#8221; background_repeat=&#8221;repeat&#8221;][et_pb_column type=&#8221;4_4&#8243; _builder_version=&#8221;3.25&#8243; custom_padding=&#8221;|||&#8221; custom_padding__hover=&#8221;|||&#8221;][et_pb_code admin_label=&#8221;Code&#8221; _builder_version=&#8221;4.9.2&#8243; width=&#8221;80%&#8221; max_width=&#8221;1080px&#8221;][\/et_pb_code][\/et_pb_column][\/et_pb_row][\/et_pb_section][et_pb_section fb_built=&#8221;1&#8243; _builder_version=&#8221;3.22&#8243; custom_padding=&#8221;50px|0px|13px|0px&#8221;][et_pb_row _builder_version=&#8221;3.25&#8243;][et_pb_column type=&#8221;4_4&#8243; _builder_version=&#8221;3.25&#8243; custom_padding=&#8221;|||&#8221; custom_padding__hover=&#8221;|||&#8221;][et_pb_cta title=&#8221;RECEP\u0160U&#8221; _builder_version=&#8221;3.16&#8243; header_font=&#8221;Roboto Condensed||||||||&#8221; header_text_color=&#8221;#5e5e5e&#8221; header_font_size=&#8221;36&#8243; use_background_color=&#8221;off&#8221; text_orientation=&#8221;left&#8221; background_layout=&#8221;light&#8221; button_text_size__hover_enabled=&#8221;off&#8221; button_one_text_size__hover_enabled=&#8221;off&#8221; button_two_text_size__hover_enabled=&#8221;off&#8221; button_text_color__hover_enabled=&#8221;off&#8221; button_one_text_color__hover_enabled=&#8221;off&#8221; button_two_text_color__hover_enabled=&#8221;off&#8221; button_border_width__hover_enabled=&#8221;off&#8221; button_one_border_width__hover_enabled=&#8221;off&#8221; button_two_border_width__hover_enabled=&#8221;off&#8221; button_border_color__hover_enabled=&#8221;off&#8221; button_one_border_color__hover_enabled=&#8221;off&#8221; button_two_border_color__hover_enabled=&#8221;off&#8221; button_border_radius__hover_enabled=&#8221;off&#8221; [&hellip;]<\/p>\n","protected":false},"author":1,"featured_media":0,"parent":4016,"menu_order":0,"comment_status":"closed","ping_status":"closed","template":"","meta":{"_et_pb_use_builder":"on","_et_pb_old_content":"","_et_gb_content_width":"","inline_featured_image":false,"_links_to":"","_links_to_target":""},"_links":{"self":[{"href":"https:\/\/www.norameda.com\/lv\/wp-json\/wp\/v2\/pages\/4067"}],"collection":[{"href":"https:\/\/www.norameda.com\/lv\/wp-json\/wp\/v2\/pages"}],"about":[{"href":"https:\/\/www.norameda.com\/lv\/wp-json\/wp\/v2\/types\/page"}],"author":[{"embeddable":true,"href":"https:\/\/www.norameda.com\/lv\/wp-json\/wp\/v2\/users\/1"}],"replies":[{"embeddable":true,"href":"https:\/\/www.norameda.com\/lv\/wp-json\/wp\/v2\/comments?post=4067"}],"version-history":[{"count":4,"href":"https:\/\/www.norameda.com\/lv\/wp-json\/wp\/v2\/pages\/4067\/revisions"}],"predecessor-version":[{"id":7763,"href":"https:\/\/www.norameda.com\/lv\/wp-json\/wp\/v2\/pages\/4067\/revisions\/7763"}],"up":[{"embeddable":true,"href":"https:\/\/www.norameda.com\/lv\/wp-json\/wp\/v2\/pages\/4016"}],"wp:attachment":[{"href":"https:\/\/www.norameda.com\/lv\/wp-json\/wp\/v2\/media?parent=4067"}],"curies":[{"name":"wp","href":"https:\/\/api.w.org\/{rel}","templated":true}]}}