{"id":4292,"date":"2019-05-15T18:31:14","date_gmt":"2019-05-15T15:31:14","guid":{"rendered":"https:\/\/www.norameda.com\/fakty\/"},"modified":"2023-01-17T10:51:30","modified_gmt":"2023-01-17T08:51:30","slug":"fakty","status":"publish","type":"page","link":"https:\/\/www.norameda.com\/pl\/fakty\/","title":{"rendered":"Fakty"},"content":{"rendered":"<p>[et_pb_section fb_built=&#8221;1&#8243; fullwidth=&#8221;on&#8221; _builder_version=&#8221;3.22&#8243;][et_pb_fullwidth_image src=&#8221;https:\/\/www.norameda.com\/wp-content\/uploads\/2018\/08\/apie-mus-headeris.png&#8221; _builder_version=&#8221;3.9&#8243;][\/et_pb_fullwidth_image][\/et_pb_section][et_pb_section fb_built=&#8221;1&#8243; module_class=&#8221;yoastBreadcrumb&#8221; _builder_version=&#8221;3.22&#8243;][et_pb_row _builder_version=&#8221;3.25&#8243; background_size=&#8221;initial&#8221; background_position=&#8221;top_left&#8221; background_repeat=&#8221;repeat&#8221;][et_pb_column type=&#8221;4_4&#8243; _builder_version=&#8221;3.25&#8243; custom_padding=&#8221;|||&#8221; custom_padding__hover=&#8221;|||&#8221;][et_pb_code]<span><span><a href=\"https:\/\/www.norameda.com\/pl\/\">Strona G\u0142\u00f3wna<\/a><\/span>[\/et_pb_code][\/et_pb_column][\/et_pb_row][\/et_pb_section][et_pb_section fb_built=&#8221;1&#8243; _builder_version=&#8221;3.22&#8243; custom_padding=&#8221;50px|0px|13px|0px&#8221;][et_pb_row _builder_version=&#8221;3.25&#8243;][et_pb_column type=&#8221;4_4&#8243; _builder_version=&#8221;3.25&#8243; custom_padding=&#8221;|||&#8221; custom_padding__hover=&#8221;|||&#8221;][et_pb_cta title=&#8221;FAKTY&#8221; _builder_version=&#8221;3.16&#8243; header_font=&#8221;Roboto Condensed||||||||&#8221; header_text_color=&#8221;#5e5e5e&#8221; header_font_size=&#8221;36&#8243; use_background_color=&#8221;off&#8221; text_orientation=&#8221;left&#8221; background_layout=&#8221;light&#8221; button_text_size__hover_enabled=&#8221;off&#8221; button_text_size__hover=&#8221;null&#8221; button_one_text_size__hover_enabled=&#8221;off&#8221; button_one_text_size__hover=&#8221;null&#8221; button_two_text_size__hover_enabled=&#8221;off&#8221; button_two_text_size__hover=&#8221;null&#8221; button_text_color__hover_enabled=&#8221;off&#8221; button_text_color__hover=&#8221;null&#8221; button_one_text_color__hover_enabled=&#8221;off&#8221; button_one_text_color__hover=&#8221;null&#8221; button_two_text_color__hover_enabled=&#8221;off&#8221; button_two_text_color__hover=&#8221;null&#8221; button_border_width__hover_enabled=&#8221;off&#8221; button_border_width__hover=&#8221;null&#8221; button_one_border_width__hover_enabled=&#8221;off&#8221; button_one_border_width__hover=&#8221;null&#8221; button_two_border_width__hover_enabled=&#8221;off&#8221; button_two_border_width__hover=&#8221;null&#8221; button_border_color__hover_enabled=&#8221;off&#8221; button_border_color__hover=&#8221;null&#8221; button_one_border_color__hover_enabled=&#8221;off&#8221; button_one_border_color__hover=&#8221;null&#8221; button_two_border_color__hover_enabled=&#8221;off&#8221; button_two_border_color__hover=&#8221;null&#8221; button_border_radius__hover_enabled=&#8221;off&#8221; button_border_radius__hover=&#8221;null&#8221; button_one_border_radius__hover_enabled=&#8221;off&#8221; button_one_border_radius__hover=&#8221;null&#8221; button_two_border_radius__hover_enabled=&#8221;off&#8221; button_two_border_radius__hover=&#8221;null&#8221; button_letter_spacing__hover_enabled=&#8221;off&#8221; button_letter_spacing__hover=&#8221;null&#8221; button_one_letter_spacing__hover_enabled=&#8221;off&#8221; button_one_letter_spacing__hover=&#8221;null&#8221; button_two_letter_spacing__hover_enabled=&#8221;off&#8221; button_two_letter_spacing__hover=&#8221;null&#8221; button_bg_color__hover_enabled=&#8221;off&#8221; button_bg_color__hover=&#8221;null&#8221; button_one_bg_color__hover_enabled=&#8221;off&#8221; button_one_bg_color__hover=&#8221;null&#8221; button_two_bg_color__hover_enabled=&#8221;off&#8221; button_two_bg_color__hover=&#8221;null&#8221;][\/et_pb_cta][\/et_pb_column][\/et_pb_row][\/et_pb_section][et_pb_section fb_built=&#8221;1&#8243; _builder_version=&#8221;3.22&#8243; custom_padding=&#8221;40px|||&#8221;][et_pb_row _builder_version=&#8221;3.25&#8243; background_size=&#8221;initial&#8221; background_position=&#8221;top_left&#8221; background_repeat=&#8221;repeat&#8221;][et_pb_column type=&#8221;4_4&#8243; _builder_version=&#8221;3.25&#8243; custom_padding=&#8221;|||&#8221; custom_padding__hover=&#8221;|||&#8221;][et_pb_text _builder_version=&#8221;3.27.4&#8243;]<\/p>\n<div style=\"font-size: 26px;font-weight: 400;text-transform: uppercase\">Sprzeda\u017c<\/div>\n<p>[\/et_pb_text][et_pb_text _builder_version=&#8221;4.9.2&#8243; hover_enabled=&#8221;0&#8243; sticky_enabled=&#8221;0&#8243;]<\/p>\n<p class=\"p1\">Norameda to jedna z najszybciej rozwijaj\u0105cych si\u0119 firm farmaceutycznych w krajach ba\u0142tyckich. W 2021 roku obroty si\u0119gn\u0119\u0142y 25,75 mln euro \u2013 a\u017c o 12 procent wzrostu w stosunku do 2020 roku.<\/p>\n<p>[\/et_pb_text][\/et_pb_column][\/et_pb_row][\/et_pb_section][et_pb_section fb_built=&#8221;1&#8243; _builder_version=&#8221;3.22&#8243; custom_padding=&#8221;||40px|&#8221;][et_pb_row column_structure=&#8221;1_2,1_2&#8243; _builder_version=&#8221;4.9.2&#8243; background_size=&#8221;initial&#8221; background_position=&#8221;top_left&#8221; background_repeat=&#8221;repeat&#8221; hover_enabled=&#8221;0&#8243; sticky_enabled=&#8221;0&#8243;][et_pb_column type=&#8221;1_2&#8243; _builder_version=&#8221;3.25&#8243; custom_padding=&#8221;|||&#8221; custom_padding__hover=&#8221;|||&#8221;][et_pb_code _builder_version=&#8221;4.9.2&#8243; hover_enabled=&#8221;0&#8243; z_index_tablet=&#8221;500&#8243; sticky_enabled=&#8221;0&#8243;]<div class=\"ninja-charts-customize_1479700806_15\" >\n    <div id=\"ninja-charts-container\"\n         class=\"ninja-charts-chart-js-container\"\n         style='\n                height: 400px;\n                width: auto;\n                background-color: #ffffff;\n                border: 0px solid #000000 ;\n                border-radius: 0px;'\n         data-id=\"15\"\n         data-uniqid=\"_1479700806_15\"\n             >\n    <canvas\n        id= \"ninja_charts_instance_1479700806_15\"\n>\n    <\/canvas>\n    <\/div>\n<\/div>\n[\/et_pb_code][\/et_pb_column][et_pb_column type=&#8221;1_2&#8243; _builder_version=&#8221;3.25&#8243; custom_padding=&#8221;|||&#8221; custom_padding__hover=&#8221;|||&#8221;][et_pb_code _builder_version=&#8221;4.9.2&#8243; _module_preset=&#8221;default&#8221; hover_enabled=&#8221;0&#8243; sticky_enabled=&#8221;0&#8243;]<div class=\"ninja-charts-customize_917043100_16\" >\n    <div id=\"ninja-charts-container\"\n         class=\"ninja-charts-chart-js-container\"\n         style='\n                height: 400px;\n                width: auto;\n                background-color: #ffffff;\n                border: 0px solid #000000 ;\n                border-radius: 0px;'\n         data-id=\"16\"\n         data-uniqid=\"_917043100_16\"\n             >\n    <canvas\n        id= \"ninja_charts_instance_917043100_16\"\n>\n    <\/canvas>\n    <\/div>\n<\/div>\n[\/et_pb_code][\/et_pb_column][\/et_pb_row][\/et_pb_section][et_pb_section fb_built=&#8221;1&#8243; _builder_version=&#8221;3.22&#8243; background_color=&#8221;#f9fafb&#8221; custom_padding=&#8221;40px|||&#8221;][et_pb_row _builder_version=&#8221;3.25&#8243; background_size=&#8221;initial&#8221; background_position=&#8221;top_left&#8221; background_repeat=&#8221;repeat&#8221;][et_pb_column type=&#8221;4_4&#8243; _builder_version=&#8221;3.25&#8243; custom_padding=&#8221;|||&#8221; custom_padding__hover=&#8221;|||&#8221;][et_pb_text _builder_version=&#8221;3.27.4&#8243;]<\/p>\n<div style=\"font-size: 26px;font-weight: 400;text-transform: uppercase\">Personel<\/div>\n<p>[\/et_pb_text][et_pb_text _builder_version=&#8221;4.9.2&#8243; hover_enabled=&#8221;0&#8243; sticky_enabled=&#8221;0&#8243;]<\/p>\n<p class=\"p1\">Zesp\u00f3\u0142 Norameda sk\u0142ada si\u0119 z 49 pracownik\u00f3w, z czego wi\u0119kszo\u015b\u0107, bo 34 (69,4%), pracuje na Litwie. W oddziale na \u0141otwie pracuje 7 os\u00f3b, w Estonii 6 os\u00f3b, a w Polsce dw\u00f3ch pracownik\u00f3w.<\/p>\n<p>[\/et_pb_text][\/et_pb_column][\/et_pb_row][\/et_pb_section][et_pb_section fb_built=&#8221;1&#8243; _builder_version=&#8221;3.22&#8243; background_color=&#8221;#f9fafb&#8221; custom_padding=&#8221;||40px|&#8221;][et_pb_row column_structure=&#8221;2_3,1_3&#8243; _builder_version=&#8221;3.25&#8243; background_size=&#8221;initial&#8221; background_position=&#8221;top_left&#8221; background_repeat=&#8221;repeat&#8221;][et_pb_column type=&#8221;2_3&#8243; _builder_version=&#8221;3.25&#8243; custom_padding=&#8221;|||&#8221; custom_padding__hover=&#8221;|||&#8221;][et_pb_code _builder_version=&#8221;4.9.2&#8243; hover_enabled=&#8221;0&#8243; z_index_tablet=&#8221;500&#8243; sticky_enabled=&#8221;0&#8243;]<div class=\"ninja-charts-customize_4070200_17\" >\n    <div id=\"ninja-charts-container\"\n         class=\"ninja-charts-chart-js-container\"\n         style='\n                height: 400px;\n                width: auto;\n                background-color: #ffffff;\n                border: 0px solid #000000 ;\n                border-radius: 0px;'\n         data-id=\"17\"\n         data-uniqid=\"_4070200_17\"\n             >\n    <canvas\n        id= \"ninja_charts_instance_4070200_17\"\n>\n    <\/canvas>\n    <\/div>\n<\/div>\n[\/et_pb_code][\/et_pb_column][et_pb_column type=&#8221;1_3&#8243; _builder_version=&#8221;3.25&#8243; custom_padding=&#8221;|||&#8221; custom_padding__hover=&#8221;|||&#8221;][et_pb_image src=&#8221;https:\/\/www.norameda.com\/wp-content\/uploads\/2018\/08\/faktai-personalas-norameda.jpg&#8221; align=&#8221;center&#8221; align_tablet=&#8221;center&#8221; align_phone=&#8221;&#8221; align_last_edited=&#8221;on|desktop&#8221; _builder_version=&#8221;3.23&#8243;][\/et_pb_image][\/et_pb_column][\/et_pb_row][\/et_pb_section][et_pb_section fb_built=&#8221;1&#8243; _builder_version=&#8221;4.9.2&#8243; custom_padding=&#8221;40px|||&#8221; hover_enabled=&#8221;0&#8243; sticky_enabled=&#8221;0&#8243;][et_pb_row _builder_version=&#8221;3.25&#8243; background_size=&#8221;initial&#8221; background_position=&#8221;top_left&#8221; background_repeat=&#8221;repeat&#8221;][et_pb_column type=&#8221;4_4&#8243; _builder_version=&#8221;3.25&#8243; custom_padding=&#8221;|||&#8221; custom_padding__hover=&#8221;|||&#8221;][et_pb_text _builder_version=&#8221;3.27.4&#8243;]<\/p>\n<div style=\"font-size: 26px;font-weight: 400;text-transform: uppercase\">Umowy partnerskie<\/div>\n<p>[\/et_pb_text][et_pb_text _builder_version=&#8221;4.9.2&#8243; hover_enabled=&#8221;0&#8243; sticky_enabled=&#8221;0&#8243;]<\/p>\n<p class=\"p1\">Obecnie Norameda wsp\u00f3\u0142pracuje z 42 partnerami z r\u00f3\u017cnych kraj\u00f3w \u015bwiata.<\/p>\n<p>[\/et_pb_text][\/et_pb_column][\/et_pb_row][\/et_pb_section][et_pb_section fb_built=&#8221;1&#8243; _builder_version=&#8221;3.22&#8243; custom_padding=&#8221;||40px|&#8221;][et_pb_row column_structure=&#8221;3_5,2_5&#8243; _builder_version=&#8221;4.9.2&#8243; background_size=&#8221;initial&#8221; background_position=&#8221;top_left&#8221; background_repeat=&#8221;repeat&#8221; hover_enabled=&#8221;0&#8243; sticky_enabled=&#8221;0&#8243;][et_pb_column _builder_version=&#8221;4.9.2&#8243; _module_preset=&#8221;default&#8221; type=&#8221;3_5&#8243; hover_enabled=&#8221;0&#8243; sticky_enabled=&#8221;0&#8243;][et_pb_code _builder_version=&#8221;4.9.2&#8243; _module_preset=&#8221;default&#8221; hover_enabled=&#8221;0&#8243; sticky_enabled=&#8221;0&#8243;]<div class=\"ninja-charts-customize_747248053_18\" >\n    <div id=\"ninja-charts-container\"\n         class=\"ninja-charts-chart-js-container\"\n         style='\n                height: 400px;\n                width: auto;\n                background-color: #ffffff;\n                border: 0px solid #000000 ;\n                border-radius: 0px;'\n         data-id=\"18\"\n         data-uniqid=\"_747248053_18\"\n             >\n    <canvas\n        id= \"ninja_charts_instance_747248053_18\"\n>\n    <\/canvas>\n    <\/div>\n<\/div>\n[\/et_pb_code][\/et_pb_column][et_pb_column type=&#8221;2_5&#8243; _builder_version=&#8221;3.25&#8243; custom_padding=&#8221;|||&#8221; custom_padding__hover=&#8221;|||&#8221;][et_pb_image src=&#8221;https:\/\/www.norameda.com\/wp-content\/uploads\/2018\/08\/faktai-partneryste-norameda.jpg&#8221; align=&#8221;center&#8221; align_tablet=&#8221;center&#8221; align_phone=&#8221;&#8221; align_last_edited=&#8221;on|desktop&#8221; _builder_version=&#8221;3.23&#8243;][\/et_pb_image][\/et_pb_column][\/et_pb_row][\/et_pb_section][et_pb_section fb_built=&#8221;1&#8243; disabled_on=&#8221;on|on|on&#8221; _builder_version=&#8221;4.9.2&#8243; background_color=&#8221;#f9fafb&#8221; custom_padding=&#8221;40px||40px|&#8221; disabled=&#8221;on&#8221;][et_pb_row _builder_version=&#8221;3.25&#8243; background_size=&#8221;initial&#8221; background_position=&#8221;top_left&#8221; background_repeat=&#8221;repeat&#8221;][et_pb_column type=&#8221;4_4&#8243; _builder_version=&#8221;3.25&#8243; custom_padding=&#8221;|||&#8221; custom_padding__hover=&#8221;|||&#8221;][et_pb_text _builder_version=&#8221;3.27.4&#8243;]<\/p>\n<div style=\"font-size: 26px;font-weight: 400;text-transform: uppercase\">Rynki dzia\u0142alno\u015bci Noramedy<\/div>\n<p>[\/et_pb_text][et_pb_text _builder_version=&#8221;3.27.4&#8243;]Terytorium dzia\u0142alno\u015bci Noramedy obejmuje 9 kraj\u00f3w, kt\u00f3rych \u0142\u0105czna warto\u015b\u0107 rynku farmaceutycznego wynosi 13&#8217;934&#8217;501 mln EUR, przy \u015brednim rocznym wzro\u015bcie 3,72%. Roczna stopa wzrostu Noramedy wynosi z kolei 27,14%, co pozwala firmie umacnia\u0107 swoj\u0105 pozycj\u0119 na rynkach docelowych wszystkich kraj\u00f3w.<br \/>\n[\/et_pb_text][\/et_pb_column][\/et_pb_row][et_pb_row column_structure=&#8221;1_3,1_3,1_3&#8243; _builder_version=&#8221;3.25&#8243; custom_padding=&#8221;26px|||&#8221;][et_pb_column type=&#8221;1_3&#8243; _builder_version=&#8221;3.25&#8243; custom_padding=&#8221;|||&#8221; custom_padding__hover=&#8221;|||&#8221;][et_pb_code _builder_version=&#8221;3.24&#8243; z_index_tablet=&#8221;500&#8243;]<div class=\"visualizer-front-container\"><style type=\"text\/css\" name=\"visualizer-custom-css\" id=\"customcss-visualizer-2836\">.locker,.locker-loader{position:absolute;top:0;left:0;width:100%;height:100%}.locker{z-index:1000;opacity:.8;background-color:#fff;-ms-filter:\"progid:DXImageTransform.Microsoft.Alpha(Opacity=80)\";filter:alpha(opacity=80)}.locker-loader{z-index:1001;background:url(https:\/\/www.norameda.com\/wp-content\/plugins\/visualizer\/images\/ajax-loader.gif) no-repeat center center}.dt-button{display:none!important}.visualizer-front-container.visualizer-lazy-render{content-visibility: auto;}<\/style><div id=\"visualizer-2836-1946130176\" class=\"visualizer-front  visualizer-front-2836\"><\/div><!-- Not showing structured data for chart 2836 because title is empty --><\/div>[\/et_pb_code][\/et_pb_column][et_pb_column type=&#8221;1_3&#8243; _builder_version=&#8221;3.25&#8243; custom_padding=&#8221;|||&#8221; custom_padding__hover=&#8221;|||&#8221;][et_pb_code _builder_version=&#8221;3.24&#8243; z_index_tablet=&#8221;500&#8243;]<div class=\"visualizer-front-container\"><style type=\"text\/css\" name=\"visualizer-custom-css\" id=\"customcss-visualizer-5369\">.locker,.locker-loader{position:absolute;top:0;left:0;width:100%;height:100%}.locker{z-index:1000;opacity:.8;background-color:#fff;-ms-filter:\"progid:DXImageTransform.Microsoft.Alpha(Opacity=80)\";filter:alpha(opacity=80)}.locker-loader{z-index:1001;background:url(https:\/\/www.norameda.com\/wp-content\/plugins\/visualizer\/images\/ajax-loader.gif) no-repeat center center}.dt-button{display:none!important}.visualizer-front-container.visualizer-lazy-render{content-visibility: auto;}<\/style><div id=\"visualizer-5369-251284060\" class=\"visualizer-front  visualizer-front-5369\"><\/div><!-- Not showing structured data for chart 5369 because title is empty --><\/div>[\/et_pb_code][\/et_pb_column][et_pb_column type=&#8221;1_3&#8243; _builder_version=&#8221;3.25&#8243; custom_padding=&#8221;|||&#8221; custom_padding__hover=&#8221;|||&#8221;][et_pb_image src=&#8221;https:\/\/www.norameda.com\/wp-content\/uploads\/2018\/08\/faktai-veikla-norameda.jpg&#8221; align=&#8221;center&#8221; align_tablet=&#8221;center&#8221; align_phone=&#8221;&#8221; align_last_edited=&#8221;on|desktop&#8221; _builder_version=&#8221;3.23&#8243;][\/et_pb_image][\/et_pb_column][\/et_pb_row][et_pb_row _builder_version=&#8221;3.25&#8243; background_size=&#8221;initial&#8221; background_position=&#8221;top_left&#8221; background_repeat=&#8221;repeat&#8221;][et_pb_column type=&#8221;4_4&#8243; _builder_version=&#8221;3.25&#8243; custom_padding=&#8221;|||&#8221; custom_padding__hover=&#8221;|||&#8221;][et_pb_code _builder_version=&#8221;3.24&#8243; z_index_tablet=&#8221;500&#8243;]<\/p>\n<div style=\"height: 15px; width: 30px; background: #4aadda; display: inline-block; margin-right: 5px;\"><\/div>\n<div style=\"display: inline-block\">Wielko\u015b\u0107 rynku (Eur)<\/div>\n<p><!-- [et_pb_line_break_holder] --><\/p>\n<div style=\"height: 15px; width: 30px; background: #f5a847; display: inline-block; margin-right: 5px;\"><\/div>\n<div style=\"display: inline-block\">Wzrost rynku (%)<\/div>\n<p>[\/et_pb_code][\/et_pb_column][\/et_pb_row][\/et_pb_section][et_pb_section fb_built=&#8221;1&#8243; _builder_version=&#8221;3.22&#8243; custom_padding=&#8221;40px|||&#8221;][et_pb_row _builder_version=&#8221;3.25&#8243; background_size=&#8221;initial&#8221; background_position=&#8221;top_left&#8221; background_repeat=&#8221;repeat&#8221;][et_pb_column type=&#8221;4_4&#8243; _builder_version=&#8221;3.25&#8243; custom_padding=&#8221;|||&#8221; custom_padding__hover=&#8221;|||&#8221;][et_pb_text _builder_version=&#8221;3.27.4&#8243;]<\/p>\n<div style=\"font-size: 26px;font-weight: 400;text-transform: uppercase\">Oferta produkt\u00f3w<\/div>\n<p>[\/et_pb_text][et_pb_text _builder_version=&#8221;4.9.2&#8243; hover_enabled=&#8221;0&#8243; sticky_enabled=&#8221;0&#8243;]<\/p>\n<p class=\"p1\">Norameda oferuje ponad 300 produkt\u00f3w, z czego najwi\u0119ksz\u0105 cz\u0119\u015b\u0107 stanowi\u0105 leki na recept\u0119 (39,7%) i szpitalne (32,1%). Leki bez recepty stanowi\u0105 20,9% asortymentu, a wyroby medyczne i leki specjalistyczne odpowiednio 5% i 2,3%.<\/p>\n<p>[\/et_pb_text][\/et_pb_column][\/et_pb_row][\/et_pb_section][et_pb_section fb_built=&#8221;1&#8243; _builder_version=&#8221;3.22&#8243; custom_padding=&#8221;||40px|&#8221;][et_pb_row column_structure=&#8221;2_3,1_3&#8243; _builder_version=&#8221;3.25&#8243; background_size=&#8221;initial&#8221; background_position=&#8221;top_left&#8221; background_repeat=&#8221;repeat&#8221;][et_pb_column type=&#8221;2_3&#8243; _builder_version=&#8221;3.25&#8243; custom_padding=&#8221;|||&#8221; custom_padding__hover=&#8221;|||&#8221;][et_pb_code _builder_version=&#8221;4.9.2&#8243; hover_enabled=&#8221;0&#8243; z_index_tablet=&#8221;500&#8243; sticky_enabled=&#8221;0&#8243;]<div class=\"ninja-charts-customize_75777057_19\" >\n    <div id=\"ninja-charts-container\"\n         class=\"ninja-charts-chart-js-container\"\n         style='\n                height: 400px;\n                width: auto;\n                background-color: #ffffff;\n                border: 0px solid #000000 ;\n                border-radius: 0px;'\n         data-id=\"19\"\n         data-uniqid=\"_75777057_19\"\n             >\n    <canvas\n        id= \"ninja_charts_instance_75777057_19\"\n>\n    <\/canvas>\n    <\/div>\n<\/div>\n[\/et_pb_code][\/et_pb_column][et_pb_column type=&#8221;1_3&#8243; _builder_version=&#8221;3.25&#8243; custom_padding=&#8221;|||&#8221; custom_padding__hover=&#8221;|||&#8221;][et_pb_image src=&#8221;https:\/\/www.norameda.com\/wp-content\/uploads\/2018\/08\/faktai-produktai-norameda.jpg&#8221; align=&#8221;center&#8221; align_tablet=&#8221;center&#8221; align_phone=&#8221;&#8221; align_last_edited=&#8221;on|desktop&#8221; _builder_version=&#8221;3.23&#8243;][\/et_pb_image][\/et_pb_column][\/et_pb_row][\/et_pb_section][et_pb_section fb_built=&#8221;1&#8243; _builder_version=&#8221;3.22&#8243; background_color=&#8221;#f9fafb&#8221; custom_padding=&#8221;40px|||&#8221;][et_pb_row _builder_version=&#8221;3.25&#8243; background_size=&#8221;initial&#8221; background_position=&#8221;top_left&#8221; background_repeat=&#8221;repeat&#8221;][et_pb_column type=&#8221;4_4&#8243; _builder_version=&#8221;3.25&#8243; custom_padding=&#8221;|||&#8221; custom_padding__hover=&#8221;|||&#8221;][et_pb_text _builder_version=&#8221;3.27.4&#8243;]<\/p>\n<div style=\"font-size: 26px;font-weight: 400;text-transform: uppercase\">Sprzeda\u017c wed\u0142ug obszar\u00f3w terapeutycznych<\/div>\n<p>[\/et_pb_text][et_pb_text _builder_version=&#8221;4.9.2&#8243; hover_enabled=&#8221;0&#8243; sticky_enabled=&#8221;0&#8243;]<\/p>\n<p class=\"p1\">Prawie po\u0142owa sprzeda\u017cy, liczona wed\u0142ug obszar\u00f3w terapeutycznych to leki stosowane w leczeniu chor\u00f3b uk\u0142adu oddechowego. Leki na uk\u0142ad mi\u0119\u015bniowo-szkieletowy i leki onkologiczne generuj\u0105 mniej wi\u0119cej r\u00f3wne cz\u0119\u015bci ca\u0142ej sprzeda\u017cy i razem stanowi\u0105 oko\u0142o jednej czwartej ca\u0142kowitej sprzeda\u017cy Norameda. Pozosta\u0142\u0105 cz\u0119\u015b\u0107 stanowi\u0105 inne produkty.<\/p>\n<p>[\/et_pb_text][\/et_pb_column][\/et_pb_row][\/et_pb_section][et_pb_section fb_built=&#8221;1&#8243; _builder_version=&#8221;3.22&#8243; background_color=&#8221;#f9fafb&#8221; custom_padding=&#8221;||40px|&#8221;][et_pb_row column_structure=&#8221;1_2,1_2&#8243; _builder_version=&#8221;3.25&#8243; background_size=&#8221;initial&#8221; background_position=&#8221;top_left&#8221; background_repeat=&#8221;repeat&#8221;][et_pb_column type=&#8221;1_2&#8243; _builder_version=&#8221;3.25&#8243; custom_padding=&#8221;|||&#8221; custom_padding__hover=&#8221;|||&#8221;][et_pb_code _builder_version=&#8221;4.9.2&#8243; hover_enabled=&#8221;0&#8243; z_index_tablet=&#8221;500&#8243; sticky_enabled=&#8221;0&#8243;]<div class=\"ninja-charts-google-container\"\n     data-id=\"20\"\n     data-uniqid=\"_1038116929_20\"\n>\n    <div id= \"ninja_charts_instance_1038116929_20\"\n         style='\n             height: 400px;\n             width: auto;\n             '\n    ><\/div>\n<\/div>\n[\/et_pb_code][\/et_pb_column][et_pb_column type=&#8221;1_2&#8243; _builder_version=&#8221;3.25&#8243; custom_padding=&#8221;|||&#8221; custom_padding__hover=&#8221;|||&#8221;][et_pb_image src=&#8221;https:\/\/www.norameda.com\/wp-content\/uploads\/2018\/08\/faktai-pardavimai-norameda.jpg&#8221; align=&#8221;center&#8221; align_tablet=&#8221;center&#8221; align_phone=&#8221;&#8221; align_last_edited=&#8221;on|desktop&#8221; _builder_version=&#8221;3.23&#8243;][\/et_pb_image][\/et_pb_column][\/et_pb_row][\/et_pb_section]<\/p>\n","protected":false},"excerpt":{"rendered":"<p>[et_pb_section fb_built=&#8221;1&#8243; fullwidth=&#8221;on&#8221; _builder_version=&#8221;3.22&#8243;][et_pb_fullwidth_image src=&#8221;https:\/\/www.norameda.com\/wp-content\/uploads\/2018\/08\/apie-mus-headeris.png&#8221; _builder_version=&#8221;3.9&#8243;][\/et_pb_fullwidth_image][\/et_pb_section][et_pb_section fb_built=&#8221;1&#8243; module_class=&#8221;yoastBreadcrumb&#8221; _builder_version=&#8221;3.22&#8243;][et_pb_row _builder_version=&#8221;3.25&#8243; background_size=&#8221;initial&#8221; background_position=&#8221;top_left&#8221; background_repeat=&#8221;repeat&#8221;][et_pb_column type=&#8221;4_4&#8243; _builder_version=&#8221;3.25&#8243; custom_padding=&#8221;|||&#8221; custom_padding__hover=&#8221;|||&#8221;][et_pb_code][\/et_pb_code][\/et_pb_column][\/et_pb_row][\/et_pb_section][et_pb_section fb_built=&#8221;1&#8243; _builder_version=&#8221;3.22&#8243; custom_padding=&#8221;50px|0px|13px|0px&#8221;][et_pb_row _builder_version=&#8221;3.25&#8243;][et_pb_column type=&#8221;4_4&#8243; _builder_version=&#8221;3.25&#8243; custom_padding=&#8221;|||&#8221; custom_padding__hover=&#8221;|||&#8221;][et_pb_cta title=&#8221;FAKTY&#8221; _builder_version=&#8221;3.16&#8243; header_font=&#8221;Roboto Condensed||||||||&#8221; header_text_color=&#8221;#5e5e5e&#8221; header_font_size=&#8221;36&#8243; use_background_color=&#8221;off&#8221; text_orientation=&#8221;left&#8221; background_layout=&#8221;light&#8221; button_text_size__hover_enabled=&#8221;off&#8221; button_text_size__hover=&#8221;null&#8221; button_one_text_size__hover_enabled=&#8221;off&#8221; button_one_text_size__hover=&#8221;null&#8221; button_two_text_size__hover_enabled=&#8221;off&#8221; button_two_text_size__hover=&#8221;null&#8221; button_text_color__hover_enabled=&#8221;off&#8221; button_text_color__hover=&#8221;null&#8221; button_one_text_color__hover_enabled=&#8221;off&#8221; button_one_text_color__hover=&#8221;null&#8221; button_two_text_color__hover_enabled=&#8221;off&#8221; button_two_text_color__hover=&#8221;null&#8221; button_border_width__hover_enabled=&#8221;off&#8221; button_border_width__hover=&#8221;null&#8221; button_one_border_width__hover_enabled=&#8221;off&#8221; button_one_border_width__hover=&#8221;null&#8221; button_two_border_width__hover_enabled=&#8221;off&#8221; button_two_border_width__hover=&#8221;null&#8221; button_border_color__hover_enabled=&#8221;off&#8221; button_border_color__hover=&#8221;null&#8221; button_one_border_color__hover_enabled=&#8221;off&#8221; [&hellip;]<\/p>\n","protected":false},"author":1,"featured_media":0,"parent":0,"menu_order":0,"comment_status":"closed","ping_status":"closed","template":"","meta":{"_et_pb_use_builder":"on","_et_pb_old_content":"","_et_gb_content_width":"","inline_featured_image":false,"_links_to":"","_links_to_target":""},"_links":{"self":[{"href":"https:\/\/www.norameda.com\/pl\/wp-json\/wp\/v2\/pages\/4292"}],"collection":[{"href":"https:\/\/www.norameda.com\/pl\/wp-json\/wp\/v2\/pages"}],"about":[{"href":"https:\/\/www.norameda.com\/pl\/wp-json\/wp\/v2\/types\/page"}],"author":[{"embeddable":true,"href":"https:\/\/www.norameda.com\/pl\/wp-json\/wp\/v2\/users\/1"}],"replies":[{"embeddable":true,"href":"https:\/\/www.norameda.com\/pl\/wp-json\/wp\/v2\/comments?post=4292"}],"version-history":[{"count":6,"href":"https:\/\/www.norameda.com\/pl\/wp-json\/wp\/v2\/pages\/4292\/revisions"}],"predecessor-version":[{"id":8171,"href":"https:\/\/www.norameda.com\/pl\/wp-json\/wp\/v2\/pages\/4292\/revisions\/8171"}],"wp:attachment":[{"href":"https:\/\/www.norameda.com\/pl\/wp-json\/wp\/v2\/media?parent=4292"}],"curies":[{"name":"wp","href":"https:\/\/api.w.org\/{rel}","templated":true}]}}