{"id":4301,"date":"2019-05-15T18:31:20","date_gmt":"2019-05-15T15:31:20","guid":{"rendered":"https:\/\/www.norameda.com\/na-recepte\/"},"modified":"2025-04-23T19:13:19","modified_gmt":"2025-04-23T16:13:19","slug":"na-recepte","status":"publish","type":"page","link":"https:\/\/www.norameda.com\/pl\/na-recepte\/","title":{"rendered":"Na recept\u0119"},"content":{"rendered":"<p>[et_pb_section fb_built=&#8221;1&#8243; fullwidth=&#8221;on&#8221; _builder_version=&#8221;3.22&#8243; da_is_popup=&#8221;off&#8221; da_exit_intent=&#8221;off&#8221; da_has_close=&#8221;on&#8221; da_alt_close=&#8221;off&#8221; da_dark_close=&#8221;off&#8221; da_not_modal=&#8221;on&#8221; da_is_singular=&#8221;off&#8221; da_with_loader=&#8221;off&#8221; da_has_shadow=&#8221;on&#8221; da_disable_devices=&#8221;off|off|off&#8221;][et_pb_fullwidth_image src=&#8221;https:\/\/www.norameda.com\/wp-content\/uploads\/2018\/08\/produktai-headeris.png&#8221; _builder_version=&#8221;3.9&#8243;][\/et_pb_fullwidth_image][\/et_pb_section][et_pb_section fb_built=&#8221;1&#8243; module_class=&#8221;yoastBreadcrumb&#8221; _builder_version=&#8221;3.22&#8243; da_is_popup=&#8221;off&#8221; da_exit_intent=&#8221;off&#8221; da_has_close=&#8221;on&#8221; da_alt_close=&#8221;off&#8221; da_dark_close=&#8221;off&#8221; da_not_modal=&#8221;on&#8221; da_is_singular=&#8221;off&#8221; da_with_loader=&#8221;off&#8221; da_has_shadow=&#8221;on&#8221; da_disable_devices=&#8221;off|off|off&#8221;][et_pb_row _builder_version=&#8221;3.25&#8243; background_size=&#8221;initial&#8221; background_position=&#8221;top_left&#8221; background_repeat=&#8221;repeat&#8221;][et_pb_column type=&#8221;4_4&#8243; _builder_version=&#8221;3.25&#8243; custom_padding=&#8221;|||&#8221; custom_padding__hover=&#8221;|||&#8221;][et_pb_code admin_label=&#8221;Code&#8221; _builder_version=&#8221;4.9.2&#8243; width=&#8221;80%&#8221; max_width=&#8221;1080px&#8221;]<span><span><a href=\"https:\/\/www.norameda.com\/pl\/\">Strona G\u0142\u00f3wna<\/a><\/span>[\/et_pb_code][\/et_pb_column][\/et_pb_row][\/et_pb_section][et_pb_section fb_built=&#8221;1&#8243; _builder_version=&#8221;3.22&#8243; custom_padding=&#8221;50px|0px|13px|0px&#8221; da_is_popup=&#8221;off&#8221; da_exit_intent=&#8221;off&#8221; da_has_close=&#8221;on&#8221; da_alt_close=&#8221;off&#8221; da_dark_close=&#8221;off&#8221; da_not_modal=&#8221;on&#8221; da_is_singular=&#8221;off&#8221; da_with_loader=&#8221;off&#8221; da_has_shadow=&#8221;on&#8221; da_disable_devices=&#8221;off|off|off&#8221;][et_pb_row _builder_version=&#8221;3.25&#8243;][et_pb_column type=&#8221;4_4&#8243; _builder_version=&#8221;3.25&#8243; custom_padding=&#8221;|||&#8221; custom_padding__hover=&#8221;|||&#8221;][et_pb_cta title=&#8221;NA RECEPT\u0118&#8221; _builder_version=&#8221;3.16&#8243; header_font=&#8221;Roboto Condensed||||||||&#8221; header_text_color=&#8221;#5e5e5e&#8221; header_font_size=&#8221;36&#8243; use_background_color=&#8221;off&#8221; text_orientation=&#8221;left&#8221; background_layout=&#8221;light&#8221; button_text_size__hover_enabled=&#8221;off&#8221; button_one_text_size__hover_enabled=&#8221;off&#8221; button_two_text_size__hover_enabled=&#8221;off&#8221; button_text_color__hover_enabled=&#8221;off&#8221; button_one_text_color__hover_enabled=&#8221;off&#8221; button_two_text_color__hover_enabled=&#8221;off&#8221; button_border_width__hover_enabled=&#8221;off&#8221; button_one_border_width__hover_enabled=&#8221;off&#8221; button_two_border_width__hover_enabled=&#8221;off&#8221; button_border_color__hover_enabled=&#8221;off&#8221; button_one_border_color__hover_enabled=&#8221;off&#8221; button_two_border_color__hover_enabled=&#8221;off&#8221; button_border_radius__hover_enabled=&#8221;off&#8221; button_one_border_radius__hover_enabled=&#8221;off&#8221; button_two_border_radius__hover_enabled=&#8221;off&#8221; button_letter_spacing__hover_enabled=&#8221;off&#8221; button_one_letter_spacing__hover_enabled=&#8221;off&#8221; button_two_letter_spacing__hover_enabled=&#8221;off&#8221; button_bg_color__hover_enabled=&#8221;off&#8221; button_one_bg_color__hover_enabled=&#8221;off&#8221; button_two_bg_color__hover_enabled=&#8221;off&#8221;][\/et_pb_cta][\/et_pb_column][\/et_pb_row][\/et_pb_section][et_pb_section fb_built=&#8221;1&#8243; module_class=&#8221;terapines&#8221; _builder_version=&#8221;3.22&#8243; background_color=&#8221;#f5f8fa&#8221; custom_css_main_element=&#8221;margin-bottom: 70px;||margin-top: 20px;&#8221; da_is_popup=&#8221;off&#8221; da_exit_intent=&#8221;off&#8221; da_has_close=&#8221;on&#8221; da_alt_close=&#8221;off&#8221; da_dark_close=&#8221;off&#8221; da_not_modal=&#8221;on&#8221; da_is_singular=&#8221;off&#8221; da_with_loader=&#8221;off&#8221; da_has_shadow=&#8221;on&#8221; da_disable_devices=&#8221;off|off|off&#8221;][et_pb_row module_class=&#8221;receptiniai eight-columns&#8221; _builder_version=&#8221;3.25&#8243; module_alignment=&#8221;center&#8221;][et_pb_column type=&#8221;4_4&#8243; _builder_version=&#8221;3.25&#8243; custom_padding=&#8221;|||&#8221; custom_padding__hover=&#8221;|||&#8221;][et_pb_blurb title=&#8221;Uk\u0142ad trawienny&#8221; url=&#8221;https:\/\/www.norameda.com\/pl\/obszary-terapeutyczne\/uklad-trawienny\/&#8221; image=&#8221;https:\/\/www.norameda.com\/wp-content\/uploads\/2018\/04\/virskinimui-m.png&#8221; disabled_on=&#8221;on|on|on&#8221; _builder_version=&#8221;4.9.2&#8243; disabled=&#8221;on&#8221;][\/et_pb_blurb][et_pb_blurb title=&#8221;Krew i uk\u0142ad krwiotw\u00f3rczy&#8221; url=&#8221;https:\/\/www.norameda.com\/pl\/obszary-terapeutyczne\/krew-i-uklad-krwiotworczy\/&#8221; image=&#8221;https:\/\/www.norameda.com\/wp-content\/uploads\/2018\/04\/kraujotakai-m.png&#8221; disabled_on=&#8221;on|on|on&#8221; _builder_version=&#8221;4.9.2&#8243; disabled=&#8221;on&#8221;][\/et_pb_blurb][et_pb_blurb title=&#8221;Uk\u0142ad sercowo-naczyniowy&#8221; url=&#8221;https:\/\/www.norameda.com\/pl\/obszary-terapeutyczne\/uklad-sercowo-naczyniowy\/&#8221; image=&#8221;https:\/\/www.norameda.com\/wp-content\/uploads\/2018\/04\/sirdziai-m.png&#8221; _builder_version=&#8221;4.9.2&#8243; hover_enabled=&#8221;0&#8243; disabled_on=&#8221;on|on|on&#8221; disabled=&#8221;on&#8221; sticky_enabled=&#8221;0&#8243;][\/et_pb_blurb][et_pb_blurb title=&#8221;Dermatologia&#8221; url=&#8221;https:\/\/www.norameda.com\/pl\/obszary-terapeutyczne\/dermatologia\/&#8221; image=&#8221;https:\/\/www.norameda.com\/wp-content\/uploads\/2018\/04\/odai-m.png&#8221; disabled_on=&#8221;on|on|on&#8221; _builder_version=&#8221;4.9.2&#8243; disabled=&#8221;on&#8221;][\/et_pb_blurb][et_pb_blurb title=&#8221;Ginekologia&#8221; url=&#8221;https:\/\/www.norameda.com\/pl\/obszary-terapeutyczne\/ginekologia\/&#8221; image=&#8221;https:\/\/www.norameda.com\/wp-content\/uploads\/2018\/04\/ginekologijai-m.png&#8221; disabled_on=&#8221;on|on|on&#8221; _builder_version=&#8221;4.9.2&#8243; disabled=&#8221;on&#8221;][\/et_pb_blurb][et_pb_blurb title=&#8221;Antybiotyki uk\u0142adowe&#8221; url=&#8221;https:\/\/www.norameda.com\/pl\/obszary-terapeutyczne\/antybiotyki-ukladowe\/&#8221; image=&#8221;https:\/\/www.norameda.com\/wp-content\/uploads\/2018\/04\/antibiotikai-m.png&#8221; disabled_on=&#8221;on|on|on&#8221; _builder_version=&#8221;4.9.2&#8243; disabled=&#8221;on&#8221;][\/et_pb_blurb][et_pb_blurb title=&#8221;Onkologia&#8221; url=&#8221;https:\/\/www.norameda.com\/pl\/obszary-terapeutyczne\/onkologia\/&#8221; image=&#8221;https:\/\/www.norameda.com\/wp-content\/uploads\/2018\/04\/onkologija-m.png&#8221; _builder_version=&#8221;4.9.2&#8243; hover_enabled=&#8221;0&#8243; disabled_on=&#8221;on|on|on&#8221; disabled=&#8221;on&#8221; sticky_enabled=&#8221;0&#8243;][\/et_pb_blurb][et_pb_blurb title=&#8221;Urologia&#8221; url=&#8221;https:\/\/www.norameda.com\/pl\/obszary-terapeutyczne\/urologia\/&#8221; image=&#8221;https:\/\/www.norameda.com\/wp-content\/uploads\/2022\/07\/icon_urologija_BLUE.gif&#8221; _builder_version=&#8221;4.9.2&#8243; hover_enabled=&#8221;0&#8243; disabled_on=&#8221;on|on|on&#8221; disabled=&#8221;on&#8221; sticky_enabled=&#8221;0&#8243;][\/et_pb_blurb][et_pb_blurb title=&#8221;Reumatologia&#8221; url=&#8221;https:\/\/www.norameda.com\/pl\/obszary-terapeutyczne\/reumatologia\/&#8221; image=&#8221;https:\/\/www.norameda.com\/wp-content\/uploads\/2018\/04\/sanariams-m.png&#8221; disabled_on=&#8221;on|on|on&#8221; _builder_version=&#8221;4.9.2&#8243; disabled=&#8221;on&#8221;][\/et_pb_blurb][\/et_pb_column][\/et_pb_row][et_pb_row module_class=&#8221;receptiniai eight-columns&#8221; _builder_version=&#8221;3.25&#8243; module_alignment=&#8221;center&#8221; custom_margin=&#8221;20px|||&#8221;][et_pb_column type=&#8221;4_4&#8243; _builder_version=&#8221;3.25&#8243; custom_padding=&#8221;|||&#8221; custom_padding__hover=&#8221;|||&#8221;][et_pb_blurb title=&#8221;CNS&#8221; url=&#8221;https:\/\/www.norameda.com\/pl\/obszary-terapeutyczne\/cns\/&#8221; image=&#8221;https:\/\/www.norameda.com\/wp-content\/uploads\/2018\/04\/cns.png&#8221; disabled_on=&#8221;on|on|on&#8221; _builder_version=&#8221;4.9.2&#8243; disabled=&#8221;on&#8221;][\/et_pb_blurb][et_pb_blurb title=&#8221;Uk\u0142ad oddechowy&#8221; url=&#8221;https:\/\/www.norameda.com\/pl\/obszary-terapeutyczne\/uklad-oddechowy\/&#8221; image=&#8221;https:\/\/www.norameda.com\/wp-content\/uploads\/2018\/04\/kvepavimui-m.png&#8221; disabled_on=&#8221;on|on|on&#8221; _builder_version=&#8221;4.9.2&#8243; disabled=&#8221;on&#8221;][\/et_pb_blurb][et_pb_blurb title=&#8221;Narz\u0105dy zmys\u0142\u00f3w&#8221; url=&#8221;https:\/\/www.norameda.com\/pl\/obszary-terapeutyczne\/narzady-zmyslow\/&#8221; image=&#8221;https:\/\/www.norameda.com\/wp-content\/uploads\/2018\/04\/jutimo-m.png&#8221; disabled_on=&#8221;on|on|on&#8221; _builder_version=&#8221;4.9.2&#8243; disabled=&#8221;on&#8221;][\/et_pb_blurb][et_pb_blurb title=&#8221;R\u00f3\u017cne grupy ATC&#8221; url=&#8221;https:\/\/www.norameda.com\/pl\/obszary-terapeutyczne\/rozne-grupy-atc\/&#8221; image=&#8221;https:\/\/www.norameda.com\/wp-content\/uploads\/2018\/04\/atc-m.png&#8221; disabled_on=&#8221;on|on|on&#8221; _builder_version=&#8221;4.9.2&#8243; disabled=&#8221;on&#8221;][\/et_pb_blurb][\/et_pb_column][\/et_pb_row][et_pb_row module_class=&#8221;receptiniai eight-columns&#8221; _builder_version=&#8221;3.25&#8243; module_alignment=&#8221;center&#8221; global_module=&#8221;8754&#8243;][et_pb_column type=&#8221;4_4&#8243; _builder_version=&#8221;3.25&#8243; custom_padding=&#8221;|||&#8221; custom_padding__hover=&#8221;|||&#8221;][et_pb_blurb title=&#8221;Uk\u0142ad trawienny&#8221; url=&#8221;https:\/\/www.norameda.com\/pl\/obszary-terapeutyczne\/uklad-trawienny\/&#8221; image=&#8221;https:\/\/www.norameda.com\/wp-content\/uploads\/2018\/04\/virskinimui-m.png&#8221; disabled_on=&#8221;off|on|on&#8221; admin_label=&#8221;Blurb&#8221; _builder_version=&#8221;4.9.2&#8243; z_index_tablet=&#8221;500&#8243; header_text_shadow_horizontal_length_tablet=&#8221;0px&#8221; header_text_shadow_vertical_length_tablet=&#8221;0px&#8221; header_text_shadow_blur_strength_tablet=&#8221;1px&#8221; body_text_shadow_horizontal_length_tablet=&#8221;0px&#8221; body_text_shadow_vertical_length_tablet=&#8221;0px&#8221; body_text_shadow_blur_strength_tablet=&#8221;1px&#8221; body_link_text_shadow_horizontal_length_tablet=&#8221;0px&#8221; body_link_text_shadow_vertical_length_tablet=&#8221;0px&#8221; body_link_text_shadow_blur_strength_tablet=&#8221;1px&#8221; body_ul_text_shadow_horizontal_length_tablet=&#8221;0px&#8221; body_ul_text_shadow_vertical_length_tablet=&#8221;0px&#8221; body_ul_text_shadow_blur_strength_tablet=&#8221;1px&#8221; body_ol_text_shadow_horizontal_length_tablet=&#8221;0px&#8221; body_ol_text_shadow_vertical_length_tablet=&#8221;0px&#8221; body_ol_text_shadow_blur_strength_tablet=&#8221;1px&#8221; body_quote_text_shadow_horizontal_length_tablet=&#8221;0px&#8221; body_quote_text_shadow_vertical_length_tablet=&#8221;0px&#8221; body_quote_text_shadow_blur_strength_tablet=&#8221;1px&#8221; box_shadow_horizontal_tablet=&#8221;0px&#8221; box_shadow_vertical_tablet=&#8221;0px&#8221; box_shadow_blur_tablet=&#8221;40px&#8221; box_shadow_spread_tablet=&#8221;0px&#8221; box_shadow_horizontal_image_tablet=&#8221;0px&#8221; box_shadow_vertical_image_tablet=&#8221;0px&#8221; box_shadow_blur_image_tablet=&#8221;40px&#8221; box_shadow_spread_image_tablet=&#8221;0px&#8221; text_shadow_horizontal_length_tablet=&#8221;0px&#8221; text_shadow_vertical_length_tablet=&#8221;0px&#8221; text_shadow_blur_strength_tablet=&#8221;1px&#8221;][\/et_pb_blurb][et_pb_blurb title=&#8221;Krew i uk\u0142ad krwiotw\u00f3rczy&#8221; url=&#8221;https:\/\/www.norameda.com\/pl\/obszary-terapeutyczne\/krew-i-uklad-krwiotworczy\/&#8221; image=&#8221;https:\/\/www.norameda.com\/wp-content\/uploads\/2018\/04\/kraujotakai-m.png&#8221; disabled_on=&#8221;on|on|on&#8221; _builder_version=&#8221;4.9.2&#8243; disabled=&#8221;on&#8221;][\/et_pb_blurb][et_pb_blurb title=&#8221;Uk\u0142ad sercowo-naczyniowy&#8221; url=&#8221;https:\/\/www.norameda.com\/pl\/obszary-terapeutyczne\/uklad-sercowo-naczyniowy\/&#8221; image=&#8221;https:\/\/www.norameda.com\/wp-content\/uploads\/2018\/04\/sirdziai-m.png&#8221; disabled_on=&#8221;on|on|on&#8221; _builder_version=&#8221;4.9.2&#8243; disabled=&#8221;on&#8221;][\/et_pb_blurb][et_pb_blurb title=&#8221;Dermatologia&#8221; url=&#8221;https:\/\/www.norameda.com\/pl\/obszary-terapeutyczne\/dermatologia\/&#8221; image=&#8221;https:\/\/www.norameda.com\/wp-content\/uploads\/2018\/04\/odai-m.png&#8221; disabled_on=&#8221;on|on|on&#8221; _builder_version=&#8221;4.9.2&#8243; disabled=&#8221;on&#8221;][\/et_pb_blurb][et_pb_blurb title=&#8221;Onkologia&#8221; url=&#8221;https:\/\/www.norameda.com\/pl\/obszary-terapeutyczne\/onkologia\/&#8221; image=&#8221;https:\/\/www.norameda.com\/wp-content\/uploads\/2018\/04\/onkologija-m.png&#8221; _builder_version=&#8221;3.9&#8243;][\/et_pb_blurb][et_pb_blurb title=&#8221;Urologia&#8221; url=&#8221;https:\/\/www.norameda.com\/pl\/obszary-terapeutyczne\/urologia\/&#8221; image=&#8221;https:\/\/www.norameda.com\/wp-content\/uploads\/2022\/07\/icon_urologija_BLUE.gif&#8221; _builder_version=&#8221;4.9.2&#8243;][\/et_pb_blurb][et_pb_blurb title=&#8221;Antybiotyki&#8221; url=&#8221;https:\/\/www.norameda.com\/pl\/obszary-terapeutyczne\/antybiotyki\/&#8221; image=&#8221;https:\/\/www.norameda.com\/wp-content\/uploads\/2025\/04\/Norameda_ANTIBIOTICS_icon.png&#8221; _builder_version=&#8221;4.9.2&#8243;][\/et_pb_blurb][et_pb_blurb title=&#8221;Neurologia&#8221; url=&#8221;https:\/\/www.norameda.com\/pl\/obszary-terapeutyczne\/neurologia\/&#8221; image=&#8221;https:\/\/www.norameda.com\/wp-content\/uploads\/2025\/04\/Norameda_NEUROLOGY_icon.png&#8221; _builder_version=&#8221;4.9.2&#8243;][\/et_pb_blurb][et_pb_blurb title=&#8221;Ginekologia&#8221; url=&#8221;https:\/\/www.norameda.com\/pl\/obszary-terapeutyczne\/ginekologia\/&#8221; image=&#8221;https:\/\/www.norameda.com\/wp-content\/uploads\/2018\/04\/ginekologijai-m.png&#8221; disabled_on=&#8221;on|on|on&#8221; _builder_version=&#8221;4.9.2&#8243; disabled=&#8221;on&#8221;][\/et_pb_blurb][et_pb_blurb title=&#8221;Antybiotyki uk\u0142adowe&#8221; url=&#8221;https:\/\/www.norameda.com\/pl\/obszary-terapeutyczne\/antybiotyki-ukladowe\/&#8221; image=&#8221;https:\/\/www.norameda.com\/wp-content\/uploads\/2018\/04\/antibiotikai-m.png&#8221; disabled_on=&#8221;on|on|on&#8221; _builder_version=&#8221;4.9.2&#8243; disabled=&#8221;on&#8221;][\/et_pb_blurb][et_pb_blurb title=&#8221;Uk\u0142ad oddechowy&#8221; url=&#8221;https:\/\/www.norameda.com\/pl\/obszary-terapeutyczne\/uklad-oddechowy\/&#8221; image=&#8221;https:\/\/www.norameda.com\/wp-content\/uploads\/2018\/04\/kvepavimui-m.png&#8221; disabled_on=&#8221;on|on|on&#8221; _builder_version=&#8221;4.9.2&#8243; disabled=&#8221;on&#8221;][\/et_pb_blurb][et_pb_blurb title=&#8221;CNS&#8221; url=&#8221;https:\/\/www.norameda.com\/pl\/obszary-terapeutyczne\/cns\/&#8221; image=&#8221;https:\/\/www.norameda.com\/wp-content\/uploads\/2018\/04\/cns.png&#8221; disabled_on=&#8221;on|on|on&#8221; _builder_version=&#8221;4.9.2&#8243; disabled=&#8221;on&#8221;][\/et_pb_blurb][et_pb_blurb title=&#8221;Narz\u0105dy zmys\u0142\u00f3w&#8221; url=&#8221;https:\/\/www.norameda.com\/pl\/obszary-terapeutyczne\/narzady-zmyslow\/&#8221; image=&#8221;https:\/\/www.norameda.com\/wp-content\/uploads\/2018\/04\/jutimo-m.png&#8221; disabled_on=&#8221;on|on|on&#8221; _builder_version=&#8221;4.9.2&#8243; disabled=&#8221;on&#8221;][\/et_pb_blurb][et_pb_blurb title=&#8221;R\u00f3\u017cne grupy ATC&#8221; url=&#8221;https:\/\/www.norameda.com\/pl\/obszary-terapeutyczne\/rozne-grupy-atc\/&#8221; image=&#8221;https:\/\/www.norameda.com\/wp-content\/uploads\/2018\/04\/atc-m.png&#8221; disabled_on=&#8221;on|on|on&#8221; _builder_version=&#8221;4.9.2&#8243; disabled=&#8221;on&#8221;][\/et_pb_blurb][et_pb_blurb title=&#8221;Reumatologia&#8221; url=&#8221;https:\/\/www.norameda.com\/pl\/obszary-terapeutyczne\/reumatologia\/&#8221; image=&#8221;https:\/\/www.norameda.com\/wp-content\/uploads\/2018\/04\/sanariams-m.png&#8221; disabled_on=&#8221;on|on|on&#8221; _builder_version=&#8221;4.9.2&#8243; disabled=&#8221;on&#8221;][\/et_pb_blurb][et_pb_blurb _builder_version=&#8221;3.24&#8243; z_index_tablet=&#8221;500&#8243; header_text_shadow_horizontal_length_tablet=&#8221;0px&#8221; header_text_shadow_vertical_length_tablet=&#8221;0px&#8221; header_text_shadow_blur_strength_tablet=&#8221;1px&#8221; body_text_shadow_horizontal_length_tablet=&#8221;0px&#8221; body_text_shadow_vertical_length_tablet=&#8221;0px&#8221; body_text_shadow_blur_strength_tablet=&#8221;1px&#8221; body_link_text_shadow_horizontal_length_tablet=&#8221;0px&#8221; body_link_text_shadow_vertical_length_tablet=&#8221;0px&#8221; body_link_text_shadow_blur_strength_tablet=&#8221;1px&#8221; body_ul_text_shadow_horizontal_length_tablet=&#8221;0px&#8221; body_ul_text_shadow_vertical_length_tablet=&#8221;0px&#8221; body_ul_text_shadow_blur_strength_tablet=&#8221;1px&#8221; body_ol_text_shadow_horizontal_length_tablet=&#8221;0px&#8221; body_ol_text_shadow_vertical_length_tablet=&#8221;0px&#8221; body_ol_text_shadow_blur_strength_tablet=&#8221;1px&#8221; body_quote_text_shadow_horizontal_length_tablet=&#8221;0px&#8221; body_quote_text_shadow_vertical_length_tablet=&#8221;0px&#8221; body_quote_text_shadow_blur_strength_tablet=&#8221;1px&#8221; box_shadow_horizontal_tablet=&#8221;0px&#8221; box_shadow_vertical_tablet=&#8221;0px&#8221; box_shadow_blur_tablet=&#8221;40px&#8221; box_shadow_spread_tablet=&#8221;0px&#8221; box_shadow_horizontal_image_tablet=&#8221;0px&#8221; box_shadow_vertical_image_tablet=&#8221;0px&#8221; box_shadow_blur_image_tablet=&#8221;40px&#8221; box_shadow_spread_image_tablet=&#8221;0px&#8221; text_shadow_horizontal_length_tablet=&#8221;0px&#8221; text_shadow_vertical_length_tablet=&#8221;0px&#8221; text_shadow_blur_strength_tablet=&#8221;1px&#8221;][\/et_pb_blurb][\/et_pb_column][\/et_pb_row][\/et_pb_section]<\/p>\n","protected":false},"excerpt":{"rendered":"<p>[et_pb_section fb_built=&#8221;1&#8243; fullwidth=&#8221;on&#8221; _builder_version=&#8221;3.22&#8243; da_is_popup=&#8221;off&#8221; da_exit_intent=&#8221;off&#8221; da_has_close=&#8221;on&#8221; da_alt_close=&#8221;off&#8221; da_dark_close=&#8221;off&#8221; da_not_modal=&#8221;on&#8221; da_is_singular=&#8221;off&#8221; da_with_loader=&#8221;off&#8221; da_has_shadow=&#8221;on&#8221; da_disable_devices=&#8221;off|off|off&#8221;][et_pb_fullwidth_image src=&#8221;https:\/\/www.norameda.com\/wp-content\/uploads\/2018\/08\/produktai-headeris.png&#8221; _builder_version=&#8221;3.9&#8243;][\/et_pb_fullwidth_image][\/et_pb_section][et_pb_section fb_built=&#8221;1&#8243; module_class=&#8221;yoastBreadcrumb&#8221; _builder_version=&#8221;3.22&#8243; da_is_popup=&#8221;off&#8221; da_exit_intent=&#8221;off&#8221; da_has_close=&#8221;on&#8221; da_alt_close=&#8221;off&#8221; da_dark_close=&#8221;off&#8221; da_not_modal=&#8221;on&#8221; da_is_singular=&#8221;off&#8221; da_with_loader=&#8221;off&#8221; da_has_shadow=&#8221;on&#8221; da_disable_devices=&#8221;off|off|off&#8221;][et_pb_row _builder_version=&#8221;3.25&#8243; background_size=&#8221;initial&#8221; background_position=&#8221;top_left&#8221; background_repeat=&#8221;repeat&#8221;][et_pb_column type=&#8221;4_4&#8243; _builder_version=&#8221;3.25&#8243; custom_padding=&#8221;|||&#8221; custom_padding__hover=&#8221;|||&#8221;][et_pb_code admin_label=&#8221;Code&#8221; _builder_version=&#8221;4.9.2&#8243; width=&#8221;80%&#8221; max_width=&#8221;1080px&#8221;][\/et_pb_code][\/et_pb_column][\/et_pb_row][\/et_pb_section][et_pb_section fb_built=&#8221;1&#8243; _builder_version=&#8221;3.22&#8243; custom_padding=&#8221;50px|0px|13px|0px&#8221; da_is_popup=&#8221;off&#8221; da_exit_intent=&#8221;off&#8221; da_has_close=&#8221;on&#8221; da_alt_close=&#8221;off&#8221; da_dark_close=&#8221;off&#8221; da_not_modal=&#8221;on&#8221; da_is_singular=&#8221;off&#8221; da_with_loader=&#8221;off&#8221; da_has_shadow=&#8221;on&#8221; da_disable_devices=&#8221;off|off|off&#8221;][et_pb_row _builder_version=&#8221;3.25&#8243;][et_pb_column [&hellip;]<\/p>\n","protected":false},"author":1,"featured_media":0,"parent":0,"menu_order":0,"comment_status":"closed","ping_status":"closed","template":"","meta":{"_et_pb_use_builder":"on","_et_pb_old_content":"","_et_gb_content_width":"","inline_featured_image":false,"_links_to":"","_links_to_target":""},"_links":{"self":[{"href":"https:\/\/www.norameda.com\/pl\/wp-json\/wp\/v2\/pages\/4301"}],"collection":[{"href":"https:\/\/www.norameda.com\/pl\/wp-json\/wp\/v2\/pages"}],"about":[{"href":"https:\/\/www.norameda.com\/pl\/wp-json\/wp\/v2\/types\/page"}],"author":[{"embeddable":true,"href":"https:\/\/www.norameda.com\/pl\/wp-json\/wp\/v2\/users\/1"}],"replies":[{"embeddable":true,"href":"https:\/\/www.norameda.com\/pl\/wp-json\/wp\/v2\/comments?post=4301"}],"version-history":[{"count":8,"href":"https:\/\/www.norameda.com\/pl\/wp-json\/wp\/v2\/pages\/4301\/revisions"}],"predecessor-version":[{"id":8756,"href":"https:\/\/www.norameda.com\/pl\/wp-json\/wp\/v2\/pages\/4301\/revisions\/8756"}],"wp:attachment":[{"href":"https:\/\/www.norameda.com\/pl\/wp-json\/wp\/v2\/media?parent=4301"}],"curies":[{"name":"wp","href":"https:\/\/api.w.org\/{rel}","templated":true}]}}