{"id":4325,"date":"2019-05-15T18:31:44","date_gmt":"2019-05-15T15:31:44","guid":{"rendered":"https:\/\/www.norameda.com\/strona-glowna\/"},"modified":"2021-10-11T15:15:04","modified_gmt":"2021-10-11T12:15:04","slug":"strona-glowna","status":"publish","type":"page","link":"https:\/\/www.norameda.com\/pl\/","title":{"rendered":"STRONA G\u0141\u00d3WNA"},"content":{"rendered":"<p>[et_pb_section fb_built=&#8221;1&#8243; fullwidth=&#8221;on&#8221; _builder_version=&#8221;3.22&#8243; custom_padding=&#8221;0px|0px|0px|0px&#8221;][et_pb_fullwidth_slider _builder_version=&#8221;4.9.2&#8243; header_font=&#8221;Roboto Condensed||||||||&#8221; header_text_color=&#8221;#5e5e5e&#8221; header_font_size=&#8221;36px&#8221; body_font=&#8221;Open Sans||||||||&#8221; body_text_color=&#8221;#5e5e5e&#8221; body_font_size=&#8221;21px&#8221; custom_button=&#8221;on&#8221; button_text_color=&#8221;#ffffff&#8221; button_border_width=&#8221;0px&#8221; button_border_color=&#8221;#ffffff&#8221; button_border_radius=&#8221;20px&#8221; button_font=&#8221;Roboto Condensed||||||||&#8221; button_use_icon=&#8221;off&#8221; text_orientation=&#8221;left&#8221; content_max_width=&#8221;1040px&#8221; custom_padding=&#8221;|||&#8221; auto=&#8221;on&#8221; hover_enabled=&#8221;0&#8243; custom_css_slide_title=&#8221;margin-bottom: 20px;||text-transform: uppercase;&#8221; custom_css_slide_button=&#8221;background-color: #1895d6;||opacity: 0.8;||margin: 40px 10px 0 0;&#8221; custom_css_slide_active_controller=&#8221;background-color: #154892 !important;&#8221; body_text_shadow_style=&#8221;preset2&#8243; body_text_shadow_color=&#8221;rgba(255,255,255,0.4)&#8221; text_shadow_style=&#8221;preset2&#8243; text_shadow_color=&#8221;rgba(255,255,255,0.4)&#8221; button_text_size__hover_enabled=&#8221;off&#8221; button_one_text_size__hover_enabled=&#8221;off&#8221; button_two_text_size__hover_enabled=&#8221;off&#8221; button_text_color__hover_enabled=&#8221;off&#8221; button_one_text_color__hover_enabled=&#8221;off&#8221; button_two_text_color__hover_enabled=&#8221;off&#8221; button_border_width__hover_enabled=&#8221;off&#8221; button_one_border_width__hover_enabled=&#8221;off&#8221; button_two_border_width__hover_enabled=&#8221;off&#8221; button_border_color__hover_enabled=&#8221;off&#8221; button_one_border_color__hover_enabled=&#8221;off&#8221; button_two_border_color__hover_enabled=&#8221;off&#8221; button_border_radius__hover_enabled=&#8221;off&#8221; button_one_border_radius__hover_enabled=&#8221;off&#8221; button_two_border_radius__hover_enabled=&#8221;off&#8221; button_letter_spacing__hover_enabled=&#8221;off&#8221; button_one_letter_spacing__hover_enabled=&#8221;off&#8221; button_two_letter_spacing__hover_enabled=&#8221;off&#8221; button_bg_color__hover_enabled=&#8221;off&#8221; button_one_bg_color__hover_enabled=&#8221;off&#8221; button_two_bg_color__hover_enabled=&#8221;off&#8221; sticky_enabled=&#8221;0&#8243;][et_pb_slide heading=&#8221;Szeroki zakres us\u0142ug&#8221; use_bg_overlay=&#8221;off&#8221; use_text_overlay=&#8221;off&#8221; dot_nav_custom_color=&#8221;#d8d8d8&#8243; _builder_version=&#8221;4.9.2&#8243; header_font=&#8221;||||||||&#8221; body_font=&#8221;||||||||&#8221; background_color=&#8221;#ffffff&#8221; background_image=&#8221;https:\/\/www.norameda.com\/wp-content\/uploads\/2018\/08\/Norameda.jpg&#8221; button_on_hover=&#8221;on&#8221; hover_enabled=&#8221;0&#8243; button_text_size__hover_enabled=&#8221;off&#8221; button_one_text_size__hover_enabled=&#8221;off&#8221; button_two_text_size__hover_enabled=&#8221;off&#8221; button_text_color__hover_enabled=&#8221;off&#8221; button_one_text_color__hover_enabled=&#8221;off&#8221; button_two_text_color__hover_enabled=&#8221;off&#8221; button_border_width__hover_enabled=&#8221;off&#8221; button_one_border_width__hover_enabled=&#8221;off&#8221; button_two_border_width__hover_enabled=&#8221;off&#8221; button_border_color__hover_enabled=&#8221;off&#8221; button_one_border_color__hover_enabled=&#8221;off&#8221; button_two_border_color__hover_enabled=&#8221;off&#8221; button_border_radius__hover_enabled=&#8221;off&#8221; button_one_border_radius__hover_enabled=&#8221;off&#8221; button_two_border_radius__hover_enabled=&#8221;off&#8221; button_letter_spacing__hover_enabled=&#8221;off&#8221; button_one_letter_spacing__hover_enabled=&#8221;off&#8221; button_two_letter_spacing__hover_enabled=&#8221;off&#8221; button_bg_color__hover_enabled=&#8221;off&#8221; button_one_bg_color__hover_enabled=&#8221;off&#8221; button_two_bg_color__hover_enabled=&#8221;off&#8221; sticky_transition=&#8221;on&#8221; alt=&#8221;Norameda&#8221; title_text=&#8221;Norameda&#8221; background_enable_image=&#8221;on&#8221; sticky_enabled=&#8221;0&#8243;]<\/p>\n<p>Oferujemy to, czego szukasz dzi\u015b i czego b\u0119dziesz potrzebowa\u0107 jutro<br \/><a class=\"et_pb_more_button et_pb_button more_button\" href=\"https:\/\/www.norameda.com\/pl\/szeroki-zakres-uslug\/\">Wi\u0119cej informacji <\/a> <a class=\"et_pb_more_button et_pb_button more_button\" style=\"background-color: #f8aa3d;\" href=\"https:\/\/www.norameda.com\/pl\/kontakt\/\">Skontaktuj si\u0119<\/a><\/p>\n<p>[\/et_pb_slide][et_pb_slide heading=&#8221;Wysokie kompetencje&#8221; use_bg_overlay=&#8221;off&#8221; use_text_overlay=&#8221;off&#8221; _builder_version=&#8221;4.9.2&#8243; header_font=&#8221;||||||||&#8221; body_font=&#8221;||||||||&#8221; background_color=&#8221;#ffffff&#8221; background_image=&#8221;https:\/\/www.norameda.com\/wp-content\/uploads\/2017\/12\/18.jpg&#8221; button_on_hover=&#8221;on&#8221; hover_enabled=&#8221;0&#8243; button_text_size__hover_enabled=&#8221;off&#8221; button_one_text_size__hover_enabled=&#8221;off&#8221; button_two_text_size__hover_enabled=&#8221;off&#8221; button_text_color__hover_enabled=&#8221;off&#8221; button_one_text_color__hover_enabled=&#8221;off&#8221; button_two_text_color__hover_enabled=&#8221;off&#8221; button_border_width__hover_enabled=&#8221;off&#8221; button_one_border_width__hover_enabled=&#8221;off&#8221; button_two_border_width__hover_enabled=&#8221;off&#8221; button_border_color__hover_enabled=&#8221;off&#8221; button_one_border_color__hover_enabled=&#8221;off&#8221; button_two_border_color__hover_enabled=&#8221;off&#8221; button_border_radius__hover_enabled=&#8221;off&#8221; button_one_border_radius__hover_enabled=&#8221;off&#8221; button_two_border_radius__hover_enabled=&#8221;off&#8221; button_letter_spacing__hover_enabled=&#8221;off&#8221; button_one_letter_spacing__hover_enabled=&#8221;off&#8221; button_two_letter_spacing__hover_enabled=&#8221;off&#8221; button_bg_color__hover_enabled=&#8221;off&#8221; button_one_bg_color__hover_enabled=&#8221;off&#8221; button_two_bg_color__hover_enabled=&#8221;off&#8221; sticky_transition=&#8221;on&#8221; sticky_enabled=&#8221;0&#8243;]Jeste\u015bmy pomys\u0142owi<br \/>\n<a class=\"et_pb_more_button et_pb_button\" href=\"https:\/\/www.norameda.com\/pl\/wysokie-kompetencje\/\">Wi\u0119cej informacji<\/a><a class=\"et_pb_more_button et_pb_button\" style=\"background-color: #f8aa3d;\" href=\"https:\/\/www.norameda.com\/pl\/kontakt\/\">Skontaktuj si\u0119<\/a><br \/>\n[\/et_pb_slide][et_pb_slide heading=&#8221;D\u0105\u017cenie do najlepszych wynik\u00f3w&#8221; use_bg_overlay=&#8221;off&#8221; use_text_overlay=&#8221;off&#8221; _builder_version=&#8221;4.9.2&#8243; header_font=&#8221;||||||||&#8221; body_font=&#8221;||||||||&#8221; background_color=&#8221;#ffffff&#8221; background_image=&#8221;https:\/\/www.norameda.com\/wp-content\/uploads\/2018\/01\/17-2.jpg&#8221; button_on_hover=&#8221;on&#8221; hover_enabled=&#8221;0&#8243; button_text_size__hover_enabled=&#8221;off&#8221; button_one_text_size__hover_enabled=&#8221;off&#8221; button_two_text_size__hover_enabled=&#8221;off&#8221; button_text_color__hover_enabled=&#8221;off&#8221; button_one_text_color__hover_enabled=&#8221;off&#8221; button_two_text_color__hover_enabled=&#8221;off&#8221; button_border_width__hover_enabled=&#8221;off&#8221; button_one_border_width__hover_enabled=&#8221;off&#8221; button_two_border_width__hover_enabled=&#8221;off&#8221; button_border_color__hover_enabled=&#8221;off&#8221; button_one_border_color__hover_enabled=&#8221;off&#8221; button_two_border_color__hover_enabled=&#8221;off&#8221; button_border_radius__hover_enabled=&#8221;off&#8221; button_one_border_radius__hover_enabled=&#8221;off&#8221; button_two_border_radius__hover_enabled=&#8221;off&#8221; button_letter_spacing__hover_enabled=&#8221;off&#8221; button_one_letter_spacing__hover_enabled=&#8221;off&#8221; button_two_letter_spacing__hover_enabled=&#8221;off&#8221; button_bg_color__hover_enabled=&#8221;off&#8221; button_one_bg_color__hover_enabled=&#8221;off&#8221; button_two_bg_color__hover_enabled=&#8221;off&#8221; sticky_transition=&#8221;on&#8221; alt=&#8221;result&#8221; title_text=&#8221;17-2&#8243; background_enable_image=&#8221;on&#8221; sticky_enabled=&#8221;0&#8243;]Konsekwentnie d\u0105\u017cymy do wytyczonych cel\u00f3w<br \/>\n<a class=\"et_pb_more_button et_pb_button\" href=\"https:\/\/www.norameda.com\/pl\/osiaganie-wynikow\/\">Wi\u0119cej informacji<\/a><a class=\"et_pb_more_button et_pb_button\" style=\"background-color: #f8aa3d;\" href=\"https:\/\/www.norameda.com\/pl\/kontakt\/\">Skontaktuj si\u0119<\/a><br \/>\n[\/et_pb_slide][et_pb_slide heading=&#8221;Niezawodno\u015b\u0107 &#8221; use_bg_overlay=&#8221;off&#8221; use_text_overlay=&#8221;off&#8221; _builder_version=&#8221;4.9.2&#8243; header_font=&#8221;||||||||&#8221; body_font=&#8221;||||||||&#8221; background_color=&#8221;#ffffff&#8221; background_image=&#8221;https:\/\/www.norameda.com\/wp-content\/uploads\/2017\/12\/16.jpg&#8221; button_on_hover=&#8221;on&#8221; hover_enabled=&#8221;0&#8243; button_text_size__hover_enabled=&#8221;off&#8221; button_one_text_size__hover_enabled=&#8221;off&#8221; button_two_text_size__hover_enabled=&#8221;off&#8221; button_text_color__hover_enabled=&#8221;off&#8221; button_one_text_color__hover_enabled=&#8221;off&#8221; button_two_text_color__hover_enabled=&#8221;off&#8221; button_border_width__hover_enabled=&#8221;off&#8221; button_one_border_width__hover_enabled=&#8221;off&#8221; button_two_border_width__hover_enabled=&#8221;off&#8221; button_border_color__hover_enabled=&#8221;off&#8221; button_one_border_color__hover_enabled=&#8221;off&#8221; button_two_border_color__hover_enabled=&#8221;off&#8221; button_border_radius__hover_enabled=&#8221;off&#8221; button_one_border_radius__hover_enabled=&#8221;off&#8221; button_two_border_radius__hover_enabled=&#8221;off&#8221; button_letter_spacing__hover_enabled=&#8221;off&#8221; button_one_letter_spacing__hover_enabled=&#8221;off&#8221; button_two_letter_spacing__hover_enabled=&#8221;off&#8221; button_bg_color__hover_enabled=&#8221;off&#8221; button_one_bg_color__hover_enabled=&#8221;off&#8221; button_two_bg_color__hover_enabled=&#8221;off&#8221; sticky_transition=&#8221;on&#8221; sticky_enabled=&#8221;0&#8243;]Spe\u0142niamy nasze obietnice<br \/>\n<a class=\"et_pb_more_button et_pb_button\" href=\"https:\/\/www.norameda.com\/pl\/niezawodnosc\/\">Wi\u0119cej informacji<\/a><a class=\"et_pb_more_button et_pb_button\" style=\"background-color: #f8aa3d;\" href=\"https:\/\/www.norameda.com\/pl\/kontakt\/\">Skontaktuj si\u0119<\/a><br \/>\n[\/et_pb_slide][et_pb_slide heading=&#8221;Duch dru\u017cyny&#8221; use_bg_overlay=&#8221;off&#8221; use_text_overlay=&#8221;off&#8221; _builder_version=&#8221;4.9.2&#8243; header_font=&#8221;||||||||&#8221; body_font=&#8221;||||||||&#8221; background_color=&#8221;#ffffff&#8221; background_image=&#8221;https:\/\/www.norameda.com\/wp-content\/uploads\/2018\/01\/20.jpg&#8221; button_on_hover=&#8221;on&#8221; hover_enabled=&#8221;0&#8243; button_text_size__hover_enabled=&#8221;off&#8221; button_one_text_size__hover_enabled=&#8221;off&#8221; button_two_text_size__hover_enabled=&#8221;off&#8221; button_text_color__hover_enabled=&#8221;off&#8221; button_one_text_color__hover_enabled=&#8221;off&#8221; button_two_text_color__hover_enabled=&#8221;off&#8221; button_border_width__hover_enabled=&#8221;off&#8221; button_one_border_width__hover_enabled=&#8221;off&#8221; button_two_border_width__hover_enabled=&#8221;off&#8221; button_border_color__hover_enabled=&#8221;off&#8221; button_one_border_color__hover_enabled=&#8221;off&#8221; button_two_border_color__hover_enabled=&#8221;off&#8221; button_border_radius__hover_enabled=&#8221;off&#8221; button_one_border_radius__hover_enabled=&#8221;off&#8221; button_two_border_radius__hover_enabled=&#8221;off&#8221; button_letter_spacing__hover_enabled=&#8221;off&#8221; button_one_letter_spacing__hover_enabled=&#8221;off&#8221; button_two_letter_spacing__hover_enabled=&#8221;off&#8221; button_bg_color__hover_enabled=&#8221;off&#8221; button_one_bg_color__hover_enabled=&#8221;off&#8221; button_two_bg_color__hover_enabled=&#8221;off&#8221; sticky_transition=&#8221;on&#8221; alt=&#8221;team&#8221; title_text=&#8221;20&#8243; background_enable_image=&#8221;on&#8221; sticky_enabled=&#8221;0&#8243;]Pracujemy razem i dzielimy nasz wsp\u00f3lny sukces<br \/>\n<a class=\"et_pb_more_button et_pb_button\" href=\"https:\/\/www.norameda.com\/pl\/duch-druzyny\/\">Wi\u0119cej informacji<\/a><a class=\"et_pb_more_button et_pb_button\" style=\"background-color: #f8aa3d;\" href=\"https:\/\/www.norameda.com\/pl\/kontakt\/\">Skontaktuj si\u0119<\/a><br \/>\n[\/et_pb_slide][\/et_pb_fullwidth_slider][\/et_pb_section]<\/p>\n","protected":false},"excerpt":{"rendered":"<p>[et_pb_section fb_built=&#8221;1&#8243; fullwidth=&#8221;on&#8221; _builder_version=&#8221;3.22&#8243; custom_padding=&#8221;0px|0px|0px|0px&#8221;][et_pb_fullwidth_slider _builder_version=&#8221;4.9.2&#8243; header_font=&#8221;Roboto Condensed||||||||&#8221; header_text_color=&#8221;#5e5e5e&#8221; header_font_size=&#8221;36px&#8221; body_font=&#8221;Open Sans||||||||&#8221; body_text_color=&#8221;#5e5e5e&#8221; body_font_size=&#8221;21px&#8221; custom_button=&#8221;on&#8221; button_text_color=&#8221;#ffffff&#8221; button_border_width=&#8221;0px&#8221; button_border_color=&#8221;#ffffff&#8221; button_border_radius=&#8221;20px&#8221; button_font=&#8221;Roboto Condensed||||||||&#8221; button_use_icon=&#8221;off&#8221; text_orientation=&#8221;left&#8221; content_max_width=&#8221;1040px&#8221; custom_padding=&#8221;|||&#8221; auto=&#8221;on&#8221; hover_enabled=&#8221;0&#8243; custom_css_slide_title=&#8221;margin-bottom: 20px;||text-transform: uppercase;&#8221; custom_css_slide_button=&#8221;background-color: #1895d6;||opacity: 0.8;||margin: 40px 10px 0 0;&#8221; custom_css_slide_active_controller=&#8221;background-color: #154892 !important;&#8221; body_text_shadow_style=&#8221;preset2&#8243; body_text_shadow_color=&#8221;rgba(255,255,255,0.4)&#8221; text_shadow_style=&#8221;preset2&#8243; text_shadow_color=&#8221;rgba(255,255,255,0.4)&#8221; button_text_size__hover_enabled=&#8221;off&#8221; button_one_text_size__hover_enabled=&#8221;off&#8221; button_two_text_size__hover_enabled=&#8221;off&#8221; button_text_color__hover_enabled=&#8221;off&#8221; button_one_text_color__hover_enabled=&#8221;off&#8221; button_two_text_color__hover_enabled=&#8221;off&#8221; button_border_width__hover_enabled=&#8221;off&#8221; button_one_border_width__hover_enabled=&#8221;off&#8221; button_two_border_width__hover_enabled=&#8221;off&#8221; button_border_color__hover_enabled=&#8221;off&#8221; button_one_border_color__hover_enabled=&#8221;off&#8221; [&hellip;]<\/p>\n","protected":false},"author":1,"featured_media":0,"parent":0,"menu_order":0,"comment_status":"closed","ping_status":"closed","template":"","meta":{"_et_pb_use_builder":"on","_et_pb_old_content":"","_et_gb_content_width":"","inline_featured_image":false,"_links_to":"","_links_to_target":""},"_links":{"self":[{"href":"https:\/\/www.norameda.com\/pl\/wp-json\/wp\/v2\/pages\/4325"}],"collection":[{"href":"https:\/\/www.norameda.com\/pl\/wp-json\/wp\/v2\/pages"}],"about":[{"href":"https:\/\/www.norameda.com\/pl\/wp-json\/wp\/v2\/types\/page"}],"author":[{"embeddable":true,"href":"https:\/\/www.norameda.com\/pl\/wp-json\/wp\/v2\/users\/1"}],"replies":[{"embeddable":true,"href":"https:\/\/www.norameda.com\/pl\/wp-json\/wp\/v2\/comments?post=4325"}],"version-history":[{"count":11,"href":"https:\/\/www.norameda.com\/pl\/wp-json\/wp\/v2\/pages\/4325\/revisions"}],"predecessor-version":[{"id":7119,"href":"https:\/\/www.norameda.com\/pl\/wp-json\/wp\/v2\/pages\/4325\/revisions\/7119"}],"wp:attachment":[{"href":"https:\/\/www.norameda.com\/pl\/wp-json\/wp\/v2\/media?parent=4325"}],"curies":[{"name":"wp","href":"https:\/\/api.w.org\/{rel}","templated":true}]}}