{"id":4331,"date":"2019-05-15T18:31:48","date_gmt":"2019-05-15T15:31:48","guid":{"rendered":"https:\/\/www.norameda.com\/logowanie\/"},"modified":"2022-03-24T14:27:18","modified_gmt":"2022-03-24T12:27:18","slug":"logowanie","status":"publish","type":"page","link":"https:\/\/www.norameda.com\/pl\/logowanie\/","title":{"rendered":"Logowanie"},"content":{"rendered":"<p>[et_pb_section fb_built=&#8221;1&#8243; fullwidth=&#8221;on&#8221; _builder_version=&#8221;3.22&#8243;][et_pb_fullwidth_image src=&#8221;https:\/\/www.norameda.com\/wp-content\/uploads\/2018\/01\/about-slider-mini.jpg&#8221; _builder_version=&#8221;3.0.92&#8243;][\/et_pb_fullwidth_image][\/et_pb_section][et_pb_section fb_built=&#8221;1&#8243; module_class=&#8221;yoastBreadcrumb&#8221; _builder_version=&#8221;3.22&#8243;][et_pb_row _builder_version=&#8221;3.25&#8243; background_size=&#8221;initial&#8221; background_position=&#8221;top_left&#8221; background_repeat=&#8221;repeat&#8221;][et_pb_column type=&#8221;4_4&#8243; _builder_version=&#8221;3.25&#8243; custom_padding=&#8221;|||&#8221; custom_padding__hover=&#8221;|||&#8221;][et_pb_code width=&#8221;80%&#8221; max_width=&#8221;1080px&#8221;]<pee><span><span><a href=\"https:\/\/www.norameda.com\/pl\/\">Strona G\u0142\u00f3wna<\/a><\/span><\/pee>[\/et_pb_code][\/et_pb_column][\/et_pb_row][\/et_pb_section][et_pb_section fb_built=&#8221;1&#8243; module_class=&#8221;login-registration&#8221; _builder_version=&#8221;3.22&#8243; custom_margin=&#8221;50px|||&#8221;][et_pb_row column_structure=&#8221;1_2,1_2&#8243; admin_label=&#8221;Row&#8221; _builder_version=&#8221;3.25&#8243;][et_pb_column type=&#8221;1_2&#8243; _builder_version=&#8221;3.25&#8243; custom_padding=&#8221;|||&#8221; custom_padding__hover=&#8221;|||&#8221;][et_pb_cta title=&#8221;LOGOWANIE DO KONTA&#8221; _builder_version=&#8221;3.16&#8243; header_text_color=&#8221;#5e5e5e&#8221; header_font_size=&#8221;36&#8243; use_background_color=&#8221;off&#8221; text_orientation=&#8221;left&#8221; background_layout=&#8221;light&#8221; button_text_size__hover_enabled=&#8221;off&#8221; button_one_text_size__hover_enabled=&#8221;off&#8221; button_two_text_size__hover_enabled=&#8221;off&#8221; button_text_color__hover_enabled=&#8221;off&#8221; button_one_text_color__hover_enabled=&#8221;off&#8221; button_two_text_color__hover_enabled=&#8221;off&#8221; button_border_width__hover_enabled=&#8221;off&#8221; button_one_border_width__hover_enabled=&#8221;off&#8221; button_two_border_width__hover_enabled=&#8221;off&#8221; button_border_color__hover_enabled=&#8221;off&#8221; button_one_border_color__hover_enabled=&#8221;off&#8221; button_two_border_color__hover_enabled=&#8221;off&#8221; button_border_radius__hover_enabled=&#8221;off&#8221; button_one_border_radius__hover_enabled=&#8221;off&#8221; button_two_border_radius__hover_enabled=&#8221;off&#8221; button_letter_spacing__hover_enabled=&#8221;off&#8221; button_one_letter_spacing__hover_enabled=&#8221;off&#8221; button_two_letter_spacing__hover_enabled=&#8221;off&#8221; button_bg_color__hover_enabled=&#8221;off&#8221; button_one_bg_color__hover_enabled=&#8221;off&#8221; button_two_bg_color__hover_enabled=&#8221;off&#8221;][\/et_pb_cta][et_pb_text _builder_version=&#8221;3.27.4&#8243; text_font_size=&#8221;20px&#8221;]<\/p>\n<p>Logowanie dla u\u017cytkownik\u00f3w zarejestrowanych.<\/p>\n<p>[\/et_pb_text][et_pb_code]<pee><!--noptimize--><link href=\"https:\/\/fonts.googleapis.com\/icon?family=Material+Icons\" rel=\"stylesheet\">    <div class='rmagic'>    \n        <div class='rmcontent rm-login-wrapper'>\n                            <div class=\"rm-thirdp-login-button-wrap\">\n                    <pre class='rm-pre-wrapper-for-script-tags'><script>\n  function checkLoginState() {\n   FB.getLoginStatus(function(response) {\n  if (response.status === 'connected') {\n   greet();\n  }\n  else {\n  FB.login(function(response) {\nFB.api('\/me',{fields: 'first_name,email'}, function (response) {\n\thandle_data(response.email,response.first_name,'facebook','6adee95ee8');\n\n\n});\n}, {scope: 'email'});\n  }\n});\n  }\nfunction greet() {\nFB.api('\/me',{fields: 'first_name,email'}, function (response) {\n\thandle_data(response.email,response.first_name,'facebook','6adee95ee8');\n\n\n});\n}\n  window.fbAsyncInit = function() {\n  FB.init({\n    appId      : '123',\n    cookie     : true,  \/\/ enable cookies to allow the server to access \n                        \/\/ the session\n    xfbml      : true,  \/\/ parse social plugins on this page\n    version    : 'v2.5' \/\/ use graph api version 2.5\n  });\n\n  };\n\n  \/\/ Load the SDK asynchronously\n  (function(d, s, id) {\n    var js, fjs = d.getElementsByTagName(s)[0];\n    if (d.getElementById(id)) return;\n    js = d.createElement(s); js.id = id;\n    js.src = '\/\/connect.facebook.net\/en_US\/sdk.js';\n    fjs.parentNode.insertBefore(js, fjs);\n  }(document, 'script', 'facebook-jssdk'));\n\n  \/\/ Here we run a very simple test of the Graph API after login is\n  \/\/ successful.  See statusChangeCallback() for when this call is made.\n \n<\/script><\/pre>\n\n<!--\n  Below we include the Login Button social plugin. This button uses\n  the JavaScript SDK to present a graphical Login button that triggers\n  the FB.login() function when clicked.\n-->\n<div class='rm-facebook-login rm-third-party-login'><input class='rm-third-party-login-btn' type='button' onclick='checkLoginState()' value='Zaloguj si\u0119 przez Facebooka' \/><span><svg aria-hidden='true' data-prefix='fab' data-icon='facebook-f' class='svg-inline--fa fa-facebook-f fa-w-9' role='img' xmlns='http:\/\/www.w3.org\/2000\/svg' viewBox='0 0 264 512'><path fill='#fff' d='M76.7 512V283H0v-91h76.7v-71.7C76.7 42.4 124.3 0 193.8 0c33.3 0 61.9 2.5 70.2 3.6V85h-48.2c-37.8 0-45.1 18-45.1 44.3V192H256l-11.7 91h-73.6v229'><\/path><\/svg><\/span> <\/div>                <\/div>\n                <style type=\"text\/css\">label span.required { color: #B94A48; }span.help-inline, span.help-block { color: #888; font-size: .9em; font-style: italic; }<\/style><form action id=\"rm_login_form_1\" method=\"post\" style class=\"form-horizontal\"><fieldset><input type=\"hidden\" name=\"rm_form_sub_id\" value=rm_login_form_1><input type=\"hidden\" name=\"rm_form_sub_no\" value=><input type=\"hidden\" name=\"rm_slug\" value=\"rm_login_form\" id=\"rm_login_form_1-element-1\"\/><div class=\"rmrow\"><div class=\"rmfield\" for=\"rm_login_form_1-element-2\"><label>Vartotojo vardas<sup class=\"required\">* <\/sup><\/label><\/div><div class=\"rminput\"><input type=\"text\" name=\"username\" required class placeholder=\"\u012eveskite vartotojo vard\u0105\" style id=\"rm_login_form_1-element-2\"\/><\/div><\/div><div class=\"rmrow\"><div class=\"rmfield\" for=\"rm_login_form_1-element-3\"><label>Password<sup class=\"required\">* <\/sup><\/label><\/div><div class=\"rminput\"><input type=\"password\" name=\"pwd\" required class=\"test\" placeholder=\"Enter Password\" style id=\"rm_login_form_1-element-3\"\/><\/div><\/div><div class=\"rmrow\"><div class=\"rmfield\" for=\"rm_login_form-element-3\"><\/div><div class=\"rminput\"><ul class=\"rmradio\" style=\"list-style:none;\"><li class=\"rm-login-remember\"> <input id=\"rm_login_form-element-3-0\" type=\"checkbox\" name=\"remember[]\" value=\"1\" checked=\"checked\"><label for=\"rm_login_form-element-3-0\"><span>Zapami\u0119taj mnie<\/span><\/label> <\/li> <\/ul><\/div><\/div><div class=\"buttonarea\"><input   type=\"submit\" value=\"Login\" name=\"submit\" id=\"rm_submit_btn\" class=\"rm_btn rm_login_btn rm-btn rm-btn-primary\" style\/><\/div><div class=\"rm_forgot_pass\"><a href=\"https:\/\/www.norameda.com\/password-recovery\/\" target=\"blank\">Lost your password?<\/a><\/div><\/fieldset><\/form><pre class=\"rm-pre-wrapper-for-script-tags\"><script type=\"text\/javascript\">jQuery(document).ready(function() {\t\tjQuery(\"#rm_login_form_1\").bind(\"submit\", function(){\n                        \/\/jQuery(this).find(\"input[name=rm_slug]\").attr(\"value\",jQuery(this).find(\"input[name=submit]\").attr(\"value\"));\n\t\t\tjQuery(this).find(\"input[type=submit]\").attr(\"disabled\", \"disabled\"); \n\t\t});jQuery(\"#rm_login_form_1 :input:visible:enabled:first\").focus();}); <\/script><\/pre>        <noscript>\n            <div class=\"rm-js-disabled\"><b>Uwaga: Wygl\u0105da na to, \u017ce JavaScript jest wy\u0142\u0105czony w Twojej przegl\u0105darce. Niekt\u00f3re elementy tego formularza mo\u017ce wymaga\u0107 JavaScript do poprawnego dzia\u0142ania. Je\u015bli masz problemy z przes\u0142aniem formularza, spr\u00f3buj w\u0142\u0105czy\u0107 JavaScript na chwil\u0119 i ponownie przes\u0142a\u0107. Ustawienia JavaScript zwykle znajduj\u0105 si\u0119 w ustawieniach przegl\u0105darki lub w menu dewelopera przegl\u0105darki.<\/b><\/div>\n            <style>\n                .rm_next_btn {display:none !important}\n                .rm_noscript_btn {display: block !important}\n            <\/style>\n        <\/noscript>\n    \n                    <\/div>\n    <\/div> \n\n\n<!--\/noptimize--><\/pee>[\/et_pb_code][et_pb_text _builder_version=&#8221;3.27.4&#8243; custom_css_main_element=&#8221;margin-top: 20px;&#8221;]<\/p>\n<p>Je\u017celi jeste\u015b u\u017cytkownikiem profesjonalnym, lecz nie posiadasz jeszcze swojego konta, zarejestruj si\u0119:<\/p>\n<p>[\/et_pb_text][et_pb_button button_url=&#8221;https:\/\/www.norameda.com\/pl\/rejestracja\/&#8221; button_text=&#8221;ZAREJESTRUJ SI\u0118&#8221; button_alignment=&#8221;left&#8221; admin_label=&#8221;Button&#8221; _builder_version=&#8221;4.9.2&#8243; custom_button=&#8221;on&#8221; button_text_size=&#8221;16&#8243; button_text_color=&#8221;#F8AA3D&#8221; button_bg_color=&#8221;#FFFFFF&#8221; button_border_width=&#8221;3px&#8221; button_border_color=&#8221;#F8AA3D&#8221; button_border_radius=&#8221;3px&#8221; button_use_icon=&#8221;off&#8221; custom_margin=&#8221;15px||15px||false|false&#8221; custom_css_main_element=&#8221;|| color:#fff;|| font-weight: 700;|| border-style: solid;|| border-radius: 50px;|| -moz-border-radius: 50px;|| -webkit-border-radius: 50px;|| transition: all .3s ease;|| text-transform: uppercase;|| cursor: pointer;|| font-size: 16px !important;|| padding: 1em 1.5em !important;|| width: 300px;|| text-align: center;|| margin-bottom: 15px;&#8221; button_text_size__hover_enabled=&#8221;off&#8221; button_one_text_size__hover_enabled=&#8221;off&#8221; button_two_text_size__hover_enabled=&#8221;off&#8221; button_text_color__hover_enabled=&#8221;off&#8221; button_one_text_color__hover_enabled=&#8221;off&#8221; button_two_text_color__hover_enabled=&#8221;off&#8221; button_border_width__hover_enabled=&#8221;off&#8221; button_one_border_width__hover_enabled=&#8221;off&#8221; button_two_border_width__hover_enabled=&#8221;off&#8221; button_border_color__hover_enabled=&#8221;off&#8221; button_one_border_color__hover_enabled=&#8221;off&#8221; button_two_border_color__hover_enabled=&#8221;off&#8221; button_border_radius__hover_enabled=&#8221;off&#8221; button_one_border_radius__hover_enabled=&#8221;off&#8221; button_two_border_radius__hover_enabled=&#8221;off&#8221; button_letter_spacing__hover_enabled=&#8221;off&#8221; button_one_letter_spacing__hover_enabled=&#8221;off&#8221; button_two_letter_spacing__hover_enabled=&#8221;off&#8221; button_bg_color__hover_enabled=&#8221;off&#8221; button_one_bg_color__hover_enabled=&#8221;off&#8221; button_two_bg_color__hover_enabled=&#8221;off&#8221;][\/et_pb_button][\/et_pb_column][et_pb_column type=&#8221;1_2&#8243; _builder_version=&#8221;3.25&#8243; custom_padding=&#8221;|||&#8221; custom_padding__hover=&#8221;|||&#8221;][et_pb_code _builder_version=&#8221;4.9.2&#8243; _module_preset=&#8221;default&#8221; hover_enabled=&#8221;0&#8243; sticky_enabled=&#8221;0&#8243;]<h2 style=\"font-size: 36px; color: #5e5e5e; text-transform: uppercase; margin-bottom: 26px;\">Logowanie bez rejestracji<\/h2><form action=\"\/wp-content\/plugins\/b2b-login\/b2b-login-pl.php\" class=\"form-b2b\">\n    <div class=\"et_pb_row et_pb_row_0 w-100 mb-3\">\n      <div class=\"et_pb_column et_pb_column_1_2 et_pb_column_0  et_pb_css_mix_blend_mode_passthrough\">\n        <input type=\"text\" id=\"license_name\" name=\"license_name\" value=\"\" class=\"form-control\" placeholder=\"Imi\u0119\">\n      <\/div>\n      <div class=\"et_pb_column et_pb_column_1_2 et_pb_column_1  et_pb_css_mix_blend_mode_passthrough et-last-child\">\n        <input type=\"text\" id=\"license_lastname\" name=\"license_lastname\" value=\"\" class=\"form-control\" placeholder=\"Nazwisko\">\n      <\/div>\n    <\/div>\n    <div class=\"et_pb_row et_pb_row_0 w-100\">\n      <input type=\"text\" id=\"license\" name=\"license\" value=\"\" class=\"form-control\" placeholder=\"PWZ (Prawo Wykonywania Zawodu)\">\n    <\/div>\n    <button type=\"submit\" value=\"Prisijungti\" class=\"form-submit\">Zaloguj si\u0119<\/button>\n  <\/form>[\/et_pb_code][\/et_pb_column][\/et_pb_row][\/et_pb_section]<\/p>\n","protected":false},"excerpt":{"rendered":"<p>[et_pb_section fb_built=&#8221;1&#8243; fullwidth=&#8221;on&#8221; _builder_version=&#8221;3.22&#8243;][et_pb_fullwidth_image src=&#8221;https:\/\/www.norameda.com\/wp-content\/uploads\/2018\/01\/about-slider-mini.jpg&#8221; _builder_version=&#8221;3.0.92&#8243;][\/et_pb_fullwidth_image][\/et_pb_section][et_pb_section fb_built=&#8221;1&#8243; module_class=&#8221;yoastBreadcrumb&#8221; _builder_version=&#8221;3.22&#8243;][et_pb_row _builder_version=&#8221;3.25&#8243; background_size=&#8221;initial&#8221; background_position=&#8221;top_left&#8221; background_repeat=&#8221;repeat&#8221;][et_pb_column type=&#8221;4_4&#8243; _builder_version=&#8221;3.25&#8243; custom_padding=&#8221;|||&#8221; custom_padding__hover=&#8221;|||&#8221;][et_pb_code width=&#8221;80%&#8221; max_width=&#8221;1080px&#8221;][\/et_pb_code][\/et_pb_column][\/et_pb_row][\/et_pb_section][et_pb_section fb_built=&#8221;1&#8243; module_class=&#8221;login-registration&#8221; _builder_version=&#8221;3.22&#8243; custom_margin=&#8221;50px|||&#8221;][et_pb_row column_structure=&#8221;1_2,1_2&#8243; admin_label=&#8221;Row&#8221; _builder_version=&#8221;3.25&#8243;][et_pb_column type=&#8221;1_2&#8243; _builder_version=&#8221;3.25&#8243; custom_padding=&#8221;|||&#8221; custom_padding__hover=&#8221;|||&#8221;][et_pb_cta title=&#8221;LOGOWANIE DO KONTA&#8221; _builder_version=&#8221;3.16&#8243; header_text_color=&#8221;#5e5e5e&#8221; header_font_size=&#8221;36&#8243; use_background_color=&#8221;off&#8221; text_orientation=&#8221;left&#8221; background_layout=&#8221;light&#8221; button_text_size__hover_enabled=&#8221;off&#8221; button_one_text_size__hover_enabled=&#8221;off&#8221; button_two_text_size__hover_enabled=&#8221;off&#8221; button_text_color__hover_enabled=&#8221;off&#8221; button_one_text_color__hover_enabled=&#8221;off&#8221; button_two_text_color__hover_enabled=&#8221;off&#8221; button_border_width__hover_enabled=&#8221;off&#8221; button_one_border_width__hover_enabled=&#8221;off&#8221; button_two_border_width__hover_enabled=&#8221;off&#8221; button_border_color__hover_enabled=&#8221;off&#8221; button_one_border_color__hover_enabled=&#8221;off&#8221; button_two_border_color__hover_enabled=&#8221;off&#8221; button_border_radius__hover_enabled=&#8221;off&#8221; button_one_border_radius__hover_enabled=&#8221;off&#8221; button_two_border_radius__hover_enabled=&#8221;off&#8221; button_letter_spacing__hover_enabled=&#8221;off&#8221; [&hellip;]<\/p>\n","protected":false},"author":1,"featured_media":0,"parent":0,"menu_order":0,"comment_status":"closed","ping_status":"closed","template":"","meta":{"_et_pb_use_builder":"on","_et_pb_old_content":"","_et_gb_content_width":"","inline_featured_image":false,"_links_to":"","_links_to_target":""},"_links":{"self":[{"href":"https:\/\/www.norameda.com\/pl\/wp-json\/wp\/v2\/pages\/4331"}],"collection":[{"href":"https:\/\/www.norameda.com\/pl\/wp-json\/wp\/v2\/pages"}],"about":[{"href":"https:\/\/www.norameda.com\/pl\/wp-json\/wp\/v2\/types\/page"}],"author":[{"embeddable":true,"href":"https:\/\/www.norameda.com\/pl\/wp-json\/wp\/v2\/users\/1"}],"replies":[{"embeddable":true,"href":"https:\/\/www.norameda.com\/pl\/wp-json\/wp\/v2\/comments?post=4331"}],"version-history":[{"count":7,"href":"https:\/\/www.norameda.com\/pl\/wp-json\/wp\/v2\/pages\/4331\/revisions"}],"predecessor-version":[{"id":7530,"href":"https:\/\/www.norameda.com\/pl\/wp-json\/wp\/v2\/pages\/4331\/revisions\/7530"}],"wp:attachment":[{"href":"https:\/\/www.norameda.com\/pl\/wp-json\/wp\/v2\/media?parent=4331"}],"curies":[{"name":"wp","href":"https:\/\/api.w.org\/{rel}","templated":true}]}}