{"id":4333,"date":"2019-05-15T18:31:51","date_gmt":"2019-05-15T15:31:51","guid":{"rendered":"https:\/\/www.norameda.com\/niezawodnosc\/"},"modified":"2019-05-15T18:31:52","modified_gmt":"2019-05-15T15:31:52","slug":"niezawodnosc","status":"publish","type":"page","link":"https:\/\/www.norameda.com\/pl\/niezawodnosc\/","title":{"rendered":"Niezawodno\u015b\u0107"},"content":{"rendered":"<p>[et_pb_section bb_built=&#8221;1&#8243; fullwidth=&#8221;on&#8221; _builder_version=&#8221;3.0.82&#8243; next_background_color=&#8221;#000000&#8243;][et_pb_fullwidth_image src=&#8221;https:\/\/www.norameda.com\/wp-content\/uploads\/2018\/08\/apie-mus-headeris.png&#8221; _builder_version=&#8221;3.13.1&#8243; \/][\/et_pb_section][et_pb_section bb_built=&#8221;1&#8243; fullwidth=&#8221;off&#8221; specialty=&#8221;off&#8221; _builder_version=&#8221;3.0.98&#8243; module_class=&#8221;yoastBreadcrumb&#8221; prev_background_color=&#8221;#000000&#8243; next_background_color=&#8221;#000000&#8243; global_module=&#8221;1855&#8243;][et_pb_row global_parent=&#8221;1855&#8243; background_position=&#8221;top_left&#8221; background_repeat=&#8221;repeat&#8221; background_size=&#8221;initial&#8221;][et_pb_column type=&#8221;4_4&#8243;][et_pb_code global_parent=&#8221;1855&#8243; _builder_version=&#8221;3.0.98&#8243;]<span><span><a href=\"https:\/\/www.norameda.com\/pl\/\">Strona G\u0142\u00f3wna<\/a><\/span>[\/et_pb_code][\/et_pb_column][\/et_pb_row][\/et_pb_section][et_pb_section bb_built=&#8221;1&#8243; _builder_version=&#8221;3.0.82&#8243; custom_padding=&#8221;30px|0px|13px|0px&#8221; prev_background_color=&#8221;#000000&#8243; next_background_color=&#8221;#000000&#8243;][et_pb_row _builder_version=&#8221;3.0.82&#8243;][et_pb_column type=&#8221;4_4&#8243;][et_pb_cta title=&#8221;NIEZAWODNO\u015a\u0106&#8221; use_background_color=&#8221;off&#8221; background_layout=&#8221;light&#8221; _builder_version=&#8221;3.0.92&#8243; text_orientation=&#8221;left&#8221; url_new_window=&#8221;off&#8221; custom_button=&#8221;off&#8221; button_icon_placement=&#8221;right&#8221; header_font=&#8221;Roboto Condensed||||||||&#8221; header_font_size=&#8221;36&#8243; header_text_color=&#8221;#5e5e5e&#8221; \/][\/et_pb_column][\/et_pb_row][\/et_pb_section][et_pb_section bb_built=&#8221;1&#8243; _builder_version=&#8221;3.0.82&#8243; custom_padding=&#8221;12.625px|0px|40px|0px&#8221; prev_background_color=&#8221;#000000&#8243;][et_pb_row _builder_version=&#8221;3.0.82&#8243;][et_pb_column type=&#8221;4_4&#8243;][et_pb_text _builder_version=&#8221;3.13.1&#8243; text_font=&#8221;Open Sans||||&#8221;]<\/p>\n<p><a href=\"https:\/\/www.norameda.com\/pl\/wysokie-kompetencje\/16-2-2\/\" rel=\"attachment wp-att-3325\"><img class=\"size-full wp-image-3325 alignleft\" src=\"https:\/\/www.norameda.com\/wp-content\/uploads\/2018\/09\/16.jpg\" alt=\"niezawodno\u015b\u0107\" width=\"500\" height=\"300\" srcset=\"https:\/\/www.norameda.com\/wp-content\/uploads\/2018\/09\/16.jpg 500w, https:\/\/www.norameda.com\/wp-content\/uploads\/2018\/09\/16-300x180.jpg 300w\" sizes=\"(max-width: 500px) 100vw, 500px\" \/><\/a>Nasi profesjonalni pracownicy s\u0105 dla naszych partner\u00f3w i klient\u00f3w gwarancj\u0105 niezawodnej wsp\u00f3\u0142pracy na najwy\u017cszym poziomie. Gwarantujemy r\u00f3wnie\u017c pe\u0142ne bezpiecze\u0144stwo naszych produkt\u00f3w. Realizujemy nasze zobowi\u0105zania w spos\u00f3b odpowiedzialny, chronimy informacje poufne, dotrzymujemy obietnic i dbamy, aby wykonywana przez nas praca spe\u0142ni\u0142a Twoje oczekiwania.<\/p>\n<p>Pracujemy z zachowaniem najwy\u017cszych standard\u00f3w dystrybucji i produkcji, o czym \u015bwiadcz\u0105 przyznane nam licencje i certyfikaty.<\/p>\n<p>Pracujemy zgodnie z licencj\u0105 na dystrybucj\u0119 hurtow\u0105, kt\u00f3ra wydawana jest po zapewnieniu, \u017ce dystrybutor produkt\u00f3w leczniczych posiada odpowiednie pomieszczenia i wyposa\u017cenie, oraz spe\u0142nia wymagania dotycz\u0105ce systemu jako\u015bci, pracownik\u00f3w, zarz\u0105dzania dokumentami, prowadzonych operacji, rozpatrywania skarg, potencjalnych podr\u00f3bek, zwrot\u00f3w i odwo\u0142a\u0144, dzia\u0142alno\u015bci statutowej i audyt\u00f3w wewn\u0119trznych.<\/p>\n<p>Uzyskali\u015bmy r\u00f3wnie\u017c certyfikat dobrej praktyki dystrybucji, kt\u00f3ra zapewnia zachowanie jako\u015bci lek\u00f3w na wszystkich etapach dostawy, od produkcji po punkty sprzeda\u017cy.<\/p>\n<p>Posiadany przez nas certyfikat dobrej praktyki wytwarzania zapewnia, \u017ce produkcja i import lek\u00f3w z pa\u0144stw trzecich  jest kontrolowany zgodnie z obowi\u0105zuj\u0105cymi normami jako\u015bci, tak aby wytwarzany produkt leczniczy spe\u0142nia\u0142 swoje przeznaczenie, wymogi pozwolenia na dopuszczenie do obrotu i specyfikacje.<\/p>\n<p>Uzyskali\u015bmy od Pa\u0144stwowej S\u0142u\u017cby ds. \u017bywno\u015bci i Weterynarii pozwolenie na prowadzenie przedsi\u0119biorstwa spo\u017cywczego, kt\u00f3ry uprawnia podmiot gospodarczy do prowadzenia przedsi\u0119biorstwa spo\u017cywczego, w tym do dystrybucji artyku\u0142\u00f3w spo\u017cywczych. Dokument jest wydawany tylko wtedy, gdy spe\u0142nione s\u0105 wszystkie wymogi higieny i inne przepisy maj\u0105ce zastosowanie do tej dzia\u0142alno\u015bci.<\/p>\n<p>Stworzyli\u015bmy certyfikowany i chroniony \u0142a\u0144cuch dostaw, dzi\u0119ki czemu zawsze wiemy, gdzie znajduj\u0105 si\u0119 wys\u0142ane produkty i jeste\u015bmy pewni, \u017ce zostan\u0105 dostarczone we w\u0142a\u015bciwym stanie i we w\u0142a\u015bciwym czasie.<\/p>\n<p>[\/et_pb_text][\/et_pb_column][\/et_pb_row][\/et_pb_section]<\/p>\n","protected":false},"excerpt":{"rendered":"<p>[et_pb_section bb_built=&#8221;1&#8243; fullwidth=&#8221;on&#8221; _builder_version=&#8221;3.0.82&#8243; next_background_color=&#8221;#000000&#8243;][et_pb_fullwidth_image src=&#8221;https:\/\/www.norameda.com\/wp-content\/uploads\/2018\/08\/apie-mus-headeris.png&#8221; _builder_version=&#8221;3.13.1&#8243; \/][\/et_pb_section][et_pb_section bb_built=&#8221;1&#8243; fullwidth=&#8221;off&#8221; specialty=&#8221;off&#8221; _builder_version=&#8221;3.0.98&#8243; module_class=&#8221;yoastBreadcrumb&#8221; prev_background_color=&#8221;#000000&#8243; next_background_color=&#8221;#000000&#8243; global_module=&#8221;1855&#8243;][et_pb_row global_parent=&#8221;1855&#8243; background_position=&#8221;top_left&#8221; background_repeat=&#8221;repeat&#8221; background_size=&#8221;initial&#8221;][et_pb_column type=&#8221;4_4&#8243;][et_pb_code global_parent=&#8221;1855&#8243; _builder_version=&#8221;3.0.98&#8243;][\/et_pb_code][\/et_pb_column][\/et_pb_row][\/et_pb_section][et_pb_section bb_built=&#8221;1&#8243; _builder_version=&#8221;3.0.82&#8243; custom_padding=&#8221;30px|0px|13px|0px&#8221; prev_background_color=&#8221;#000000&#8243; next_background_color=&#8221;#000000&#8243;][et_pb_row _builder_version=&#8221;3.0.82&#8243;][et_pb_column type=&#8221;4_4&#8243;][et_pb_cta title=&#8221;NIEZAWODNO\u015a\u0106&#8221; use_background_color=&#8221;off&#8221; background_layout=&#8221;light&#8221; _builder_version=&#8221;3.0.92&#8243; text_orientation=&#8221;left&#8221; url_new_window=&#8221;off&#8221; custom_button=&#8221;off&#8221; button_icon_placement=&#8221;right&#8221; header_font=&#8221;Roboto Condensed||||||||&#8221; header_font_size=&#8221;36&#8243; header_text_color=&#8221;#5e5e5e&#8221; \/][\/et_pb_column][\/et_pb_row][\/et_pb_section][et_pb_section bb_built=&#8221;1&#8243; _builder_version=&#8221;3.0.82&#8243; custom_padding=&#8221;12.625px|0px|40px|0px&#8221; prev_background_color=&#8221;#000000&#8243;][et_pb_row _builder_version=&#8221;3.0.82&#8243;][et_pb_column type=&#8221;4_4&#8243;][et_pb_text _builder_version=&#8221;3.13.1&#8243; text_font=&#8221;Open Sans||||&#8221;] Nasi profesjonalni pracownicy [&hellip;]<\/p>\n","protected":false},"author":1,"featured_media":0,"parent":0,"menu_order":0,"comment_status":"closed","ping_status":"closed","template":"","meta":{"_et_pb_use_builder":"on","_et_pb_old_content":"","_et_gb_content_width":"","inline_featured_image":false,"_links_to":"","_links_to_target":""},"_links":{"self":[{"href":"https:\/\/www.norameda.com\/pl\/wp-json\/wp\/v2\/pages\/4333"}],"collection":[{"href":"https:\/\/www.norameda.com\/pl\/wp-json\/wp\/v2\/pages"}],"about":[{"href":"https:\/\/www.norameda.com\/pl\/wp-json\/wp\/v2\/types\/page"}],"author":[{"embeddable":true,"href":"https:\/\/www.norameda.com\/pl\/wp-json\/wp\/v2\/users\/1"}],"replies":[{"embeddable":true,"href":"https:\/\/www.norameda.com\/pl\/wp-json\/wp\/v2\/comments?post=4333"}],"version-history":[{"count":1,"href":"https:\/\/www.norameda.com\/pl\/wp-json\/wp\/v2\/pages\/4333\/revisions"}],"predecessor-version":[{"id":4334,"href":"https:\/\/www.norameda.com\/pl\/wp-json\/wp\/v2\/pages\/4333\/revisions\/4334"}],"wp:attachment":[{"href":"https:\/\/www.norameda.com\/pl\/wp-json\/wp\/v2\/media?parent=4333"}],"curies":[{"name":"wp","href":"https:\/\/api.w.org\/{rel}","templated":true}]}}