{"id":4335,"date":"2019-05-15T18:31:52","date_gmt":"2019-05-15T15:31:52","guid":{"rendered":"https:\/\/www.norameda.com\/o-nas\/"},"modified":"2025-08-20T15:41:46","modified_gmt":"2025-08-20T12:41:46","slug":"o-nas","status":"publish","type":"page","link":"https:\/\/www.norameda.com\/pl\/o-nas\/","title":{"rendered":"O nas"},"content":{"rendered":"<p>[et_pb_section fb_built=&#8221;1&#8243; fullwidth=&#8221;on&#8221; _builder_version=&#8221;3.22&#8243; da_disable_devices=&#8221;off|off|off&#8221; da_is_popup=&#8221;off&#8221; da_exit_intent=&#8221;off&#8221; da_has_close=&#8221;on&#8221; da_alt_close=&#8221;off&#8221; da_dark_close=&#8221;off&#8221; da_not_modal=&#8221;on&#8221; da_is_singular=&#8221;off&#8221; da_with_loader=&#8221;off&#8221; da_has_shadow=&#8221;on&#8221;][et_pb_fullwidth_image src=&#8221;https:\/\/www.norameda.com\/wp-content\/uploads\/2018\/08\/apie-mus-headeris.png&#8221; _builder_version=&#8221;3.9&#8243;][\/et_pb_fullwidth_image][\/et_pb_section][et_pb_section fb_built=&#8221;1&#8243; _builder_version=&#8221;3.22&#8243; custom_padding=&#8221;50px|0px||0px&#8221; da_disable_devices=&#8221;off|off|off&#8221; da_is_popup=&#8221;off&#8221; da_exit_intent=&#8221;off&#8221; da_has_close=&#8221;on&#8221; da_alt_close=&#8221;off&#8221; da_dark_close=&#8221;off&#8221; da_not_modal=&#8221;on&#8221; da_is_singular=&#8221;off&#8221; da_with_loader=&#8221;off&#8221; da_has_shadow=&#8221;on&#8221;][et_pb_row _builder_version=&#8221;3.25&#8243;][et_pb_column type=&#8221;4_4&#8243; _builder_version=&#8221;3.25&#8243; custom_padding=&#8221;|||&#8221; custom_padding__hover=&#8221;|||&#8221;][et_pb_cta title=&#8221;O NAS&#8221; _builder_version=&#8221;3.16&#8243; header_font=&#8221;Roboto Condensed||||||||&#8221; header_text_color=&#8221;#5e5e5e&#8221; header_font_size=&#8221;36&#8243; use_background_color=&#8221;off&#8221; text_orientation=&#8221;left&#8221; background_layout=&#8221;light&#8221; button_text_size__hover_enabled=&#8221;off&#8221; button_text_size__hover=&#8221;null&#8221; button_one_text_size__hover_enabled=&#8221;off&#8221; button_one_text_size__hover=&#8221;null&#8221; button_two_text_size__hover_enabled=&#8221;off&#8221; button_two_text_size__hover=&#8221;null&#8221; button_text_color__hover_enabled=&#8221;off&#8221; button_text_color__hover=&#8221;null&#8221; button_one_text_color__hover_enabled=&#8221;off&#8221; button_one_text_color__hover=&#8221;null&#8221; button_two_text_color__hover_enabled=&#8221;off&#8221; button_two_text_color__hover=&#8221;null&#8221; button_border_width__hover_enabled=&#8221;off&#8221; button_border_width__hover=&#8221;null&#8221; button_one_border_width__hover_enabled=&#8221;off&#8221; button_one_border_width__hover=&#8221;null&#8221; button_two_border_width__hover_enabled=&#8221;off&#8221; button_two_border_width__hover=&#8221;null&#8221; button_border_color__hover_enabled=&#8221;off&#8221; button_border_color__hover=&#8221;null&#8221; button_one_border_color__hover_enabled=&#8221;off&#8221; button_one_border_color__hover=&#8221;null&#8221; button_two_border_color__hover_enabled=&#8221;off&#8221; button_two_border_color__hover=&#8221;null&#8221; button_border_radius__hover_enabled=&#8221;off&#8221; button_border_radius__hover=&#8221;null&#8221; button_one_border_radius__hover_enabled=&#8221;off&#8221; button_one_border_radius__hover=&#8221;null&#8221; button_two_border_radius__hover_enabled=&#8221;off&#8221; button_two_border_radius__hover=&#8221;null&#8221; button_letter_spacing__hover_enabled=&#8221;off&#8221; button_letter_spacing__hover=&#8221;null&#8221; button_one_letter_spacing__hover_enabled=&#8221;off&#8221; button_one_letter_spacing__hover=&#8221;null&#8221; button_two_letter_spacing__hover_enabled=&#8221;off&#8221; button_two_letter_spacing__hover=&#8221;null&#8221; button_bg_color__hover_enabled=&#8221;off&#8221; button_bg_color__hover=&#8221;null&#8221; button_one_bg_color__hover_enabled=&#8221;off&#8221; button_one_bg_color__hover=&#8221;null&#8221; button_two_bg_color__hover_enabled=&#8221;off&#8221; button_two_bg_color__hover=&#8221;null&#8221;][\/et_pb_cta][\/et_pb_column][\/et_pb_row][\/et_pb_section][et_pb_section fb_built=&#8221;1&#8243; module_class=&#8221;yoastBreadcrumb&#8221; _builder_version=&#8221;3.22&#8243; da_disable_devices=&#8221;off|off|off&#8221; da_is_popup=&#8221;off&#8221; da_exit_intent=&#8221;off&#8221; da_has_close=&#8221;on&#8221; da_alt_close=&#8221;off&#8221; da_dark_close=&#8221;off&#8221; da_not_modal=&#8221;on&#8221; da_is_singular=&#8221;off&#8221; da_with_loader=&#8221;off&#8221; da_has_shadow=&#8221;on&#8221;][et_pb_row _builder_version=&#8221;3.25&#8243; background_size=&#8221;initial&#8221; background_position=&#8221;top_left&#8221; background_repeat=&#8221;repeat&#8221;][et_pb_column type=&#8221;4_4&#8243; _builder_version=&#8221;3.25&#8243; custom_padding=&#8221;|||&#8221; custom_padding__hover=&#8221;|||&#8221;][et_pb_code]<span><span><a href=\"https:\/\/www.norameda.com\/pl\/\">Strona G\u0142\u00f3wna<\/a><\/span>[\/et_pb_code][\/et_pb_column][\/et_pb_row][\/et_pb_section][et_pb_section fb_built=&#8221;1&#8243; _builder_version=&#8221;3.22&#8243; da_disable_devices=&#8221;off|off|off&#8221; da_is_popup=&#8221;off&#8221; da_exit_intent=&#8221;off&#8221; da_has_close=&#8221;on&#8221; da_alt_close=&#8221;off&#8221; da_dark_close=&#8221;off&#8221; da_not_modal=&#8221;on&#8221; da_is_singular=&#8221;off&#8221; da_with_loader=&#8221;off&#8221; da_has_shadow=&#8221;on&#8221;][et_pb_row _builder_version=&#8221;3.25&#8243; background_size=&#8221;initial&#8221; background_position=&#8221;top_left&#8221; background_repeat=&#8221;repeat&#8221;][et_pb_column type=&#8221;4_4&#8243; _builder_version=&#8221;3.25&#8243; custom_padding=&#8221;|||&#8221; custom_padding__hover=&#8221;|||&#8221;][et_pb_text _builder_version=&#8221;3.27.4&#8243;]\u201eNorameda\u201d \u2013 to dynamiczna i ci\u0105gle rozwijaj\u0105ca si\u0119 firma. Efektywny marketing farmaceutyczny, odwa\u017cne i elastyczne decyzje oraz lojalno\u015b\u0107 wobec partner\u00f3w stanowi fundament naszego sukcesu.<br \/>\n\u201eNorameda\u201d dostarcza specjalistyczne leki, wyroby medyczne oraz produkty bez recepty. W naszym asortymencie posiadamy produkty firmy \u201eNorameda\u201d, jak r\u00f3wnie\u017c produkty z r\u00f3\u017cnych dziedzin leczenia naszych partner\u00f3w oraz licencjonowane leki i wyroby medyczne znanych i renomowanych firm farmaceutycznych. W celu dostarczenia jako\u015bciowej produkcji wsp\u00f3\u0142pracujemy ze specjalistami w dziedzinie ochrony zdrowia i naukowcami.<br \/>\nZajmujemy si\u0119 certyfikacj\u0105 produkt\u00f3w fabrycznych oraz wprowadzaniem ich na rynek (posiadamy certyfikat Dobrej Praktyki Produkcyjnej \u2013 GMP), sprzeda\u017c\u0105 hurtow\u0105 (posiadamy certyfikat Dobrych Praktyk Dystrybucyjnych \u2013 GDP), sprzeda\u017c\u0105 suplement\u00f3w diety oraz wyrob\u00f3w medycznych, organizujemy marketing farmaceutyczny i sprzeda\u017c, nadz\u00f3r nad bezpiecze\u0144stwem farmakoterapii oraz inne procesy, niezb\u0119dne do bezpiecznej i jako\u015bciowej dostawy lek\u00f3w.<br \/>\nW 2015 roku \u201eNorameda\u201d zrealizowa\u0142a projekt \u201eBadanie nowych terapii neuroprotekcyjnych na oddzia\u0142ywanie na kom\u00f3rki fotoreceptor\u00f3w siatk\u00f3wki oka\u201d.<\/p>\n<p>Naszym celem jest stanie si\u0119 najbardziej profesjonaln\u0105 firm\u0105 farmaceutyczn\u0105 w krajach ba\u0142tyckich, dostarczanie efektywnych lekarstw i promocja zdrowia.<br \/>\n[\/et_pb_text][\/et_pb_column][\/et_pb_row][\/et_pb_section][et_pb_section fb_built=&#8221;1&#8243; _builder_version=&#8221;4.9.2&#8243; _module_preset=&#8221;default&#8221; da_disable_devices=&#8221;off|off|off&#8221; da_is_popup=&#8221;off&#8221; da_exit_intent=&#8221;off&#8221; da_has_close=&#8221;on&#8221; da_alt_close=&#8221;off&#8221; da_dark_close=&#8221;off&#8221; da_not_modal=&#8221;on&#8221; da_is_singular=&#8221;off&#8221; da_with_loader=&#8221;off&#8221; da_has_shadow=&#8221;on&#8221;][et_pb_row _builder_version=&#8221;4.9.2&#8243; _module_preset=&#8221;default&#8221;][et_pb_column type=&#8221;4_4&#8243; _builder_version=&#8221;4.9.2&#8243; _module_preset=&#8221;default&#8221;][et_pb_text _builder_version=&#8221;4.9.2&#8243; _module_preset=&#8221;default&#8221;]<\/p>\n<div class=\"team-title\" style=\"font-family: Open Sans; font-weight: 500; font-size: 38px; line-height: 23.8px; letter-spacing: -3%; text-align: center; margin-top: 32px; vertical-align: middle; color: #232323\">Poznaj nasz zesp\u00f3\u0142<\/div>\n<p>[\/et_pb_text][\/et_pb_column][\/et_pb_row][\/et_pb_section][et_pb_section fb_built=&#8221;1&#8243; _builder_version=&#8221;4.9.2&#8243; _module_preset=&#8221;default&#8221; da_disable_devices=&#8221;off|off|off&#8221; da_is_popup=&#8221;off&#8221; da_exit_intent=&#8221;off&#8221; da_has_close=&#8221;on&#8221; da_alt_close=&#8221;off&#8221; da_dark_close=&#8221;off&#8221; da_not_modal=&#8221;on&#8221; da_is_singular=&#8221;off&#8221; da_with_loader=&#8221;off&#8221; da_has_shadow=&#8221;on&#8221;][et_pb_row _builder_version=&#8221;4.9.2&#8243; _module_preset=&#8221;default&#8221;][et_pb_column type=&#8221;4_4&#8243; _builder_version=&#8221;4.9.2&#8243; _module_preset=&#8221;default&#8221;][et_pb_code _builder_version=&#8221;4.9.2&#8243; _module_preset=&#8221;default&#8221; hover_enabled=&#8221;0&#8243; sticky_enabled=&#8221;0&#8243;]<\/p>\n<style><!-- [et_pb_line_break_holder] -->  .team-grid-container {<!-- [et_pb_line_break_holder] -->    display: grid;<!-- [et_pb_line_break_holder] -->    grid-template-columns: repeat(3, 1fr);<!-- [et_pb_line_break_holder] -->    column-gap: 20px;<!-- [et_pb_line_break_holder] -->    row-gap: 48px;<!-- [et_pb_line_break_holder] -->    padding-top: 40px;<!-- [et_pb_line_break_holder] -->  }<!-- [et_pb_line_break_holder] -->  @media screen and (max-width: 767px) {<!-- [et_pb_line_break_holder] -->    .team-title {<!-- [et_pb_line_break_holder] -->      display: block;<!-- [et_pb_line_break_holder] -->      text-align: left !important;<!-- [et_pb_line_break_holder] -->      line-height: 1.2 !important;<!-- [et_pb_line_break_holder] -->    }<!-- [et_pb_line_break_holder] -->    .team-grid-container {<!-- [et_pb_line_break_holder] -->      grid-template-columns: 1fr;<!-- [et_pb_line_break_holder] -->    }<!-- [et_pb_line_break_holder] -->  }<!-- [et_pb_line_break_holder] --><!-- [et_pb_line_break_holder] -->  .team-grid-item {<!-- [et_pb_line_break_holder] -->    text-align: center;<!-- [et_pb_line_break_holder] -->  }<!-- [et_pb_line_break_holder] --><!-- [et_pb_line_break_holder] -->  .team-grid-item img {<!-- [et_pb_line_break_holder] -->    width: 200px;<!-- [et_pb_line_break_holder] -->    height: 200px;<!-- [et_pb_line_break_holder] -->    object-fit: cover;<!-- [et_pb_line_break_holder] -->    border-radius: 50%;<!-- [et_pb_line_break_holder] -->    display: block;<!-- [et_pb_line_break_holder] -->    margin: 0 auto 24px;<!-- [et_pb_line_break_holder] -->  }<!-- [et_pb_line_break_holder] --><!-- [et_pb_line_break_holder] -->  .team-grid-container span {<!-- [et_pb_line_break_holder] -->    display: block;<!-- [et_pb_line_break_holder] -->  }<!-- [et_pb_line_break_holder] --><!-- [et_pb_line_break_holder] -->  .team-grid-container a {<!-- [et_pb_line_break_holder] -->    color: #858585;<!-- [et_pb_line_break_holder] -->  }<!-- [et_pb_line_break_holder] --><!-- [et_pb_line_break_holder] -->  .team-grid-container .team-grid-item span:first-of-type {<!-- [et_pb_line_break_holder] -->    font-family: Open Sans;<!-- [et_pb_line_break_holder] -->    font-weight: 700;<!-- [et_pb_line_break_holder] -->    font-size: 18px;<!-- [et_pb_line_break_holder] -->    line-height: 23.8px;<!-- [et_pb_line_break_holder] -->    letter-spacing: -3%;<!-- [et_pb_line_break_holder] -->    text-align: center;<!-- [et_pb_line_break_holder] -->    color: #232323;<!-- [et_pb_line_break_holder] -->  }<!-- [et_pb_line_break_holder] --><!-- [et_pb_line_break_holder] -->  .team-grid-container .team-grid-item span:nth-of-type(2) {<!-- [et_pb_line_break_holder] -->    font-family: Open Sans;<!-- [et_pb_line_break_holder] -->    font-weight: 500;<!-- [et_pb_line_break_holder] -->    font-size: 18px;<!-- [et_pb_line_break_holder] -->    line-height: 23.8px;<!-- [et_pb_line_break_holder] -->    letter-spacing: -3%;<!-- [et_pb_line_break_holder] -->    text-align: center;<!-- [et_pb_line_break_holder] -->    color: black;<!-- [et_pb_line_break_holder] -->    padding-bottom: 8px;<!-- [et_pb_line_break_holder] -->  }<!-- [et_pb_line_break_holder] --><!-- [et_pb_line_break_holder] -->  .team-grid-container .team-grid-item span:nth-of-type(n + 3) {<!-- [et_pb_line_break_holder] -->    font-family: Open Sans;<!-- [et_pb_line_break_holder] -->    font-weight: 400;<!-- [et_pb_line_break_holder] -->    font-size: 17px;<!-- [et_pb_line_break_holder] -->    line-height: 23.8px;<!-- [et_pb_line_break_holder] -->    letter-spacing: -3%;<!-- [et_pb_line_break_holder] -->    text-align: center;<!-- [et_pb_line_break_holder] -->    color: #858585;<!-- [et_pb_line_break_holder] -->  }<!-- [et_pb_line_break_holder] --><\/style>\n<p><!-- [et_pb_line_break_holder] --><!-- [et_pb_line_break_holder] --><\/p>\n<div class=\"team-grid-container\"><!-- [et_pb_line_break_holder] -->  <\/p>\n<div class=\"team-grid-item\"><!-- [et_pb_line_break_holder] -->    <img src=\"https:\/\/www.norameda.com\/wp-content\/uploads\/2025\/05\/Frame-8.png\" alt=\"Arvydas Norvai\u0161as\" \/><!-- [et_pb_line_break_holder] -->    <span>Arvydas Norvai\u0161as<\/span><!-- [et_pb_line_break_holder] -->    <span>Prezes Zarz\u0105du<\/span><!-- [et_pb_line_break_holder] -->    <span><a href=\"tel:+48504278778\">+48 504 278 778<\/a><\/span><!-- [et_pb_line_break_holder] -->    <span><a href=\"mailto:a.norvaisas@norameda.com\">a.norvaisas@norameda.com<\/a><\/span><!-- [et_pb_line_break_holder] -->  <\/div>\n<p><!-- [et_pb_line_break_holder] --><!-- [et_pb_line_break_holder] -->  <\/p>\n<div class=\"team-grid-item\"><!-- [et_pb_line_break_holder] -->    <img src=\"https:\/\/www.norameda.com\/wp-content\/uploads\/2025\/05\/Frame-9.png\" alt=\"Joanna Samoraj\" \/><!-- [et_pb_line_break_holder] -->    <span>Joanna Samoraj<\/span><!-- [et_pb_line_break_holder] -->    <span>Wiceprezes ds. sprzeda\u017cy i marketingu<\/span><!-- [et_pb_line_break_holder] -->    <span><a href=\"tel:+48886406035\">+48\u00a0886\u00a0406 035<\/a><\/span><!-- [et_pb_line_break_holder] -->    <span><a href=\"mailto:j.samoraj@norameda.com\">j.samoraj@norameda.com<\/a><\/span><!-- [et_pb_line_break_holder] -->  <\/div>\n<p><!-- [et_pb_line_break_holder] --><!-- [et_pb_line_break_holder] -->  <\/p>\n<div class=\"team-grid-item\"><!-- [et_pb_line_break_holder] -->    <img src=\"https:\/\/www.norameda.com\/wp-content\/uploads\/2025\/05\/Frame-14.png\" alt=\"Magdalena Derpi\u0144ska\" \/><!-- [et_pb_line_break_holder] -->    <span>Magdalena Derpi\u0144ska<\/span><!-- [et_pb_line_break_holder] -->    <span>Asystent biura administracyjnego<\/span><!-- [et_pb_line_break_holder] -->    <span><a href=\"tel:+48572257340\">+48 572 257 340<\/a><\/span><!-- [et_pb_line_break_holder] -->    <span><a href=\"mailto:m.derpinska@norameda.com\">m.derpinska@norameda.com<\/a><\/span><!-- [et_pb_line_break_holder] -->  <\/div>\n<p><!-- [et_pb_line_break_holder] --><!-- [et_pb_line_break_holder] -->  <\/p>\n<div class=\"team-grid-item\"><!-- [et_pb_line_break_holder] -->    <img src=\"https:\/\/www.norameda.com\/wp-content\/uploads\/2025\/05\/Frame-11.png\" alt=\"Robert Wiklak\" \/><!-- [et_pb_line_break_holder] -->    <span>Robert Wiklak<\/span><!-- [et_pb_line_break_holder] -->    <span> Mazowieckie, \u0141\u00f3dzkie, Lubelskie, Podlaskie <\/span><!-- [et_pb_line_break_holder] -->    <span>Key Account Specialist RX<\/span><!-- [et_pb_line_break_holder] -->    <span><a href=\"tel:+48502707533\">+48 502 707 533<\/a><\/span><!-- [et_pb_line_break_holder] -->    <span><a href=\"mailto:r.wiklak@norameda.com\">r.wiklak@norameda.com<\/a><\/span><!-- [et_pb_line_break_holder] -->  <\/div>\n<p><!-- [et_pb_line_break_holder] --><!-- [et_pb_line_break_holder] -->  <\/p>\n<div class=\"team-grid-item\"><!-- [et_pb_line_break_holder] -->    <img src=\"https:\/\/www.norameda.com\/wp-content\/uploads\/2025\/05\/Frame-13.png\" alt=\"Sylwia Komenda\" \/><!-- [et_pb_line_break_holder] -->    <span>Sylwia Komenda<\/span><!-- [et_pb_line_break_holder] -->    <span> Ma\u0142opolskie, \u015awi\u0119tokrzyskie, Podkarpackie\u00a0<\/span><!-- [et_pb_line_break_holder] -->    <span>Key Account Specialist Hospital<\/span><!-- [et_pb_line_break_holder] -->    <span><a href=\"tel:+48502707592\">+48\u00a0502\u00a0707 592<\/a><\/span><!-- [et_pb_line_break_holder] -->    <span><a href=\"mailto:s.komenda@norameda.com\">s.komenda@norameda.com<\/a><\/span><!-- [et_pb_line_break_holder] -->  <\/div>\n<p><!-- [et_pb_line_break_holder] -->  <\/p>\n<div class=\"team-grid-item\"><!-- [et_pb_line_break_holder] -->  <img src=\"https:\/\/www.norameda.com\/wp-content\/uploads\/2025\/08\/blank-avatar-photo-place-holder-600nw-1095249842-300x300-1.png\" alt=\"Piotr Winiarski\" \/><!-- [et_pb_line_break_holder] -->  <span>Piotr Winiarski<\/span><!-- [et_pb_line_break_holder] -->  <span>National Sales Manager<\/span><!-- [et_pb_line_break_holder] -->  <span><a href=\"tel:+48786876113\">+48 786 876 113<\/a><\/span><!-- [et_pb_line_break_holder] -->  <span><a href=\"mailto:p.winiarski@norameda.com\">p.winiarski@norameda.com<\/a><\/span><!-- [et_pb_line_break_holder] --><\/div>\n<p><!-- [et_pb_line_break_holder] -->  <!-- [et_pb_line_break_holder] -->  <\/p>\n<div class=\"team-grid-item\"><!-- [et_pb_line_break_holder] -->  <img src=\"https:\/\/www.norameda.com\/wp-content\/uploads\/2025\/08\/blank-avatar-photo-place-holder-600nw-1095249842-300x300-1.png\" alt=\"Monika Paw\u0142owska\" \/><!-- [et_pb_line_break_holder] -->  <span>Monika Paw\u0142owska<\/span><!-- [et_pb_line_break_holder] -->  <span>Medical Affairs Manager<\/span><!-- [et_pb_line_break_holder] -->  <span><a href=\"tel:+48602277922\">+48 602 277 922<\/a><\/span><!-- [et_pb_line_break_holder] -->  <span><a href=\"mailto:m.pawlowska@norameda.com\">m.pawlowska@norameda.com<\/a><\/span><!-- [et_pb_line_break_holder] --><\/div>\n<p><!-- [et_pb_line_break_holder] --><!-- [et_pb_line_break_holder] -->  <\/p>\n<div class=\"team-grid-item\"><!-- [et_pb_line_break_holder] -->  <img src=\"https:\/\/www.norameda.com\/wp-content\/uploads\/2025\/08\/blank-avatar-photo-place-holder-600nw-1095249842-300x300-1.png\" alt=\"Agnieszka Kramkowska\" \/><!-- [et_pb_line_break_holder] -->  <span>Agnieszka Kramkowska<\/span><!-- [et_pb_line_break_holder] -->  <span>Brand Manager<\/span><!-- [et_pb_line_break_holder] -->  <span><\/span><!-- [et_pb_line_break_holder] -->  <span><a href=\"mailto:a.kramkowska@norameda.com\">a.kramkowska@norameda.com<\/a><\/span><!-- [et_pb_line_break_holder] --><\/div>\n<p><!-- [et_pb_line_break_holder] -->  <!-- [et_pb_line_break_holder] -->  <\/p>\n<div class=\"team-grid-item\"><!-- [et_pb_line_break_holder] -->  <img src=\"https:\/\/www.norameda.com\/wp-content\/uploads\/2025\/08\/blank-avatar-photo-place-holder-600nw-1095249842-300x300-1.png\" alt=\"Agnieszka Grund\" \/><!-- [et_pb_line_break_holder] -->  <span>Agnieszka Grund<\/span><!-- [et_pb_line_break_holder] -->  <span>Wielkopolskie, Zachodniopomorskie, Lubuskie, Dolno\u015bl\u0105skie<\/span><!-- [et_pb_line_break_holder] -->  <span>Key Account Manager<\/span><!-- [et_pb_line_break_holder] -->  <span><a href=\"tel:+48502707549\">+48 502 707 549<\/a><\/span><!-- [et_pb_line_break_holder] -->  <span><a href=\"mailto:a.grund@norameda.com\">a.grund@norameda.com<\/a><\/span><!-- [et_pb_line_break_holder] --><\/div>\n<p><!-- [et_pb_line_break_holder] --><!-- [et_pb_line_break_holder] --><\/p>\n<div class=\"team-grid-item\"><!-- [et_pb_line_break_holder] -->  <img src=\"https:\/\/www.norameda.com\/wp-content\/uploads\/2025\/08\/blank-avatar-photo-place-holder-600nw-1095249842-300x300-1.png\" alt=\"Magdalena Serwaczak\" \/><!-- [et_pb_line_break_holder] -->  <span>Magdalena Serwaczak<\/span><!-- [et_pb_line_break_holder] -->  <span>\u015al\u0105skie, \u0141\u00f3dzkie, Opolskie<\/span><!-- [et_pb_line_break_holder] -->  <span>Key Account Manager<\/span><!-- [et_pb_line_break_holder] -->  <span><a href=\"tel:+48514231228\">+48 514 231 228<\/a><\/span><!-- [et_pb_line_break_holder] -->  <span><a href=\"mailto:m.serwaczak@norameda.com\">m.serwaczak@norameda.com<\/a><\/span><!-- [et_pb_line_break_holder] --><\/div>\n<p><!-- [et_pb_line_break_holder] -->  <!-- [et_pb_line_break_holder] -->  <\/p>\n<div class=\"team-grid-item\"><!-- [et_pb_line_break_holder] -->  <img src=\"https:\/\/www.norameda.com\/wp-content\/uploads\/2025\/08\/blank-avatar-photo-place-holder-600nw-1095249842-300x300-1.png\" alt=\"Vakat\" \/><!-- [et_pb_line_break_holder] -->  <span>Vakat<\/span><!-- [et_pb_line_break_holder] -->  <span>Pomorskie, Kujawsko Pomorski, Warmi\u0144sko-Mazurskie<\/span><!-- [et_pb_line_break_holder] -->  <span>Key Account Manager<\/span><!-- [et_pb_line_break_holder] --><\/div>\n<p><!-- [et_pb_line_break_holder] -->  <!-- [et_pb_line_break_holder] -->    <\/p>\n<div class=\"team-grid-item\"><!-- [et_pb_line_break_holder] -->  <img src=\"https:\/\/www.norameda.com\/wp-content\/uploads\/2025\/08\/blank-avatar-photo-place-holder-600nw-1095249842-300x300-1.png\" alt=\"Vakat\" \/><!-- [et_pb_line_break_holder] -->  <span>Vakat<\/span><!-- [et_pb_line_break_holder] -->  <span>Mazowieckie, \u0141\u00f3dzkie, Podlaskie<\/span><!-- [et_pb_line_break_holder] -->  <span>Key Account Manager<\/span><!-- [et_pb_line_break_holder] --><\/div>\n<p><!-- [et_pb_line_break_holder] -->  <!-- [et_pb_line_break_holder] --><\/div>\n<p><!-- [et_pb_line_break_holder] -->[\/et_pb_code][\/et_pb_column][\/et_pb_row][\/et_pb_section]<\/p>\n","protected":false},"excerpt":{"rendered":"<p>[et_pb_section fb_built=&#8221;1&#8243; fullwidth=&#8221;on&#8221; _builder_version=&#8221;3.22&#8243; da_disable_devices=&#8221;off|off|off&#8221; da_is_popup=&#8221;off&#8221; da_exit_intent=&#8221;off&#8221; da_has_close=&#8221;on&#8221; da_alt_close=&#8221;off&#8221; da_dark_close=&#8221;off&#8221; da_not_modal=&#8221;on&#8221; da_is_singular=&#8221;off&#8221; da_with_loader=&#8221;off&#8221; da_has_shadow=&#8221;on&#8221;][et_pb_fullwidth_image src=&#8221;https:\/\/www.norameda.com\/wp-content\/uploads\/2018\/08\/apie-mus-headeris.png&#8221; _builder_version=&#8221;3.9&#8243;][\/et_pb_fullwidth_image][\/et_pb_section][et_pb_section fb_built=&#8221;1&#8243; _builder_version=&#8221;3.22&#8243; custom_padding=&#8221;50px|0px||0px&#8221; da_disable_devices=&#8221;off|off|off&#8221; da_is_popup=&#8221;off&#8221; da_exit_intent=&#8221;off&#8221; da_has_close=&#8221;on&#8221; da_alt_close=&#8221;off&#8221; da_dark_close=&#8221;off&#8221; da_not_modal=&#8221;on&#8221; da_is_singular=&#8221;off&#8221; da_with_loader=&#8221;off&#8221; da_has_shadow=&#8221;on&#8221;][et_pb_row _builder_version=&#8221;3.25&#8243;][et_pb_column type=&#8221;4_4&#8243; _builder_version=&#8221;3.25&#8243; custom_padding=&#8221;|||&#8221; custom_padding__hover=&#8221;|||&#8221;][et_pb_cta title=&#8221;O NAS&#8221; _builder_version=&#8221;3.16&#8243; header_font=&#8221;Roboto Condensed||||||||&#8221; header_text_color=&#8221;#5e5e5e&#8221; header_font_size=&#8221;36&#8243; use_background_color=&#8221;off&#8221; text_orientation=&#8221;left&#8221; background_layout=&#8221;light&#8221; button_text_size__hover_enabled=&#8221;off&#8221; button_text_size__hover=&#8221;null&#8221; button_one_text_size__hover_enabled=&#8221;off&#8221; button_one_text_size__hover=&#8221;null&#8221; button_two_text_size__hover_enabled=&#8221;off&#8221; button_two_text_size__hover=&#8221;null&#8221; button_text_color__hover_enabled=&#8221;off&#8221; button_text_color__hover=&#8221;null&#8221; button_one_text_color__hover_enabled=&#8221;off&#8221; button_one_text_color__hover=&#8221;null&#8221; button_two_text_color__hover_enabled=&#8221;off&#8221; [&hellip;]<\/p>\n","protected":false},"author":1,"featured_media":0,"parent":0,"menu_order":0,"comment_status":"closed","ping_status":"closed","template":"","meta":{"_et_pb_use_builder":"on","_et_pb_old_content":"","_et_gb_content_width":"","inline_featured_image":false,"_links_to":"","_links_to_target":""},"_links":{"self":[{"href":"https:\/\/www.norameda.com\/pl\/wp-json\/wp\/v2\/pages\/4335"}],"collection":[{"href":"https:\/\/www.norameda.com\/pl\/wp-json\/wp\/v2\/pages"}],"about":[{"href":"https:\/\/www.norameda.com\/pl\/wp-json\/wp\/v2\/types\/page"}],"author":[{"embeddable":true,"href":"https:\/\/www.norameda.com\/pl\/wp-json\/wp\/v2\/users\/1"}],"replies":[{"embeddable":true,"href":"https:\/\/www.norameda.com\/pl\/wp-json\/wp\/v2\/comments?post=4335"}],"version-history":[{"count":34,"href":"https:\/\/www.norameda.com\/pl\/wp-json\/wp\/v2\/pages\/4335\/revisions"}],"predecessor-version":[{"id":8870,"href":"https:\/\/www.norameda.com\/pl\/wp-json\/wp\/v2\/pages\/4335\/revisions\/8870"}],"wp:attachment":[{"href":"https:\/\/www.norameda.com\/pl\/wp-json\/wp\/v2\/media?parent=4335"}],"curies":[{"name":"wp","href":"https:\/\/api.w.org\/{rel}","templated":true}]}}