{"id":4340,"date":"2019-05-15T18:31:57","date_gmt":"2019-05-15T15:31:57","guid":{"rendered":"https:\/\/www.norameda.com\/duch-druzyny\/"},"modified":"2019-05-15T18:31:58","modified_gmt":"2019-05-15T15:31:58","slug":"duch-druzyny","status":"publish","type":"page","link":"https:\/\/www.norameda.com\/pl\/duch-druzyny\/","title":{"rendered":"Duch dru\u017cyny"},"content":{"rendered":"<p>[et_pb_section bb_built=&#8221;1&#8243; fullwidth=&#8221;on&#8221; _builder_version=&#8221;3.0.82&#8243; next_background_color=&#8221;#000000&#8243;][et_pb_fullwidth_image src=&#8221;https:\/\/www.norameda.com\/wp-content\/uploads\/2018\/08\/apie-mus-headeris.png&#8221; _builder_version=&#8221;3.13.1&#8243; \/][\/et_pb_section][et_pb_section bb_built=&#8221;1&#8243; fullwidth=&#8221;off&#8221; specialty=&#8221;off&#8221; _builder_version=&#8221;3.0.98&#8243; module_class=&#8221;yoastBreadcrumb&#8221; prev_background_color=&#8221;#000000&#8243; next_background_color=&#8221;#000000&#8243; global_module=&#8221;1855&#8243;][et_pb_row global_parent=&#8221;1855&#8243; background_position=&#8221;top_left&#8221; background_repeat=&#8221;repeat&#8221; background_size=&#8221;initial&#8221;][et_pb_column type=&#8221;4_4&#8243;][et_pb_code global_parent=&#8221;1855&#8243; _builder_version=&#8221;3.0.98&#8243;]<span><span><a href=\"https:\/\/www.norameda.com\/pl\/\">Strona G\u0142\u00f3wna<\/a><\/span>[\/et_pb_code][\/et_pb_column][\/et_pb_row][\/et_pb_section][et_pb_section bb_built=&#8221;1&#8243; _builder_version=&#8221;3.0.82&#8243; custom_padding=&#8221;30px|0px|13px|0px&#8221; prev_background_color=&#8221;#000000&#8243; next_background_color=&#8221;#000000&#8243;][et_pb_row _builder_version=&#8221;3.0.82&#8243;][et_pb_column type=&#8221;4_4&#8243;][et_pb_cta title=&#8221;DUCH DRU\u017bYNY&#8221; use_background_color=&#8221;off&#8221; background_layout=&#8221;light&#8221; _builder_version=&#8221;3.0.92&#8243; text_orientation=&#8221;left&#8221; url_new_window=&#8221;off&#8221; custom_button=&#8221;off&#8221; button_icon_placement=&#8221;right&#8221; header_font=&#8221;Roboto Condensed||||||||&#8221; header_font_size=&#8221;36&#8243; header_text_color=&#8221;#5e5e5e&#8221; \/][\/et_pb_column][\/et_pb_row][\/et_pb_section][et_pb_section bb_built=&#8221;1&#8243; _builder_version=&#8221;3.0.92&#8243; custom_padding=&#8221;12.625px|0px|140px|0px&#8221; prev_background_color=&#8221;#000000&#8243;][et_pb_row _builder_version=&#8221;3.0.82&#8243;][et_pb_column type=&#8221;4_4&#8243;][et_pb_text _builder_version=&#8221;3.13.1&#8243; text_font=&#8221;Open Sans||||&#8221;]<\/p>\n<p><a href=\"https:\/\/www.norameda.com\/pl\/wysokie-kompetencje\/20-2-2\/\" rel=\"attachment wp-att-3337\"><img class=\"size-full wp-image-3337 alignleft\" src=\"https:\/\/www.norameda.com\/wp-content\/uploads\/2018\/09\/20.jpg\" alt=\"zesp\u00f3\u0142\" width=\"500\" height=\"300\" srcset=\"https:\/\/www.norameda.com\/wp-content\/uploads\/2018\/09\/20.jpg 500w, https:\/\/www.norameda.com\/wp-content\/uploads\/2018\/09\/20-300x180.jpg 300w\" sizes=\"(max-width: 500px) 100vw, 500px\" \/><\/a>Wierzymy, \u017ce najskuteczniejszym sposobem osi\u0105gni\u0119cia ambitnych cel\u00f3w jest stworzenie profesjonalnego zespo\u0142u ekspert\u00f3w. S\u0105dzimy, \u017ce sukces osi\u0105gni\u0119ty dzi\u0119ki wsp\u00f3lnym wysi\u0142kom jest czym\u015b wi\u0119cej ni\u017c tylko sum\u0105 poszczeg\u00f3lnych wynik\u00f3w.<\/p>\n<p>Jeste\u015bmy g\u0142\u0119boko przekonani, \u017ce pracownicy s\u0105 jedn\u0105 z najwa\u017cniejszych warto\u015bci firmy, dlatego firma nieustannie promuje rozw\u00f3j zawodowy swoich wsp\u00f3\u0142pracownik\u00f3w, dok\u0142ada stara\u0144, aby stworzy\u0107 pozytywne \u015brodowisko pracy i wzmacnia zaanga\u017cowanie pracownik\u00f3w.<\/p>\n<p>Norameda zatrudnia obecnie 43 pracownik\u00f3w, z kt\u00f3rych 31 (72,09%) pracuje w oddziale na Litwie, 7 (16,28%) w oddziale na \u0141otwie i 5 (11,63%) w oddziale w Estonii. S\u0105 to osoby pracuj\u0105ce z entuzjazmem i zaanga\u017cowaniem, przyczyniaj\u0105ce si\u0119 do tworzenia nowoczesnej firmy farmaceutycznej, ch\u0119tne do wymiany wiedzy z ekspertami z innych dziedzin, gotowe do ci\u0119\u017ckiej pracy, dzi\u0119ki czemu jeste\u015bmy w stanie dostarczy\u0107 najwy\u017cszej jako\u015bci wyspecjalizowane produkty lecznicze, urz\u0105dzenia medyczne i produkty bez recepty.<\/p>\n<p>Zapraszamy do wsp\u00f3\u0142pracy ekspert\u00f3w w swojej dziedzinie, kt\u00f3rzy chcieliby podj\u0105\u0107 wsp\u00f3\u0142prac\u0119 z \u201eNoramed\u0105\u201d i wyznaj\u0105 te same warto\u015bci co nasza firma, charakteryzuj\u0105 si\u0119 przedsi\u0119biorczo\u015bci\u0105 i umiej\u0119tno\u015bci\u0105 pracy samodzielnej, jak r\u00f3wnie\u017c motywacj\u0105 do osi\u0105gania ambitnych cel\u00f3w poprzez prac\u0119 w zespole.<\/p>\n<p>[\/et_pb_text][\/et_pb_column][\/et_pb_row][\/et_pb_section]<\/p>\n","protected":false},"excerpt":{"rendered":"<p>[et_pb_section bb_built=&#8221;1&#8243; fullwidth=&#8221;on&#8221; _builder_version=&#8221;3.0.82&#8243; next_background_color=&#8221;#000000&#8243;][et_pb_fullwidth_image src=&#8221;https:\/\/www.norameda.com\/wp-content\/uploads\/2018\/08\/apie-mus-headeris.png&#8221; _builder_version=&#8221;3.13.1&#8243; \/][\/et_pb_section][et_pb_section bb_built=&#8221;1&#8243; fullwidth=&#8221;off&#8221; specialty=&#8221;off&#8221; _builder_version=&#8221;3.0.98&#8243; module_class=&#8221;yoastBreadcrumb&#8221; prev_background_color=&#8221;#000000&#8243; next_background_color=&#8221;#000000&#8243; global_module=&#8221;1855&#8243;][et_pb_row global_parent=&#8221;1855&#8243; background_position=&#8221;top_left&#8221; background_repeat=&#8221;repeat&#8221; background_size=&#8221;initial&#8221;][et_pb_column type=&#8221;4_4&#8243;][et_pb_code global_parent=&#8221;1855&#8243; _builder_version=&#8221;3.0.98&#8243;][\/et_pb_code][\/et_pb_column][\/et_pb_row][\/et_pb_section][et_pb_section bb_built=&#8221;1&#8243; _builder_version=&#8221;3.0.82&#8243; custom_padding=&#8221;30px|0px|13px|0px&#8221; prev_background_color=&#8221;#000000&#8243; next_background_color=&#8221;#000000&#8243;][et_pb_row _builder_version=&#8221;3.0.82&#8243;][et_pb_column type=&#8221;4_4&#8243;][et_pb_cta title=&#8221;DUCH DRU\u017bYNY&#8221; use_background_color=&#8221;off&#8221; background_layout=&#8221;light&#8221; _builder_version=&#8221;3.0.92&#8243; text_orientation=&#8221;left&#8221; url_new_window=&#8221;off&#8221; custom_button=&#8221;off&#8221; button_icon_placement=&#8221;right&#8221; header_font=&#8221;Roboto Condensed||||||||&#8221; header_font_size=&#8221;36&#8243; header_text_color=&#8221;#5e5e5e&#8221; \/][\/et_pb_column][\/et_pb_row][\/et_pb_section][et_pb_section bb_built=&#8221;1&#8243; _builder_version=&#8221;3.0.92&#8243; custom_padding=&#8221;12.625px|0px|140px|0px&#8221; prev_background_color=&#8221;#000000&#8243;][et_pb_row _builder_version=&#8221;3.0.82&#8243;][et_pb_column type=&#8221;4_4&#8243;][et_pb_text _builder_version=&#8221;3.13.1&#8243; text_font=&#8221;Open Sans||||&#8221;] Wierzymy, \u017ce [&hellip;]<\/p>\n","protected":false},"author":1,"featured_media":0,"parent":0,"menu_order":0,"comment_status":"closed","ping_status":"closed","template":"","meta":{"_et_pb_use_builder":"on","_et_pb_old_content":"","_et_gb_content_width":"","inline_featured_image":false,"_links_to":"","_links_to_target":""},"_links":{"self":[{"href":"https:\/\/www.norameda.com\/pl\/wp-json\/wp\/v2\/pages\/4340"}],"collection":[{"href":"https:\/\/www.norameda.com\/pl\/wp-json\/wp\/v2\/pages"}],"about":[{"href":"https:\/\/www.norameda.com\/pl\/wp-json\/wp\/v2\/types\/page"}],"author":[{"embeddable":true,"href":"https:\/\/www.norameda.com\/pl\/wp-json\/wp\/v2\/users\/1"}],"replies":[{"embeddable":true,"href":"https:\/\/www.norameda.com\/pl\/wp-json\/wp\/v2\/comments?post=4340"}],"version-history":[{"count":1,"href":"https:\/\/www.norameda.com\/pl\/wp-json\/wp\/v2\/pages\/4340\/revisions"}],"predecessor-version":[{"id":4341,"href":"https:\/\/www.norameda.com\/pl\/wp-json\/wp\/v2\/pages\/4340\/revisions\/4341"}],"wp:attachment":[{"href":"https:\/\/www.norameda.com\/pl\/wp-json\/wp\/v2\/media?parent=4340"}],"curies":[{"name":"wp","href":"https:\/\/api.w.org\/{rel}","templated":true}]}}