{"id":4354,"date":"2019-05-15T18:32:05","date_gmt":"2019-05-15T15:32:05","guid":{"rendered":"https:\/\/www.norameda.com\/rejestracja\/"},"modified":"2019-05-15T18:32:06","modified_gmt":"2019-05-15T15:32:06","slug":"rejestracja","status":"publish","type":"page","link":"https:\/\/www.norameda.com\/pl\/rejestracja\/","title":{"rendered":"Rejestracja"},"content":{"rendered":"<p>[et_pb_section bb_built=&#8221;1&#8243; fullwidth=&#8221;on&#8221; _builder_version=&#8221;3.0.82&#8243; next_background_color=&#8221;#000000&#8243;][et_pb_fullwidth_image src=&#8221;https:\/\/www.norameda.com\/wp-content\/uploads\/2018\/01\/about-slider-mini.jpg&#8221; _builder_version=&#8221;3.9&#8243; show_in_lightbox=&#8221;off&#8221; url_new_window=&#8221;off&#8221; use_overlay=&#8221;off&#8221; background_position=&#8221;top_left&#8221; background_repeat=&#8221;repeat&#8221; background_size=&#8221;initial&#8221; \/][\/et_pb_section][et_pb_section bb_built=&#8221;1&#8243; fullwidth=&#8221;off&#8221; specialty=&#8221;off&#8221; _builder_version=&#8221;3.0.98&#8243; module_class=&#8221;yoastBreadcrumb&#8221; prev_background_color=&#8221;#000000&#8243; next_background_color=&#8221;#000000&#8243; global_module=&#8221;1855&#8243;][et_pb_row global_parent=&#8221;1855&#8243; background_position=&#8221;top_left&#8221; background_repeat=&#8221;repeat&#8221; background_size=&#8221;initial&#8221;][et_pb_column type=&#8221;4_4&#8243;][et_pb_code global_parent=&#8221;1855&#8243; _builder_version=&#8221;3.0.98&#8243;]<span><span><a href=\"https:\/\/www.norameda.com\/pl\/\">Strona G\u0142\u00f3wna<\/a><\/span>[\/et_pb_code][\/et_pb_column][\/et_pb_row][\/et_pb_section][et_pb_section bb_built=&#8221;1&#8243; specialty=&#8221;off&#8221; _builder_version=&#8221;3.9&#8243; custom_margin=&#8221;50px|||&#8221; module_class=&#8221;login-registration&#8221; prev_background_color=&#8221;#000000&#8243; module_id=&#8221;registration-js&#8221;][et_pb_row _builder_version=&#8221;3.9&#8243;][et_pb_column type=&#8221;1_2&#8243;][et_pb_cta _builder_version=&#8221;3.9&#8243; title=&#8221;REJESTRACJA NOWEGO KONTA&#8221; url_new_window=&#8221;off&#8221; use_background_color=&#8221;off&#8221; background_layout=&#8221;light&#8221; text_orientation=&#8221;left&#8221; header_font_size=&#8221;36&#8243; custom_button=&#8221;off&#8221; button_icon_placement=&#8221;right&#8221; header_text_color=&#8221;#5e5e5e&#8221; module_class=&#8221;nora-registration&#8221; \/][et_pb_text _builder_version=&#8221;3.9&#8243; background_layout=&#8221;light&#8221; text_font_size=&#8221;20px&#8221; module_class=&#8221;nora-registration&#8221;]<\/p>\n<p>Je\u015bli nie masz jeszcze konta, wype\u0142ni\u0142 formularz rejestracyjny.<\/p>\n<p>[\/et_pb_text][et_pb_code _builder_version=&#8221;3.9&#8243; module_class=&#8221;form-two-columns nora-registration&#8221;]<!--noptimize--><link href=\"https:\/\/fonts.googleapis.com\/icon?family=Material+Icons\" rel=\"stylesheet\">\n<div class=\"rmagic rm_theme_matchmytheme rm_layout_label_left\"><style><\/style><div class=\"rmcontent\"><style type=\"text\/css\">label span.required { color: #B94A48; }span.help-inline, span.help-block { color: #888; font-size: .9em; font-style: italic; }<\/style><form novalidate onsubmit=\"return gotonext_form_4_1()\" autocomplete=\"off\"  action id=\"form_4_1\" method=\"post\" class=\"rmagic-form rmagic-form-btn-center form-horizontal\" name=\"rm_form\" number=\"1\" style=\"\"><fieldset><input type=\"hidden\" name=\"rm_form_sub_id\" value=form_4_1><input type=\"hidden\" name=\"rm_form_sub_no\" value=1><input type=\"hidden\" name=\"rm_cond_hidden_fields\" id=\"rm_cond_hidden_fields\" value=\"\"><div id=\"rm_stat_container\" style=\"display:none\"><div class=\"rmrow\"><div class=\"rmfield\" for=\"form_4_1-element-1\" style=\"\"><label>RM_Stats<\/label><\/div><div class=\"rminput\"><input type=\"text\" name=\"stat_id\" value=\"__uninit\" style=\"display:none\" id=\"form_4_1-element-1\"\/><\/div><\/div><\/div><div class=\"rm_form_page rmformpage_form_4_1\" id=\"rm_form_page_form_4_1_1\"><fieldset class='rmfieldset'><div class=\"rmrow\"><div class=\"rmfield\" for=\"form_4_1-element-5\" style=\"\"><label>Tipas<\/label><\/div><div class=\"rminput\"><select name=\"Select_20\" class=\"custom-drop-tipas\" required id=\"form_4_1-element-5\"><option value=\"\">Wybierz opcj\u0119<\/option><option value=\"Ne specialistas\">Ne specialistas<\/option><option value=\"Specialistas\">Specialistas<\/option><\/select><\/div><\/div><div class=\"rmrow\"><div class=\"rmfield\" for=\"form_4_1-element-6\" style=\"\"><label>Vardas<\/label><\/div><div class=\"rminput\"><input type=\"text\" name=\"Fname_33\" placeholder=\"Vardas\" class=\"first-name\" required value=\"\" id=\"form_4_1-element-6\"\/><\/div><\/div><div class=\"rmrow\"><div class=\"rmfield\" for=\"form_4_1-element-7\" style=\"\"><label>Vartotojo vardas<\/label><\/div><div class=\"rminput\"><input type=\"text\" name=\"username\" placeholder=\"Vartotojo vardas\" class=\"rm_form_default_fields\" required value=\"\" id=\"form_4_1-element-7\"\/><\/div><\/div><div class=\"rmrow\"><div class=\"rmfield\" for=\"rm_reg_form_pw_4_1\" style=\"\"><label>Slapta\u017eodis<\/label><\/div><div class=\"rminput\"><input type=\"password\" name=\"pwd\" placeholder=\"Slapta\u017eodis\" class=\"rm_form_default_fields\" required value=\"\" id=\"rm_reg_form_pw_4_1\" style=\"\" labelstyle=\"\" minlength=\"7\"\/><\/div><div class=\"rmnote\"><div class=\"rmprenote\"><\/div><div class=\"rmnotecontent\">Slapta\u017eodis turi b\u016bti netrumpesnis kaip 7 simboli\u0173<\/div><\/div><\/div><div class=\"rmrow\"><div class=\"rmfield\" for=\"rm_reg_form_pw_reentry\" style=\"\"><label>Wprowad\u017a ponownie has\u0142o<\/label><\/div><div class=\"rminput\"><input type=\"password\" name=\"password_confirmation\" placeholder=\"Potwierd\u017a has\u0142o\" class=\"rm_form_default_fields\" required value=\"\" id=\"rm_reg_form_pw_reentry\"\/><\/div><div class=\"rmnote\"><div class=\"rmprenote\"><\/div><div class=\"rmnotecontent\">Slapta\u017eodis turi b\u016bti netrumpesnis kaip 7 simboli\u0173<\/div><\/div><\/div><div class=\"rmrow\"><div class=\"rmfield\" for=\"form_4_1-element-10\" style=\"\"><label>Specialisto Kodas<\/label><\/div><div class=\"rminput\"><input type=\"text\" name=\"Textbox_18\" placeholder=\"Licencijos numeris*\" class=\"special\" value=\"\" id=\"form_4_1-element-10\"\/><\/div><\/div><div class=\"rmrow\"><div class=\"rmfield\" for=\"form_4_1-element-11\" style=\"\"><label>Gydymo \u012fstaiga<\/label><\/div><div class=\"rminput\"><input type=\"text\" name=\"Textbox_22\" placeholder=\"Gydymo \u012fstaiga*\" class=\"special\" value=\"\" id=\"form_4_1-element-11\"\/><\/div><\/div><div class=\"rmrow\"><div class=\"rmfield\" for=\"form_4_1-element-12\" style=\"\"><label>PAVARD\u0116<\/label><\/div><div class=\"rminput\"><input type=\"text\" name=\"Textbox_21\" placeholder=\"Pavard\u0117\" value=\"\" id=\"form_4_1-element-12\"\/><\/div><\/div><div class=\"rmrow\"><div class=\"rmfield\" for=\"rm_reg_form_email_4_1\" style=\"\"><label>Email<\/label><\/div><div class=\"rminput\"><input type=\"email\" name=\"Email_17\" placeholder=\"El. pa\u0161tas\" class=\"rm_form_default_fields rm-email\" required value=\"\" id=\"rm_reg_form_email_4_1\"\/><\/div><\/div><div class=\"rmrow\"><div class=\"rmfield\" for=\"form_4_1-element-14\" style=\"\"><label>Taip-1<\/label><\/div><div class=\"rminput\"><ul class=\"rmradio\" \"><li> <input id=\"form_4_1-element-14-0\" type=\"checkbox\" name=\"Checkbox_23[]\" class=\"w-100 yes-1\" required value=\"* Susipa\u017einau ir sutinku su Paslaug\u0173 teik\u0117jo teikiam\u0173 paslaug\u0173 Taisykl\u0117mis.\"\/><label for=\"form_4_1-element-14-0\"><span>* Susipa\u017einau ir sutinku su Paslaug\u0173 teik\u0117jo teikiam\u0173 paslaug\u0173 Taisykl\u0117mis.<\/span><\/label> <\/li> <\/ul><\/div><\/div><div class=\"rmrow\"><div class=\"rmfield\" for=\"form_4_1-element-15\" style=\"\"><label>Taip-2<\/label><\/div><div class=\"rminput\"><ul class=\"rmradio\" \"><li> <input id=\"form_4_1-element-15-0\" type=\"checkbox\" name=\"Checkbox_56[]\" class=\"w-100 yes-2\" required value=\"* Susipa\u017einau ir sutinku su mano asmens duomen\u0173 tvarkymo ir slapuk\u0173 naudojimo s\u0105lygomis, nustatytomis Privatumo ir slapuk\u0173 politikoje.\"\/><label for=\"form_4_1-element-15-0\"><span>* Susipa\u017einau ir sutinku su mano asmens duomen\u0173 tvarkymo ir slapuk\u0173 naudojimo s\u0105lygomis, nustatytomis Privatumo ir slapuk\u0173 politikoje.<\/span><\/label> <\/li> <\/ul><\/div><\/div><div class=\"rmrow\"><div class=\"rmfield\" for=\"form_4_1-element-16\" style=\"\"><label>Taip-3<\/label><\/div><div class=\"rminput\"><ul class=\"rmradio\" \"><li> <input id=\"form_4_1-element-16-0\" type=\"checkbox\" name=\"Checkbox_57[]\" class=\"w-100 yes-3\" value=\"Sutinku, jog man b\u016bt\u0173 teikiama tiesiogin\u0117 rinkodaros informacija (\u012fskaitant komercin\u0119 informacij\u0105), kurios tikslas yra reklamuoti Paslaug\u0173 teik\u0117jo si\u016blomas prekes ir paslaugas, toliau nurodytomis ry\u0161io priemon\u0117mis, naudojant mano asmens duomenis: el. pa\u0161to adresas (naujienlai\u0161kis). Suprantu, kad turiu teis\u0119 bet kada at\u0161aukti \u0161iuos sutikimus, o j\u0173 at\u0161aukimas neturi \u012ftakos mano asmens duomen\u0173 tvarkymo teis\u0117tumui laikotarpiu iki j\u0173 at\u0161aukimo.\"\/><label for=\"form_4_1-element-16-0\"><span>Sutinku, jog man b\u016bt\u0173 teikiama tiesiogin\u0117 rinkodaros informacija (\u012fskaitant komercin\u0119 informacij\u0105), kurios tikslas yra reklamuoti Paslaug\u0173 teik\u0117jo si\u016blomas prekes ir paslaugas, toliau nurodytomis ry\u0161io priemon\u0117mis, naudojant mano asmens duomenis: el. pa\u0161to adresas (naujienlai\u0161kis). Suprantu, kad turiu teis\u0119 bet kada at\u0161aukti \u0161iuos sutikimus, o j\u0173 at\u0161aukimas neturi \u012ftakos mano asmens duomen\u0173 tvarkymo teis\u0117tumui laikotarpiu iki j\u0173 at\u0161aukimo.<\/span><\/label> <\/li> <\/ul><\/div><\/div><div class=\"rmrow rm_captcha_fieldrow\"><div class=\"rminput\"><pre class=\"rm-pre-wrapper-for-script-tags\"><script type=text\/javascript>if(typeof rm_captcha_site_key === \"undefined\")rm_captcha_site_key=\"6LfcbfUrAAAAALRio9BIzeGA3gDhGJIdteMh6j5Z\";<\/script><\/pre><div style=\"overflow:hidden\" class=\"g-recaptcha\" data-sitekey=\"6LfcbfUrAAAAALRio9BIzeGA3gDhGJIdteMh6j5Z\"><\/div><\/div><\/div><\/fieldset><\/div><div class=\"buttonarea\"><input   type=\"submit\" value=\"Submit\" name=\"rm_sb_btn\" style=\"\" id=\"rm_next_form_page_button_4_1\" class=\"rm_next_btn rm-btn rm-btn-primary\"\/> <input   type=\"submit\" value=\"Submit\" name=\"rm_sb_btn\" style=\"\" class=\"rm_noscript_btn rm-btn rm-btn-primary\" id=\"form_4_1-element-21\"\/><\/div>                \n   <pre class='rm-pre-wrapper-for-script-tags'><script>\n                \nif (typeof window['rm_multipage'] == 'undefined') {\n\n    rm_multipage = {\n        global_page_no_form_4_1: 1\n    };\n\n}\nelse\n rm_multipage.global_page_no_form_4_1 = 1;\n\nfunction gotonext_form_4_1(){\n\t\n        maxpage = 1 ;\n        var form_object= jQuery(\"#rm_form_page_form_4_1_\"+rm_multipage.global_page_no_form_4_1).closest(\"form\");\n        var submit_btn= form_object.find(\"[type=submit]:not(.rm_noscript_btn)\");\n                jQuery.validator.setDefaults({errorClass: 'rm-form-field-invalid-msg',\n                                        ignore:':hidden,.ignore',wrapper:'div',\n                                       errorPlacement: function(error, element) {\n                                                            \/\/error.appendTo(element.closest('.rminput'));\n                                                            error.appendTo(element.closest('div'));\n                                                          },\n                                      rules: {        \n        password: {\n            required: true,\n            minlength: 7\n        },\n        password_confirmation: {\n            required: true,\n            equalTo: \"#rm_reg_form_pw_4_1\"\n        },\n        email_confirmation: {\n            required: true,\n            equalTo: \"#rm_reg_form_email_4_1\"\n        }\n            },\n        messages: {\n        password_confirmation: {\n            equalTo: \"J\u016bs\u0173 slapta\u017eod\u017eiai nesutampa\"\n        },\n        email_confirmation: {\n            equalTo: \"Emails do not match\"\n        }\n            }\n                                    });\n        if(form_object.find('.rm_privacy_cb').is(':visible') && !form_object.find('.rm_privacy_cb').prop('checked')){\n             form_object.find('.rm_privacy_cb').trigger('change');\n             return false;\n        }\n        if(jQuery(\"#rm_form_page_form_4_1_\"+rm_multipage.global_page_no_form_4_1+\" :input\").length > 0)\n        {\n            var elements_to_validate= jQuery(\"#rm_form_page_form_4_1_\"+rm_multipage.global_page_no_form_4_1+\" :input\");\n            var valid = elements_to_validate.valid();\n            elements_to_validate.each(function(){\n            var if_mobile= jQuery(this).attr('data-mobile-intel-field');\n                if(if_mobile){\n                    var tel_error= rm_toggle_tel_error(jQuery(this).intlTelInput('isValidNumber'),jQuery(this),jQuery(this).data('error-message'));\n                    if(tel_error){\n                        valid= false;\n                    }\n                    else\n                    {\n                        jQuery(this).val(jQuery(this).intlTelInput('getNumber'));\n                    }\n                }\n            });\n                \n            if(!valid)\n            {\n                setTimeout(function(){ submit_btn.prop('disabled',false); }, 1000);\n                var error_element= jQuery(document).find(\"input.rm-form-field-invalid-msg\")[0];\n                if(error_element){\n                    error_element.focus();\n                }\n                return false;\n            }\n        }\n        \n        \/* Server validation for Username and Email field *\/\n        for(var i=0;i<rm_validation_attr.length;i++){\n            var validation_flag= true;\n            jQuery(\"[\" + rm_validation_attr[i] + \"=0]\").each(function(){\n               validation_flag= false;\n               return false;\n            });\n            \n            if(!validation_flag)\n              return;\n        }\n        \n        \n        rm_multipage.global_page_no_form_4_1++;\n        \n        \/*skip blank form pages*\/\n        while(jQuery(\"#rm_form_page_form_4_1_\"+rm_multipage.global_page_no_form_4_1+\" :input\").length == 0)\n        {\n        \n            if(maxpage <= rm_multipage.global_page_no_form_4_1)\n            {\n                    if(jQuery(\"#rm_form_page_form_4_1_\"+rm_multipage.global_page_no_form_4_1+\" :input\").length == 0){\n                        jQuery(\"#rm_next_form_page_button_4_1\").prop('type','submit');\n                        jQuery(\"#rm_prev_form_page_button_4_1\").prop('disabled',true);\n                        return;\n                    }        \n                    else\n                        break;\n            }\n        \n            rm_multipage.global_page_no_form_4_1++;\n        }\n            \n\t\n\tif(maxpage < rm_multipage.global_page_no_form_4_1)\n\t{\n\t\trm_multipage.global_page_no_form_4_1 = maxpage;\n\t\tjQuery(\"#rm_next_form_page_button_4_1\").prop('type','submit');\n                jQuery(\"#rm_prev_form_page_button_4_1\").prop('disabled',true);\n\t\treturn;\n\t}\n\tjQuery(\".rmformpage_form_4_1\").each(function (){\n\t\tvar visibledivid = \"rm_form_page_form_4_1_\"+rm_multipage.global_page_no_form_4_1;\n\t\tif(jQuery(this).attr('id') == visibledivid)\n\t\t\tjQuery(this).show();\n\t\telse\n\t\t\tjQuery(this).hide();\n\t});\n        jQuery('html, body').animate({\n            scrollTop: (jQuery('.rmformpage_form_4_1').first().offset().top)\n        },500);\n        jQuery(\"#rm_prev_form_page_button_4_1\").prop('disabled',false);\n        rmInitGoogleApi();\n}\nfunction gotoprev_form_4_1(){\n\t\n\tmaxpage = 1 ;\n        var form_object= jQuery(\"#rm_form_page_form_4_1_\"+rm_multipage.global_page_no_form_4_1).closest(\"form\");\n\trm_multipage.global_page_no_form_4_1--;\n        jQuery(\"#rm_next_form_page_button_4_1\").attr('type','button');        \n        if(form_object.find('.rm_privacy_cb').is(':visible') && !form_object.find('.rm_privacy_cb').prop('checked')){\n             form_object.find('.rm_privacy_cb').trigger('change');\n             return false;\n        } \n        \/*skip blank form pages*\/\n        while(jQuery(\"#rm_form_page_form_4_1_\"+rm_multipage.global_page_no_form_4_1+\" :input\").length == 0)\n        {\n            if(1 >= rm_multipage.global_page_no_form_4_1)\n            {\n                    if(jQuery(\"#rm_form_page_form_4_1_\"+rm_multipage.global_page_no_form_4_1+\" :input\").length == 0){\n                        rm_multipage.global_page_no_form_4_1 = 1;\n                        jQuery(\"#rm_prev_form_page_button_4_1\").prop('disabled',true);\n                        return;\n                    }        \n                    else\n                        break;\n            }\n        \n            rm_multipage.global_page_no_form_4_1--;\n        }\n        \n\tjQuery(\".rmformpage_form_4_1\").each(function (){\n\t\tvar visibledivid = \"rm_form_page_form_4_1_\"+rm_multipage.global_page_no_form_4_1;\n\t\tif(jQuery(this).attr('id') == visibledivid)\n\t\t\tjQuery(this).show();\n\t\telse\n\t\t\tjQuery(this).hide();\n\t});\n        \n        if(rm_multipage.global_page_no_form_4_1 <= 1)\n        {\n            rm_multipage.global_page_no_form_4_1 = 1;\n            jQuery(\"#rm_prev_form_page_button_4_1\").prop('disabled',true);\n        }\n        jQuery('html, body').animate({\n            scrollTop: (jQuery('.rmformpage_form_4_1').first().offset().top)\n        },500);\n}         \n<\/script><\/pre><\/fieldset><\/form><pre class=\"rm-pre-wrapper-for-script-tags\"><script type=\"text\/javascript\">jQuery(document).ready(function() {\t\tjQuery(\"#form_4_1\").bind(\"submit\", function(){\n                        \/\/jQuery(this).find(\"input[name=rm_slug]\").attr(\"value\",jQuery(this).find(\"input[name=submit]\").attr(\"value\"));\n\t\t\tjQuery(this).find(\"input[type=submit]\").attr(\"disabled\", \"disabled\"); \n\t\t});            \n                   \n                   jQuery(\"#form_4_1-element-7\").change(function(){\n                   var data = {\n                           'action': 'rm_user_exists',\n                           'rm_slug': 'rm_user_exists',\n                           'username': jQuery(this).val(),\n                           'attr': 'data-rm-valid-username',\n                           'form_id':\"4\"\n                   };\n                   \n                   rm_user_exists(this,rm_ajax_url,data,\"Ten u\u017cytkownik jest ju\u017c zarejestrowany. Spr\u00f3buj u\u017cy\u0107 innej nazwy u\u017cytkownika lub loginu.\");\n                  \n                 });\n                       \n                   \n                   jQuery(\"#rm_reg_form_email_4_1\").change(function(){\n                   var data = {\n                           'action': 'rm_user_exists',\n                           'rm_slug': 'rm_user_exists',\n                           'email': jQuery(this).val(),\n                           'attr': 'data-rm-valid-email',\n                           'form_id':\"4\"\n                   };\n                   \n                   rm_user_exists(this,rm_ajax_url,data);\n                  \n                 });\n           }); <\/script><\/pre>        <noscript>\n            <div class=\"rm-js-disabled\"><b>Uwaga: Wygl\u0105da na to, \u017ce JavaScript jest wy\u0142\u0105czony w Twojej przegl\u0105darce. Niekt\u00f3re elementy tego formularza mo\u017ce wymaga\u0107 JavaScript do poprawnego dzia\u0142ania. Je\u015bli masz problemy z przes\u0142aniem formularza, spr\u00f3buj w\u0142\u0105czy\u0107 JavaScript na chwil\u0119 i ponownie przes\u0142a\u0107. Ustawienia JavaScript zwykle znajduj\u0105 si\u0119 w ustawieniach przegl\u0105darki lub w menu dewelopera przegl\u0105darki.<\/b><\/div>\n            <style>\n                .rm_next_btn {display:none !important}\n                .rm_noscript_btn {display: block !important}\n            <\/style>\n        <\/noscript>\n    <\/div><\/div><!--\/noptimize-->[\/et_pb_code][\/et_pb_column][et_pb_column type=&#8221;1_2&#8243;][et_pb_image _builder_version=&#8221;3.9&#8243; src=&#8221;https:\/\/www.norameda.com\/wp-content\/uploads\/2018\/08\/prisijungimas-norameda.jpg&#8221; \/][et_pb_code _builder_version=&#8221;3.13.1&#8243;]&lt;script&gt;&lt;!&#8211; [et_pb_line_break_holder] &#8211;&gt;jQuery(function($){&lt;!&#8211; [et_pb_line_break_holder] &#8211;&gt; $(document).ready(function() {&lt;!&#8211; [et_pb_line_break_holder] &#8211;&gt; \/\/ force username to mirror the input of the email field&lt;!&#8211; [et_pb_line_break_holder] &#8211;&gt; $(&#8220;.rmrow.email .rminput .rm-email&#8221;).on(&#8220;keypress change&#8221;,function(){&lt;!&#8211; [et_pb_line_break_holder] &#8211;&gt; console.log(&#8220;kazkas&#8221;);&lt;!&#8211; [et_pb_line_break_holder] &#8211;&gt; $(&#8220;.rmrow.username input&#8221;).val($(this).val());&lt;!&#8211; [et_pb_line_break_holder] &#8211;&gt; });&lt;!&#8211; [et_pb_line_break_holder] &#8211;&gt; });&lt;!&#8211; [et_pb_line_break_holder] &#8211;&gt;});&lt;!&#8211; [et_pb_line_break_holder] &#8211;&gt;&lt;\/script&gt;[\/et_pb_code][\/et_pb_column][\/et_pb_row][\/et_pb_section]<\/p>\n","protected":false},"excerpt":{"rendered":"<p>[et_pb_section bb_built=&#8221;1&#8243; fullwidth=&#8221;on&#8221; _builder_version=&#8221;3.0.82&#8243; next_background_color=&#8221;#000000&#8243;][et_pb_fullwidth_image src=&#8221;https:\/\/www.norameda.com\/wp-content\/uploads\/2018\/01\/about-slider-mini.jpg&#8221; _builder_version=&#8221;3.9&#8243; show_in_lightbox=&#8221;off&#8221; url_new_window=&#8221;off&#8221; use_overlay=&#8221;off&#8221; background_position=&#8221;top_left&#8221; background_repeat=&#8221;repeat&#8221; background_size=&#8221;initial&#8221; \/][\/et_pb_section][et_pb_section bb_built=&#8221;1&#8243; fullwidth=&#8221;off&#8221; specialty=&#8221;off&#8221; _builder_version=&#8221;3.0.98&#8243; module_class=&#8221;yoastBreadcrumb&#8221; prev_background_color=&#8221;#000000&#8243; next_background_color=&#8221;#000000&#8243; global_module=&#8221;1855&#8243;][et_pb_row global_parent=&#8221;1855&#8243; background_position=&#8221;top_left&#8221; background_repeat=&#8221;repeat&#8221; background_size=&#8221;initial&#8221;][et_pb_column type=&#8221;4_4&#8243;][et_pb_code global_parent=&#8221;1855&#8243; _builder_version=&#8221;3.0.98&#8243;][\/et_pb_code][\/et_pb_column][\/et_pb_row][\/et_pb_section][et_pb_section bb_built=&#8221;1&#8243; specialty=&#8221;off&#8221; _builder_version=&#8221;3.9&#8243; custom_margin=&#8221;50px|||&#8221; module_class=&#8221;login-registration&#8221; prev_background_color=&#8221;#000000&#8243; module_id=&#8221;registration-js&#8221;][et_pb_row _builder_version=&#8221;3.9&#8243;][et_pb_column type=&#8221;1_2&#8243;][et_pb_cta _builder_version=&#8221;3.9&#8243; title=&#8221;REJESTRACJA NOWEGO KONTA&#8221; url_new_window=&#8221;off&#8221; use_background_color=&#8221;off&#8221; background_layout=&#8221;light&#8221; text_orientation=&#8221;left&#8221; header_font_size=&#8221;36&#8243; custom_button=&#8221;off&#8221; button_icon_placement=&#8221;right&#8221; header_text_color=&#8221;#5e5e5e&#8221; module_class=&#8221;nora-registration&#8221; \/][et_pb_text _builder_version=&#8221;3.9&#8243; background_layout=&#8221;light&#8221; text_font_size=&#8221;20px&#8221; [&hellip;]<\/p>\n","protected":false},"author":1,"featured_media":0,"parent":0,"menu_order":0,"comment_status":"closed","ping_status":"closed","template":"","meta":{"_et_pb_use_builder":"on","_et_pb_old_content":"","_et_gb_content_width":"","inline_featured_image":false,"_links_to":"","_links_to_target":""},"_links":{"self":[{"href":"https:\/\/www.norameda.com\/pl\/wp-json\/wp\/v2\/pages\/4354"}],"collection":[{"href":"https:\/\/www.norameda.com\/pl\/wp-json\/wp\/v2\/pages"}],"about":[{"href":"https:\/\/www.norameda.com\/pl\/wp-json\/wp\/v2\/types\/page"}],"author":[{"embeddable":true,"href":"https:\/\/www.norameda.com\/pl\/wp-json\/wp\/v2\/users\/1"}],"replies":[{"embeddable":true,"href":"https:\/\/www.norameda.com\/pl\/wp-json\/wp\/v2\/comments?post=4354"}],"version-history":[{"count":1,"href":"https:\/\/www.norameda.com\/pl\/wp-json\/wp\/v2\/pages\/4354\/revisions"}],"predecessor-version":[{"id":4356,"href":"https:\/\/www.norameda.com\/pl\/wp-json\/wp\/v2\/pages\/4354\/revisions\/4356"}],"wp:attachment":[{"href":"https:\/\/www.norameda.com\/pl\/wp-json\/wp\/v2\/media?parent=4354"}],"curies":[{"name":"wp","href":"https:\/\/api.w.org\/{rel}","templated":true}]}}