{"id":4403,"date":"2019-05-17T10:07:39","date_gmt":"2019-05-17T07:07:39","guid":{"rendered":"https:\/\/www.norameda.com\/historia\/"},"modified":"2019-07-02T13:19:18","modified_gmt":"2019-07-02T10:19:18","slug":"historia","status":"publish","type":"page","link":"https:\/\/www.norameda.com\/pl\/historia\/","title":{"rendered":"Historia"},"content":{"rendered":"<p>[et_pb_section bb_built=&#8221;1&#8243; fullwidth=&#8221;on&#8221; _builder_version=&#8221;3.0.82&#8243; next_background_color=&#8221;#000000&#8243; inner_width=&#8221;auto&#8221; inner_max_width=&#8221;1080px&#8221;][et_pb_fullwidth_image src=&#8221;https:\/\/www.norameda.com\/wp-content\/uploads\/2018\/08\/apie-mus-headeris.png&#8221; _builder_version=&#8221;3.9&#8243; \/][\/et_pb_section][et_pb_section bb_built=&#8221;1&#8243; fullwidth=&#8221;off&#8221; specialty=&#8221;off&#8221; _builder_version=&#8221;3.0.98&#8243; module_class=&#8221;yoastBreadcrumb&#8221; prev_background_color=&#8221;#000000&#8243; next_background_color=&#8221;#000000&#8243; inner_width=&#8221;auto&#8221; inner_max_width=&#8221;1080px&#8221;][et_pb_row background_position=&#8221;top_left&#8221; background_repeat=&#8221;repeat&#8221; background_size=&#8221;initial&#8221;][et_pb_column type=&#8221;4_4&#8243;][et_pb_code _builder_version=&#8221;3.0.98&#8243;]<span><span><a href=\"https:\/\/www.norameda.com\/pl\/\">Strona G\u0142\u00f3wna<\/a><\/span>[\/et_pb_code][\/et_pb_column][\/et_pb_row][\/et_pb_section][et_pb_section bb_built=&#8221;1&#8243; _builder_version=&#8221;3.0.92&#8243; custom_padding=&#8221;50px|0px|13px|0px&#8221; prev_background_color=&#8221;#000000&#8243; next_background_color=&#8221;#000000&#8243; inner_width=&#8221;auto&#8221; inner_max_width=&#8221;1080px&#8221;][et_pb_row _builder_version=&#8221;3.0.82&#8243; width=&#8221;80%&#8221; max_width=&#8221;1080px&#8221;][et_pb_column type=&#8221;4_4&#8243;][et_pb_cta title=&#8221;HISTORIA&#8221; use_background_color=&#8221;off&#8221; background_layout=&#8221;light&#8221; _builder_version=&#8221;3.0.92&#8243; text_orientation=&#8221;left&#8221; url_new_window=&#8221;off&#8221; custom_button=&#8221;off&#8221; button_icon_placement=&#8221;right&#8221; header_font=&#8221;Roboto Condensed||||||||&#8221; header_font_size=&#8221;36&#8243; header_text_color=&#8221;#5e5e5e&#8221; button_text_size__hover_enabled=&#8221;off&#8221; button_text_size__hover=&#8221;null&#8221; button_one_text_size__hover_enabled=&#8221;off&#8221; button_one_text_size__hover=&#8221;null&#8221; button_two_text_size__hover_enabled=&#8221;off&#8221; button_two_text_size__hover=&#8221;null&#8221; button_text_color__hover_enabled=&#8221;off&#8221; button_text_color__hover=&#8221;null&#8221; button_one_text_color__hover_enabled=&#8221;off&#8221; button_one_text_color__hover=&#8221;null&#8221; button_two_text_color__hover_enabled=&#8221;off&#8221; button_two_text_color__hover=&#8221;null&#8221; button_border_width__hover_enabled=&#8221;off&#8221; button_border_width__hover=&#8221;null&#8221; button_one_border_width__hover_enabled=&#8221;off&#8221; button_one_border_width__hover=&#8221;null&#8221; button_two_border_width__hover_enabled=&#8221;off&#8221; button_two_border_width__hover=&#8221;null&#8221; button_border_color__hover_enabled=&#8221;off&#8221; button_border_color__hover=&#8221;null&#8221; button_one_border_color__hover_enabled=&#8221;off&#8221; button_one_border_color__hover=&#8221;null&#8221; button_two_border_color__hover_enabled=&#8221;off&#8221; button_two_border_color__hover=&#8221;null&#8221; button_border_radius__hover_enabled=&#8221;off&#8221; button_border_radius__hover=&#8221;null&#8221; button_one_border_radius__hover_enabled=&#8221;off&#8221; button_one_border_radius__hover=&#8221;null&#8221; button_two_border_radius__hover_enabled=&#8221;off&#8221; button_two_border_radius__hover=&#8221;null&#8221; button_letter_spacing__hover_enabled=&#8221;off&#8221; button_letter_spacing__hover=&#8221;null&#8221; button_one_letter_spacing__hover_enabled=&#8221;off&#8221; button_one_letter_spacing__hover=&#8221;null&#8221; button_two_letter_spacing__hover_enabled=&#8221;off&#8221; button_two_letter_spacing__hover=&#8221;null&#8221; button_bg_color__hover_enabled=&#8221;off&#8221; button_bg_color__hover=&#8221;null&#8221; button_one_bg_color__hover_enabled=&#8221;off&#8221; button_one_bg_color__hover=&#8221;null&#8221; button_two_bg_color__hover_enabled=&#8221;off&#8221; button_two_bg_color__hover=&#8221;null&#8221; \/][\/et_pb_column][\/et_pb_row][\/et_pb_section][et_pb_section bb_built=&#8221;1&#8243; _builder_version=&#8221;3.0.82&#8243; custom_padding=&#8221;12.625px|0px|40px|0px&#8221; prev_background_color=&#8221;#000000&#8243; next_background_color=&#8221;#000000&#8243; inner_width=&#8221;auto&#8221; inner_max_width=&#8221;1080px&#8221;][et_pb_row _builder_version=&#8221;3.0.82&#8243; width=&#8221;80%&#8221; max_width=&#8221;1080px&#8221;][et_pb_column type=&#8221;4_4&#8243;][et_pb_text _builder_version=&#8221;3.0.98&#8243; text_font=&#8221;Open Sans||||&#8221; background_layout=&#8221;light&#8221;]<\/p>\n<p>\u201eNorameda\u201c jest prywatn\u0105 firm\u0105 za\u0142o\u017con\u0105 w 1993 roku. Swoj\u0105 dzia\u0142alno\u015b\u0107 jako hurtownia farmaceutyczna rozpocz\u0119li\u015bmy od dystrybucji lek\u00f3w produkowanych przez naszego pierwszego wsp\u00f3\u0142pracownika &#8211; korporacj\u0119 \u201eBoehringer Ingelheim\u201c. W 2000 roku poszerzyli\u015bmy zakres swoich us\u0142ug o marketing i sprzeda\u017c produkt\u00f3w leczniczych. Pierwsza umowa na marketing i sprzeda\u017c zosta\u0142a podpisana ze szwajcarsk\u0105 firm\u0105 farmaceutyczn\u0105 \u201ePharmaton\u201c (firma nale\u017c\u0105ca do grupy \u201eBoehringer Ingelheim\u201c).<\/p>\n<p>P\u00f3\u017aniej liczba wsp\u00f3\u0142pracownik\u00f3w stale ros\u0142a: zawarto nowe umowy ze sp\u00f3\u0142kami \u201eAdamed\u201c, \u201eChiesi Farmaceutici\u201c, \u201eBifodan\u201c, \u201eClaris LifeScience\u201c, \u201ePiramal\u201c itd. t.<\/p>\n<p>[\/et_pb_text][\/et_pb_column][\/et_pb_row][\/et_pb_section][et_pb_section bb_built=&#8221;1&#8243; fullwidth=&#8221;off&#8221; specialty=&#8221;off&#8221; prev_background_color=&#8221;#000000&#8243; inner_width=&#8221;auto&#8221; inner_max_width=&#8221;1080px&#8221;][et_pb_row][et_pb_column type=&#8221;4_4&#8243;] <div  class=\"et_pb_module  et_pb_vertical_timeline_0\">\n\t\t\t\t\t<section id=\"cd-timeline\" class=\"cd-container\">    <div class=\"cd-timeline-block  et_pb_vertical_timeline_item_0\">\n\t\t\t\t\t\t    <div class=\"cd-timeline-img\" style=\"background-color: #ffffff\"><span class=\"et-pb-icon et-pb-icon-circle\" style=\"color: #f8aa3d\">&#x3b;<\/span><\/div>\n\t\t\t    \n\t\t\t\t\t\t    <div class=\"cd-timeline-content\">\n\t\t\t\t\t\t\t<span class=\"cd-date\">1993.08.26<\/span>\n\t\t\t\t\t\t\t<div class=\"cd-timeline-content-liner et-waypoint et_pb_animation_top\">\n\t\t\t\t\t\t\t\t<h2>Podpisany statut<\/h2>\n\t\t\t\t\t\t\t\t\n\t\t\t\t\t\t\t\t\n\t\t\t\t\t\t\t<\/div>\n\t\t\t\t\t\t    <\/div>\n\t\t\t\t\t    <\/div>    <div class=\"cd-timeline-block  et_pb_vertical_timeline_item_1\">\n\t\t\t\t\t\t    <div class=\"cd-timeline-img\" style=\"background-color: #ffffff\"><span class=\"et-pb-icon et-pb-icon-circle\" style=\"color: #f8aa3d\">&#x3b;<\/span><\/div>\n\t\t\t    \n\t\t\t\t\t\t    <div class=\"cd-timeline-content\">\n\t\t\t\t\t\t\t<span class=\"cd-date\">1993.08.31<\/span>\n\t\t\t\t\t\t\t<div class=\"cd-timeline-content-liner \">\n\t\t\t\t\t\t\t\t<h2>Z\u0142o\u017cono wniosek o rejestracj\u0119 sp\u00f3\u0142ki UAB\u201eNorameda\u201d<\/h2>\n\t\t\t\t\t\t\t\t\n\t\t\t\t\t\t\t\t\n\t\t\t\t\t\t\t<\/div>\n\t\t\t\t\t\t    <\/div>\n\t\t\t\t\t    <\/div>    <div class=\"cd-timeline-block  et_pb_vertical_timeline_item_2\">\n\t\t\t\t\t\t    <div class=\"cd-timeline-img\" style=\"background-color: #ffffff\"><span class=\"et-pb-icon et-pb-icon-circle\" style=\"color: #f8aa3d\">&#x3b;<\/span><\/div>\n\t\t\t    \n\t\t\t\t\t\t    <div class=\"cd-timeline-content\">\n\t\t\t\t\t\t\t<span class=\"cd-date\">1993.09.02<\/span>\n\t\t\t\t\t\t\t<div class=\"cd-timeline-content-liner et-waypoint et_pb_animation_top\">\n\t\t\t\t\t\t\t\t<h2>Data rejestracji UAB\u201eNorameda\u201d<\/h2>\n\t\t\t\t\t\t\t\t\n\t\t\t\t\t\t\t\t\n\t\t\t\t\t\t\t<\/div>\n\t\t\t\t\t\t    <\/div>\n\t\t\t\t\t    <\/div>    <div class=\"cd-timeline-block  et_pb_vertical_timeline_item_3\">\n\t\t\t\t\t\t    <div class=\"cd-timeline-img\" style=\"background-color: #ffffff\"><span class=\"et-pb-icon et-pb-icon-circle\" style=\"color: #f8aa3d\">&#x3b;<\/span><\/div>\n\t\t\t    \n\t\t\t\t\t\t    <div class=\"cd-timeline-content\">\n\t\t\t\t\t\t\t<span class=\"cd-date\">1993 m.<\/span>\n\t\t\t\t\t\t\t<div class=\"cd-timeline-content-liner et-waypoint et_pb_animation_top\">\n\t\t\t\t\t\t\t\t<h2>Dystrybucja produkt\u00f3w Boehringer Ingelheim<\/h2>\n\t\t\t\t\t\t\t\t\n\t\t\t\t\t\t\t\t\n\t\t\t\t\t\t\t<\/div>\n\t\t\t\t\t\t    <\/div>\n\t\t\t\t\t    <\/div>    <div class=\"cd-timeline-block  et_pb_vertical_timeline_item_4\">\n\t\t\t\t\t\t    <div class=\"cd-timeline-img\" style=\"background-color: #ffffff\"><span class=\"et-pb-icon et-pb-icon-circle\" style=\"color: #f8aa3d\">&#x3b;<\/span><\/div>\n\t\t\t    \n\t\t\t\t\t\t    <div class=\"cd-timeline-content\">\n\t\t\t\t\t\t\t<span class=\"cd-date\">2000 m.<\/span>\n\t\t\t\t\t\t\t<div class=\"cd-timeline-content-liner et-waypoint et_pb_animation_top\">\n\t\t\t\t\t\t\t\t<h2>Pocz\u0105tek \u015bwiadczenia us\u0142ug marketingowych i sprzeda\u017cy \u2013 umowa z \u201ePharmaton\u201d<\/h2>\n\t\t\t\t\t\t\t\t\n\t\t\t\t\t\t\t\t\n\t\t\t\t\t\t\t<\/div>\n\t\t\t\t\t\t    <\/div>\n\t\t\t\t\t    <\/div>    <div class=\"cd-timeline-block  et_pb_vertical_timeline_item_5\">\n\t\t\t\t\t\t    <div class=\"cd-timeline-img\" style=\"background-color: #ffffff\"><span class=\"et-pb-icon et-pb-icon-circle\" style=\"color: #f8aa3d\">&#x3b;<\/span><\/div>\n\t\t\t    \n\t\t\t\t\t\t    <div class=\"cd-timeline-content\">\n\t\t\t\t\t\t\t<span class=\"cd-date\">2000 m. <\/span>\n\t\t\t\t\t\t\t<div class=\"cd-timeline-content-liner et-waypoint et_pb_animation_top\">\n\t\t\t\t\t\t\t\t<h2>Pocz\u0105tek \u015bwiadczenia us\u0142ug rejestracji lek\u00f3w<\/h2>\n\t\t\t\t\t\t\t\t\n\t\t\t\t\t\t\t\t\n\t\t\t\t\t\t\t<\/div>\n\t\t\t\t\t\t    <\/div>\n\t\t\t\t\t    <\/div>    <div class=\"cd-timeline-block  et_pb_vertical_timeline_item_6\">\n\t\t\t\t\t\t    <div class=\"cd-timeline-img\" style=\"background-color: #ffffff\"><span class=\"et-pb-icon et-pb-icon-circle\" style=\"color: #f8aa3d\">&#x3b;<\/span><\/div>\n\t\t\t    \n\t\t\t\t\t\t    <div class=\"cd-timeline-content\">\n\t\t\t\t\t\t\t<span class=\"cd-date\">2004 m.<\/span>\n\t\t\t\t\t\t\t<div class=\"cd-timeline-content-liner et-waypoint et_pb_animation_top\">\n\t\t\t\t\t\t\t\t<h2>Uzyskano certyfikat GDP (Dobrych Praktyk Dystrybucyjnych)<\/h2>\n\t\t\t\t\t\t\t\t\n\t\t\t\t\t\t\t\t\n\t\t\t\t\t\t\t<\/div>\n\t\t\t\t\t\t    <\/div>\n\t\t\t\t\t    <\/div>    <div class=\"cd-timeline-block  et_pb_vertical_timeline_item_7\">\n\t\t\t\t\t\t    <div class=\"cd-timeline-img\" style=\"background-color: #ffffff\"><span class=\"et-pb-icon et-pb-icon-circle\" style=\"color: #f8aa3d\">&#x3b;<\/span><\/div>\n\t\t\t    \n\t\t\t\t\t\t    <div class=\"cd-timeline-content\">\n\t\t\t\t\t\t\t<span class=\"cd-date\">2005 r.<\/span>\n\t\t\t\t\t\t\t<div class=\"cd-timeline-content-liner et-waypoint et_pb_animation_top\">\n\t\t\t\t\t\t\t\t<h2>Otwarcie filii na \u0141otwie<\/h2>\n\t\t\t\t\t\t\t\t\n\t\t\t\t\t\t\t\t\n\t\t\t\t\t\t\t<\/div>\n\t\t\t\t\t\t    <\/div>\n\t\t\t\t\t    <\/div>    <div class=\"cd-timeline-block  et_pb_vertical_timeline_item_8\">\n\t\t\t\t\t\t    <div class=\"cd-timeline-img\" style=\"background-color: #ffffff\"><span class=\"et-pb-icon et-pb-icon-circle\" style=\"color: #f8aa3d\">&#x3b;<\/span><\/div>\n\t\t\t    \n\t\t\t\t\t\t    <div class=\"cd-timeline-content\">\n\t\t\t\t\t\t\t<span class=\"cd-date\">2008 r. <\/span>\n\t\t\t\t\t\t\t<div class=\"cd-timeline-content-liner et-waypoint et_pb_animation_top\">\n\t\t\t\t\t\t\t\t<h2>Otwarcie filii w Estonii<\/h2>\n\t\t\t\t\t\t\t\t\n\t\t\t\t\t\t\t\t\n\t\t\t\t\t\t\t<\/div>\n\t\t\t\t\t\t    <\/div>\n\t\t\t\t\t    <\/div>    <div class=\"cd-timeline-block  et_pb_vertical_timeline_item_9\">\n\t\t\t\t\t\t    <div class=\"cd-timeline-img\" style=\"background-color: #ffffff\"><span class=\"et-pb-icon et-pb-icon-circle\" style=\"color: #f8aa3d\">&#x3b;<\/span><\/div>\n\t\t\t    \n\t\t\t\t\t\t    <div class=\"cd-timeline-content\">\n\t\t\t\t\t\t\t<span class=\"cd-date\">2009 m. <\/span>\n\t\t\t\t\t\t\t<div class=\"cd-timeline-content-liner et-waypoint et_pb_animation_top\">\n\t\t\t\t\t\t\t\t<h2>Uzyskano certyfikat GMP (Dobrej Praktyki Produkcyjnej)<\/h2>\n\t\t\t\t\t\t\t\t\n\t\t\t\t\t\t\t\t\n\t\t\t\t\t\t\t<\/div>\n\t\t\t\t\t\t    <\/div>\n\t\t\t\t\t    <\/div>    <div class=\"cd-timeline-block  et_pb_vertical_timeline_item_10\">\n\t\t\t\t\t\t    <div class=\"cd-timeline-img\" style=\"background-color: #ffffff\"><span class=\"et-pb-icon et-pb-icon-circle\" style=\"color: #f8aa3d\">&#x3b;<\/span><\/div>\n\t\t\t    \n\t\t\t\t\t\t    <div class=\"cd-timeline-content\">\n\t\t\t\t\t\t\t<span class=\"cd-date\">2009 m.<\/span>\n\t\t\t\t\t\t\t<div class=\"cd-timeline-content-liner et-waypoint et_pb_animation_top\">\n\t\t\t\t\t\t\t\t<h2>Pocz\u0105tek \u015bwiadczenia us\u0142ug dopuszczenia partii (batch release)<\/h2>\n\t\t\t\t\t\t\t\t\n\t\t\t\t\t\t\t\t\n\t\t\t\t\t\t\t<\/div>\n\t\t\t\t\t\t    <\/div>\n\t\t\t\t\t    <\/div>    <div class=\"cd-timeline-block  et_pb_vertical_timeline_item_11\">\n\t\t\t\t\t\t    <div class=\"cd-timeline-img\" style=\"background-color: #ffffff\"><span class=\"et-pb-icon et-pb-icon-circle\" style=\"color: #f8aa3d\">&#x3b;<\/span><\/div>\n\t\t\t    \n\t\t\t\t\t\t    <div class=\"cd-timeline-content\">\n\t\t\t\t\t\t\t<span class=\"cd-date\">2010 m.<\/span>\n\t\t\t\t\t\t\t<div class=\"cd-timeline-content-liner et-waypoint et_pb_animation_top\">\n\t\t\t\t\t\t\t\t<h2>Pierwsze projekty na Bia\u0142orusi oraz w Finlandii<\/h2>\n\t\t\t\t\t\t\t\t\n\t\t\t\t\t\t\t\t\n\t\t\t\t\t\t\t<\/div>\n\t\t\t\t\t\t    <\/div>\n\t\t\t\t\t    <\/div>    <div class=\"cd-timeline-block  et_pb_vertical_timeline_item_12\">\n\t\t\t\t\t\t    <div class=\"cd-timeline-img\" style=\"background-color: #ffffff\"><span class=\"et-pb-icon et-pb-icon-circle\" style=\"color: #f8aa3d\">&#x3b;<\/span><\/div>\n\t\t\t    \n\t\t\t\t\t\t    <div class=\"cd-timeline-content\">\n\t\t\t\t\t\t\t<span class=\"cd-date\">2014 m. <\/span>\n\t\t\t\t\t\t\t<div class=\"cd-timeline-content-liner et-waypoint et_pb_animation_top\">\n\t\t\t\t\t\t\t\t<h2>Dostawy lek\u00f3w na W\u0119gry, Chorwacj\u0119, Bo\u015bni\u0119 i S\u0142oweni\u0119<\/h2>\n\t\t\t\t\t\t\t\t\n\t\t\t\t\t\t\t\t\n\t\t\t\t\t\t\t<\/div>\n\t\t\t\t\t\t    <\/div>\n\t\t\t\t\t    <\/div>    <div class=\"cd-timeline-block  et_pb_vertical_timeline_item_13\">\n\t\t\t\t\t\t    <div class=\"cd-timeline-img\" style=\"background-color: #ffffff\"><span class=\"et-pb-icon et-pb-icon-circle\" style=\"color: #f8aa3d\">&#x3b;<\/span><\/div>\n\t\t\t    \n\t\t\t\t\t\t    <div class=\"cd-timeline-content\">\n\t\t\t\t\t\t\t<span class=\"cd-date\">2015 m. <\/span>\n\t\t\t\t\t\t\t<div class=\"cd-timeline-content-liner et-waypoint et_pb_animation_top\">\n\t\t\t\t\t\t\t\t<h2>Projekt \u201eBadanie nowych terapii neuroprotekcyjnych na oddzia\u0142ywanie na kom\u00f3rki fotoreceptor\u00f3w siatk\u00f3wki oka\u201d<\/h2>\n\t\t\t\t\t\t\t\t\n\t\t\t\t\t\t\t\t\n\t\t\t\t\t\t\t<\/div>\n\t\t\t\t\t\t    <\/div>\n\t\t\t\t\t    <\/div><\/section>\n\t\t\t\t    <\/div>[\/et_pb_column][\/et_pb_row][\/et_pb_section]<\/p>\n","protected":false},"excerpt":{"rendered":"<p>[et_pb_section bb_built=&#8221;1&#8243; fullwidth=&#8221;on&#8221; _builder_version=&#8221;3.0.82&#8243; next_background_color=&#8221;#000000&#8243; inner_width=&#8221;auto&#8221; inner_max_width=&#8221;1080px&#8221;][et_pb_fullwidth_image src=&#8221;https:\/\/www.norameda.com\/wp-content\/uploads\/2018\/08\/apie-mus-headeris.png&#8221; _builder_version=&#8221;3.9&#8243; \/][\/et_pb_section][et_pb_section bb_built=&#8221;1&#8243; fullwidth=&#8221;off&#8221; specialty=&#8221;off&#8221; _builder_version=&#8221;3.0.98&#8243; module_class=&#8221;yoastBreadcrumb&#8221; prev_background_color=&#8221;#000000&#8243; next_background_color=&#8221;#000000&#8243; inner_width=&#8221;auto&#8221; inner_max_width=&#8221;1080px&#8221;][et_pb_row background_position=&#8221;top_left&#8221; background_repeat=&#8221;repeat&#8221; background_size=&#8221;initial&#8221;][et_pb_column type=&#8221;4_4&#8243;][et_pb_code _builder_version=&#8221;3.0.98&#8243;][\/et_pb_code][\/et_pb_column][\/et_pb_row][\/et_pb_section][et_pb_section bb_built=&#8221;1&#8243; _builder_version=&#8221;3.0.92&#8243; custom_padding=&#8221;50px|0px|13px|0px&#8221; prev_background_color=&#8221;#000000&#8243; next_background_color=&#8221;#000000&#8243; inner_width=&#8221;auto&#8221; inner_max_width=&#8221;1080px&#8221;][et_pb_row _builder_version=&#8221;3.0.82&#8243; width=&#8221;80%&#8221; max_width=&#8221;1080px&#8221;][et_pb_column type=&#8221;4_4&#8243;][et_pb_cta title=&#8221;HISTORIA&#8221; use_background_color=&#8221;off&#8221; background_layout=&#8221;light&#8221; _builder_version=&#8221;3.0.92&#8243; text_orientation=&#8221;left&#8221; url_new_window=&#8221;off&#8221; custom_button=&#8221;off&#8221; button_icon_placement=&#8221;right&#8221; header_font=&#8221;Roboto Condensed||||||||&#8221; header_font_size=&#8221;36&#8243; header_text_color=&#8221;#5e5e5e&#8221; button_text_size__hover_enabled=&#8221;off&#8221; button_text_size__hover=&#8221;null&#8221; button_one_text_size__hover_enabled=&#8221;off&#8221; button_one_text_size__hover=&#8221;null&#8221; button_two_text_size__hover_enabled=&#8221;off&#8221; button_two_text_size__hover=&#8221;null&#8221; button_text_color__hover_enabled=&#8221;off&#8221; button_text_color__hover=&#8221;null&#8221; [&hellip;]<\/p>\n","protected":false},"author":1,"featured_media":0,"parent":0,"menu_order":0,"comment_status":"closed","ping_status":"closed","template":"","meta":{"_et_pb_use_builder":"on","_et_pb_old_content":"","_et_gb_content_width":"","inline_featured_image":false,"_links_to":"","_links_to_target":""},"_links":{"self":[{"href":"https:\/\/www.norameda.com\/pl\/wp-json\/wp\/v2\/pages\/4403"}],"collection":[{"href":"https:\/\/www.norameda.com\/pl\/wp-json\/wp\/v2\/pages"}],"about":[{"href":"https:\/\/www.norameda.com\/pl\/wp-json\/wp\/v2\/types\/page"}],"author":[{"embeddable":true,"href":"https:\/\/www.norameda.com\/pl\/wp-json\/wp\/v2\/users\/1"}],"replies":[{"embeddable":true,"href":"https:\/\/www.norameda.com\/pl\/wp-json\/wp\/v2\/comments?post=4403"}],"version-history":[{"count":3,"href":"https:\/\/www.norameda.com\/pl\/wp-json\/wp\/v2\/pages\/4403\/revisions"}],"predecessor-version":[{"id":5009,"href":"https:\/\/www.norameda.com\/pl\/wp-json\/wp\/v2\/pages\/4403\/revisions\/5009"}],"wp:attachment":[{"href":"https:\/\/www.norameda.com\/pl\/wp-json\/wp\/v2\/media?parent=4403"}],"curies":[{"name":"wp","href":"https:\/\/api.w.org\/{rel}","templated":true}]}}